{"id":8687,"date":"2026-04-27T16:01:39","date_gmt":"2026-04-27T14:01:39","guid":{"rendered":"https:\/\/arbr.fr\/wordpress\/?page_id=8687"},"modified":"2026-04-27T16:01:39","modified_gmt":"2026-04-27T14:01:39","slug":"2026-petanque","status":"publish","type":"page","link":"https:\/\/arbr.fr\/wordpress\/2026-petanque\/","title":{"rendered":"2026 P\u00e9tanque"},"content":{"rendered":"\n<p><img loading=\"lazy\" decoding=\"async\" class=\"alignnone  wp-image-8578\" src=\"https:\/\/arbr.fr\/wordpress\/wp-content\/uploads\/2026\/03\/2026-03-25-Affiche-petanque-724x1024.jpg\" alt=\"\" width=\"280\" height=\"396\" srcset=\"https:\/\/arbr.fr\/wordpress\/wp-content\/uploads\/2026\/03\/2026-03-25-Affiche-petanque-724x1024.jpg 724w, https:\/\/arbr.fr\/wordpress\/wp-content\/uploads\/2026\/03\/2026-03-25-Affiche-petanque-212x300.jpg 212w, https:\/\/arbr.fr\/wordpress\/wp-content\/uploads\/2026\/03\/2026-03-25-Affiche-petanque-768x1086.jpg 768w, https:\/\/arbr.fr\/wordpress\/wp-content\/uploads\/2026\/03\/2026-03-25-Affiche-petanque.jpg 1050w\" sizes=\"(max-width: 280px) 100vw, 280px\" \/> <img loading=\"lazy\" decoding=\"async\" class=\"alignnone  wp-image-8688\" src=\"https:\/\/arbr.fr\/wordpress\/wp-content\/uploads\/2026\/04\/IMG_7972-1024x768.jpeg\" alt=\"\" width=\"302\" height=\"226\" srcset=\"https:\/\/arbr.fr\/wordpress\/wp-content\/uploads\/2026\/04\/IMG_7972-1024x768.jpeg 1024w, https:\/\/arbr.fr\/wordpress\/wp-content\/uploads\/2026\/04\/IMG_7972-300x225.jpeg 300w, https:\/\/arbr.fr\/wordpress\/wp-content\/uploads\/2026\/04\/IMG_7972-768x576.jpeg 768w, https:\/\/arbr.fr\/wordpress\/wp-content\/uploads\/2026\/04\/IMG_7972-1536x1152.jpeg 1536w, https:\/\/arbr.fr\/wordpress\/wp-content\/uploads\/2026\/04\/IMG_7972.jpeg 2016w\" sizes=\"(max-width: 302px) 100vw, 302px\" \/> <img loading=\"lazy\" decoding=\"async\" class=\"alignnone  wp-image-8689\" src=\"https:\/\/arbr.fr\/wordpress\/wp-content\/uploads\/2026\/04\/IMG_7973-1024x768.jpeg\" alt=\"\" width=\"459\" height=\"344\" srcset=\"https:\/\/arbr.fr\/wordpress\/wp-content\/uploads\/2026\/04\/IMG_7973-1024x768.jpeg 1024w, https:\/\/arbr.fr\/wordpress\/wp-content\/uploads\/2026\/04\/IMG_7973-300x225.jpeg 300w, https:\/\/arbr.fr\/wordpress\/wp-content\/uploads\/2026\/04\/IMG_7973-768x576.jpeg 768w, https:\/\/arbr.fr\/wordpress\/wp-content\/uploads\/2026\/04\/IMG_7973-1536x1152.jpeg 1536w, https:\/\/arbr.fr\/wordpress\/wp-content\/uploads\/2026\/04\/IMG_7973.jpeg 2016w\" sizes=\"(max-width: 459px) 100vw, 459px\" \/><\/p>\n<p>Le tournoi de p\u00e9tanque s&rsquo;est d\u00e9roul\u00e9 cette ann\u00e9e, une fois de plus dans la bonne humeur, et sous le soleil!<\/p>\n","protected":false},"excerpt":{"rendered":"<p>Le tournoi de p\u00e9tanque s&rsquo;est d\u00e9roul\u00e9 cette ann\u00e9e, une fois de plus dans la bonne humeur, et sous le soleil!<\/p>\n","protected":false},"author":4,"featured_media":0,"parent":0,"menu_order":0,"comment_status":"closed","ping_status":"closed","template":"","meta":{"ngg_post_thumbnail":0,"footnotes":""},"class_list":["post-8687","page","type-page","status-publish","hentry"],"yoast_head":"<!-- This site is optimized with the Yoast SEO plugin v24.1 - https:\/\/yoast.com\/wordpress\/plugins\/seo\/ -->\n<title>2026 P\u00e9tanque - ARBR<\/title>\n<meta name=\"robots\" content=\"index, follow, max-snippet:-1, max-image-preview:large, max-video-preview:-1\" \/>\n<link rel=\"canonical\" href=\"https:\/\/arbr.fr\/wordpress\/2026-petanque\/\" \/>\n<meta property=\"og:locale\" content=\"fr_FR\" \/>\n<meta property=\"og:type\" content=\"article\" \/>\n<meta property=\"og:title\" content=\"2026 P\u00e9tanque - ARBR\" \/>\n<meta property=\"og:description\" content=\"Le tournoi de p\u00e9tanque s&rsquo;est d\u00e9roul\u00e9 cette ann\u00e9e, une fois de plus dans la bonne humeur, et sous le soleil!\" \/>\n<meta property=\"og:url\" content=\"https:\/\/arbr.fr\/wordpress\/2026-petanque\/\" \/>\n<meta property=\"og:site_name\" content=\"ARBR\" \/>\n<meta property=\"og:image\" content=\"https:\/\/arbr.fr\/wordpress\/wp-content\/uploads\/2026\/03\/2026-03-25-Affiche-petanque.jpg\" \/>\n\t<meta property=\"og:image:width\" content=\"1050\" \/>\n\t<meta property=\"og:image:height\" content=\"1485\" \/>\n\t<meta property=\"og:image:type\" content=\"image\/jpeg\" \/>\n<meta name=\"twitter:card\" content=\"summary_large_image\" \/>\n<script type=\"application\/ld+json\" class=\"yoast-schema-graph\">{\"@context\":\"https:\/\/schema.org\",\"@graph\":[{\"@type\":\"WebPage\",\"@id\":\"https:\/\/arbr.fr\/wordpress\/2026-petanque\/\",\"url\":\"https:\/\/arbr.fr\/wordpress\/2026-petanque\/\",\"name\":\"2026 P\u00e9tanque - ARBR\",\"isPartOf\":{\"@id\":\"https:\/\/arbr.fr\/wordpress\/#website\"},\"primaryImageOfPage\":{\"@id\":\"https:\/\/arbr.fr\/wordpress\/2026-petanque\/#primaryimage\"},\"image\":{\"@id\":\"https:\/\/arbr.fr\/wordpress\/2026-petanque\/#primaryimage\"},\"thumbnailUrl\":\"https:\/\/arbr.fr\/wordpress\/wp-content\/uploads\/2026\/03\/2026-03-25-Affiche-petanque-724x1024.jpg\",\"datePublished\":\"2026-04-27T14:01:39+00:00\",\"dateModified\":\"2026-04-27T14:01:39+00:00\",\"breadcrumb\":{\"@id\":\"https:\/\/arbr.fr\/wordpress\/2026-petanque\/#breadcrumb\"},\"inLanguage\":\"fr-FR\",\"potentialAction\":[{\"@type\":\"ReadAction\",\"target\":[\"https:\/\/arbr.fr\/wordpress\/2026-petanque\/\"]}]},{\"@type\":\"ImageObject\",\"inLanguage\":\"fr-FR\",\"@id\":\"https:\/\/arbr.fr\/wordpress\/2026-petanque\/#primaryimage\",\"url\":\"https:\/\/arbr.fr\/wordpress\/wp-content\/uploads\/2026\/03\/2026-03-25-Affiche-petanque.jpg\",\"contentUrl\":\"https:\/\/arbr.fr\/wordpress\/wp-content\/uploads\/2026\/03\/2026-03-25-Affiche-petanque.jpg\",\"width\":1050,\"height\":1485},{\"@type\":\"BreadcrumbList\",\"@id\":\"https:\/\/arbr.fr\/wordpress\/2026-petanque\/#breadcrumb\",\"itemListElement\":[{\"@type\":\"ListItem\",\"position\":1,\"name\":\"Accueil\",\"item\":\"https:\/\/arbr.fr\/wordpress\/\"},{\"@type\":\"ListItem\",\"position\":2,\"name\":\"2026 P\u00e9tanque\"}]},{\"@type\":\"WebSite\",\"@id\":\"https:\/\/arbr.fr\/wordpress\/#website\",\"url\":\"https:\/\/arbr.fr\/wordpress\/\",\"name\":\"ARBR\",\"description\":\"Association des r\u00e9sidents du Bois Raguenet\",\"publisher\":{\"@id\":\"https:\/\/arbr.fr\/wordpress\/#organization\"},\"potentialAction\":[{\"@type\":\"SearchAction\",\"target\":{\"@type\":\"EntryPoint\",\"urlTemplate\":\"https:\/\/arbr.fr\/wordpress\/?s={search_term_string}\"},\"query-input\":{\"@type\":\"PropertyValueSpecification\",\"valueRequired\":true,\"valueName\":\"search_term_string\"}}],\"inLanguage\":\"fr-FR\"},{\"@type\":\"Organization\",\"@id\":\"https:\/\/arbr.fr\/wordpress\/#organization\",\"name\":\"ARBR\",\"url\":\"https:\/\/arbr.fr\/wordpress\/\",\"logo\":{\"@type\":\"ImageObject\",\"inLanguage\":\"fr-FR\",\"@id\":\"https:\/\/arbr.fr\/wordpress\/#\/schema\/logo\/image\/\",\"url\":\"https:\/\/arbr.fr\/wordpress\/wp-content\/uploads\/2017\/03\/0.png\",\"contentUrl\":\"https:\/\/arbr.fr\/wordpress\/wp-content\/uploads\/2017\/03\/0.png\",\"width\":650,\"height\":283,\"caption\":\"ARBR\"},\"image\":{\"@id\":\"https:\/\/arbr.fr\/wordpress\/#\/schema\/logo\/image\/\"}}]}<\/script>\n<!-- \/ Yoast SEO plugin. -->","yoast_head_json":{"title":"2026 P\u00e9tanque - ARBR","robots":{"index":"index","follow":"follow","max-snippet":"max-snippet:-1","max-image-preview":"max-image-preview:large","max-video-preview":"max-video-preview:-1"},"canonical":"https:\/\/arbr.fr\/wordpress\/2026-petanque\/","og_locale":"fr_FR","og_type":"article","og_title":"2026 P\u00e9tanque - ARBR","og_description":"Le tournoi de p\u00e9tanque s&rsquo;est d\u00e9roul\u00e9 cette ann\u00e9e, une fois de plus dans la bonne humeur, et sous le soleil!","og_url":"https:\/\/arbr.fr\/wordpress\/2026-petanque\/","og_site_name":"ARBR","og_image":[{"width":1050,"height":1485,"url":"https:\/\/arbr.fr\/wordpress\/wp-content\/uploads\/2026\/03\/2026-03-25-Affiche-petanque.jpg","type":"image\/jpeg"}],"twitter_card":"summary_large_image","schema":{"@context":"https:\/\/schema.org","@graph":[{"@type":"WebPage","@id":"https:\/\/arbr.fr\/wordpress\/2026-petanque\/","url":"https:\/\/arbr.fr\/wordpress\/2026-petanque\/","name":"2026 P\u00e9tanque - ARBR","isPartOf":{"@id":"https:\/\/arbr.fr\/wordpress\/#website"},"primaryImageOfPage":{"@id":"https:\/\/arbr.fr\/wordpress\/2026-petanque\/#primaryimage"},"image":{"@id":"https:\/\/arbr.fr\/wordpress\/2026-petanque\/#primaryimage"},"thumbnailUrl":"https:\/\/arbr.fr\/wordpress\/wp-content\/uploads\/2026\/03\/2026-03-25-Affiche-petanque-724x1024.jpg","datePublished":"2026-04-27T14:01:39+00:00","dateModified":"2026-04-27T14:01:39+00:00","breadcrumb":{"@id":"https:\/\/arbr.fr\/wordpress\/2026-petanque\/#breadcrumb"},"inLanguage":"fr-FR","potentialAction":[{"@type":"ReadAction","target":["https:\/\/arbr.fr\/wordpress\/2026-petanque\/"]}]},{"@type":"ImageObject","inLanguage":"fr-FR","@id":"https:\/\/arbr.fr\/wordpress\/2026-petanque\/#primaryimage","url":"https:\/\/arbr.fr\/wordpress\/wp-content\/uploads\/2026\/03\/2026-03-25-Affiche-petanque.jpg","contentUrl":"https:\/\/arbr.fr\/wordpress\/wp-content\/uploads\/2026\/03\/2026-03-25-Affiche-petanque.jpg","width":1050,"height":1485},{"@type":"BreadcrumbList","@id":"https:\/\/arbr.fr\/wordpress\/2026-petanque\/#breadcrumb","itemListElement":[{"@type":"ListItem","position":1,"name":"Accueil","item":"https:\/\/arbr.fr\/wordpress\/"},{"@type":"ListItem","position":2,"name":"2026 P\u00e9tanque"}]},{"@type":"WebSite","@id":"https:\/\/arbr.fr\/wordpress\/#website","url":"https:\/\/arbr.fr\/wordpress\/","name":"ARBR","description":"Association des r\u00e9sidents du Bois Raguenet","publisher":{"@id":"https:\/\/arbr.fr\/wordpress\/#organization"},"potentialAction":[{"@type":"SearchAction","target":{"@type":"EntryPoint","urlTemplate":"https:\/\/arbr.fr\/wordpress\/?s={search_term_string}"},"query-input":{"@type":"PropertyValueSpecification","valueRequired":true,"valueName":"search_term_string"}}],"inLanguage":"fr-FR"},{"@type":"Organization","@id":"https:\/\/arbr.fr\/wordpress\/#organization","name":"ARBR","url":"https:\/\/arbr.fr\/wordpress\/","logo":{"@type":"ImageObject","inLanguage":"fr-FR","@id":"https:\/\/arbr.fr\/wordpress\/#\/schema\/logo\/image\/","url":"https:\/\/arbr.fr\/wordpress\/wp-content\/uploads\/2017\/03\/0.png","contentUrl":"https:\/\/arbr.fr\/wordpress\/wp-content\/uploads\/2017\/03\/0.png","width":650,"height":283,"caption":"ARBR"},"image":{"@id":"https:\/\/arbr.fr\/wordpress\/#\/schema\/logo\/image\/"}}]}},"_links":{"self":[{"href":"https:\/\/arbr.fr\/wordpress\/wp-json\/wp\/v2\/pages\/8687"}],"collection":[{"href":"https:\/\/arbr.fr\/wordpress\/wp-json\/wp\/v2\/pages"}],"about":[{"href":"https:\/\/arbr.fr\/wordpress\/wp-json\/wp\/v2\/types\/page"}],"author":[{"embeddable":true,"href":"https:\/\/arbr.fr\/wordpress\/wp-json\/wp\/v2\/users\/4"}],"replies":[{"embeddable":true,"href":"https:\/\/arbr.fr\/wordpress\/wp-json\/wp\/v2\/comments?post=8687"}],"version-history":[{"count":1,"href":"https:\/\/arbr.fr\/wordpress\/wp-json\/wp\/v2\/pages\/8687\/revisions"}],"predecessor-version":[{"id":8691,"href":"https:\/\/arbr.fr\/wordpress\/wp-json\/wp\/v2\/pages\/8687\/revisions\/8691"}],"wp:attachment":[{"href":"https:\/\/arbr.fr\/wordpress\/wp-json\/wp\/v2\/media?parent=8687"}],"curies":[{"name":"wp","href":"https:\/\/api.w.org\/{rel}","templated":true}]}}