{"id":8219,"date":"2025-11-17T14:06:27","date_gmt":"2025-11-17T13:06:27","guid":{"rendered":"https:\/\/arbr.fr\/wordpress\/?page_id=8219"},"modified":"2025-12-15T13:50:57","modified_gmt":"2025-12-15T12:50:57","slug":"2025-automne-de-larbr","status":"publish","type":"page","link":"https:\/\/arbr.fr\/wordpress\/2025-automne-de-larbr\/","title":{"rendered":"2025 Automne de l&rsquo;ARBR"},"content":{"rendered":"\r\n\r\n\r\n<p><img loading=\"lazy\" decoding=\"async\" class=\"alignnone  wp-image-8217\" src=\"https:\/\/arbr.fr\/wordpress\/wp-content\/uploads\/2025\/11\/2025-11-01-Affiche-automne5-1-724x1024.jpg\" alt=\"\" width=\"460\" height=\"651\" srcset=\"https:\/\/arbr.fr\/wordpress\/wp-content\/uploads\/2025\/11\/2025-11-01-Affiche-automne5-1-724x1024.jpg 724w, https:\/\/arbr.fr\/wordpress\/wp-content\/uploads\/2025\/11\/2025-11-01-Affiche-automne5-1-212x300.jpg 212w, https:\/\/arbr.fr\/wordpress\/wp-content\/uploads\/2025\/11\/2025-11-01-Affiche-automne5-1-768x1086.jpg 768w, https:\/\/arbr.fr\/wordpress\/wp-content\/uploads\/2025\/11\/2025-11-01-Affiche-automne5-1.jpg 1050w\" sizes=\"(max-width: 460px) 100vw, 460px\" \/> &nbsp;<\/p>\r\n<p>&nbsp;<\/p>\r\n\r\n\r\n\r\n<p>Le vendredi : une belle journ\u00e9e pour l&rsquo;Art textile, studieuse et surtout joyeuse. Merci Josiane!<\/p>\r\n<p><img loading=\"lazy\" decoding=\"async\" class=\"alignnone  wp-image-8221\" src=\"https:\/\/arbr.fr\/wordpress\/wp-content\/uploads\/2025\/11\/image4-768x1024.jpeg\" alt=\"\" width=\"389\" height=\"519\" srcset=\"https:\/\/arbr.fr\/wordpress\/wp-content\/uploads\/2025\/11\/image4-768x1024.jpeg 768w, https:\/\/arbr.fr\/wordpress\/wp-content\/uploads\/2025\/11\/image4-225x300.jpeg 225w, https:\/\/arbr.fr\/wordpress\/wp-content\/uploads\/2025\/11\/image4-1152x1536.jpeg 1152w, https:\/\/arbr.fr\/wordpress\/wp-content\/uploads\/2025\/11\/image4-rotated.jpeg 1512w\" sizes=\"(max-width: 389px) 100vw, 389px\" \/> <img loading=\"lazy\" decoding=\"async\" class=\"alignnone  wp-image-8220\" src=\"https:\/\/arbr.fr\/wordpress\/wp-content\/uploads\/2025\/11\/image3-768x1024.jpeg\" alt=\"\" width=\"258\" height=\"344\" srcset=\"https:\/\/arbr.fr\/wordpress\/wp-content\/uploads\/2025\/11\/image3-768x1024.jpeg 768w, https:\/\/arbr.fr\/wordpress\/wp-content\/uploads\/2025\/11\/image3-225x300.jpeg 225w, https:\/\/arbr.fr\/wordpress\/wp-content\/uploads\/2025\/11\/image3-1152x1536.jpeg 1152w, https:\/\/arbr.fr\/wordpress\/wp-content\/uploads\/2025\/11\/image3-rotated.jpeg 1512w\" sizes=\"(max-width: 258px) 100vw, 258px\" \/><\/p>\r\n<p>Le Samedi, l&rsquo;assembl\u00e9e g\u00e9n\u00e9rale de l&rsquo;ARBR. Merci \u00e0 tous les participants.<\/p>\r\n<p><img loading=\"lazy\" decoding=\"async\" class=\"alignnone  wp-image-8222\" src=\"https:\/\/arbr.fr\/wordpress\/wp-content\/uploads\/2025\/11\/image0-768x1024.jpeg\" alt=\"\" width=\"403\" height=\"538\" srcset=\"https:\/\/arbr.fr\/wordpress\/wp-content\/uploads\/2025\/11\/image0-768x1024.jpeg 768w, https:\/\/arbr.fr\/wordpress\/wp-content\/uploads\/2025\/11\/image0-225x300.jpeg 225w, https:\/\/arbr.fr\/wordpress\/wp-content\/uploads\/2025\/11\/image0-1152x1536.jpeg 1152w, https:\/\/arbr.fr\/wordpress\/wp-content\/uploads\/2025\/11\/image0-rotated.jpeg 1512w\" sizes=\"(max-width: 403px) 100vw, 403px\" \/><\/p>\r\n<p>Le caf\u00e9-philo sur le th\u00e8me de la la\u00efcit\u00e9 d&rsquo;Andr\u00e9 Guigot aborde le sujet entre Histoire et Droit, la la\u00efcit\u00e9 un cadre plus large que la tol\u00e9rance !<\/p>\r\n<p><img loading=\"lazy\" decoding=\"async\" class=\"alignnone  wp-image-8223\" src=\"https:\/\/arbr.fr\/wordpress\/wp-content\/uploads\/2025\/11\/Cafe-hilo-laicite-1024x768.jpg\" alt=\"\" width=\"579\" height=\"434\" srcset=\"https:\/\/arbr.fr\/wordpress\/wp-content\/uploads\/2025\/11\/Cafe-hilo-laicite-1024x768.jpg 1024w, https:\/\/arbr.fr\/wordpress\/wp-content\/uploads\/2025\/11\/Cafe-hilo-laicite-300x225.jpg 300w, https:\/\/arbr.fr\/wordpress\/wp-content\/uploads\/2025\/11\/Cafe-hilo-laicite-768x576.jpg 768w, https:\/\/arbr.fr\/wordpress\/wp-content\/uploads\/2025\/11\/Cafe-hilo-laicite-1536x1152.jpg 1536w, https:\/\/arbr.fr\/wordpress\/wp-content\/uploads\/2025\/11\/Cafe-hilo-laicite.jpg 1600w\" sizes=\"(max-width: 579px) 100vw, 579px\" \/><\/p>\r\n<p><span style=\"color: #ff0000;\">Cliquez ici pour ouvrir le compte rendu de la s\u00e9ance : <a href=\"https:\/\/arbr.fr\/wordpress\/wp-content\/uploads\/2025\/12\/2025-11-Resume-cafe-philo-Laicite.pdf\"><strong><span style=\"color: #ff0000;\">2025-11 R\u00e9sum\u00e9 caf\u00e9 philo Laicite<\/span><\/strong><\/a><\/span><\/p>\r\n<p>Les jeux de soci\u00e9t\u00e9 pour tout le \u00e2ges, tous les niveaux l&rsquo;apr\u00e8s-midi anim\u00e9s par les b\u00e9n\u00e9voles et Les Ludotrotter d&rsquo;Orvault:<\/p>\r\n<p><img loading=\"lazy\" decoding=\"async\" class=\"alignnone  wp-image-8224\" src=\"https:\/\/arbr.fr\/wordpress\/wp-content\/uploads\/2025\/11\/jeux-2-768x1024.jpg\" alt=\"\" width=\"255\" height=\"340\" srcset=\"https:\/\/arbr.fr\/wordpress\/wp-content\/uploads\/2025\/11\/jeux-2-768x1024.jpg 768w, https:\/\/arbr.fr\/wordpress\/wp-content\/uploads\/2025\/11\/jeux-2-225x300.jpg 225w, https:\/\/arbr.fr\/wordpress\/wp-content\/uploads\/2025\/11\/jeux-2.jpg 960w\" sizes=\"(max-width: 255px) 100vw, 255px\" \/>&nbsp; &nbsp; &nbsp; <img loading=\"lazy\" decoding=\"async\" class=\"alignnone  wp-image-8225\" src=\"https:\/\/arbr.fr\/wordpress\/wp-content\/uploads\/2025\/11\/jeux-1-768x1024.jpg\" alt=\"\" width=\"255\" height=\"340\" srcset=\"https:\/\/arbr.fr\/wordpress\/wp-content\/uploads\/2025\/11\/jeux-1-768x1024.jpg 768w, https:\/\/arbr.fr\/wordpress\/wp-content\/uploads\/2025\/11\/jeux-1-225x300.jpg 225w, https:\/\/arbr.fr\/wordpress\/wp-content\/uploads\/2025\/11\/jeux-1-1152x1536.jpg 1152w, https:\/\/arbr.fr\/wordpress\/wp-content\/uploads\/2025\/11\/jeux-1.jpg 1512w\" sizes=\"(max-width: 255px) 100vw, 255px\" \/><\/p>\r\n<p>Le dimanche, un spectacle hilarant qui a tenu toutes ses promesses, il a fait rire tout le public, enfants, parents, grands-parents.<\/p>\r\n<p>\u00ab\u00a0\u00c7a fait du bien en ce d\u00e9but d&rsquo;automne d&rsquo;\u00e9tirer les zygomatiques m&rsquo;a confi\u00e9 ce spectateur !<\/p>\r\n<p>Et Josiane pourra raconter \u00e0 sa petite fille ce que contenait cette myst\u00e9rieuse valise&#8230;<\/p>\r\n<p>Deux actrices formidable dr\u00f4lement habill\u00e9es gr\u00e2ce au contenu de la valise.<\/p>\r\n<p>La Princesse en attente de son prince charmant lib\u00e9rateur et l&rsquo;autre tous les r\u00f4les de prince couards et pigeon lib\u00e9rateur !<\/p>\r\n<p>Grand merci \u00e0 l&rsquo;ARBR de ce tr\u00e8s bon moment, bravo \u00e0 la troupe \u00ab\u00a0d&rsquo;Heidi a bien grandi\u00a0\u00bb.\u00a0\u00bb<\/p>\r\n<p><img loading=\"lazy\" decoding=\"async\" class=\"alignnone  wp-image-8230\" src=\"https:\/\/arbr.fr\/wordpress\/wp-content\/uploads\/2025\/11\/IMG_7548-1024x768.jpg\" alt=\"\" width=\"587\" height=\"440\" srcset=\"https:\/\/arbr.fr\/wordpress\/wp-content\/uploads\/2025\/11\/IMG_7548-1024x768.jpg 1024w, https:\/\/arbr.fr\/wordpress\/wp-content\/uploads\/2025\/11\/IMG_7548-300x225.jpg 300w, https:\/\/arbr.fr\/wordpress\/wp-content\/uploads\/2025\/11\/IMG_7548-768x576.jpg 768w, https:\/\/arbr.fr\/wordpress\/wp-content\/uploads\/2025\/11\/IMG_7548-1536x1152.jpg 1536w, https:\/\/arbr.fr\/wordpress\/wp-content\/uploads\/2025\/11\/IMG_7548.jpg 2016w\" sizes=\"(max-width: 587px) 100vw, 587px\" \/>&nbsp; <img loading=\"lazy\" decoding=\"async\" class=\"alignnone  wp-image-8226\" src=\"https:\/\/arbr.fr\/wordpress\/wp-content\/uploads\/2025\/11\/Donjon-et-pigeon-6-771x1024.jpg\" alt=\"\" width=\"293\" height=\"389\" srcset=\"https:\/\/arbr.fr\/wordpress\/wp-content\/uploads\/2025\/11\/Donjon-et-pigeon-6-771x1024.jpg 771w, https:\/\/arbr.fr\/wordpress\/wp-content\/uploads\/2025\/11\/Donjon-et-pigeon-6-226x300.jpg 226w, https:\/\/arbr.fr\/wordpress\/wp-content\/uploads\/2025\/11\/Donjon-et-pigeon-6-768x1021.jpg 768w, https:\/\/arbr.fr\/wordpress\/wp-content\/uploads\/2025\/11\/Donjon-et-pigeon-6-1156x1536.jpg 1156w, https:\/\/arbr.fr\/wordpress\/wp-content\/uploads\/2025\/11\/Donjon-et-pigeon-6.jpg 1204w\" sizes=\"(max-width: 293px) 100vw, 293px\" \/> &nbsp;<img loading=\"lazy\" decoding=\"async\" class=\"alignnone  wp-image-8227\" src=\"https:\/\/arbr.fr\/wordpress\/wp-content\/uploads\/2025\/11\/Donjon-et-pigeon-2-771x1024.jpg\" alt=\"\" width=\"190\" height=\"252\" srcset=\"https:\/\/arbr.fr\/wordpress\/wp-content\/uploads\/2025\/11\/Donjon-et-pigeon-2-771x1024.jpg 771w, https:\/\/arbr.fr\/wordpress\/wp-content\/uploads\/2025\/11\/Donjon-et-pigeon-2-226x300.jpg 226w, https:\/\/arbr.fr\/wordpress\/wp-content\/uploads\/2025\/11\/Donjon-et-pigeon-2-768x1021.jpg 768w, https:\/\/arbr.fr\/wordpress\/wp-content\/uploads\/2025\/11\/Donjon-et-pigeon-2-1156x1536.jpg 1156w, https:\/\/arbr.fr\/wordpress\/wp-content\/uploads\/2025\/11\/Donjon-et-pigeon-2.jpg 1204w\" sizes=\"(max-width: 190px) 100vw, 190px\" \/> &nbsp;<img loading=\"lazy\" decoding=\"async\" class=\"alignnone  wp-image-8228\" src=\"https:\/\/arbr.fr\/wordpress\/wp-content\/uploads\/2025\/11\/Donjon-et-pigeon-1-771x1024.jpg\" alt=\"\" width=\"191\" height=\"254\" srcset=\"https:\/\/arbr.fr\/wordpress\/wp-content\/uploads\/2025\/11\/Donjon-et-pigeon-1-771x1024.jpg 771w, https:\/\/arbr.fr\/wordpress\/wp-content\/uploads\/2025\/11\/Donjon-et-pigeon-1-226x300.jpg 226w, https:\/\/arbr.fr\/wordpress\/wp-content\/uploads\/2025\/11\/Donjon-et-pigeon-1-768x1021.jpg 768w, https:\/\/arbr.fr\/wordpress\/wp-content\/uploads\/2025\/11\/Donjon-et-pigeon-1-1156x1536.jpg 1156w, https:\/\/arbr.fr\/wordpress\/wp-content\/uploads\/2025\/11\/Donjon-et-pigeon-1.jpg 1204w\" sizes=\"(max-width: 191px) 100vw, 191px\" \/> &nbsp;<img loading=\"lazy\" decoding=\"async\" class=\"alignnone  wp-image-8229\" src=\"https:\/\/arbr.fr\/wordpress\/wp-content\/uploads\/2025\/11\/Donjon-et-pigeon-4-771x1024.jpg\" alt=\"\" width=\"193\" height=\"257\" srcset=\"https:\/\/arbr.fr\/wordpress\/wp-content\/uploads\/2025\/11\/Donjon-et-pigeon-4-771x1024.jpg 771w, https:\/\/arbr.fr\/wordpress\/wp-content\/uploads\/2025\/11\/Donjon-et-pigeon-4-226x300.jpg 226w, https:\/\/arbr.fr\/wordpress\/wp-content\/uploads\/2025\/11\/Donjon-et-pigeon-4-768x1021.jpg 768w, https:\/\/arbr.fr\/wordpress\/wp-content\/uploads\/2025\/11\/Donjon-et-pigeon-4-1156x1536.jpg 1156w, https:\/\/arbr.fr\/wordpress\/wp-content\/uploads\/2025\/11\/Donjon-et-pigeon-4.jpg 1204w\" sizes=\"(max-width: 193px) 100vw, 193px\" \/><\/p>\r\n<p>&nbsp;<\/p>\r\n<p>&nbsp;<\/p>\r\n","protected":false},"excerpt":{"rendered":"<p>&nbsp; &nbsp; Le vendredi : une belle journ\u00e9e pour l&rsquo;Art textile, studieuse et surtout joyeuse. Merci Josiane! Le Samedi, l&rsquo;assembl\u00e9e g\u00e9n\u00e9rale de l&rsquo;ARBR. Merci \u00e0 tous les participants. Le caf\u00e9-philo sur le th\u00e8me de&#46;&#46;&#46;<\/p>\n","protected":false},"author":4,"featured_media":0,"parent":0,"menu_order":0,"comment_status":"closed","ping_status":"closed","template":"","meta":{"ngg_post_thumbnail":0,"footnotes":""},"class_list":["post-8219","page","type-page","status-publish","hentry"],"yoast_head":"<!-- This site is optimized with the Yoast SEO plugin v24.1 - https:\/\/yoast.com\/wordpress\/plugins\/seo\/ -->\n<title>2025 Automne de l&#039;ARBR - ARBR<\/title>\n<meta name=\"robots\" content=\"index, follow, max-snippet:-1, max-image-preview:large, max-video-preview:-1\" \/>\n<link rel=\"canonical\" href=\"https:\/\/arbr.fr\/wordpress\/2025-automne-de-larbr\/\" \/>\n<meta property=\"og:locale\" content=\"fr_FR\" \/>\n<meta property=\"og:type\" content=\"article\" \/>\n<meta property=\"og:title\" content=\"2025 Automne de l&#039;ARBR - ARBR\" \/>\n<meta property=\"og:description\" content=\"&nbsp; &nbsp; Le vendredi : une belle journ\u00e9e pour l&rsquo;Art textile, studieuse et surtout joyeuse. Merci Josiane! Le Samedi, l&rsquo;assembl\u00e9e g\u00e9n\u00e9rale de l&rsquo;ARBR. Merci \u00e0 tous les participants. Le caf\u00e9-philo sur le th\u00e8me de&#046;&#046;&#046;\" \/>\n<meta property=\"og:url\" content=\"https:\/\/arbr.fr\/wordpress\/2025-automne-de-larbr\/\" \/>\n<meta property=\"og:site_name\" content=\"ARBR\" \/>\n<meta property=\"article:modified_time\" content=\"2025-12-15T12:50:57+00:00\" \/>\n<meta property=\"og:image\" content=\"https:\/\/arbr.fr\/wordpress\/wp-content\/uploads\/2025\/11\/2025-11-01-Affiche-automne5-1.jpg\" \/>\n\t<meta property=\"og:image:width\" content=\"1050\" \/>\n\t<meta property=\"og:image:height\" content=\"1485\" \/>\n\t<meta property=\"og:image:type\" content=\"image\/jpeg\" \/>\n<meta name=\"twitter:card\" content=\"summary_large_image\" \/>\n<meta name=\"twitter:label1\" content=\"Dur\u00e9e de lecture estim\u00e9e\" \/>\n\t<meta name=\"twitter:data1\" content=\"4 minutes\" \/>\n<script type=\"application\/ld+json\" class=\"yoast-schema-graph\">{\"@context\":\"https:\/\/schema.org\",\"@graph\":[{\"@type\":\"WebPage\",\"@id\":\"https:\/\/arbr.fr\/wordpress\/2025-automne-de-larbr\/\",\"url\":\"https:\/\/arbr.fr\/wordpress\/2025-automne-de-larbr\/\",\"name\":\"2025 Automne de l'ARBR - ARBR\",\"isPartOf\":{\"@id\":\"https:\/\/arbr.fr\/wordpress\/#website\"},\"primaryImageOfPage\":{\"@id\":\"https:\/\/arbr.fr\/wordpress\/2025-automne-de-larbr\/#primaryimage\"},\"image\":{\"@id\":\"https:\/\/arbr.fr\/wordpress\/2025-automne-de-larbr\/#primaryimage\"},\"thumbnailUrl\":\"https:\/\/arbr.fr\/wordpress\/wp-content\/uploads\/2025\/11\/2025-11-01-Affiche-automne5-1-724x1024.jpg\",\"datePublished\":\"2025-11-17T13:06:27+00:00\",\"dateModified\":\"2025-12-15T12:50:57+00:00\",\"breadcrumb\":{\"@id\":\"https:\/\/arbr.fr\/wordpress\/2025-automne-de-larbr\/#breadcrumb\"},\"inLanguage\":\"fr-FR\",\"potentialAction\":[{\"@type\":\"ReadAction\",\"target\":[\"https:\/\/arbr.fr\/wordpress\/2025-automne-de-larbr\/\"]}]},{\"@type\":\"ImageObject\",\"inLanguage\":\"fr-FR\",\"@id\":\"https:\/\/arbr.fr\/wordpress\/2025-automne-de-larbr\/#primaryimage\",\"url\":\"https:\/\/arbr.fr\/wordpress\/wp-content\/uploads\/2025\/11\/2025-11-01-Affiche-automne5-1.jpg\",\"contentUrl\":\"https:\/\/arbr.fr\/wordpress\/wp-content\/uploads\/2025\/11\/2025-11-01-Affiche-automne5-1.jpg\",\"width\":1050,\"height\":1485},{\"@type\":\"BreadcrumbList\",\"@id\":\"https:\/\/arbr.fr\/wordpress\/2025-automne-de-larbr\/#breadcrumb\",\"itemListElement\":[{\"@type\":\"ListItem\",\"position\":1,\"name\":\"Accueil\",\"item\":\"https:\/\/arbr.fr\/wordpress\/\"},{\"@type\":\"ListItem\",\"position\":2,\"name\":\"2025 Automne de l&rsquo;ARBR\"}]},{\"@type\":\"WebSite\",\"@id\":\"https:\/\/arbr.fr\/wordpress\/#website\",\"url\":\"https:\/\/arbr.fr\/wordpress\/\",\"name\":\"ARBR\",\"description\":\"Association des r\u00e9sidents du Bois Raguenet\",\"publisher\":{\"@id\":\"https:\/\/arbr.fr\/wordpress\/#organization\"},\"potentialAction\":[{\"@type\":\"SearchAction\",\"target\":{\"@type\":\"EntryPoint\",\"urlTemplate\":\"https:\/\/arbr.fr\/wordpress\/?s={search_term_string}\"},\"query-input\":{\"@type\":\"PropertyValueSpecification\",\"valueRequired\":true,\"valueName\":\"search_term_string\"}}],\"inLanguage\":\"fr-FR\"},{\"@type\":\"Organization\",\"@id\":\"https:\/\/arbr.fr\/wordpress\/#organization\",\"name\":\"ARBR\",\"url\":\"https:\/\/arbr.fr\/wordpress\/\",\"logo\":{\"@type\":\"ImageObject\",\"inLanguage\":\"fr-FR\",\"@id\":\"https:\/\/arbr.fr\/wordpress\/#\/schema\/logo\/image\/\",\"url\":\"https:\/\/arbr.fr\/wordpress\/wp-content\/uploads\/2017\/03\/0.png\",\"contentUrl\":\"https:\/\/arbr.fr\/wordpress\/wp-content\/uploads\/2017\/03\/0.png\",\"width\":650,\"height\":283,\"caption\":\"ARBR\"},\"image\":{\"@id\":\"https:\/\/arbr.fr\/wordpress\/#\/schema\/logo\/image\/\"}}]}<\/script>\n<!-- \/ Yoast SEO plugin. -->","yoast_head_json":{"title":"2025 Automne de l'ARBR - ARBR","robots":{"index":"index","follow":"follow","max-snippet":"max-snippet:-1","max-image-preview":"max-image-preview:large","max-video-preview":"max-video-preview:-1"},"canonical":"https:\/\/arbr.fr\/wordpress\/2025-automne-de-larbr\/","og_locale":"fr_FR","og_type":"article","og_title":"2025 Automne de l'ARBR - ARBR","og_description":"&nbsp; &nbsp; Le vendredi : une belle journ\u00e9e pour l&rsquo;Art textile, studieuse et surtout joyeuse. Merci Josiane! Le Samedi, l&rsquo;assembl\u00e9e g\u00e9n\u00e9rale de l&rsquo;ARBR. Merci \u00e0 tous les participants. Le caf\u00e9-philo sur le th\u00e8me de&#46;&#46;&#46;","og_url":"https:\/\/arbr.fr\/wordpress\/2025-automne-de-larbr\/","og_site_name":"ARBR","article_modified_time":"2025-12-15T12:50:57+00:00","og_image":[{"width":1050,"height":1485,"url":"https:\/\/arbr.fr\/wordpress\/wp-content\/uploads\/2025\/11\/2025-11-01-Affiche-automne5-1.jpg","type":"image\/jpeg"}],"twitter_card":"summary_large_image","twitter_misc":{"Dur\u00e9e de lecture estim\u00e9e":"4 minutes"},"schema":{"@context":"https:\/\/schema.org","@graph":[{"@type":"WebPage","@id":"https:\/\/arbr.fr\/wordpress\/2025-automne-de-larbr\/","url":"https:\/\/arbr.fr\/wordpress\/2025-automne-de-larbr\/","name":"2025 Automne de l'ARBR - ARBR","isPartOf":{"@id":"https:\/\/arbr.fr\/wordpress\/#website"},"primaryImageOfPage":{"@id":"https:\/\/arbr.fr\/wordpress\/2025-automne-de-larbr\/#primaryimage"},"image":{"@id":"https:\/\/arbr.fr\/wordpress\/2025-automne-de-larbr\/#primaryimage"},"thumbnailUrl":"https:\/\/arbr.fr\/wordpress\/wp-content\/uploads\/2025\/11\/2025-11-01-Affiche-automne5-1-724x1024.jpg","datePublished":"2025-11-17T13:06:27+00:00","dateModified":"2025-12-15T12:50:57+00:00","breadcrumb":{"@id":"https:\/\/arbr.fr\/wordpress\/2025-automne-de-larbr\/#breadcrumb"},"inLanguage":"fr-FR","potentialAction":[{"@type":"ReadAction","target":["https:\/\/arbr.fr\/wordpress\/2025-automne-de-larbr\/"]}]},{"@type":"ImageObject","inLanguage":"fr-FR","@id":"https:\/\/arbr.fr\/wordpress\/2025-automne-de-larbr\/#primaryimage","url":"https:\/\/arbr.fr\/wordpress\/wp-content\/uploads\/2025\/11\/2025-11-01-Affiche-automne5-1.jpg","contentUrl":"https:\/\/arbr.fr\/wordpress\/wp-content\/uploads\/2025\/11\/2025-11-01-Affiche-automne5-1.jpg","width":1050,"height":1485},{"@type":"BreadcrumbList","@id":"https:\/\/arbr.fr\/wordpress\/2025-automne-de-larbr\/#breadcrumb","itemListElement":[{"@type":"ListItem","position":1,"name":"Accueil","item":"https:\/\/arbr.fr\/wordpress\/"},{"@type":"ListItem","position":2,"name":"2025 Automne de l&rsquo;ARBR"}]},{"@type":"WebSite","@id":"https:\/\/arbr.fr\/wordpress\/#website","url":"https:\/\/arbr.fr\/wordpress\/","name":"ARBR","description":"Association des r\u00e9sidents du Bois Raguenet","publisher":{"@id":"https:\/\/arbr.fr\/wordpress\/#organization"},"potentialAction":[{"@type":"SearchAction","target":{"@type":"EntryPoint","urlTemplate":"https:\/\/arbr.fr\/wordpress\/?s={search_term_string}"},"query-input":{"@type":"PropertyValueSpecification","valueRequired":true,"valueName":"search_term_string"}}],"inLanguage":"fr-FR"},{"@type":"Organization","@id":"https:\/\/arbr.fr\/wordpress\/#organization","name":"ARBR","url":"https:\/\/arbr.fr\/wordpress\/","logo":{"@type":"ImageObject","inLanguage":"fr-FR","@id":"https:\/\/arbr.fr\/wordpress\/#\/schema\/logo\/image\/","url":"https:\/\/arbr.fr\/wordpress\/wp-content\/uploads\/2017\/03\/0.png","contentUrl":"https:\/\/arbr.fr\/wordpress\/wp-content\/uploads\/2017\/03\/0.png","width":650,"height":283,"caption":"ARBR"},"image":{"@id":"https:\/\/arbr.fr\/wordpress\/#\/schema\/logo\/image\/"}}]}},"_links":{"self":[{"href":"https:\/\/arbr.fr\/wordpress\/wp-json\/wp\/v2\/pages\/8219"}],"collection":[{"href":"https:\/\/arbr.fr\/wordpress\/wp-json\/wp\/v2\/pages"}],"about":[{"href":"https:\/\/arbr.fr\/wordpress\/wp-json\/wp\/v2\/types\/page"}],"author":[{"embeddable":true,"href":"https:\/\/arbr.fr\/wordpress\/wp-json\/wp\/v2\/users\/4"}],"replies":[{"embeddable":true,"href":"https:\/\/arbr.fr\/wordpress\/wp-json\/wp\/v2\/comments?post=8219"}],"version-history":[{"count":3,"href":"https:\/\/arbr.fr\/wordpress\/wp-json\/wp\/v2\/pages\/8219\/revisions"}],"predecessor-version":[{"id":8357,"href":"https:\/\/arbr.fr\/wordpress\/wp-json\/wp\/v2\/pages\/8219\/revisions\/8357"}],"wp:attachment":[{"href":"https:\/\/arbr.fr\/wordpress\/wp-json\/wp\/v2\/media?parent=8219"}],"curies":[{"name":"wp","href":"https:\/\/api.w.org\/{rel}","templated":true}]}}