{"id":8146,"date":"2025-10-08T10:46:18","date_gmt":"2025-10-08T08:46:18","guid":{"rendered":"https:\/\/arbr.fr\/wordpress\/?page_id=8146"},"modified":"2025-10-08T12:05:42","modified_gmt":"2025-10-08T10:05:42","slug":"le-coin-des-zaines","status":"publish","type":"page","link":"https:\/\/arbr.fr\/wordpress\/le-coin-des-zaines\/","title":{"rendered":"Le Coin des Z&rsquo;ain\u00e9s"},"content":{"rendered":"\r\n\r\n\r\n<p><strong>Contacts<\/strong>&nbsp; : <strong>MOLINARO<\/strong> Claudine : 06 50 31 84 64 :&nbsp; claudine.molinaro@gmail.com<\/p>\r\n<p><span style=\"color: #000000;\">Retrouvez toutes les activit\u00e9s de l&rsquo;ARBR pour les Z&rsquo;ain\u00e9s et les autres : <span style=\"color: #333333;\">Tricot et papotage, couture et papotage, jeux de soci\u00e9t\u00e9, ping-pong et pickleball loisir, peinture dessin libre, les voituriers, la gym douce, la sophrologie&#8230;)<\/span><\/span><\/p>\r\n<p>&nbsp;<\/p>\r\n<p><strong><span style=\"color: #ff00ff; font-size: 14pt;\">* LE POT AU FEU et TH\u00c9\u00c2TRE : 16 Octobre 2025 &#8211; sur inscription<\/span><\/strong><\/p>\r\n<p><img loading=\"lazy\" decoding=\"async\" class=\"alignnone  wp-image-8097\" src=\"https:\/\/arbr.fr\/wordpress\/wp-content\/uploads\/2025\/01\/2025-09-24-inscription-pot-au-feu-1.jpg\" alt=\"\" width=\"450\" height=\"637\" srcset=\"https:\/\/arbr.fr\/wordpress\/wp-content\/uploads\/2025\/01\/2025-09-24-inscription-pot-au-feu-1.jpg 663w, https:\/\/arbr.fr\/wordpress\/wp-content\/uploads\/2025\/01\/2025-09-24-inscription-pot-au-feu-1-212x300.jpg 212w\" sizes=\"(max-width: 450px) 100vw, 450px\" \/><\/p>\r\n<p><img loading=\"lazy\" decoding=\"async\" class=\"alignnone  wp-image-8118\" src=\"https:\/\/arbr.fr\/wordpress\/wp-content\/uploads\/2024\/09\/Affiche-Theatre-Cie-2hcomedie-ARBR.jpg\" alt=\"\" width=\"458\" height=\"651\" srcset=\"https:\/\/arbr.fr\/wordpress\/wp-content\/uploads\/2024\/09\/Affiche-Theatre-Cie-2hcomedie-ARBR.jpg 640w, https:\/\/arbr.fr\/wordpress\/wp-content\/uploads\/2024\/09\/Affiche-Theatre-Cie-2hcomedie-ARBR-211x300.jpg 211w\" sizes=\"(max-width: 458px) 100vw, 458px\" \/><\/p>\r\n<p><strong><span style=\"color: #ff6600; font-size: 14pt;\">* OCTOBRE EN F\u00caTE : Participation de l&rsquo;ARBR :<\/span><\/strong><\/p>\r\n<p><img loading=\"lazy\" decoding=\"async\" class=\"alignnone  wp-image-8112\" src=\"https:\/\/arbr.fr\/wordpress\/wp-content\/uploads\/2024\/09\/2025-09-10-Affiche-ville.jpg\" alt=\"\" width=\"416\" height=\"598\" srcset=\"https:\/\/arbr.fr\/wordpress\/wp-content\/uploads\/2024\/09\/2025-09-10-Affiche-ville.jpg 315w, https:\/\/arbr.fr\/wordpress\/wp-content\/uploads\/2024\/09\/2025-09-10-Affiche-ville-209x300.jpg 209w\" sizes=\"(max-width: 416px) 100vw, 416px\" \/> <a href=\"https:\/\/arbr.fr\/wordpress\/wp-content\/uploads\/2024\/09\/2025-09-19-Octobre_en_fete_25-web.pdf\">2025-09-19 Octobre_en_fete_25-web<\/a><\/p>\r\n<p>&nbsp;<\/p>\r\n<p>&nbsp;<\/p>\r\n<p>&nbsp;<\/p>\r\n\r\n\r\n\r\n\r\n","protected":false},"excerpt":{"rendered":"<p>Contacts&nbsp; : MOLINARO Claudine : 06 50 31 84 64 :&nbsp; claudine.molinaro@gmail.com Retrouvez toutes les activit\u00e9s de l&rsquo;ARBR pour les Z&rsquo;ain\u00e9s et les autres : Tricot et papotage, couture et papotage, jeux de soci\u00e9t\u00e9,&#46;&#46;&#46;<\/p>\n","protected":false},"author":4,"featured_media":0,"parent":0,"menu_order":0,"comment_status":"closed","ping_status":"closed","template":"","meta":{"ngg_post_thumbnail":0,"footnotes":""},"class_list":["post-8146","page","type-page","status-publish","hentry"],"yoast_head":"<!-- This site is optimized with the Yoast SEO plugin v24.1 - https:\/\/yoast.com\/wordpress\/plugins\/seo\/ -->\n<title>Le Coin des Z&#039;ain\u00e9s - ARBR<\/title>\n<meta name=\"robots\" content=\"index, follow, max-snippet:-1, max-image-preview:large, max-video-preview:-1\" \/>\n<link rel=\"canonical\" href=\"https:\/\/arbr.fr\/wordpress\/le-coin-des-zaines\/\" \/>\n<meta property=\"og:locale\" content=\"fr_FR\" \/>\n<meta property=\"og:type\" content=\"article\" \/>\n<meta property=\"og:title\" content=\"Le Coin des Z&#039;ain\u00e9s - ARBR\" \/>\n<meta property=\"og:description\" content=\"Contacts&nbsp; : MOLINARO Claudine : 06 50 31 84 64 :&nbsp; claudine.molinaro@gmail.com Retrouvez toutes les activit\u00e9s de l&rsquo;ARBR pour les Z&rsquo;ain\u00e9s et les autres : Tricot et papotage, couture et papotage, jeux de soci\u00e9t\u00e9,&#046;&#046;&#046;\" \/>\n<meta property=\"og:url\" content=\"https:\/\/arbr.fr\/wordpress\/le-coin-des-zaines\/\" \/>\n<meta property=\"og:site_name\" content=\"ARBR\" \/>\n<meta property=\"article:modified_time\" content=\"2025-10-08T10:05:42+00:00\" \/>\n<meta property=\"og:image\" content=\"https:\/\/arbr.fr\/wordpress\/wp-content\/uploads\/2025\/01\/2025-09-24-inscription-pot-au-feu-1.jpg\" \/>\n\t<meta property=\"og:image:width\" content=\"663\" \/>\n\t<meta property=\"og:image:height\" content=\"939\" \/>\n\t<meta property=\"og:image:type\" content=\"image\/jpeg\" \/>\n<meta name=\"twitter:card\" content=\"summary_large_image\" \/>\n<meta name=\"twitter:label1\" content=\"Dur\u00e9e de lecture estim\u00e9e\" \/>\n\t<meta name=\"twitter:data1\" content=\"1 minute\" \/>\n<script type=\"application\/ld+json\" class=\"yoast-schema-graph\">{\"@context\":\"https:\/\/schema.org\",\"@graph\":[{\"@type\":\"WebPage\",\"@id\":\"https:\/\/arbr.fr\/wordpress\/le-coin-des-zaines\/\",\"url\":\"https:\/\/arbr.fr\/wordpress\/le-coin-des-zaines\/\",\"name\":\"Le Coin des Z'ain\u00e9s - ARBR\",\"isPartOf\":{\"@id\":\"https:\/\/arbr.fr\/wordpress\/#website\"},\"primaryImageOfPage\":{\"@id\":\"https:\/\/arbr.fr\/wordpress\/le-coin-des-zaines\/#primaryimage\"},\"image\":{\"@id\":\"https:\/\/arbr.fr\/wordpress\/le-coin-des-zaines\/#primaryimage\"},\"thumbnailUrl\":\"https:\/\/arbr.fr\/wordpress\/wp-content\/uploads\/2025\/01\/2025-09-24-inscription-pot-au-feu-1.jpg\",\"datePublished\":\"2025-10-08T08:46:18+00:00\",\"dateModified\":\"2025-10-08T10:05:42+00:00\",\"breadcrumb\":{\"@id\":\"https:\/\/arbr.fr\/wordpress\/le-coin-des-zaines\/#breadcrumb\"},\"inLanguage\":\"fr-FR\",\"potentialAction\":[{\"@type\":\"ReadAction\",\"target\":[\"https:\/\/arbr.fr\/wordpress\/le-coin-des-zaines\/\"]}]},{\"@type\":\"ImageObject\",\"inLanguage\":\"fr-FR\",\"@id\":\"https:\/\/arbr.fr\/wordpress\/le-coin-des-zaines\/#primaryimage\",\"url\":\"https:\/\/arbr.fr\/wordpress\/wp-content\/uploads\/2025\/01\/2025-09-24-inscription-pot-au-feu-1.jpg\",\"contentUrl\":\"https:\/\/arbr.fr\/wordpress\/wp-content\/uploads\/2025\/01\/2025-09-24-inscription-pot-au-feu-1.jpg\",\"width\":663,\"height\":939},{\"@type\":\"BreadcrumbList\",\"@id\":\"https:\/\/arbr.fr\/wordpress\/le-coin-des-zaines\/#breadcrumb\",\"itemListElement\":[{\"@type\":\"ListItem\",\"position\":1,\"name\":\"Accueil\",\"item\":\"https:\/\/arbr.fr\/wordpress\/\"},{\"@type\":\"ListItem\",\"position\":2,\"name\":\"Le Coin des Z&rsquo;ain\u00e9s\"}]},{\"@type\":\"WebSite\",\"@id\":\"https:\/\/arbr.fr\/wordpress\/#website\",\"url\":\"https:\/\/arbr.fr\/wordpress\/\",\"name\":\"ARBR\",\"description\":\"Association des r\u00e9sidents du Bois Raguenet\",\"publisher\":{\"@id\":\"https:\/\/arbr.fr\/wordpress\/#organization\"},\"potentialAction\":[{\"@type\":\"SearchAction\",\"target\":{\"@type\":\"EntryPoint\",\"urlTemplate\":\"https:\/\/arbr.fr\/wordpress\/?s={search_term_string}\"},\"query-input\":{\"@type\":\"PropertyValueSpecification\",\"valueRequired\":true,\"valueName\":\"search_term_string\"}}],\"inLanguage\":\"fr-FR\"},{\"@type\":\"Organization\",\"@id\":\"https:\/\/arbr.fr\/wordpress\/#organization\",\"name\":\"ARBR\",\"url\":\"https:\/\/arbr.fr\/wordpress\/\",\"logo\":{\"@type\":\"ImageObject\",\"inLanguage\":\"fr-FR\",\"@id\":\"https:\/\/arbr.fr\/wordpress\/#\/schema\/logo\/image\/\",\"url\":\"https:\/\/arbr.fr\/wordpress\/wp-content\/uploads\/2017\/03\/0.png\",\"contentUrl\":\"https:\/\/arbr.fr\/wordpress\/wp-content\/uploads\/2017\/03\/0.png\",\"width\":650,\"height\":283,\"caption\":\"ARBR\"},\"image\":{\"@id\":\"https:\/\/arbr.fr\/wordpress\/#\/schema\/logo\/image\/\"}}]}<\/script>\n<!-- \/ Yoast SEO plugin. -->","yoast_head_json":{"title":"Le Coin des Z'ain\u00e9s - ARBR","robots":{"index":"index","follow":"follow","max-snippet":"max-snippet:-1","max-image-preview":"max-image-preview:large","max-video-preview":"max-video-preview:-1"},"canonical":"https:\/\/arbr.fr\/wordpress\/le-coin-des-zaines\/","og_locale":"fr_FR","og_type":"article","og_title":"Le Coin des Z'ain\u00e9s - ARBR","og_description":"Contacts&nbsp; : MOLINARO Claudine : 06 50 31 84 64 :&nbsp; claudine.molinaro@gmail.com Retrouvez toutes les activit\u00e9s de l&rsquo;ARBR pour les Z&rsquo;ain\u00e9s et les autres : Tricot et papotage, couture et papotage, jeux de soci\u00e9t\u00e9,&#46;&#46;&#46;","og_url":"https:\/\/arbr.fr\/wordpress\/le-coin-des-zaines\/","og_site_name":"ARBR","article_modified_time":"2025-10-08T10:05:42+00:00","og_image":[{"width":663,"height":939,"url":"https:\/\/arbr.fr\/wordpress\/wp-content\/uploads\/2025\/01\/2025-09-24-inscription-pot-au-feu-1.jpg","type":"image\/jpeg"}],"twitter_card":"summary_large_image","twitter_misc":{"Dur\u00e9e de lecture estim\u00e9e":"1 minute"},"schema":{"@context":"https:\/\/schema.org","@graph":[{"@type":"WebPage","@id":"https:\/\/arbr.fr\/wordpress\/le-coin-des-zaines\/","url":"https:\/\/arbr.fr\/wordpress\/le-coin-des-zaines\/","name":"Le Coin des Z'ain\u00e9s - ARBR","isPartOf":{"@id":"https:\/\/arbr.fr\/wordpress\/#website"},"primaryImageOfPage":{"@id":"https:\/\/arbr.fr\/wordpress\/le-coin-des-zaines\/#primaryimage"},"image":{"@id":"https:\/\/arbr.fr\/wordpress\/le-coin-des-zaines\/#primaryimage"},"thumbnailUrl":"https:\/\/arbr.fr\/wordpress\/wp-content\/uploads\/2025\/01\/2025-09-24-inscription-pot-au-feu-1.jpg","datePublished":"2025-10-08T08:46:18+00:00","dateModified":"2025-10-08T10:05:42+00:00","breadcrumb":{"@id":"https:\/\/arbr.fr\/wordpress\/le-coin-des-zaines\/#breadcrumb"},"inLanguage":"fr-FR","potentialAction":[{"@type":"ReadAction","target":["https:\/\/arbr.fr\/wordpress\/le-coin-des-zaines\/"]}]},{"@type":"ImageObject","inLanguage":"fr-FR","@id":"https:\/\/arbr.fr\/wordpress\/le-coin-des-zaines\/#primaryimage","url":"https:\/\/arbr.fr\/wordpress\/wp-content\/uploads\/2025\/01\/2025-09-24-inscription-pot-au-feu-1.jpg","contentUrl":"https:\/\/arbr.fr\/wordpress\/wp-content\/uploads\/2025\/01\/2025-09-24-inscription-pot-au-feu-1.jpg","width":663,"height":939},{"@type":"BreadcrumbList","@id":"https:\/\/arbr.fr\/wordpress\/le-coin-des-zaines\/#breadcrumb","itemListElement":[{"@type":"ListItem","position":1,"name":"Accueil","item":"https:\/\/arbr.fr\/wordpress\/"},{"@type":"ListItem","position":2,"name":"Le Coin des Z&rsquo;ain\u00e9s"}]},{"@type":"WebSite","@id":"https:\/\/arbr.fr\/wordpress\/#website","url":"https:\/\/arbr.fr\/wordpress\/","name":"ARBR","description":"Association des r\u00e9sidents du Bois Raguenet","publisher":{"@id":"https:\/\/arbr.fr\/wordpress\/#organization"},"potentialAction":[{"@type":"SearchAction","target":{"@type":"EntryPoint","urlTemplate":"https:\/\/arbr.fr\/wordpress\/?s={search_term_string}"},"query-input":{"@type":"PropertyValueSpecification","valueRequired":true,"valueName":"search_term_string"}}],"inLanguage":"fr-FR"},{"@type":"Organization","@id":"https:\/\/arbr.fr\/wordpress\/#organization","name":"ARBR","url":"https:\/\/arbr.fr\/wordpress\/","logo":{"@type":"ImageObject","inLanguage":"fr-FR","@id":"https:\/\/arbr.fr\/wordpress\/#\/schema\/logo\/image\/","url":"https:\/\/arbr.fr\/wordpress\/wp-content\/uploads\/2017\/03\/0.png","contentUrl":"https:\/\/arbr.fr\/wordpress\/wp-content\/uploads\/2017\/03\/0.png","width":650,"height":283,"caption":"ARBR"},"image":{"@id":"https:\/\/arbr.fr\/wordpress\/#\/schema\/logo\/image\/"}}]}},"_links":{"self":[{"href":"https:\/\/arbr.fr\/wordpress\/wp-json\/wp\/v2\/pages\/8146"}],"collection":[{"href":"https:\/\/arbr.fr\/wordpress\/wp-json\/wp\/v2\/pages"}],"about":[{"href":"https:\/\/arbr.fr\/wordpress\/wp-json\/wp\/v2\/types\/page"}],"author":[{"embeddable":true,"href":"https:\/\/arbr.fr\/wordpress\/wp-json\/wp\/v2\/users\/4"}],"replies":[{"embeddable":true,"href":"https:\/\/arbr.fr\/wordpress\/wp-json\/wp\/v2\/comments?post=8146"}],"version-history":[{"count":5,"href":"https:\/\/arbr.fr\/wordpress\/wp-json\/wp\/v2\/pages\/8146\/revisions"}],"predecessor-version":[{"id":8154,"href":"https:\/\/arbr.fr\/wordpress\/wp-json\/wp\/v2\/pages\/8146\/revisions\/8154"}],"wp:attachment":[{"href":"https:\/\/arbr.fr\/wordpress\/wp-json\/wp\/v2\/media?parent=8146"}],"curies":[{"name":"wp","href":"https:\/\/api.w.org\/{rel}","templated":true}]}}