{"id":7943,"date":"2025-07-10T17:43:26","date_gmt":"2025-07-10T15:43:26","guid":{"rendered":"https:\/\/arbr.fr\/wordpress\/?page_id=7943"},"modified":"2025-12-03T11:19:54","modified_gmt":"2025-12-03T10:19:54","slug":"ping-pong","status":"publish","type":"page","link":"https:\/\/arbr.fr\/wordpress\/ping-pong\/","title":{"rendered":"Ping-Pong"},"content":{"rendered":"\r\n<p><img loading=\"lazy\" decoding=\"async\" class=\"alignnone size-large wp-image-7137\" src=\"https:\/\/arbr.fr\/wordpress\/wp-content\/uploads\/2024\/12\/Affiche-pingpong-724x1024.jpg\" alt=\"\" width=\"724\" height=\"1024\" srcset=\"https:\/\/arbr.fr\/wordpress\/wp-content\/uploads\/2024\/12\/Affiche-pingpong-724x1024.jpg 724w, https:\/\/arbr.fr\/wordpress\/wp-content\/uploads\/2024\/12\/Affiche-pingpong-212x300.jpg 212w, https:\/\/arbr.fr\/wordpress\/wp-content\/uploads\/2024\/12\/Affiche-pingpong-768x1086.jpg 768w, https:\/\/arbr.fr\/wordpress\/wp-content\/uploads\/2024\/12\/Affiche-pingpong.jpg 1050w\" sizes=\"(max-width: 724px) 100vw, 724px\" \/><\/p>\r\n<p><span id=\"_kRXmaMujIe6kkdUP4NPn6A0_127\" class=\"wtBS9\"><span style=\"color: #800080; font-size: 18pt;\"><strong>LE PICKLEBALL<\/strong> <\/span>ou tennis l\u00e9ger est un sport de raquette, pratiqu\u00e9 en int\u00e9rieur ou en ext\u00e9rieur, dans lequel deux joueurs ou <\/span><span id=\"_kRXmaMujIe6kkdUP4NPn6A0_127\" class=\"wtBS9\">quatre joueurs <\/span><span id=\"_kRXmaMujIe6kkdUP4NPn6A0_127\" class=\"wtBS9\">frappent une balle en plastique creuse perfor\u00e9e au-dessus d&rsquo;un filet de 36 pouces de haut \u00e0 l&rsquo;aide d&rsquo;une raquette \u00e0 face pleine.<\/span><\/p>\r\n<p>Venez essayer !<\/p>\r\n<p><img loading=\"lazy\" decoding=\"async\" class=\"alignnone size-full wp-image-8142\" src=\"https:\/\/arbr.fr\/wordpress\/wp-content\/uploads\/2025\/10\/Photo-pickleball-balle.jpg\" alt=\"\" width=\"282\" height=\"178\">&nbsp; &nbsp; <img loading=\"lazy\" decoding=\"async\" class=\"alignnone  wp-image-8143\" src=\"https:\/\/arbr.fr\/wordpress\/wp-content\/uploads\/2025\/10\/Photo-pickleball.jpg\" alt=\"\" width=\"300\" height=\"177\"><\/p>\r\n","protected":false},"excerpt":{"rendered":"<p>LE PICKLEBALL ou tennis l\u00e9ger est un sport de raquette, pratiqu\u00e9 en int\u00e9rieur ou en ext\u00e9rieur, dans lequel deux joueurs ou quatre joueurs frappent une balle en plastique creuse perfor\u00e9e au-dessus d&rsquo;un filet de&#46;&#46;&#46;<\/p>\n","protected":false},"author":4,"featured_media":0,"parent":0,"menu_order":0,"comment_status":"closed","ping_status":"closed","template":"","meta":{"ngg_post_thumbnail":0,"footnotes":""},"class_list":["post-7943","page","type-page","status-publish","hentry"],"yoast_head":"<!-- This site is optimized with the Yoast SEO plugin v24.1 - https:\/\/yoast.com\/wordpress\/plugins\/seo\/ -->\n<title>Ping-Pong - ARBR<\/title>\n<meta name=\"robots\" content=\"index, follow, max-snippet:-1, max-image-preview:large, max-video-preview:-1\" \/>\n<link rel=\"canonical\" href=\"https:\/\/arbr.fr\/wordpress\/ping-pong\/\" \/>\n<meta property=\"og:locale\" content=\"fr_FR\" \/>\n<meta property=\"og:type\" content=\"article\" \/>\n<meta property=\"og:title\" content=\"Ping-Pong - ARBR\" \/>\n<meta property=\"og:description\" content=\"LE PICKLEBALL ou tennis l\u00e9ger est un sport de raquette, pratiqu\u00e9 en int\u00e9rieur ou en ext\u00e9rieur, dans lequel deux joueurs ou quatre joueurs frappent une balle en plastique creuse perfor\u00e9e au-dessus d&rsquo;un filet de&#046;&#046;&#046;\" \/>\n<meta property=\"og:url\" content=\"https:\/\/arbr.fr\/wordpress\/ping-pong\/\" \/>\n<meta property=\"og:site_name\" content=\"ARBR\" \/>\n<meta property=\"article:modified_time\" content=\"2025-12-03T10:19:54+00:00\" \/>\n<meta property=\"og:image\" content=\"https:\/\/arbr.fr\/wordpress\/wp-content\/uploads\/2024\/12\/Affiche-pingpong.jpg\" \/>\n\t<meta property=\"og:image:width\" content=\"1050\" \/>\n\t<meta property=\"og:image:height\" content=\"1485\" \/>\n\t<meta property=\"og:image:type\" content=\"image\/jpeg\" \/>\n<meta name=\"twitter:card\" content=\"summary_large_image\" \/>\n<meta name=\"twitter:label1\" content=\"Dur\u00e9e de lecture estim\u00e9e\" \/>\n\t<meta name=\"twitter:data1\" content=\"1 minute\" \/>\n<script type=\"application\/ld+json\" class=\"yoast-schema-graph\">{\"@context\":\"https:\/\/schema.org\",\"@graph\":[{\"@type\":\"WebPage\",\"@id\":\"https:\/\/arbr.fr\/wordpress\/ping-pong\/\",\"url\":\"https:\/\/arbr.fr\/wordpress\/ping-pong\/\",\"name\":\"Ping-Pong - ARBR\",\"isPartOf\":{\"@id\":\"https:\/\/arbr.fr\/wordpress\/#website\"},\"primaryImageOfPage\":{\"@id\":\"https:\/\/arbr.fr\/wordpress\/ping-pong\/#primaryimage\"},\"image\":{\"@id\":\"https:\/\/arbr.fr\/wordpress\/ping-pong\/#primaryimage\"},\"thumbnailUrl\":\"https:\/\/arbr.fr\/wordpress\/wp-content\/uploads\/2024\/12\/Affiche-pingpong-724x1024.jpg\",\"datePublished\":\"2025-07-10T15:43:26+00:00\",\"dateModified\":\"2025-12-03T10:19:54+00:00\",\"breadcrumb\":{\"@id\":\"https:\/\/arbr.fr\/wordpress\/ping-pong\/#breadcrumb\"},\"inLanguage\":\"fr-FR\",\"potentialAction\":[{\"@type\":\"ReadAction\",\"target\":[\"https:\/\/arbr.fr\/wordpress\/ping-pong\/\"]}]},{\"@type\":\"ImageObject\",\"inLanguage\":\"fr-FR\",\"@id\":\"https:\/\/arbr.fr\/wordpress\/ping-pong\/#primaryimage\",\"url\":\"https:\/\/arbr.fr\/wordpress\/wp-content\/uploads\/2024\/12\/Affiche-pingpong.jpg\",\"contentUrl\":\"https:\/\/arbr.fr\/wordpress\/wp-content\/uploads\/2024\/12\/Affiche-pingpong.jpg\",\"width\":1050,\"height\":1485},{\"@type\":\"BreadcrumbList\",\"@id\":\"https:\/\/arbr.fr\/wordpress\/ping-pong\/#breadcrumb\",\"itemListElement\":[{\"@type\":\"ListItem\",\"position\":1,\"name\":\"Accueil\",\"item\":\"https:\/\/arbr.fr\/wordpress\/\"},{\"@type\":\"ListItem\",\"position\":2,\"name\":\"Ping-Pong\"}]},{\"@type\":\"WebSite\",\"@id\":\"https:\/\/arbr.fr\/wordpress\/#website\",\"url\":\"https:\/\/arbr.fr\/wordpress\/\",\"name\":\"ARBR\",\"description\":\"Association des r\u00e9sidents du Bois Raguenet\",\"publisher\":{\"@id\":\"https:\/\/arbr.fr\/wordpress\/#organization\"},\"potentialAction\":[{\"@type\":\"SearchAction\",\"target\":{\"@type\":\"EntryPoint\",\"urlTemplate\":\"https:\/\/arbr.fr\/wordpress\/?s={search_term_string}\"},\"query-input\":{\"@type\":\"PropertyValueSpecification\",\"valueRequired\":true,\"valueName\":\"search_term_string\"}}],\"inLanguage\":\"fr-FR\"},{\"@type\":\"Organization\",\"@id\":\"https:\/\/arbr.fr\/wordpress\/#organization\",\"name\":\"ARBR\",\"url\":\"https:\/\/arbr.fr\/wordpress\/\",\"logo\":{\"@type\":\"ImageObject\",\"inLanguage\":\"fr-FR\",\"@id\":\"https:\/\/arbr.fr\/wordpress\/#\/schema\/logo\/image\/\",\"url\":\"https:\/\/arbr.fr\/wordpress\/wp-content\/uploads\/2017\/03\/0.png\",\"contentUrl\":\"https:\/\/arbr.fr\/wordpress\/wp-content\/uploads\/2017\/03\/0.png\",\"width\":650,\"height\":283,\"caption\":\"ARBR\"},\"image\":{\"@id\":\"https:\/\/arbr.fr\/wordpress\/#\/schema\/logo\/image\/\"}}]}<\/script>\n<!-- \/ Yoast SEO plugin. -->","yoast_head_json":{"title":"Ping-Pong - ARBR","robots":{"index":"index","follow":"follow","max-snippet":"max-snippet:-1","max-image-preview":"max-image-preview:large","max-video-preview":"max-video-preview:-1"},"canonical":"https:\/\/arbr.fr\/wordpress\/ping-pong\/","og_locale":"fr_FR","og_type":"article","og_title":"Ping-Pong - ARBR","og_description":"LE PICKLEBALL ou tennis l\u00e9ger est un sport de raquette, pratiqu\u00e9 en int\u00e9rieur ou en ext\u00e9rieur, dans lequel deux joueurs ou quatre joueurs frappent une balle en plastique creuse perfor\u00e9e au-dessus d&rsquo;un filet de&#46;&#46;&#46;","og_url":"https:\/\/arbr.fr\/wordpress\/ping-pong\/","og_site_name":"ARBR","article_modified_time":"2025-12-03T10:19:54+00:00","og_image":[{"width":1050,"height":1485,"url":"https:\/\/arbr.fr\/wordpress\/wp-content\/uploads\/2024\/12\/Affiche-pingpong.jpg","type":"image\/jpeg"}],"twitter_card":"summary_large_image","twitter_misc":{"Dur\u00e9e de lecture estim\u00e9e":"1 minute"},"schema":{"@context":"https:\/\/schema.org","@graph":[{"@type":"WebPage","@id":"https:\/\/arbr.fr\/wordpress\/ping-pong\/","url":"https:\/\/arbr.fr\/wordpress\/ping-pong\/","name":"Ping-Pong - ARBR","isPartOf":{"@id":"https:\/\/arbr.fr\/wordpress\/#website"},"primaryImageOfPage":{"@id":"https:\/\/arbr.fr\/wordpress\/ping-pong\/#primaryimage"},"image":{"@id":"https:\/\/arbr.fr\/wordpress\/ping-pong\/#primaryimage"},"thumbnailUrl":"https:\/\/arbr.fr\/wordpress\/wp-content\/uploads\/2024\/12\/Affiche-pingpong-724x1024.jpg","datePublished":"2025-07-10T15:43:26+00:00","dateModified":"2025-12-03T10:19:54+00:00","breadcrumb":{"@id":"https:\/\/arbr.fr\/wordpress\/ping-pong\/#breadcrumb"},"inLanguage":"fr-FR","potentialAction":[{"@type":"ReadAction","target":["https:\/\/arbr.fr\/wordpress\/ping-pong\/"]}]},{"@type":"ImageObject","inLanguage":"fr-FR","@id":"https:\/\/arbr.fr\/wordpress\/ping-pong\/#primaryimage","url":"https:\/\/arbr.fr\/wordpress\/wp-content\/uploads\/2024\/12\/Affiche-pingpong.jpg","contentUrl":"https:\/\/arbr.fr\/wordpress\/wp-content\/uploads\/2024\/12\/Affiche-pingpong.jpg","width":1050,"height":1485},{"@type":"BreadcrumbList","@id":"https:\/\/arbr.fr\/wordpress\/ping-pong\/#breadcrumb","itemListElement":[{"@type":"ListItem","position":1,"name":"Accueil","item":"https:\/\/arbr.fr\/wordpress\/"},{"@type":"ListItem","position":2,"name":"Ping-Pong"}]},{"@type":"WebSite","@id":"https:\/\/arbr.fr\/wordpress\/#website","url":"https:\/\/arbr.fr\/wordpress\/","name":"ARBR","description":"Association des r\u00e9sidents du Bois Raguenet","publisher":{"@id":"https:\/\/arbr.fr\/wordpress\/#organization"},"potentialAction":[{"@type":"SearchAction","target":{"@type":"EntryPoint","urlTemplate":"https:\/\/arbr.fr\/wordpress\/?s={search_term_string}"},"query-input":{"@type":"PropertyValueSpecification","valueRequired":true,"valueName":"search_term_string"}}],"inLanguage":"fr-FR"},{"@type":"Organization","@id":"https:\/\/arbr.fr\/wordpress\/#organization","name":"ARBR","url":"https:\/\/arbr.fr\/wordpress\/","logo":{"@type":"ImageObject","inLanguage":"fr-FR","@id":"https:\/\/arbr.fr\/wordpress\/#\/schema\/logo\/image\/","url":"https:\/\/arbr.fr\/wordpress\/wp-content\/uploads\/2017\/03\/0.png","contentUrl":"https:\/\/arbr.fr\/wordpress\/wp-content\/uploads\/2017\/03\/0.png","width":650,"height":283,"caption":"ARBR"},"image":{"@id":"https:\/\/arbr.fr\/wordpress\/#\/schema\/logo\/image\/"}}]}},"_links":{"self":[{"href":"https:\/\/arbr.fr\/wordpress\/wp-json\/wp\/v2\/pages\/7943"}],"collection":[{"href":"https:\/\/arbr.fr\/wordpress\/wp-json\/wp\/v2\/pages"}],"about":[{"href":"https:\/\/arbr.fr\/wordpress\/wp-json\/wp\/v2\/types\/page"}],"author":[{"embeddable":true,"href":"https:\/\/arbr.fr\/wordpress\/wp-json\/wp\/v2\/users\/4"}],"replies":[{"embeddable":true,"href":"https:\/\/arbr.fr\/wordpress\/wp-json\/wp\/v2\/comments?post=7943"}],"version-history":[{"count":6,"href":"https:\/\/arbr.fr\/wordpress\/wp-json\/wp\/v2\/pages\/7943\/revisions"}],"predecessor-version":[{"id":8321,"href":"https:\/\/arbr.fr\/wordpress\/wp-json\/wp\/v2\/pages\/7943\/revisions\/8321"}],"wp:attachment":[{"href":"https:\/\/arbr.fr\/wordpress\/wp-json\/wp\/v2\/media?parent=7943"}],"curies":[{"name":"wp","href":"https:\/\/api.w.org\/{rel}","templated":true}]}}