{"id":7932,"date":"2025-07-10T17:25:42","date_gmt":"2025-07-10T15:25:42","guid":{"rendered":"https:\/\/arbr.fr\/wordpress\/?page_id=7932"},"modified":"2025-07-11T16:14:30","modified_gmt":"2025-07-11T14:14:30","slug":"capoeira","status":"publish","type":"page","link":"https:\/\/arbr.fr\/wordpress\/capoeira\/","title":{"rendered":"Capoeira"},"content":{"rendered":"\r\n\r\n\r\n<p><strong>Contacts<\/strong> : En attente d&rsquo;un r\u00e9f\u00e9rent.<\/p>\r\n<p><strong>Professeur :&nbsp; <\/strong>Ueslei DIAS FRAGA (dit <strong>Ezio) : <\/strong><span style=\"color: #ff6600;\">estilofaixafrance@gmail.com<\/span><\/p>\r\n<p><img loading=\"lazy\" decoding=\"async\" class=\"alignnone  wp-image-7988\" src=\"https:\/\/arbr.fr\/wordpress\/wp-content\/uploads\/2025\/07\/Capoeira-2.jpg\" alt=\"\" width=\"403\" height=\"299\" srcset=\"https:\/\/arbr.fr\/wordpress\/wp-content\/uploads\/2025\/07\/Capoeira-2.jpg 485w, https:\/\/arbr.fr\/wordpress\/wp-content\/uploads\/2025\/07\/Capoeira-2-300x223.jpg 300w\" sizes=\"(max-width: 403px) 100vw, 403px\" \/><\/p>\r\n<p><span style=\"color: #ff6600;\"><strong><span style=\"font-size: 14pt;\">Cours pour les enfants de 9 \u00e0 14 ans.<\/span><\/strong><\/span><\/p>\r\n<p><span id=\"_FtxvaMbJAbOHkdUPnOG9cA_99\" class=\"wtBS9\">La capoeira est un art martial afro-br\u00e9silien.<\/span><span id=\"_FtxvaMbJAbOHkdUPnOG9cA_99\" class=\"wtBS9\"><\/span><\/p>\r\n<p><span id=\"_FtxvaMbJAbOHkdUPnOG9cA_99\" class=\"wtBS9\">Elle se distingue des autres arts martiaux par son c\u00f4t\u00e9 ludique et souvent acrobatique.<\/span><\/p>\r\n<p>N.B. \u2013 Pour les horaires et les tarifs, consulter la plaquette des activit\u00e9s en ligne sur le site de l\u2019ARBR<\/p>\r\n\r\n\r\n","protected":false},"excerpt":{"rendered":"<p>Contacts : En attente d&rsquo;un r\u00e9f\u00e9rent. Professeur :&nbsp; Ueslei DIAS FRAGA (dit Ezio) : estilofaixafrance@gmail.com Cours pour les enfants de 9 \u00e0 14 ans. La capoeira est un art martial afro-br\u00e9silien. Elle se distingue&#46;&#46;&#46;<\/p>\n","protected":false},"author":4,"featured_media":0,"parent":0,"menu_order":0,"comment_status":"closed","ping_status":"closed","template":"","meta":{"ngg_post_thumbnail":0,"footnotes":""},"class_list":["post-7932","page","type-page","status-publish","hentry"],"yoast_head":"<!-- This site is optimized with the Yoast SEO plugin v24.1 - https:\/\/yoast.com\/wordpress\/plugins\/seo\/ -->\n<title>Capoeira - ARBR<\/title>\n<meta name=\"robots\" content=\"index, follow, max-snippet:-1, max-image-preview:large, max-video-preview:-1\" \/>\n<link rel=\"canonical\" href=\"https:\/\/arbr.fr\/wordpress\/capoeira\/\" \/>\n<meta property=\"og:locale\" content=\"fr_FR\" \/>\n<meta property=\"og:type\" content=\"article\" \/>\n<meta property=\"og:title\" content=\"Capoeira - ARBR\" \/>\n<meta property=\"og:description\" content=\"Contacts : En attente d&rsquo;un r\u00e9f\u00e9rent. Professeur :&nbsp; Ueslei DIAS FRAGA (dit Ezio) : estilofaixafrance@gmail.com Cours pour les enfants de 9 \u00e0 14 ans. La capoeira est un art martial afro-br\u00e9silien. Elle se distingue&#046;&#046;&#046;\" \/>\n<meta property=\"og:url\" content=\"https:\/\/arbr.fr\/wordpress\/capoeira\/\" \/>\n<meta property=\"og:site_name\" content=\"ARBR\" \/>\n<meta property=\"article:modified_time\" content=\"2025-07-11T14:14:30+00:00\" \/>\n<meta property=\"og:image\" content=\"https:\/\/arbr.fr\/wordpress\/wp-content\/uploads\/2025\/07\/Capoeira-2.jpg\" \/>\n\t<meta property=\"og:image:width\" content=\"485\" \/>\n\t<meta property=\"og:image:height\" content=\"360\" \/>\n\t<meta property=\"og:image:type\" content=\"image\/jpeg\" \/>\n<meta name=\"twitter:card\" content=\"summary_large_image\" \/>\n<meta name=\"twitter:label1\" content=\"Dur\u00e9e de lecture estim\u00e9e\" \/>\n\t<meta name=\"twitter:data1\" content=\"1 minute\" \/>\n<script type=\"application\/ld+json\" class=\"yoast-schema-graph\">{\"@context\":\"https:\/\/schema.org\",\"@graph\":[{\"@type\":\"WebPage\",\"@id\":\"https:\/\/arbr.fr\/wordpress\/capoeira\/\",\"url\":\"https:\/\/arbr.fr\/wordpress\/capoeira\/\",\"name\":\"Capoeira - ARBR\",\"isPartOf\":{\"@id\":\"https:\/\/arbr.fr\/wordpress\/#website\"},\"primaryImageOfPage\":{\"@id\":\"https:\/\/arbr.fr\/wordpress\/capoeira\/#primaryimage\"},\"image\":{\"@id\":\"https:\/\/arbr.fr\/wordpress\/capoeira\/#primaryimage\"},\"thumbnailUrl\":\"https:\/\/arbr.fr\/wordpress\/wp-content\/uploads\/2025\/07\/Capoeira-2.jpg\",\"datePublished\":\"2025-07-10T15:25:42+00:00\",\"dateModified\":\"2025-07-11T14:14:30+00:00\",\"breadcrumb\":{\"@id\":\"https:\/\/arbr.fr\/wordpress\/capoeira\/#breadcrumb\"},\"inLanguage\":\"fr-FR\",\"potentialAction\":[{\"@type\":\"ReadAction\",\"target\":[\"https:\/\/arbr.fr\/wordpress\/capoeira\/\"]}]},{\"@type\":\"ImageObject\",\"inLanguage\":\"fr-FR\",\"@id\":\"https:\/\/arbr.fr\/wordpress\/capoeira\/#primaryimage\",\"url\":\"https:\/\/arbr.fr\/wordpress\/wp-content\/uploads\/2025\/07\/Capoeira-2.jpg\",\"contentUrl\":\"https:\/\/arbr.fr\/wordpress\/wp-content\/uploads\/2025\/07\/Capoeira-2.jpg\",\"width\":485,\"height\":360},{\"@type\":\"BreadcrumbList\",\"@id\":\"https:\/\/arbr.fr\/wordpress\/capoeira\/#breadcrumb\",\"itemListElement\":[{\"@type\":\"ListItem\",\"position\":1,\"name\":\"Accueil\",\"item\":\"https:\/\/arbr.fr\/wordpress\/\"},{\"@type\":\"ListItem\",\"position\":2,\"name\":\"Capoeira\"}]},{\"@type\":\"WebSite\",\"@id\":\"https:\/\/arbr.fr\/wordpress\/#website\",\"url\":\"https:\/\/arbr.fr\/wordpress\/\",\"name\":\"ARBR\",\"description\":\"Association des r\u00e9sidents du Bois Raguenet\",\"publisher\":{\"@id\":\"https:\/\/arbr.fr\/wordpress\/#organization\"},\"potentialAction\":[{\"@type\":\"SearchAction\",\"target\":{\"@type\":\"EntryPoint\",\"urlTemplate\":\"https:\/\/arbr.fr\/wordpress\/?s={search_term_string}\"},\"query-input\":{\"@type\":\"PropertyValueSpecification\",\"valueRequired\":true,\"valueName\":\"search_term_string\"}}],\"inLanguage\":\"fr-FR\"},{\"@type\":\"Organization\",\"@id\":\"https:\/\/arbr.fr\/wordpress\/#organization\",\"name\":\"ARBR\",\"url\":\"https:\/\/arbr.fr\/wordpress\/\",\"logo\":{\"@type\":\"ImageObject\",\"inLanguage\":\"fr-FR\",\"@id\":\"https:\/\/arbr.fr\/wordpress\/#\/schema\/logo\/image\/\",\"url\":\"https:\/\/arbr.fr\/wordpress\/wp-content\/uploads\/2017\/03\/0.png\",\"contentUrl\":\"https:\/\/arbr.fr\/wordpress\/wp-content\/uploads\/2017\/03\/0.png\",\"width\":650,\"height\":283,\"caption\":\"ARBR\"},\"image\":{\"@id\":\"https:\/\/arbr.fr\/wordpress\/#\/schema\/logo\/image\/\"}}]}<\/script>\n<!-- \/ Yoast SEO plugin. -->","yoast_head_json":{"title":"Capoeira - ARBR","robots":{"index":"index","follow":"follow","max-snippet":"max-snippet:-1","max-image-preview":"max-image-preview:large","max-video-preview":"max-video-preview:-1"},"canonical":"https:\/\/arbr.fr\/wordpress\/capoeira\/","og_locale":"fr_FR","og_type":"article","og_title":"Capoeira - ARBR","og_description":"Contacts : En attente d&rsquo;un r\u00e9f\u00e9rent. Professeur :&nbsp; Ueslei DIAS FRAGA (dit Ezio) : estilofaixafrance@gmail.com Cours pour les enfants de 9 \u00e0 14 ans. La capoeira est un art martial afro-br\u00e9silien. Elle se distingue&#46;&#46;&#46;","og_url":"https:\/\/arbr.fr\/wordpress\/capoeira\/","og_site_name":"ARBR","article_modified_time":"2025-07-11T14:14:30+00:00","og_image":[{"width":485,"height":360,"url":"https:\/\/arbr.fr\/wordpress\/wp-content\/uploads\/2025\/07\/Capoeira-2.jpg","type":"image\/jpeg"}],"twitter_card":"summary_large_image","twitter_misc":{"Dur\u00e9e de lecture estim\u00e9e":"1 minute"},"schema":{"@context":"https:\/\/schema.org","@graph":[{"@type":"WebPage","@id":"https:\/\/arbr.fr\/wordpress\/capoeira\/","url":"https:\/\/arbr.fr\/wordpress\/capoeira\/","name":"Capoeira - ARBR","isPartOf":{"@id":"https:\/\/arbr.fr\/wordpress\/#website"},"primaryImageOfPage":{"@id":"https:\/\/arbr.fr\/wordpress\/capoeira\/#primaryimage"},"image":{"@id":"https:\/\/arbr.fr\/wordpress\/capoeira\/#primaryimage"},"thumbnailUrl":"https:\/\/arbr.fr\/wordpress\/wp-content\/uploads\/2025\/07\/Capoeira-2.jpg","datePublished":"2025-07-10T15:25:42+00:00","dateModified":"2025-07-11T14:14:30+00:00","breadcrumb":{"@id":"https:\/\/arbr.fr\/wordpress\/capoeira\/#breadcrumb"},"inLanguage":"fr-FR","potentialAction":[{"@type":"ReadAction","target":["https:\/\/arbr.fr\/wordpress\/capoeira\/"]}]},{"@type":"ImageObject","inLanguage":"fr-FR","@id":"https:\/\/arbr.fr\/wordpress\/capoeira\/#primaryimage","url":"https:\/\/arbr.fr\/wordpress\/wp-content\/uploads\/2025\/07\/Capoeira-2.jpg","contentUrl":"https:\/\/arbr.fr\/wordpress\/wp-content\/uploads\/2025\/07\/Capoeira-2.jpg","width":485,"height":360},{"@type":"BreadcrumbList","@id":"https:\/\/arbr.fr\/wordpress\/capoeira\/#breadcrumb","itemListElement":[{"@type":"ListItem","position":1,"name":"Accueil","item":"https:\/\/arbr.fr\/wordpress\/"},{"@type":"ListItem","position":2,"name":"Capoeira"}]},{"@type":"WebSite","@id":"https:\/\/arbr.fr\/wordpress\/#website","url":"https:\/\/arbr.fr\/wordpress\/","name":"ARBR","description":"Association des r\u00e9sidents du Bois Raguenet","publisher":{"@id":"https:\/\/arbr.fr\/wordpress\/#organization"},"potentialAction":[{"@type":"SearchAction","target":{"@type":"EntryPoint","urlTemplate":"https:\/\/arbr.fr\/wordpress\/?s={search_term_string}"},"query-input":{"@type":"PropertyValueSpecification","valueRequired":true,"valueName":"search_term_string"}}],"inLanguage":"fr-FR"},{"@type":"Organization","@id":"https:\/\/arbr.fr\/wordpress\/#organization","name":"ARBR","url":"https:\/\/arbr.fr\/wordpress\/","logo":{"@type":"ImageObject","inLanguage":"fr-FR","@id":"https:\/\/arbr.fr\/wordpress\/#\/schema\/logo\/image\/","url":"https:\/\/arbr.fr\/wordpress\/wp-content\/uploads\/2017\/03\/0.png","contentUrl":"https:\/\/arbr.fr\/wordpress\/wp-content\/uploads\/2017\/03\/0.png","width":650,"height":283,"caption":"ARBR"},"image":{"@id":"https:\/\/arbr.fr\/wordpress\/#\/schema\/logo\/image\/"}}]}},"_links":{"self":[{"href":"https:\/\/arbr.fr\/wordpress\/wp-json\/wp\/v2\/pages\/7932"}],"collection":[{"href":"https:\/\/arbr.fr\/wordpress\/wp-json\/wp\/v2\/pages"}],"about":[{"href":"https:\/\/arbr.fr\/wordpress\/wp-json\/wp\/v2\/types\/page"}],"author":[{"embeddable":true,"href":"https:\/\/arbr.fr\/wordpress\/wp-json\/wp\/v2\/users\/4"}],"replies":[{"embeddable":true,"href":"https:\/\/arbr.fr\/wordpress\/wp-json\/wp\/v2\/comments?post=7932"}],"version-history":[{"count":8,"href":"https:\/\/arbr.fr\/wordpress\/wp-json\/wp\/v2\/pages\/7932\/revisions"}],"predecessor-version":[{"id":7989,"href":"https:\/\/arbr.fr\/wordpress\/wp-json\/wp\/v2\/pages\/7932\/revisions\/7989"}],"wp:attachment":[{"href":"https:\/\/arbr.fr\/wordpress\/wp-json\/wp\/v2\/media?parent=7932"}],"curies":[{"name":"wp","href":"https:\/\/api.w.org\/{rel}","templated":true}]}}