{"id":7076,"date":"2024-11-27T12:48:26","date_gmt":"2024-11-27T11:48:26","guid":{"rendered":"https:\/\/arbr.fr\/wordpress\/?page_id=7076"},"modified":"2024-11-28T09:48:47","modified_gmt":"2024-11-28T08:48:47","slug":"2024-automne-de-larbr","status":"publish","type":"page","link":"https:\/\/arbr.fr\/wordpress\/automne-de-larbr\/2024-automne-de-larbr\/","title":{"rendered":"2024 Automne de l&rsquo;ARBR"},"content":{"rendered":"\r\n\r\n\r\n<p>&nbsp;<\/p>\r\n<p><strong>Retour sur l\u2019Automne de l\u2019ARBR : 15, 16 &amp; 17 Novembre 2024, <\/strong><\/p>\r\n<p>Vendredi, une journ\u00e9e de l&rsquo;Amiti\u00e9 bien studieuse mais toujours aussi conviviale !<\/p>\r\n<p>Samedi, de plus en plus de monde pour le Caf\u00e9 philo dont le th\u00e8me \u00e9tait l\u00a0\u00bbIntelligence Artificielle\u00a0\u00bb,<\/p>\r\n<p>Une AG assez remplie\u2026<\/p>\r\n<p>Un excellent repas galette-saucisse-cr\u00eape joyeusement partag\u00e9,<\/p>\r\n<p>Les jeux pour tous les \u00e2ges ont fait le plein de bonne humeur, tout comme les ateliers cr\u00e9atifs d&rsquo;Anne-Solenn, Brigitte et les Zouzous, o\u00f9 petits et grands ont ador\u00e9 d\u00e9corer des rondins de bois pour le sapin de No\u00ebl.<\/p>\r\n<p>Le soir, un concert magnifique! M\u00ealant instruments r\u00e9cents et anciens, Paul et Tanguy nous ont immerg\u00e9s dans leur monde musical et invit\u00e9s \u00e0 les suivre dans leurs voyages.<\/p>\r\n<p>Le dimanche, Les joyeux Bricolos de la Compagnie des Zingues ont enthousiasm\u00e9 le public avec leurs chansons d\u00e9boulonn\u00e9es dans une salle St REN\u00c9 archi-comble !<\/p>\r\n<p><img loading=\"lazy\" decoding=\"async\" class=\"alignnone size-large wp-image-7085\" src=\"https:\/\/arbr.fr\/wordpress\/wp-content\/uploads\/2024\/11\/2024-Montage-photo-1-1024x724.jpg\" alt=\"\" width=\"1024\" height=\"724\" srcset=\"https:\/\/arbr.fr\/wordpress\/wp-content\/uploads\/2024\/11\/2024-Montage-photo-1-1024x724.jpg 1024w, https:\/\/arbr.fr\/wordpress\/wp-content\/uploads\/2024\/11\/2024-Montage-photo-1-300x212.jpg 300w, https:\/\/arbr.fr\/wordpress\/wp-content\/uploads\/2024\/11\/2024-Montage-photo-1-768x543.jpg 768w, https:\/\/arbr.fr\/wordpress\/wp-content\/uploads\/2024\/11\/2024-Montage-photo-1.jpg 1485w\" sizes=\"(max-width: 1024px) 100vw, 1024px\" \/><\/p>\r\n<p>&nbsp;<\/p>\r\n\r\n\r\n","protected":false},"excerpt":{"rendered":"<p>&nbsp; Retour sur l\u2019Automne de l\u2019ARBR : 15, 16 &amp; 17 Novembre 2024, Vendredi, une journ\u00e9e de l&rsquo;Amiti\u00e9 bien studieuse mais toujours aussi conviviale ! Samedi, de plus en plus de monde pour le&#46;&#46;&#46;<\/p>\n","protected":false},"author":4,"featured_media":0,"parent":5953,"menu_order":0,"comment_status":"closed","ping_status":"closed","template":"","meta":{"ngg_post_thumbnail":0,"footnotes":""},"class_list":["post-7076","page","type-page","status-publish","hentry"],"yoast_head":"<!-- This site is optimized with the Yoast SEO plugin v24.1 - https:\/\/yoast.com\/wordpress\/plugins\/seo\/ -->\n<title>2024 Automne de l&#039;ARBR - ARBR<\/title>\n<meta name=\"robots\" content=\"index, follow, max-snippet:-1, max-image-preview:large, max-video-preview:-1\" \/>\n<link rel=\"canonical\" href=\"https:\/\/arbr.fr\/wordpress\/automne-de-larbr\/2024-automne-de-larbr\/\" \/>\n<meta property=\"og:locale\" content=\"fr_FR\" \/>\n<meta property=\"og:type\" content=\"article\" \/>\n<meta property=\"og:title\" content=\"2024 Automne de l&#039;ARBR - ARBR\" \/>\n<meta property=\"og:description\" content=\"&nbsp; Retour sur l\u2019Automne de l\u2019ARBR : 15, 16 &amp; 17 Novembre 2024, Vendredi, une journ\u00e9e de l&rsquo;Amiti\u00e9 bien studieuse mais toujours aussi conviviale ! Samedi, de plus en plus de monde pour le&#046;&#046;&#046;\" \/>\n<meta property=\"og:url\" content=\"https:\/\/arbr.fr\/wordpress\/automne-de-larbr\/2024-automne-de-larbr\/\" \/>\n<meta property=\"og:site_name\" content=\"ARBR\" \/>\n<meta property=\"article:modified_time\" content=\"2024-11-28T08:48:47+00:00\" \/>\n<meta property=\"og:image\" content=\"https:\/\/arbr.fr\/wordpress\/wp-content\/uploads\/2024\/11\/2024-Montage-photo-1.jpg\" \/>\n\t<meta property=\"og:image:width\" content=\"1485\" \/>\n\t<meta property=\"og:image:height\" content=\"1050\" \/>\n\t<meta property=\"og:image:type\" content=\"image\/jpeg\" \/>\n<meta name=\"twitter:card\" content=\"summary_large_image\" \/>\n<meta name=\"twitter:label1\" content=\"Dur\u00e9e de lecture estim\u00e9e\" \/>\n\t<meta name=\"twitter:data1\" content=\"1 minute\" \/>\n<script type=\"application\/ld+json\" class=\"yoast-schema-graph\">{\"@context\":\"https:\/\/schema.org\",\"@graph\":[{\"@type\":\"WebPage\",\"@id\":\"https:\/\/arbr.fr\/wordpress\/automne-de-larbr\/2024-automne-de-larbr\/\",\"url\":\"https:\/\/arbr.fr\/wordpress\/automne-de-larbr\/2024-automne-de-larbr\/\",\"name\":\"2024 Automne de l'ARBR - ARBR\",\"isPartOf\":{\"@id\":\"https:\/\/arbr.fr\/wordpress\/#website\"},\"primaryImageOfPage\":{\"@id\":\"https:\/\/arbr.fr\/wordpress\/automne-de-larbr\/2024-automne-de-larbr\/#primaryimage\"},\"image\":{\"@id\":\"https:\/\/arbr.fr\/wordpress\/automne-de-larbr\/2024-automne-de-larbr\/#primaryimage\"},\"thumbnailUrl\":\"https:\/\/arbr.fr\/wordpress\/wp-content\/uploads\/2024\/11\/2024-Montage-photo-1-1024x724.jpg\",\"datePublished\":\"2024-11-27T11:48:26+00:00\",\"dateModified\":\"2024-11-28T08:48:47+00:00\",\"breadcrumb\":{\"@id\":\"https:\/\/arbr.fr\/wordpress\/automne-de-larbr\/2024-automne-de-larbr\/#breadcrumb\"},\"inLanguage\":\"fr-FR\",\"potentialAction\":[{\"@type\":\"ReadAction\",\"target\":[\"https:\/\/arbr.fr\/wordpress\/automne-de-larbr\/2024-automne-de-larbr\/\"]}]},{\"@type\":\"ImageObject\",\"inLanguage\":\"fr-FR\",\"@id\":\"https:\/\/arbr.fr\/wordpress\/automne-de-larbr\/2024-automne-de-larbr\/#primaryimage\",\"url\":\"https:\/\/arbr.fr\/wordpress\/wp-content\/uploads\/2024\/11\/2024-Montage-photo-1.jpg\",\"contentUrl\":\"https:\/\/arbr.fr\/wordpress\/wp-content\/uploads\/2024\/11\/2024-Montage-photo-1.jpg\",\"width\":1485,\"height\":1050},{\"@type\":\"BreadcrumbList\",\"@id\":\"https:\/\/arbr.fr\/wordpress\/automne-de-larbr\/2024-automne-de-larbr\/#breadcrumb\",\"itemListElement\":[{\"@type\":\"ListItem\",\"position\":1,\"name\":\"Accueil\",\"item\":\"https:\/\/arbr.fr\/wordpress\/\"},{\"@type\":\"ListItem\",\"position\":2,\"name\":\"F\u00eate Automne de l&rsquo;ARBR\",\"item\":\"https:\/\/arbr.fr\/wordpress\/automne-de-larbr\/\"},{\"@type\":\"ListItem\",\"position\":3,\"name\":\"2024 Automne de l&rsquo;ARBR\"}]},{\"@type\":\"WebSite\",\"@id\":\"https:\/\/arbr.fr\/wordpress\/#website\",\"url\":\"https:\/\/arbr.fr\/wordpress\/\",\"name\":\"ARBR\",\"description\":\"Association des r\u00e9sidents du Bois Raguenet\",\"publisher\":{\"@id\":\"https:\/\/arbr.fr\/wordpress\/#organization\"},\"potentialAction\":[{\"@type\":\"SearchAction\",\"target\":{\"@type\":\"EntryPoint\",\"urlTemplate\":\"https:\/\/arbr.fr\/wordpress\/?s={search_term_string}\"},\"query-input\":{\"@type\":\"PropertyValueSpecification\",\"valueRequired\":true,\"valueName\":\"search_term_string\"}}],\"inLanguage\":\"fr-FR\"},{\"@type\":\"Organization\",\"@id\":\"https:\/\/arbr.fr\/wordpress\/#organization\",\"name\":\"ARBR\",\"url\":\"https:\/\/arbr.fr\/wordpress\/\",\"logo\":{\"@type\":\"ImageObject\",\"inLanguage\":\"fr-FR\",\"@id\":\"https:\/\/arbr.fr\/wordpress\/#\/schema\/logo\/image\/\",\"url\":\"https:\/\/arbr.fr\/wordpress\/wp-content\/uploads\/2017\/03\/0.png\",\"contentUrl\":\"https:\/\/arbr.fr\/wordpress\/wp-content\/uploads\/2017\/03\/0.png\",\"width\":650,\"height\":283,\"caption\":\"ARBR\"},\"image\":{\"@id\":\"https:\/\/arbr.fr\/wordpress\/#\/schema\/logo\/image\/\"}}]}<\/script>\n<!-- \/ Yoast SEO plugin. -->","yoast_head_json":{"title":"2024 Automne de l'ARBR - ARBR","robots":{"index":"index","follow":"follow","max-snippet":"max-snippet:-1","max-image-preview":"max-image-preview:large","max-video-preview":"max-video-preview:-1"},"canonical":"https:\/\/arbr.fr\/wordpress\/automne-de-larbr\/2024-automne-de-larbr\/","og_locale":"fr_FR","og_type":"article","og_title":"2024 Automne de l'ARBR - ARBR","og_description":"&nbsp; Retour sur l\u2019Automne de l\u2019ARBR : 15, 16 &amp; 17 Novembre 2024, Vendredi, une journ\u00e9e de l&rsquo;Amiti\u00e9 bien studieuse mais toujours aussi conviviale ! Samedi, de plus en plus de monde pour le&#46;&#46;&#46;","og_url":"https:\/\/arbr.fr\/wordpress\/automne-de-larbr\/2024-automne-de-larbr\/","og_site_name":"ARBR","article_modified_time":"2024-11-28T08:48:47+00:00","og_image":[{"width":1485,"height":1050,"url":"https:\/\/arbr.fr\/wordpress\/wp-content\/uploads\/2024\/11\/2024-Montage-photo-1.jpg","type":"image\/jpeg"}],"twitter_card":"summary_large_image","twitter_misc":{"Dur\u00e9e de lecture estim\u00e9e":"1 minute"},"schema":{"@context":"https:\/\/schema.org","@graph":[{"@type":"WebPage","@id":"https:\/\/arbr.fr\/wordpress\/automne-de-larbr\/2024-automne-de-larbr\/","url":"https:\/\/arbr.fr\/wordpress\/automne-de-larbr\/2024-automne-de-larbr\/","name":"2024 Automne de l'ARBR - ARBR","isPartOf":{"@id":"https:\/\/arbr.fr\/wordpress\/#website"},"primaryImageOfPage":{"@id":"https:\/\/arbr.fr\/wordpress\/automne-de-larbr\/2024-automne-de-larbr\/#primaryimage"},"image":{"@id":"https:\/\/arbr.fr\/wordpress\/automne-de-larbr\/2024-automne-de-larbr\/#primaryimage"},"thumbnailUrl":"https:\/\/arbr.fr\/wordpress\/wp-content\/uploads\/2024\/11\/2024-Montage-photo-1-1024x724.jpg","datePublished":"2024-11-27T11:48:26+00:00","dateModified":"2024-11-28T08:48:47+00:00","breadcrumb":{"@id":"https:\/\/arbr.fr\/wordpress\/automne-de-larbr\/2024-automne-de-larbr\/#breadcrumb"},"inLanguage":"fr-FR","potentialAction":[{"@type":"ReadAction","target":["https:\/\/arbr.fr\/wordpress\/automne-de-larbr\/2024-automne-de-larbr\/"]}]},{"@type":"ImageObject","inLanguage":"fr-FR","@id":"https:\/\/arbr.fr\/wordpress\/automne-de-larbr\/2024-automne-de-larbr\/#primaryimage","url":"https:\/\/arbr.fr\/wordpress\/wp-content\/uploads\/2024\/11\/2024-Montage-photo-1.jpg","contentUrl":"https:\/\/arbr.fr\/wordpress\/wp-content\/uploads\/2024\/11\/2024-Montage-photo-1.jpg","width":1485,"height":1050},{"@type":"BreadcrumbList","@id":"https:\/\/arbr.fr\/wordpress\/automne-de-larbr\/2024-automne-de-larbr\/#breadcrumb","itemListElement":[{"@type":"ListItem","position":1,"name":"Accueil","item":"https:\/\/arbr.fr\/wordpress\/"},{"@type":"ListItem","position":2,"name":"F\u00eate Automne de l&rsquo;ARBR","item":"https:\/\/arbr.fr\/wordpress\/automne-de-larbr\/"},{"@type":"ListItem","position":3,"name":"2024 Automne de l&rsquo;ARBR"}]},{"@type":"WebSite","@id":"https:\/\/arbr.fr\/wordpress\/#website","url":"https:\/\/arbr.fr\/wordpress\/","name":"ARBR","description":"Association des r\u00e9sidents du Bois Raguenet","publisher":{"@id":"https:\/\/arbr.fr\/wordpress\/#organization"},"potentialAction":[{"@type":"SearchAction","target":{"@type":"EntryPoint","urlTemplate":"https:\/\/arbr.fr\/wordpress\/?s={search_term_string}"},"query-input":{"@type":"PropertyValueSpecification","valueRequired":true,"valueName":"search_term_string"}}],"inLanguage":"fr-FR"},{"@type":"Organization","@id":"https:\/\/arbr.fr\/wordpress\/#organization","name":"ARBR","url":"https:\/\/arbr.fr\/wordpress\/","logo":{"@type":"ImageObject","inLanguage":"fr-FR","@id":"https:\/\/arbr.fr\/wordpress\/#\/schema\/logo\/image\/","url":"https:\/\/arbr.fr\/wordpress\/wp-content\/uploads\/2017\/03\/0.png","contentUrl":"https:\/\/arbr.fr\/wordpress\/wp-content\/uploads\/2017\/03\/0.png","width":650,"height":283,"caption":"ARBR"},"image":{"@id":"https:\/\/arbr.fr\/wordpress\/#\/schema\/logo\/image\/"}}]}},"_links":{"self":[{"href":"https:\/\/arbr.fr\/wordpress\/wp-json\/wp\/v2\/pages\/7076"}],"collection":[{"href":"https:\/\/arbr.fr\/wordpress\/wp-json\/wp\/v2\/pages"}],"about":[{"href":"https:\/\/arbr.fr\/wordpress\/wp-json\/wp\/v2\/types\/page"}],"author":[{"embeddable":true,"href":"https:\/\/arbr.fr\/wordpress\/wp-json\/wp\/v2\/users\/4"}],"replies":[{"embeddable":true,"href":"https:\/\/arbr.fr\/wordpress\/wp-json\/wp\/v2\/comments?post=7076"}],"version-history":[{"count":5,"href":"https:\/\/arbr.fr\/wordpress\/wp-json\/wp\/v2\/pages\/7076\/revisions"}],"predecessor-version":[{"id":7086,"href":"https:\/\/arbr.fr\/wordpress\/wp-json\/wp\/v2\/pages\/7076\/revisions\/7086"}],"up":[{"embeddable":true,"href":"https:\/\/arbr.fr\/wordpress\/wp-json\/wp\/v2\/pages\/5953"}],"wp:attachment":[{"href":"https:\/\/arbr.fr\/wordpress\/wp-json\/wp\/v2\/media?parent=7076"}],"curies":[{"name":"wp","href":"https:\/\/api.w.org\/{rel}","templated":true}]}}