{"id":7053,"date":"2024-11-22T11:16:34","date_gmt":"2024-11-22T10:16:34","guid":{"rendered":"https:\/\/arbr.fr\/wordpress\/?page_id=7053"},"modified":"2024-11-22T11:16:35","modified_gmt":"2024-11-22T10:16:35","slug":"sabonner-aux-informations-de-larbr","status":"publish","type":"page","link":"https:\/\/arbr.fr\/wordpress\/sabonner-aux-informations-de-larbr\/","title":{"rendered":"S&rsquo;abonner aux informations de l&rsquo;ARBR"},"content":{"rendered":"<script>(function() {\n\twindow.mc4wp = window.mc4wp || {\n\t\tlisteners: [],\n\t\tforms: {\n\t\t\ton: function(evt, cb) {\n\t\t\t\twindow.mc4wp.listeners.push(\n\t\t\t\t\t{\n\t\t\t\t\t\tevent   : evt,\n\t\t\t\t\t\tcallback: cb\n\t\t\t\t\t}\n\t\t\t\t);\n\t\t\t}\n\t\t}\n\t}\n})();\n<\/script><!-- Mailchimp for WordPress v4.10.9 - https:\/\/wordpress.org\/plugins\/mailchimp-for-wp\/ --><form id=\"mc4wp-form-1\" class=\"mc4wp-form mc4wp-form-520 mc4wp-form-theme mc4wp-form-theme-green\" method=\"post\" data-id=\"520\" data-name=\"S&#039;abonner aux informations de l&#039;ARBR\" ><div class=\"mc4wp-form-fields\"><h3>\r\n    S'abonner au journal de l'ARBR\r\n<\/h3>\r\n<p>\r\nVous pouvez, si vous le souhaitez, vous abonner au journal ; vous serez alors automatiquement averti par courrier \u00e9lectronique de la parution des nouveaux num\u00e9ros et autres nouvelles de l'ARBR.\r\n<\/p>\r\n<p>\r\n  Pour cela, il suffit d'indiquer votre adresse \u00e9lectronique ci-dessous et de r\u00e9pondre au message de confirmation qui vous sera envoy\u00e9.\r\n<\/p>\r\n\r\n\r\n<p>\r\n    <label>Votre adresse \u00e9lectronique *<\/label>\r\n    <input name=\"EMAIL\" required=\"\" type=\"email\">\r\n<\/p>\r\n<p>\r\n    <label>Pr\u00e9nom<\/label>\r\n    <input name=\"FNAME\" type=\"text\">\r\n<\/p>\r\n<p>\r\n    <label>Nom<\/label>\r\n    <input name=\"LNAME\" type=\"text\">\r\n<\/p>\r\n\r\n\r\n<p>\r\n\t<input type=\"submit\" value=\"S&apos;abonner\" \/>\r\n<\/p><\/div><label style=\"display: none !important;\">Laissez ce champ vide si vous \u00eates humain\u00a0: <input type=\"text\" name=\"_mc4wp_honeypot\" value=\"\" tabindex=\"-1\" autocomplete=\"off\" \/><\/label><input type=\"hidden\" name=\"_mc4wp_timestamp\" value=\"1776791912\" \/><input type=\"hidden\" name=\"_mc4wp_form_id\" value=\"520\" \/><input type=\"hidden\" name=\"_mc4wp_form_element_id\" value=\"mc4wp-form-1\" \/><div class=\"mc4wp-response\"><\/div><\/form><!-- \/ Mailchimp for WordPress Plugin -->\n","protected":false},"excerpt":{"rendered":"","protected":false},"author":3,"featured_media":0,"parent":0,"menu_order":0,"comment_status":"closed","ping_status":"closed","template":"","meta":{"ngg_post_thumbnail":0,"footnotes":""},"class_list":["post-7053","page","type-page","status-publish","hentry"],"yoast_head":"<!-- This site is optimized with the Yoast SEO plugin v24.1 - https:\/\/yoast.com\/wordpress\/plugins\/seo\/ -->\n<title>S&#039;abonner aux informations de l&#039;ARBR - ARBR<\/title>\n<meta name=\"robots\" content=\"index, follow, max-snippet:-1, max-image-preview:large, max-video-preview:-1\" \/>\n<link rel=\"canonical\" href=\"https:\/\/arbr.fr\/wordpress\/sabonner-aux-informations-de-larbr\/\" \/>\n<meta property=\"og:locale\" content=\"fr_FR\" \/>\n<meta property=\"og:type\" content=\"article\" \/>\n<meta property=\"og:title\" content=\"S&#039;abonner aux informations de l&#039;ARBR - ARBR\" \/>\n<meta property=\"og:url\" content=\"https:\/\/arbr.fr\/wordpress\/sabonner-aux-informations-de-larbr\/\" \/>\n<meta property=\"og:site_name\" content=\"ARBR\" \/>\n<meta property=\"article:modified_time\" content=\"2024-11-22T10:16:35+00:00\" \/>\n<meta name=\"twitter:card\" content=\"summary_large_image\" \/>\n<meta name=\"twitter:label1\" content=\"Dur\u00e9e de lecture estim\u00e9e\" \/>\n\t<meta name=\"twitter:data1\" content=\"1 minute\" \/>\n<script type=\"application\/ld+json\" class=\"yoast-schema-graph\">{\"@context\":\"https:\/\/schema.org\",\"@graph\":[{\"@type\":\"WebPage\",\"@id\":\"https:\/\/arbr.fr\/wordpress\/sabonner-aux-informations-de-larbr\/\",\"url\":\"https:\/\/arbr.fr\/wordpress\/sabonner-aux-informations-de-larbr\/\",\"name\":\"S'abonner aux informations de l'ARBR - ARBR\",\"isPartOf\":{\"@id\":\"https:\/\/arbr.fr\/wordpress\/#website\"},\"datePublished\":\"2024-11-22T10:16:34+00:00\",\"dateModified\":\"2024-11-22T10:16:35+00:00\",\"breadcrumb\":{\"@id\":\"https:\/\/arbr.fr\/wordpress\/sabonner-aux-informations-de-larbr\/#breadcrumb\"},\"inLanguage\":\"fr-FR\",\"potentialAction\":[{\"@type\":\"ReadAction\",\"target\":[\"https:\/\/arbr.fr\/wordpress\/sabonner-aux-informations-de-larbr\/\"]}]},{\"@type\":\"BreadcrumbList\",\"@id\":\"https:\/\/arbr.fr\/wordpress\/sabonner-aux-informations-de-larbr\/#breadcrumb\",\"itemListElement\":[{\"@type\":\"ListItem\",\"position\":1,\"name\":\"Accueil\",\"item\":\"https:\/\/arbr.fr\/wordpress\/\"},{\"@type\":\"ListItem\",\"position\":2,\"name\":\"S&rsquo;abonner aux informations de l&rsquo;ARBR\"}]},{\"@type\":\"WebSite\",\"@id\":\"https:\/\/arbr.fr\/wordpress\/#website\",\"url\":\"https:\/\/arbr.fr\/wordpress\/\",\"name\":\"ARBR\",\"description\":\"Association des r\u00e9sidents du Bois Raguenet\",\"publisher\":{\"@id\":\"https:\/\/arbr.fr\/wordpress\/#organization\"},\"potentialAction\":[{\"@type\":\"SearchAction\",\"target\":{\"@type\":\"EntryPoint\",\"urlTemplate\":\"https:\/\/arbr.fr\/wordpress\/?s={search_term_string}\"},\"query-input\":{\"@type\":\"PropertyValueSpecification\",\"valueRequired\":true,\"valueName\":\"search_term_string\"}}],\"inLanguage\":\"fr-FR\"},{\"@type\":\"Organization\",\"@id\":\"https:\/\/arbr.fr\/wordpress\/#organization\",\"name\":\"ARBR\",\"url\":\"https:\/\/arbr.fr\/wordpress\/\",\"logo\":{\"@type\":\"ImageObject\",\"inLanguage\":\"fr-FR\",\"@id\":\"https:\/\/arbr.fr\/wordpress\/#\/schema\/logo\/image\/\",\"url\":\"https:\/\/arbr.fr\/wordpress\/wp-content\/uploads\/2017\/03\/0.png\",\"contentUrl\":\"https:\/\/arbr.fr\/wordpress\/wp-content\/uploads\/2017\/03\/0.png\",\"width\":650,\"height\":283,\"caption\":\"ARBR\"},\"image\":{\"@id\":\"https:\/\/arbr.fr\/wordpress\/#\/schema\/logo\/image\/\"}}]}<\/script>\n<!-- \/ Yoast SEO plugin. -->","yoast_head_json":{"title":"S'abonner aux informations de l'ARBR - ARBR","robots":{"index":"index","follow":"follow","max-snippet":"max-snippet:-1","max-image-preview":"max-image-preview:large","max-video-preview":"max-video-preview:-1"},"canonical":"https:\/\/arbr.fr\/wordpress\/sabonner-aux-informations-de-larbr\/","og_locale":"fr_FR","og_type":"article","og_title":"S'abonner aux informations de l'ARBR - ARBR","og_url":"https:\/\/arbr.fr\/wordpress\/sabonner-aux-informations-de-larbr\/","og_site_name":"ARBR","article_modified_time":"2024-11-22T10:16:35+00:00","twitter_card":"summary_large_image","twitter_misc":{"Dur\u00e9e de lecture estim\u00e9e":"1 minute"},"schema":{"@context":"https:\/\/schema.org","@graph":[{"@type":"WebPage","@id":"https:\/\/arbr.fr\/wordpress\/sabonner-aux-informations-de-larbr\/","url":"https:\/\/arbr.fr\/wordpress\/sabonner-aux-informations-de-larbr\/","name":"S'abonner aux informations de l'ARBR - ARBR","isPartOf":{"@id":"https:\/\/arbr.fr\/wordpress\/#website"},"datePublished":"2024-11-22T10:16:34+00:00","dateModified":"2024-11-22T10:16:35+00:00","breadcrumb":{"@id":"https:\/\/arbr.fr\/wordpress\/sabonner-aux-informations-de-larbr\/#breadcrumb"},"inLanguage":"fr-FR","potentialAction":[{"@type":"ReadAction","target":["https:\/\/arbr.fr\/wordpress\/sabonner-aux-informations-de-larbr\/"]}]},{"@type":"BreadcrumbList","@id":"https:\/\/arbr.fr\/wordpress\/sabonner-aux-informations-de-larbr\/#breadcrumb","itemListElement":[{"@type":"ListItem","position":1,"name":"Accueil","item":"https:\/\/arbr.fr\/wordpress\/"},{"@type":"ListItem","position":2,"name":"S&rsquo;abonner aux informations de l&rsquo;ARBR"}]},{"@type":"WebSite","@id":"https:\/\/arbr.fr\/wordpress\/#website","url":"https:\/\/arbr.fr\/wordpress\/","name":"ARBR","description":"Association des r\u00e9sidents du Bois Raguenet","publisher":{"@id":"https:\/\/arbr.fr\/wordpress\/#organization"},"potentialAction":[{"@type":"SearchAction","target":{"@type":"EntryPoint","urlTemplate":"https:\/\/arbr.fr\/wordpress\/?s={search_term_string}"},"query-input":{"@type":"PropertyValueSpecification","valueRequired":true,"valueName":"search_term_string"}}],"inLanguage":"fr-FR"},{"@type":"Organization","@id":"https:\/\/arbr.fr\/wordpress\/#organization","name":"ARBR","url":"https:\/\/arbr.fr\/wordpress\/","logo":{"@type":"ImageObject","inLanguage":"fr-FR","@id":"https:\/\/arbr.fr\/wordpress\/#\/schema\/logo\/image\/","url":"https:\/\/arbr.fr\/wordpress\/wp-content\/uploads\/2017\/03\/0.png","contentUrl":"https:\/\/arbr.fr\/wordpress\/wp-content\/uploads\/2017\/03\/0.png","width":650,"height":283,"caption":"ARBR"},"image":{"@id":"https:\/\/arbr.fr\/wordpress\/#\/schema\/logo\/image\/"}}]}},"_links":{"self":[{"href":"https:\/\/arbr.fr\/wordpress\/wp-json\/wp\/v2\/pages\/7053"}],"collection":[{"href":"https:\/\/arbr.fr\/wordpress\/wp-json\/wp\/v2\/pages"}],"about":[{"href":"https:\/\/arbr.fr\/wordpress\/wp-json\/wp\/v2\/types\/page"}],"author":[{"embeddable":true,"href":"https:\/\/arbr.fr\/wordpress\/wp-json\/wp\/v2\/users\/3"}],"replies":[{"embeddable":true,"href":"https:\/\/arbr.fr\/wordpress\/wp-json\/wp\/v2\/comments?post=7053"}],"version-history":[{"count":1,"href":"https:\/\/arbr.fr\/wordpress\/wp-json\/wp\/v2\/pages\/7053\/revisions"}],"predecessor-version":[{"id":7055,"href":"https:\/\/arbr.fr\/wordpress\/wp-json\/wp\/v2\/pages\/7053\/revisions\/7055"}],"wp:attachment":[{"href":"https:\/\/arbr.fr\/wordpress\/wp-json\/wp\/v2\/media?parent=7053"}],"curies":[{"name":"wp","href":"https:\/\/api.w.org\/{rel}","templated":true}]}}