{"id":6711,"date":"2024-07-16T11:34:33","date_gmt":"2024-07-16T09:34:33","guid":{"rendered":"https:\/\/arbr.fr\/wordpress\/?page_id=6711"},"modified":"2024-07-16T14:09:50","modified_gmt":"2024-07-16T12:09:50","slug":"un-maasai-sous-le-grand-sequoia-du-bois-raguenet","status":"publish","type":"page","link":"https:\/\/arbr.fr\/wordpress\/un-maasai-sous-le-grand-sequoia-du-bois-raguenet\/","title":{"rendered":"2024 Un Maasa\u00ef sous le grand S\u00e9quo\u00efa du Bois Raguenet"},"content":{"rendered":"\r\n<figure class=\"wp-block-image is-resized\"><img loading=\"lazy\" decoding=\"async\" width=\"1024\" height=\"768\" class=\"wp-image-6418\" style=\"width: 431px; height: 324px;\" src=\"https:\/\/arbr.fr\/wordpress\/wp-content\/uploads\/2024\/05\/photo-1-1024x768.jpg\" alt=\"\" srcset=\"https:\/\/arbr.fr\/wordpress\/wp-content\/uploads\/2024\/05\/photo-1-1024x768.jpg 1024w, https:\/\/arbr.fr\/wordpress\/wp-content\/uploads\/2024\/05\/photo-1-300x225.jpg 300w, https:\/\/arbr.fr\/wordpress\/wp-content\/uploads\/2024\/05\/photo-1-768x576.jpg 768w, https:\/\/arbr.fr\/wordpress\/wp-content\/uploads\/2024\/05\/photo-1-1536x1152.jpg 1536w, https:\/\/arbr.fr\/wordpress\/wp-content\/uploads\/2024\/05\/photo-1.jpg 1600w\" sizes=\"(max-width: 1024px) 100vw, 1024px\" \/>&nbsp; <img loading=\"lazy\" decoding=\"async\" width=\"771\" height=\"1024\" class=\"wp-image-6419\" style=\"width: 261px; height: 346px;\" src=\"https:\/\/arbr.fr\/wordpress\/wp-content\/uploads\/2024\/05\/photo-2-771x1024.jpg\" alt=\"\" srcset=\"https:\/\/arbr.fr\/wordpress\/wp-content\/uploads\/2024\/05\/photo-2-771x1024.jpg 771w, https:\/\/arbr.fr\/wordpress\/wp-content\/uploads\/2024\/05\/photo-2-226x300.jpg 226w, https:\/\/arbr.fr\/wordpress\/wp-content\/uploads\/2024\/05\/photo-2-768x1021.jpg 768w, https:\/\/arbr.fr\/wordpress\/wp-content\/uploads\/2024\/05\/photo-2-1156x1536.jpg 1156w, https:\/\/arbr.fr\/wordpress\/wp-content\/uploads\/2024\/05\/photo-2.jpg 1204w\" sizes=\"(max-width: 771px) 100vw, 771px\" \/>&nbsp; <img loading=\"lazy\" decoding=\"async\" width=\"391\" height=\"586\" class=\"wp-image-6420\" style=\"width: 228px; height: 342px;\" src=\"https:\/\/arbr.fr\/wordpress\/wp-content\/uploads\/2024\/05\/photo-3.jpg\" alt=\"\" srcset=\"https:\/\/arbr.fr\/wordpress\/wp-content\/uploads\/2024\/05\/photo-3.jpg 391w, https:\/\/arbr.fr\/wordpress\/wp-content\/uploads\/2024\/05\/photo-3-200x300.jpg 200w\" sizes=\"(max-width: 391px) 100vw, 391px\" \/><\/figure>\r\n\r\n\r\n\r\n\r\n\r\n\r\n\r\n<p>Le 19 avril derniers, nous \u00e9tions pr\u00e8s de 90 personnes, enfants, adolescents, adultes, retrait\u00e9s,&nbsp; sous le S\u00e9quo\u00efa pour \u00e9couter Nenka\u00ef et Memusi \u00e9voquer les <strong>\u00ab&nbsp;4 cl\u00e9s de la Sagesse Maasa\u00ef&nbsp;\u00bb<\/strong>. Une conf\u00e9rence organis\u00e9e \u00e0 l\u2019initiative d\u2019un habitant du quartier et soutenue par l\u2019ARBR.<\/p>\r\n\r\n\r\n\r\n<p><strong>Memusi<\/strong> est un Maasa\u00ef traditionnel des Lo\u00eftas Hills du Kenya, un guerrier de lumi\u00e8re. Il a grandi en brousse et a suivi le mouvement de la vie traditionnelle Maasa\u00ef.<\/p>\r\n\r\n\r\n\r\n<p><strong>Alexandra, Nenka\u00ef<\/strong> de son nom Maasa\u00ef, s\u2019est install\u00e9e depuis plusieurs ann\u00e9es en pays Maasa\u00ef. Elle a co-cr\u00e9\u00e9 avec Memusi, Nelo\u00efta camp, un eco lieu au c\u0153ur de la for\u00eat sacr\u00e9e de Na\u00efmina Enkiyio, sur un haut plateau \u00e0 3,000 m\u00e8tres. Une vie teint\u00e9e de Joie, de partage et d\u2019Amour : Comment face aux mouvements de la vie, les Massa\u00ef remercient, accueillent et restent en joie, <em>Enchipa\u00ef<\/em>&nbsp;?<\/p>\r\n\r\n\r\n\r\n<p>Chercher et trouver sa coh\u00e9rence int\u00e9rieure, rester reli\u00e9 aux autres et \u00e0 l\u2019univers, c\u2019est ce \u00e0 quoi nous invite le peuple Maasa\u00ef. Au cours de cette belle conf\u00e9rence inspirante, Nenka\u00ef et Memusi ont \u00e9voqu\u00e9 <strong>les 4 cl\u00e9s de la Sagesse Massa\u00ef<\/strong>.<\/p>\r\n\r\n\r\n\r\n<p><strong>Et quelles sont ces 4 cl\u00e9s&nbsp;?<\/strong><\/p>\r\n\r\n\r\n\r\n<p><strong>1 \u2013 Aingoru enkitoo&nbsp;: rechercher le \u00ab&nbsp;bon ordre&nbsp;\u00bb<\/strong><\/p>\r\n\r\n\r\n\r\n<p>La posture Maasa\u00ef&nbsp;: \u00ab&nbsp;\u00eatre dans la justesse, dans ses mots, dans ses actions&nbsp;\u00bb.<\/p>\r\n\r\n\r\n\r\n<p>Une posture qu\u2019exprime l\u2019expression&nbsp;<strong>\u00ab&nbsp;avoir le regard clair et la d\u00e9marche alerte&nbsp;\u00bb<\/strong><\/p>\r\n\r\n\r\n\r\n<ul class=\"wp-block-list\">\r\n<li>Clart\u00e9 du regard car la coh\u00e9rence int\u00e9rieure se voit \u00e0 l\u2019ext\u00e9rieur&nbsp;;<\/li>\r\n\r\n\r\n\r\n<li>D\u00e9marche alerte qui t\u00e9moigne d\u2019un sentiment de l\u00e9g\u00e8ret\u00e9 et de s\u00e9curit\u00e9 d\u00fb \u00e0 la certitude de marcher sur le bon chemin.<\/li>\r\n<\/ul>\r\n\r\n\r\n\r\n<p><strong>2 \u2013 Osina Kishon&nbsp;: accueillir \u00ab&nbsp;la souffrance est un don&nbsp;\u00bb<\/strong><\/p>\r\n\r\n\r\n\r\n<p>Pour les Maasa\u00ef, il ne peut y avoir d\u2019\u00e9veil sans souffrance. Les \u00e9preuves de la vie adress\u00e9es par Enk\u2019a\u00ef (la d\u00e9esse m\u00e8re) sont une opportunit\u00e9 pour grandir. Un de leurs proverbes sacr\u00e9s (les Maasa\u00ef s\u2019expriment beaucoup par proverbe) en t\u00e9moigne&nbsp;: <strong>\u00ab&nbsp;la chair qui n\u2019est pas douloureuse ne ressent rien&nbsp;\u00bb.<\/strong><\/p>\r\n\r\n\r\n\r\n<p>Face aux \u00e9preuves et difficult\u00e9s, les Maasa\u00ef, apr\u00e8s avoir ressenti l\u2019\u00e9motion, basculent tr\u00e8s rapidement vers l\u2019acceptation de ce qui est, sans r\u00e9sistance mentale. Ils remercient la d\u00e9esse m\u00e8re de placer l\u2019\u00e9preuve \u2013 opportunit\u00e9 sur leur chemin et s\u2019engagent dans la r\u00e9solution de la difficult\u00e9<\/p>\r\n\r\n\r\n\r\n<p><strong>3 \u2013 Encipa\u00ef&nbsp;: \u00eatre dans la Joie<\/strong><\/p>\r\n\r\n\r\n\r\n<p>Pour les Maasa\u00ef, la joie n\u2019est pas un but mais un point de d\u00e9part.<\/p>\r\n\r\n\r\n\r\n<p>Pratiquer la gratitude, partager et se r\u00e9jouir ensemble, mettre en lumi\u00e8re ce qui va bien, faire preuve d\u2019humour sont des pratiques int\u00e9gr\u00e9es chez les Maasa\u00ef qui entretiennent chaque jour la joie de vivre.<\/p>\r\n\r\n\r\n\r\n<p>\u00catre dans la joie est \u00e9galement une forme de politesse que l\u2019on doit aux autres qui g\u00e9n\u00e8re un confort relationnel. Memusi livre une pratique de communication&nbsp;: les Maasa\u00ef ont l\u2019habitude d\u2019annoncer une mauvaise nouvelle en la \u00ab&nbsp;coin\u00e7ant&nbsp;\u00bb entre 2 bonnes nouvelles.<\/p>\r\n\r\n\r\n\r\n<p><strong>4 \u2013 Eunoto&nbsp;: devenir un planteur<\/strong><\/p>\r\n\r\n\r\n\r\n<p>Le Maasa\u00ef plante son arbre (int\u00e9rieur), le soigne et accepte de faire avec ce qui lui \u00e9chappe (la m\u00e9t\u00e9o, les s\u00e8cheresse, les inondations, la mort du b\u00e9tail\u2026). Concr\u00e8tement, les Maasa\u00ef vivent dans le moment pr\u00e9sent, s\u2019adaptent et se maintiennent dans un \u00e9tat entre vigilance et confiance, volont\u00e9 et humilit\u00e9. Les Massa\u00ef disent <strong>\u00ab&nbsp;le pass\u00e9 est un pays o\u00f9 je n\u2019habite plus&nbsp;\u00bb.<\/strong><\/p>\r\n\r\n\r\n\r\n<p>Nenka\u00ef nous recommande de mettre les mains dans la terre, de planter et d\u2019entretenir une plante. Une fa\u00e7on de rester ancrer.<\/p>\r\n\r\n\r\n\r\n<p>Une conf\u00e9rence qui s\u2019est cl\u00f4tur\u00e9e par de nombreuses questions, dans la joie, Encipa\u00ef, d\u2019un chant et d\u2019une danse Maasa\u00ef et le partage du verre de l\u2019amiti\u00e9. Un beau moment de convivialit\u00e9.<\/p>\r\n\r\n\r\n\r\n<ul class=\"wp-block-list\">\r\n<li>Pour en savoir plus sur la sagesse et la spiritualit\u00e9 Maasa\u00ef, vous pouvez lire les ouvrages de Xavier Peron, anthropologue politique, \u00e9crivain et expert du peuple premier Maasa\u00ef. Il est notamment l\u2019auteur des \u00ab&nbsp;Neufs le\u00e7ons du guerrier Maasa\u00ef&nbsp;\u00bb.<\/li>\r\n\r\n\r\n\r\n<li>Pour en savoir plus sur le prochain s\u00e9jour immersif organis\u00e9 en terres Maasa\u00ef en 2025, contactez Philippe CLAESSEN au 06.18.12.89.09.<\/li>\r\n<\/ul>\r\n","protected":false},"excerpt":{"rendered":"<p>Le 19 avril derniers, nous \u00e9tions pr\u00e8s de 90 personnes, enfants, adolescents, adultes, retrait\u00e9s,&nbsp; sous le S\u00e9quo\u00efa pour \u00e9couter Nenka\u00ef et Memusi \u00e9voquer les \u00ab&nbsp;4 cl\u00e9s de la Sagesse Maasa\u00ef&nbsp;\u00bb. Une conf\u00e9rence organis\u00e9e \u00e0&#46;&#46;&#46;<\/p>\n","protected":false},"author":4,"featured_media":0,"parent":0,"menu_order":0,"comment_status":"closed","ping_status":"closed","template":"","meta":{"ngg_post_thumbnail":0,"footnotes":""},"class_list":["post-6711","page","type-page","status-publish","hentry"],"yoast_head":"<!-- This site is optimized with the Yoast SEO plugin v24.1 - https:\/\/yoast.com\/wordpress\/plugins\/seo\/ -->\n<title>2024 Un Maasa\u00ef sous le grand S\u00e9quo\u00efa du Bois Raguenet - ARBR<\/title>\n<meta name=\"robots\" content=\"index, follow, max-snippet:-1, max-image-preview:large, max-video-preview:-1\" \/>\n<link rel=\"canonical\" href=\"https:\/\/arbr.fr\/wordpress\/un-maasai-sous-le-grand-sequoia-du-bois-raguenet\/\" \/>\n<meta property=\"og:locale\" content=\"fr_FR\" \/>\n<meta property=\"og:type\" content=\"article\" \/>\n<meta property=\"og:title\" content=\"2024 Un Maasa\u00ef sous le grand S\u00e9quo\u00efa du Bois Raguenet - ARBR\" \/>\n<meta property=\"og:description\" content=\"Le 19 avril derniers, nous \u00e9tions pr\u00e8s de 90 personnes, enfants, adolescents, adultes, retrait\u00e9s,&nbsp; sous le S\u00e9quo\u00efa pour \u00e9couter Nenka\u00ef et Memusi \u00e9voquer les \u00ab&nbsp;4 cl\u00e9s de la Sagesse Maasa\u00ef&nbsp;\u00bb. Une conf\u00e9rence organis\u00e9e \u00e0&#046;&#046;&#046;\" \/>\n<meta property=\"og:url\" content=\"https:\/\/arbr.fr\/wordpress\/un-maasai-sous-le-grand-sequoia-du-bois-raguenet\/\" \/>\n<meta property=\"og:site_name\" content=\"ARBR\" \/>\n<meta property=\"article:modified_time\" content=\"2024-07-16T12:09:50+00:00\" \/>\n<meta property=\"og:image\" content=\"https:\/\/arbr.fr\/wordpress\/wp-content\/uploads\/2024\/05\/photo-1-1024x768.jpg\" \/>\n<meta name=\"twitter:card\" content=\"summary_large_image\" \/>\n<meta name=\"twitter:label1\" content=\"Dur\u00e9e de lecture estim\u00e9e\" \/>\n\t<meta name=\"twitter:data1\" content=\"4 minutes\" \/>\n<script type=\"application\/ld+json\" class=\"yoast-schema-graph\">{\"@context\":\"https:\/\/schema.org\",\"@graph\":[{\"@type\":\"WebPage\",\"@id\":\"https:\/\/arbr.fr\/wordpress\/un-maasai-sous-le-grand-sequoia-du-bois-raguenet\/\",\"url\":\"https:\/\/arbr.fr\/wordpress\/un-maasai-sous-le-grand-sequoia-du-bois-raguenet\/\",\"name\":\"2024 Un Maasa\u00ef sous le grand S\u00e9quo\u00efa du Bois Raguenet - ARBR\",\"isPartOf\":{\"@id\":\"https:\/\/arbr.fr\/wordpress\/#website\"},\"primaryImageOfPage\":{\"@id\":\"https:\/\/arbr.fr\/wordpress\/un-maasai-sous-le-grand-sequoia-du-bois-raguenet\/#primaryimage\"},\"image\":{\"@id\":\"https:\/\/arbr.fr\/wordpress\/un-maasai-sous-le-grand-sequoia-du-bois-raguenet\/#primaryimage\"},\"thumbnailUrl\":\"https:\/\/arbr.fr\/wordpress\/wp-content\/uploads\/2024\/05\/photo-1-1024x768.jpg\",\"datePublished\":\"2024-07-16T09:34:33+00:00\",\"dateModified\":\"2024-07-16T12:09:50+00:00\",\"breadcrumb\":{\"@id\":\"https:\/\/arbr.fr\/wordpress\/un-maasai-sous-le-grand-sequoia-du-bois-raguenet\/#breadcrumb\"},\"inLanguage\":\"fr-FR\",\"potentialAction\":[{\"@type\":\"ReadAction\",\"target\":[\"https:\/\/arbr.fr\/wordpress\/un-maasai-sous-le-grand-sequoia-du-bois-raguenet\/\"]}]},{\"@type\":\"ImageObject\",\"inLanguage\":\"fr-FR\",\"@id\":\"https:\/\/arbr.fr\/wordpress\/un-maasai-sous-le-grand-sequoia-du-bois-raguenet\/#primaryimage\",\"url\":\"https:\/\/arbr.fr\/wordpress\/wp-content\/uploads\/2024\/05\/photo-1.jpg\",\"contentUrl\":\"https:\/\/arbr.fr\/wordpress\/wp-content\/uploads\/2024\/05\/photo-1.jpg\",\"width\":1600,\"height\":1200},{\"@type\":\"BreadcrumbList\",\"@id\":\"https:\/\/arbr.fr\/wordpress\/un-maasai-sous-le-grand-sequoia-du-bois-raguenet\/#breadcrumb\",\"itemListElement\":[{\"@type\":\"ListItem\",\"position\":1,\"name\":\"Accueil\",\"item\":\"https:\/\/arbr.fr\/wordpress\/\"},{\"@type\":\"ListItem\",\"position\":2,\"name\":\"2024 Un Maasa\u00ef sous le grand S\u00e9quo\u00efa du Bois Raguenet\"}]},{\"@type\":\"WebSite\",\"@id\":\"https:\/\/arbr.fr\/wordpress\/#website\",\"url\":\"https:\/\/arbr.fr\/wordpress\/\",\"name\":\"ARBR\",\"description\":\"Association des r\u00e9sidents du Bois Raguenet\",\"publisher\":{\"@id\":\"https:\/\/arbr.fr\/wordpress\/#organization\"},\"potentialAction\":[{\"@type\":\"SearchAction\",\"target\":{\"@type\":\"EntryPoint\",\"urlTemplate\":\"https:\/\/arbr.fr\/wordpress\/?s={search_term_string}\"},\"query-input\":{\"@type\":\"PropertyValueSpecification\",\"valueRequired\":true,\"valueName\":\"search_term_string\"}}],\"inLanguage\":\"fr-FR\"},{\"@type\":\"Organization\",\"@id\":\"https:\/\/arbr.fr\/wordpress\/#organization\",\"name\":\"ARBR\",\"url\":\"https:\/\/arbr.fr\/wordpress\/\",\"logo\":{\"@type\":\"ImageObject\",\"inLanguage\":\"fr-FR\",\"@id\":\"https:\/\/arbr.fr\/wordpress\/#\/schema\/logo\/image\/\",\"url\":\"https:\/\/arbr.fr\/wordpress\/wp-content\/uploads\/2017\/03\/0.png\",\"contentUrl\":\"https:\/\/arbr.fr\/wordpress\/wp-content\/uploads\/2017\/03\/0.png\",\"width\":650,\"height\":283,\"caption\":\"ARBR\"},\"image\":{\"@id\":\"https:\/\/arbr.fr\/wordpress\/#\/schema\/logo\/image\/\"}}]}<\/script>\n<!-- \/ Yoast SEO plugin. -->","yoast_head_json":{"title":"2024 Un Maasa\u00ef sous le grand S\u00e9quo\u00efa du Bois Raguenet - ARBR","robots":{"index":"index","follow":"follow","max-snippet":"max-snippet:-1","max-image-preview":"max-image-preview:large","max-video-preview":"max-video-preview:-1"},"canonical":"https:\/\/arbr.fr\/wordpress\/un-maasai-sous-le-grand-sequoia-du-bois-raguenet\/","og_locale":"fr_FR","og_type":"article","og_title":"2024 Un Maasa\u00ef sous le grand S\u00e9quo\u00efa du Bois Raguenet - ARBR","og_description":"Le 19 avril derniers, nous \u00e9tions pr\u00e8s de 90 personnes, enfants, adolescents, adultes, retrait\u00e9s,&nbsp; sous le S\u00e9quo\u00efa pour \u00e9couter Nenka\u00ef et Memusi \u00e9voquer les \u00ab&nbsp;4 cl\u00e9s de la Sagesse Maasa\u00ef&nbsp;\u00bb. Une conf\u00e9rence organis\u00e9e \u00e0&#46;&#46;&#46;","og_url":"https:\/\/arbr.fr\/wordpress\/un-maasai-sous-le-grand-sequoia-du-bois-raguenet\/","og_site_name":"ARBR","article_modified_time":"2024-07-16T12:09:50+00:00","og_image":[{"url":"https:\/\/arbr.fr\/wordpress\/wp-content\/uploads\/2024\/05\/photo-1-1024x768.jpg","type":"","width":"","height":""}],"twitter_card":"summary_large_image","twitter_misc":{"Dur\u00e9e de lecture estim\u00e9e":"4 minutes"},"schema":{"@context":"https:\/\/schema.org","@graph":[{"@type":"WebPage","@id":"https:\/\/arbr.fr\/wordpress\/un-maasai-sous-le-grand-sequoia-du-bois-raguenet\/","url":"https:\/\/arbr.fr\/wordpress\/un-maasai-sous-le-grand-sequoia-du-bois-raguenet\/","name":"2024 Un Maasa\u00ef sous le grand S\u00e9quo\u00efa du Bois Raguenet - ARBR","isPartOf":{"@id":"https:\/\/arbr.fr\/wordpress\/#website"},"primaryImageOfPage":{"@id":"https:\/\/arbr.fr\/wordpress\/un-maasai-sous-le-grand-sequoia-du-bois-raguenet\/#primaryimage"},"image":{"@id":"https:\/\/arbr.fr\/wordpress\/un-maasai-sous-le-grand-sequoia-du-bois-raguenet\/#primaryimage"},"thumbnailUrl":"https:\/\/arbr.fr\/wordpress\/wp-content\/uploads\/2024\/05\/photo-1-1024x768.jpg","datePublished":"2024-07-16T09:34:33+00:00","dateModified":"2024-07-16T12:09:50+00:00","breadcrumb":{"@id":"https:\/\/arbr.fr\/wordpress\/un-maasai-sous-le-grand-sequoia-du-bois-raguenet\/#breadcrumb"},"inLanguage":"fr-FR","potentialAction":[{"@type":"ReadAction","target":["https:\/\/arbr.fr\/wordpress\/un-maasai-sous-le-grand-sequoia-du-bois-raguenet\/"]}]},{"@type":"ImageObject","inLanguage":"fr-FR","@id":"https:\/\/arbr.fr\/wordpress\/un-maasai-sous-le-grand-sequoia-du-bois-raguenet\/#primaryimage","url":"https:\/\/arbr.fr\/wordpress\/wp-content\/uploads\/2024\/05\/photo-1.jpg","contentUrl":"https:\/\/arbr.fr\/wordpress\/wp-content\/uploads\/2024\/05\/photo-1.jpg","width":1600,"height":1200},{"@type":"BreadcrumbList","@id":"https:\/\/arbr.fr\/wordpress\/un-maasai-sous-le-grand-sequoia-du-bois-raguenet\/#breadcrumb","itemListElement":[{"@type":"ListItem","position":1,"name":"Accueil","item":"https:\/\/arbr.fr\/wordpress\/"},{"@type":"ListItem","position":2,"name":"2024 Un Maasa\u00ef sous le grand S\u00e9quo\u00efa du Bois Raguenet"}]},{"@type":"WebSite","@id":"https:\/\/arbr.fr\/wordpress\/#website","url":"https:\/\/arbr.fr\/wordpress\/","name":"ARBR","description":"Association des r\u00e9sidents du Bois Raguenet","publisher":{"@id":"https:\/\/arbr.fr\/wordpress\/#organization"},"potentialAction":[{"@type":"SearchAction","target":{"@type":"EntryPoint","urlTemplate":"https:\/\/arbr.fr\/wordpress\/?s={search_term_string}"},"query-input":{"@type":"PropertyValueSpecification","valueRequired":true,"valueName":"search_term_string"}}],"inLanguage":"fr-FR"},{"@type":"Organization","@id":"https:\/\/arbr.fr\/wordpress\/#organization","name":"ARBR","url":"https:\/\/arbr.fr\/wordpress\/","logo":{"@type":"ImageObject","inLanguage":"fr-FR","@id":"https:\/\/arbr.fr\/wordpress\/#\/schema\/logo\/image\/","url":"https:\/\/arbr.fr\/wordpress\/wp-content\/uploads\/2017\/03\/0.png","contentUrl":"https:\/\/arbr.fr\/wordpress\/wp-content\/uploads\/2017\/03\/0.png","width":650,"height":283,"caption":"ARBR"},"image":{"@id":"https:\/\/arbr.fr\/wordpress\/#\/schema\/logo\/image\/"}}]}},"_links":{"self":[{"href":"https:\/\/arbr.fr\/wordpress\/wp-json\/wp\/v2\/pages\/6711"}],"collection":[{"href":"https:\/\/arbr.fr\/wordpress\/wp-json\/wp\/v2\/pages"}],"about":[{"href":"https:\/\/arbr.fr\/wordpress\/wp-json\/wp\/v2\/types\/page"}],"author":[{"embeddable":true,"href":"https:\/\/arbr.fr\/wordpress\/wp-json\/wp\/v2\/users\/4"}],"replies":[{"embeddable":true,"href":"https:\/\/arbr.fr\/wordpress\/wp-json\/wp\/v2\/comments?post=6711"}],"version-history":[{"count":4,"href":"https:\/\/arbr.fr\/wordpress\/wp-json\/wp\/v2\/pages\/6711\/revisions"}],"predecessor-version":[{"id":6726,"href":"https:\/\/arbr.fr\/wordpress\/wp-json\/wp\/v2\/pages\/6711\/revisions\/6726"}],"wp:attachment":[{"href":"https:\/\/arbr.fr\/wordpress\/wp-json\/wp\/v2\/media?parent=6711"}],"curies":[{"name":"wp","href":"https:\/\/api.w.org\/{rel}","templated":true}]}}