{"id":5893,"date":"2024-03-21T12:00:51","date_gmt":"2024-03-21T11:00:51","guid":{"rendered":"https:\/\/arbr.fr\/wordpress\/?page_id=5893"},"modified":"2024-03-27T11:33:53","modified_gmt":"2024-03-27T10:33:53","slug":"nos-partenaires","status":"publish","type":"page","link":"https:\/\/arbr.fr\/wordpress\/nos-partenaires\/","title":{"rendered":"Nos partenaires"},"content":{"rendered":"\n<figure class=\"wp-block-gallery has-nested-images columns-5 is-cropped wp-block-gallery-1 is-layout-flex wp-block-gallery-is-layout-flex\">\n<figure class=\"wp-block-image size-full\"><a href=\"https:\/\/arbr.fr\/wordpress\/aipe-bois-raguenet\/\"><img loading=\"lazy\" decoding=\"async\" width=\"510\" height=\"806\" data-id=\"6169\" src=\"https:\/\/arbr.fr\/wordpress\/wp-content\/uploads\/2024\/03\/aipe-1-2.jpg\" alt=\"\" class=\"wp-image-6169\" srcset=\"https:\/\/arbr.fr\/wordpress\/wp-content\/uploads\/2024\/03\/aipe-1-2.jpg 510w, https:\/\/arbr.fr\/wordpress\/wp-content\/uploads\/2024\/03\/aipe-1-2-190x300.jpg 190w\" sizes=\"(max-width: 510px) 100vw, 510px\" \/><\/a><figcaption class=\"wp-element-caption\"><strong><mark style=\"background-color:rgba(0, 0, 0, 0)\" class=\"has-inline-color has-black-color\">AIPE<\/mark><\/strong><\/figcaption><\/figure>\n\n\n\n<figure class=\"wp-block-image size-large\"><a href=\"https:\/\/arbr.fr\/wordpress\/federation-du-b-r\/\"><img loading=\"lazy\" decoding=\"async\" width=\"576\" height=\"1024\" data-id=\"6148\" src=\"https:\/\/arbr.fr\/wordpress\/wp-content\/uploads\/2024\/03\/20231115_140247-576x1024.jpg\" alt=\"\" class=\"wp-image-6148\" srcset=\"https:\/\/arbr.fr\/wordpress\/wp-content\/uploads\/2024\/03\/20231115_140247-576x1024.jpg 576w, https:\/\/arbr.fr\/wordpress\/wp-content\/uploads\/2024\/03\/20231115_140247-169x300.jpg 169w, https:\/\/arbr.fr\/wordpress\/wp-content\/uploads\/2024\/03\/20231115_140247-768x1365.jpg 768w, https:\/\/arbr.fr\/wordpress\/wp-content\/uploads\/2024\/03\/20231115_140247-864x1536.jpg 864w, https:\/\/arbr.fr\/wordpress\/wp-content\/uploads\/2024\/03\/20231115_140247-1152x2048.jpg 1152w, https:\/\/arbr.fr\/wordpress\/wp-content\/uploads\/2024\/03\/20231115_140247-scaled.jpg 1440w\" sizes=\"(max-width: 576px) 100vw, 576px\" \/><\/a><figcaption class=\"wp-element-caption\">F\u00c9D\u00c9RATION DU BOIS RAGUENET<\/figcaption><\/figure>\n\n\n\n<figure class=\"wp-block-image size-full\"><a href=\"https:\/\/arbr.fr\/wordpress\/mairie-compostage\/\"><img loading=\"lazy\" decoding=\"async\" width=\"422\" height=\"643\" data-id=\"6170\" src=\"https:\/\/arbr.fr\/wordpress\/wp-content\/uploads\/2024\/03\/logo-orvault-1.jpg\" alt=\"\" class=\"wp-image-6170\" srcset=\"https:\/\/arbr.fr\/wordpress\/wp-content\/uploads\/2024\/03\/logo-orvault-1.jpg 422w, https:\/\/arbr.fr\/wordpress\/wp-content\/uploads\/2024\/03\/logo-orvault-1-197x300.jpg 197w\" sizes=\"(max-width: 422px) 100vw, 422px\" \/><\/a><figcaption class=\"wp-element-caption\"><mark style=\"background-color:rgba(0, 0, 0, 0)\" class=\"has-inline-color has-black-color\"><strong>VILLE D&rsquo;ORVAULT<\/strong><\/mark><\/figcaption><\/figure>\n\n\n\n<figure class=\"wp-block-image size-full is-style-default\"><a href=\"https:\/\/arbr.fr\/wordpress\/actualites-utiles\/\"><img loading=\"lazy\" decoding=\"async\" width=\"369\" height=\"585\" data-id=\"6175\" src=\"https:\/\/arbr.fr\/wordpress\/wp-content\/uploads\/2024\/03\/logo-SBNL-2-2.jpg\" alt=\"\" class=\"wp-image-6175\" srcset=\"https:\/\/arbr.fr\/wordpress\/wp-content\/uploads\/2024\/03\/logo-SBNL-2-2.jpg 369w, https:\/\/arbr.fr\/wordpress\/wp-content\/uploads\/2024\/03\/logo-SBNL-2-2-189x300.jpg 189w\" sizes=\"(max-width: 369px) 100vw, 369px\" \/><\/a><figcaption class=\"wp-element-caption\"><strong><mark style=\"background-color:rgba(0, 0, 0, 0)\" class=\"has-inline-color has-black-color\">Association SOLIDARIT\u00c9 BR\u00dbL\u00c9S NANTES LOM\u00c9<\/mark><\/strong><\/figcaption><\/figure>\n\n\n\n<figure class=\"wp-block-image size-full\"><a href=\"https:\/\/arbr.fr\/wordpress\/larbr-vous-propose\/\"><img loading=\"lazy\" decoding=\"async\" width=\"579\" height=\"742\" data-id=\"6179\" src=\"https:\/\/arbr.fr\/wordpress\/wp-content\/uploads\/2024\/03\/LARBR-vous-propose.jpg\" alt=\"\" class=\"wp-image-6179\" srcset=\"https:\/\/arbr.fr\/wordpress\/wp-content\/uploads\/2024\/03\/LARBR-vous-propose.jpg 579w, https:\/\/arbr.fr\/wordpress\/wp-content\/uploads\/2024\/03\/LARBR-vous-propose-234x300.jpg 234w\" sizes=\"(max-width: 579px) 100vw, 579px\" \/><\/a><figcaption class=\"wp-element-caption\"><mark style=\"background-color:rgba(0, 0, 0, 0)\" class=\"has-inline-color has-black-color\">Autres \u00e9v\u00e8nements<\/mark><\/figcaption><\/figure>\n<\/figure>\n","protected":false},"excerpt":{"rendered":"","protected":false},"author":4,"featured_media":0,"parent":0,"menu_order":0,"comment_status":"closed","ping_status":"closed","template":"","meta":{"ngg_post_thumbnail":0,"footnotes":""},"class_list":["post-5893","page","type-page","status-publish","hentry"],"yoast_head":"<!-- This site is optimized with the Yoast SEO plugin v24.1 - https:\/\/yoast.com\/wordpress\/plugins\/seo\/ -->\n<title>Nos partenaires - ARBR<\/title>\n<meta name=\"robots\" content=\"index, follow, max-snippet:-1, max-image-preview:large, max-video-preview:-1\" \/>\n<link rel=\"canonical\" href=\"https:\/\/arbr.fr\/wordpress\/nos-partenaires\/\" \/>\n<meta property=\"og:locale\" content=\"fr_FR\" \/>\n<meta property=\"og:type\" content=\"article\" \/>\n<meta property=\"og:title\" content=\"Nos partenaires - ARBR\" \/>\n<meta property=\"og:url\" content=\"https:\/\/arbr.fr\/wordpress\/nos-partenaires\/\" \/>\n<meta property=\"og:site_name\" content=\"ARBR\" \/>\n<meta property=\"article:modified_time\" content=\"2024-03-27T10:33:53+00:00\" \/>\n<meta property=\"og:image\" content=\"https:\/\/arbr.fr\/wordpress\/wp-content\/uploads\/2024\/03\/aipe-1-2.jpg\" \/>\n<meta name=\"twitter:card\" content=\"summary_large_image\" \/>\n<meta name=\"twitter:label1\" content=\"Dur\u00e9e de lecture estim\u00e9e\" \/>\n\t<meta name=\"twitter:data1\" content=\"2 minutes\" \/>\n<script type=\"application\/ld+json\" class=\"yoast-schema-graph\">{\"@context\":\"https:\/\/schema.org\",\"@graph\":[{\"@type\":\"WebPage\",\"@id\":\"https:\/\/arbr.fr\/wordpress\/nos-partenaires\/\",\"url\":\"https:\/\/arbr.fr\/wordpress\/nos-partenaires\/\",\"name\":\"Nos partenaires - ARBR\",\"isPartOf\":{\"@id\":\"https:\/\/arbr.fr\/wordpress\/#website\"},\"primaryImageOfPage\":{\"@id\":\"https:\/\/arbr.fr\/wordpress\/nos-partenaires\/#primaryimage\"},\"image\":{\"@id\":\"https:\/\/arbr.fr\/wordpress\/nos-partenaires\/#primaryimage\"},\"thumbnailUrl\":\"https:\/\/arbr.fr\/wordpress\/wp-content\/uploads\/2024\/03\/aipe-1-2.jpg\",\"datePublished\":\"2024-03-21T11:00:51+00:00\",\"dateModified\":\"2024-03-27T10:33:53+00:00\",\"breadcrumb\":{\"@id\":\"https:\/\/arbr.fr\/wordpress\/nos-partenaires\/#breadcrumb\"},\"inLanguage\":\"fr-FR\",\"potentialAction\":[{\"@type\":\"ReadAction\",\"target\":[\"https:\/\/arbr.fr\/wordpress\/nos-partenaires\/\"]}]},{\"@type\":\"ImageObject\",\"inLanguage\":\"fr-FR\",\"@id\":\"https:\/\/arbr.fr\/wordpress\/nos-partenaires\/#primaryimage\",\"url\":\"https:\/\/arbr.fr\/wordpress\/wp-content\/uploads\/2024\/03\/aipe-1-2.jpg\",\"contentUrl\":\"https:\/\/arbr.fr\/wordpress\/wp-content\/uploads\/2024\/03\/aipe-1-2.jpg\",\"width\":510,\"height\":806},{\"@type\":\"BreadcrumbList\",\"@id\":\"https:\/\/arbr.fr\/wordpress\/nos-partenaires\/#breadcrumb\",\"itemListElement\":[{\"@type\":\"ListItem\",\"position\":1,\"name\":\"Accueil\",\"item\":\"https:\/\/arbr.fr\/wordpress\/\"},{\"@type\":\"ListItem\",\"position\":2,\"name\":\"Nos partenaires\"}]},{\"@type\":\"WebSite\",\"@id\":\"https:\/\/arbr.fr\/wordpress\/#website\",\"url\":\"https:\/\/arbr.fr\/wordpress\/\",\"name\":\"ARBR\",\"description\":\"Association des r\u00e9sidents du Bois Raguenet\",\"publisher\":{\"@id\":\"https:\/\/arbr.fr\/wordpress\/#organization\"},\"potentialAction\":[{\"@type\":\"SearchAction\",\"target\":{\"@type\":\"EntryPoint\",\"urlTemplate\":\"https:\/\/arbr.fr\/wordpress\/?s={search_term_string}\"},\"query-input\":{\"@type\":\"PropertyValueSpecification\",\"valueRequired\":true,\"valueName\":\"search_term_string\"}}],\"inLanguage\":\"fr-FR\"},{\"@type\":\"Organization\",\"@id\":\"https:\/\/arbr.fr\/wordpress\/#organization\",\"name\":\"ARBR\",\"url\":\"https:\/\/arbr.fr\/wordpress\/\",\"logo\":{\"@type\":\"ImageObject\",\"inLanguage\":\"fr-FR\",\"@id\":\"https:\/\/arbr.fr\/wordpress\/#\/schema\/logo\/image\/\",\"url\":\"https:\/\/arbr.fr\/wordpress\/wp-content\/uploads\/2017\/03\/0.png\",\"contentUrl\":\"https:\/\/arbr.fr\/wordpress\/wp-content\/uploads\/2017\/03\/0.png\",\"width\":650,\"height\":283,\"caption\":\"ARBR\"},\"image\":{\"@id\":\"https:\/\/arbr.fr\/wordpress\/#\/schema\/logo\/image\/\"}}]}<\/script>\n<!-- \/ Yoast SEO plugin. -->","yoast_head_json":{"title":"Nos partenaires - ARBR","robots":{"index":"index","follow":"follow","max-snippet":"max-snippet:-1","max-image-preview":"max-image-preview:large","max-video-preview":"max-video-preview:-1"},"canonical":"https:\/\/arbr.fr\/wordpress\/nos-partenaires\/","og_locale":"fr_FR","og_type":"article","og_title":"Nos partenaires - ARBR","og_url":"https:\/\/arbr.fr\/wordpress\/nos-partenaires\/","og_site_name":"ARBR","article_modified_time":"2024-03-27T10:33:53+00:00","og_image":[{"url":"https:\/\/arbr.fr\/wordpress\/wp-content\/uploads\/2024\/03\/aipe-1-2.jpg","type":"","width":"","height":""}],"twitter_card":"summary_large_image","twitter_misc":{"Dur\u00e9e de lecture estim\u00e9e":"2 minutes"},"schema":{"@context":"https:\/\/schema.org","@graph":[{"@type":"WebPage","@id":"https:\/\/arbr.fr\/wordpress\/nos-partenaires\/","url":"https:\/\/arbr.fr\/wordpress\/nos-partenaires\/","name":"Nos partenaires - ARBR","isPartOf":{"@id":"https:\/\/arbr.fr\/wordpress\/#website"},"primaryImageOfPage":{"@id":"https:\/\/arbr.fr\/wordpress\/nos-partenaires\/#primaryimage"},"image":{"@id":"https:\/\/arbr.fr\/wordpress\/nos-partenaires\/#primaryimage"},"thumbnailUrl":"https:\/\/arbr.fr\/wordpress\/wp-content\/uploads\/2024\/03\/aipe-1-2.jpg","datePublished":"2024-03-21T11:00:51+00:00","dateModified":"2024-03-27T10:33:53+00:00","breadcrumb":{"@id":"https:\/\/arbr.fr\/wordpress\/nos-partenaires\/#breadcrumb"},"inLanguage":"fr-FR","potentialAction":[{"@type":"ReadAction","target":["https:\/\/arbr.fr\/wordpress\/nos-partenaires\/"]}]},{"@type":"ImageObject","inLanguage":"fr-FR","@id":"https:\/\/arbr.fr\/wordpress\/nos-partenaires\/#primaryimage","url":"https:\/\/arbr.fr\/wordpress\/wp-content\/uploads\/2024\/03\/aipe-1-2.jpg","contentUrl":"https:\/\/arbr.fr\/wordpress\/wp-content\/uploads\/2024\/03\/aipe-1-2.jpg","width":510,"height":806},{"@type":"BreadcrumbList","@id":"https:\/\/arbr.fr\/wordpress\/nos-partenaires\/#breadcrumb","itemListElement":[{"@type":"ListItem","position":1,"name":"Accueil","item":"https:\/\/arbr.fr\/wordpress\/"},{"@type":"ListItem","position":2,"name":"Nos partenaires"}]},{"@type":"WebSite","@id":"https:\/\/arbr.fr\/wordpress\/#website","url":"https:\/\/arbr.fr\/wordpress\/","name":"ARBR","description":"Association des r\u00e9sidents du Bois Raguenet","publisher":{"@id":"https:\/\/arbr.fr\/wordpress\/#organization"},"potentialAction":[{"@type":"SearchAction","target":{"@type":"EntryPoint","urlTemplate":"https:\/\/arbr.fr\/wordpress\/?s={search_term_string}"},"query-input":{"@type":"PropertyValueSpecification","valueRequired":true,"valueName":"search_term_string"}}],"inLanguage":"fr-FR"},{"@type":"Organization","@id":"https:\/\/arbr.fr\/wordpress\/#organization","name":"ARBR","url":"https:\/\/arbr.fr\/wordpress\/","logo":{"@type":"ImageObject","inLanguage":"fr-FR","@id":"https:\/\/arbr.fr\/wordpress\/#\/schema\/logo\/image\/","url":"https:\/\/arbr.fr\/wordpress\/wp-content\/uploads\/2017\/03\/0.png","contentUrl":"https:\/\/arbr.fr\/wordpress\/wp-content\/uploads\/2017\/03\/0.png","width":650,"height":283,"caption":"ARBR"},"image":{"@id":"https:\/\/arbr.fr\/wordpress\/#\/schema\/logo\/image\/"}}]}},"_links":{"self":[{"href":"https:\/\/arbr.fr\/wordpress\/wp-json\/wp\/v2\/pages\/5893"}],"collection":[{"href":"https:\/\/arbr.fr\/wordpress\/wp-json\/wp\/v2\/pages"}],"about":[{"href":"https:\/\/arbr.fr\/wordpress\/wp-json\/wp\/v2\/types\/page"}],"author":[{"embeddable":true,"href":"https:\/\/arbr.fr\/wordpress\/wp-json\/wp\/v2\/users\/4"}],"replies":[{"embeddable":true,"href":"https:\/\/arbr.fr\/wordpress\/wp-json\/wp\/v2\/comments?post=5893"}],"version-history":[{"count":14,"href":"https:\/\/arbr.fr\/wordpress\/wp-json\/wp\/v2\/pages\/5893\/revisions"}],"predecessor-version":[{"id":6222,"href":"https:\/\/arbr.fr\/wordpress\/wp-json\/wp\/v2\/pages\/5893\/revisions\/6222"}],"wp:attachment":[{"href":"https:\/\/arbr.fr\/wordpress\/wp-json\/wp\/v2\/media?parent=5893"}],"curies":[{"name":"wp","href":"https:\/\/api.w.org\/{rel}","templated":true}]}}