{"id":5574,"date":"2024-02-22T14:00:14","date_gmt":"2024-02-22T13:00:14","guid":{"rendered":"https:\/\/arbr.fr\/wordpress\/?page_id=5574"},"modified":"2025-03-18T16:11:51","modified_gmt":"2025-03-18T15:11:51","slug":"2024-janvier-fresque-climat","status":"publish","type":"page","link":"https:\/\/arbr.fr\/wordpress\/2024-janvier-fresque-climat\/","title":{"rendered":"2024-2025 Fresques"},"content":{"rendered":"\r\n\r\n\r\n<p><strong><span style=\"font-size: 14pt; color: #008000;\">* La Fresque Climat : <\/span><\/strong><\/p>\r\n<p class=\"ox-9d9998b0f9-msonormal\"><span style=\"font-size: 13.0pt; font-family: 'Arial',sans-serif;\">Propos\u00e9e par Anne-Sophie Louboutin, habitante du Bois-Raguenet, l\u2019atelier sur la fresque du climat a r\u00e9uni 18 personnes du quartier ou riverains, samedi 27 janvier 2024. Ce travail collaboratif a amen\u00e9 les participants \u00e0 se poser des questions \u00e0 l\u2019\u00e9chelle du quartier en listant les am\u00e9liorations envisageables.<\/span><\/p>\r\n<p class=\"ox-9d9998b0f9-msonormal\"><em><span style=\"font-size: 13.0pt; font-family: 'Arial',sans-serif;\">\u00ab\u00a0Envie d&rsquo;en savoir un peu plus sur le climat ? Voici un agr\u00e9able moment d&rsquo;\u00e9changes humains et de partages de connaissances pour apprendre et s&rsquo;interroger de mani\u00e8re ludique. Sans oublier l&rsquo;\u00e9laboration d&rsquo;un plan d&rsquo;action !!! Simple, efficace &amp; convivial. Un grand merci aux animatrices et aux organisateurs.\u00a0\u00bb Erwan, habitant du BR.<\/span><\/em><\/p>\r\n<p class=\"ox-9d9998b0f9-msonormal\"><em><span style=\"font-size: 13.0pt; font-family: 'Arial',sans-serif;\">\u00ab&nbsp;Les id\u00e9es qui peuvent devenir des projets d\u2019int\u00e9r\u00eat g\u00e9n\u00e9ral et que la Ville pourrait aider \u00e0 financer seront remont\u00e9es aupr\u00e8s du conseil d\u2019initiatives locales<\/span><\/em><span style=\"font-size: 13.0pt; font-family: 'Arial',sans-serif;\">&nbsp;\u00bb a d\u00e9clar\u00e9 Anne-Sophie Judalet conseill\u00e8re municipale qui participait aussi en tant qu\u2019habitante du Bois Raguenet. De m\u00eame, Laurent Dubost (<span style=\"color: red;\">conseiller \u00e0 la transition \u00e9cologique<\/span>) \u00e9tait pr\u00e9sent, et a not\u00e9 les id\u00e9es de chacun pour alimenter la r\u00e9flexion du Conseil du m\u00eame nom cr\u00e9\u00e9 en 2023.<\/span><\/p>\r\n<p class=\"ox-9d9998b0f9-msonormal\"><span style=\"font-size: 13.0pt; font-family: 'Arial',sans-serif;\">Devant l\u2019int\u00e9r\u00eat suscit\u00e9 et la satisfaction de tous les participants \u00e0 l\u2019issue de la matin\u00e9e, l\u2019ARBR envisage de proposer d\u2019autres \u00ab&nbsp;Fresques amies&nbsp;\u00bb&nbsp;: ateliers th\u00e9matiques sur l\u2019eau, la biodiversit\u00e9, \u2026 \u00e0 l\u2019occasion des prochaines manifestations dans le quartier.<\/span><\/p>\r\n<p>&nbsp;<\/p>\r\n<p><img loading=\"lazy\" decoding=\"async\" class=\"alignnone  wp-image-5459\" src=\"https:\/\/arbr.fr\/wordpress\/wp-content\/uploads\/2023\/12\/Fresque-Climat-ARBR-2-724x1024.jpg\" alt=\"\" width=\"442\" height=\"625\" srcset=\"https:\/\/arbr.fr\/wordpress\/wp-content\/uploads\/2023\/12\/Fresque-Climat-ARBR-2-724x1024.jpg 724w, https:\/\/arbr.fr\/wordpress\/wp-content\/uploads\/2023\/12\/Fresque-Climat-ARBR-2-212x300.jpg 212w, https:\/\/arbr.fr\/wordpress\/wp-content\/uploads\/2023\/12\/Fresque-Climat-ARBR-2-768x1086.jpg 768w, https:\/\/arbr.fr\/wordpress\/wp-content\/uploads\/2023\/12\/Fresque-Climat-ARBR-2-1086x1536.jpg 1086w, https:\/\/arbr.fr\/wordpress\/wp-content\/uploads\/2023\/12\/Fresque-Climat-ARBR-2.jpg 1414w\" sizes=\"(max-width: 442px) 100vw, 442px\" \/> <img loading=\"lazy\" decoding=\"async\" class=\"alignnone  wp-image-5499\" src=\"https:\/\/arbr.fr\/wordpress\/wp-content\/uploads\/2024\/01\/2023-01-06-Extrait-journal.png\" alt=\"\" width=\"735\" height=\"562\" srcset=\"https:\/\/arbr.fr\/wordpress\/wp-content\/uploads\/2024\/01\/2023-01-06-Extrait-journal.png 552w, https:\/\/arbr.fr\/wordpress\/wp-content\/uploads\/2024\/01\/2023-01-06-Extrait-journal-300x229.png 300w\" sizes=\"(max-width: 735px) 100vw, 735px\" \/><\/p>\r\n<p><img loading=\"lazy\" decoding=\"async\" class=\"alignnone  wp-image-5713\" src=\"https:\/\/arbr.fr\/wordpress\/wp-content\/uploads\/2024\/03\/IMG_3324-1024x768.jpg\" alt=\"\" width=\"372\" height=\"279\" srcset=\"https:\/\/arbr.fr\/wordpress\/wp-content\/uploads\/2024\/03\/IMG_3324-1024x768.jpg 1024w, https:\/\/arbr.fr\/wordpress\/wp-content\/uploads\/2024\/03\/IMG_3324-300x225.jpg 300w, https:\/\/arbr.fr\/wordpress\/wp-content\/uploads\/2024\/03\/IMG_3324-768x576.jpg 768w, https:\/\/arbr.fr\/wordpress\/wp-content\/uploads\/2024\/03\/IMG_3324-1536x1152.jpg 1536w, https:\/\/arbr.fr\/wordpress\/wp-content\/uploads\/2024\/03\/IMG_3324.jpg 2016w\" sizes=\"(max-width: 372px) 100vw, 372px\" \/>&nbsp; <img loading=\"lazy\" decoding=\"async\" class=\"alignnone  wp-image-5711\" src=\"https:\/\/arbr.fr\/wordpress\/wp-content\/uploads\/2024\/03\/IMG_3330-768x1024.jpg\" alt=\"\" width=\"210\" height=\"280\" srcset=\"https:\/\/arbr.fr\/wordpress\/wp-content\/uploads\/2024\/03\/IMG_3330-768x1024.jpg 768w, https:\/\/arbr.fr\/wordpress\/wp-content\/uploads\/2024\/03\/IMG_3330-225x300.jpg 225w, https:\/\/arbr.fr\/wordpress\/wp-content\/uploads\/2024\/03\/IMG_3330-1152x1536.jpg 1152w, https:\/\/arbr.fr\/wordpress\/wp-content\/uploads\/2024\/03\/IMG_3330-rotated.jpg 1512w\" sizes=\"(max-width: 210px) 100vw, 210px\" \/>&nbsp; <img loading=\"lazy\" decoding=\"async\" class=\"alignnone  wp-image-5712\" src=\"https:\/\/arbr.fr\/wordpress\/wp-content\/uploads\/2024\/03\/IMG_3331-768x1024.jpg\" alt=\"\" width=\"211\" height=\"281\" srcset=\"https:\/\/arbr.fr\/wordpress\/wp-content\/uploads\/2024\/03\/IMG_3331-768x1024.jpg 768w, https:\/\/arbr.fr\/wordpress\/wp-content\/uploads\/2024\/03\/IMG_3331-225x300.jpg 225w, https:\/\/arbr.fr\/wordpress\/wp-content\/uploads\/2024\/03\/IMG_3331-1152x1536.jpg 1152w, https:\/\/arbr.fr\/wordpress\/wp-content\/uploads\/2024\/03\/IMG_3331-rotated.jpg 1512w\" sizes=\"(max-width: 211px) 100vw, 211px\" \/><\/p>\r\n<p>&nbsp;<\/p>\r\n<p><img loading=\"lazy\" decoding=\"async\" class=\"alignnone  wp-image-5585\" src=\"https:\/\/arbr.fr\/wordpress\/wp-content\/uploads\/2024\/02\/2024-02-article-ouest-france.jpg\" alt=\"\" width=\"661\" height=\"1168\" srcset=\"https:\/\/arbr.fr\/wordpress\/wp-content\/uploads\/2024\/02\/2024-02-article-ouest-france.jpg 504w, https:\/\/arbr.fr\/wordpress\/wp-content\/uploads\/2024\/02\/2024-02-article-ouest-france-170x300.jpg 170w\" sizes=\"(max-width: 661px) 100vw, 661px\" \/><\/p>\r\n<p><img loading=\"lazy\" decoding=\"async\" class=\"alignnone  wp-image-6924\" src=\"https:\/\/arbr.fr\/wordpress\/wp-content\/uploads\/2024\/07\/Afiche-atelier-2tonnes-ARBR-724x1024.jpg\" alt=\"\" width=\"448\" height=\"634\" srcset=\"https:\/\/arbr.fr\/wordpress\/wp-content\/uploads\/2024\/07\/Afiche-atelier-2tonnes-ARBR-724x1024.jpg 724w, https:\/\/arbr.fr\/wordpress\/wp-content\/uploads\/2024\/07\/Afiche-atelier-2tonnes-ARBR-212x300.jpg 212w, https:\/\/arbr.fr\/wordpress\/wp-content\/uploads\/2024\/07\/Afiche-atelier-2tonnes-ARBR-768x1086.jpg 768w, https:\/\/arbr.fr\/wordpress\/wp-content\/uploads\/2024\/07\/Afiche-atelier-2tonnes-ARBR-1086x1536.jpg 1086w, https:\/\/arbr.fr\/wordpress\/wp-content\/uploads\/2024\/07\/Afiche-atelier-2tonnes-ARBR.jpg 1414w\" sizes=\"(max-width: 448px) 100vw, 448px\" \/>&nbsp; <img loading=\"lazy\" decoding=\"async\" class=\"alignnone  wp-image-7123\" src=\"https:\/\/arbr.fr\/wordpress\/wp-content\/uploads\/2024\/11\/Fresque-Biodiversite-affiche-724x1024.png\" alt=\"\" width=\"451\" height=\"638\" srcset=\"https:\/\/arbr.fr\/wordpress\/wp-content\/uploads\/2024\/11\/Fresque-Biodiversite-affiche-724x1024.png 724w, https:\/\/arbr.fr\/wordpress\/wp-content\/uploads\/2024\/11\/Fresque-Biodiversite-affiche-212x300.png 212w, https:\/\/arbr.fr\/wordpress\/wp-content\/uploads\/2024\/11\/Fresque-Biodiversite-affiche-768x1086.png 768w, https:\/\/arbr.fr\/wordpress\/wp-content\/uploads\/2024\/11\/Fresque-Biodiversite-affiche-1086x1536.png 1086w, https:\/\/arbr.fr\/wordpress\/wp-content\/uploads\/2024\/11\/Fresque-Biodiversite-affiche.png 1414w\" sizes=\"(max-width: 451px) 100vw, 451px\" \/><\/p>\r\n<p><img loading=\"lazy\" decoding=\"async\" class=\"alignnone  wp-image-7202\" src=\"https:\/\/arbr.fr\/wordpress\/wp-content\/uploads\/2024\/07\/2025-01-16-affiche.jpg\" alt=\"\" width=\"449\" height=\"601\" srcset=\"https:\/\/arbr.fr\/wordpress\/wp-content\/uploads\/2024\/07\/2025-01-16-affiche.jpg 516w, https:\/\/arbr.fr\/wordpress\/wp-content\/uploads\/2024\/07\/2025-01-16-affiche-224x300.jpg 224w\" sizes=\"(max-width: 449px) 100vw, 449px\" \/><img loading=\"lazy\" decoding=\"async\" class=\"alignnone  wp-image-7468\" src=\"https:\/\/arbr.fr\/wordpress\/wp-content\/uploads\/2024\/07\/2025-03-12-ouest-france.jpg\" alt=\"\" width=\"555\" height=\"457\" srcset=\"https:\/\/arbr.fr\/wordpress\/wp-content\/uploads\/2024\/07\/2025-03-12-ouest-france.jpg 894w, https:\/\/arbr.fr\/wordpress\/wp-content\/uploads\/2024\/07\/2025-03-12-ouest-france-300x247.jpg 300w, https:\/\/arbr.fr\/wordpress\/wp-content\/uploads\/2024\/07\/2025-03-12-ouest-france-768x631.jpg 768w\" sizes=\"(max-width: 555px) 100vw, 555px\" \/><\/p>\r\n<p>&nbsp;<\/p>\r\n<p><strong>Un grand merci d&rsquo;avoir particip\u00e9 \u00e0 cet atelier de la Fresque de l&rsquo;\u00c9conomie Circulaire !<\/strong><\/p>\r\n<p><strong>Merci surtout \u00e0 l&rsquo;ARBR pour l&rsquo;organisation et l&rsquo;accueil !<\/strong><\/p>\r\n<p>D\u00e9couvrez ici des ressources pour en savoir plus sur l&rsquo;\u00e9conomie circulaire et <strong>passer \u00e0 l&rsquo;action !<\/strong><\/p>\r\n<p><strong><img loading=\"lazy\" decoding=\"async\" class=\"alignnone size-large wp-image-7486\" src=\"https:\/\/arbr.fr\/wordpress\/wp-content\/uploads\/2025\/03\/2025-03-18-remerciement-724x1024.png\" alt=\"\" width=\"724\" height=\"1024\" srcset=\"https:\/\/arbr.fr\/wordpress\/wp-content\/uploads\/2025\/03\/2025-03-18-remerciement-724x1024.png 724w, https:\/\/arbr.fr\/wordpress\/wp-content\/uploads\/2025\/03\/2025-03-18-remerciement-212x300.png 212w, https:\/\/arbr.fr\/wordpress\/wp-content\/uploads\/2025\/03\/2025-03-18-remerciement-768x1086.png 768w, https:\/\/arbr.fr\/wordpress\/wp-content\/uploads\/2025\/03\/2025-03-18-remerciement-1086x1536.png 1086w, https:\/\/arbr.fr\/wordpress\/wp-content\/uploads\/2025\/03\/2025-03-18-remerciement.png 1131w\" sizes=\"(max-width: 724px) 100vw, 724px\" \/><\/strong><\/p>\r\n<p><img loading=\"lazy\" decoding=\"async\" class=\"alignnone  wp-image-7488\" src=\"https:\/\/arbr.fr\/wordpress\/wp-content\/uploads\/2025\/03\/IMG_5884-1024x768.jpg\" alt=\"\" width=\"437\" height=\"328\" srcset=\"https:\/\/arbr.fr\/wordpress\/wp-content\/uploads\/2025\/03\/IMG_5884-1024x768.jpg 1024w, https:\/\/arbr.fr\/wordpress\/wp-content\/uploads\/2025\/03\/IMG_5884-300x225.jpg 300w, https:\/\/arbr.fr\/wordpress\/wp-content\/uploads\/2025\/03\/IMG_5884-768x576.jpg 768w, https:\/\/arbr.fr\/wordpress\/wp-content\/uploads\/2025\/03\/IMG_5884-1536x1152.jpg 1536w, https:\/\/arbr.fr\/wordpress\/wp-content\/uploads\/2025\/03\/IMG_5884.jpg 2016w\" sizes=\"(max-width: 437px) 100vw, 437px\" \/> <img loading=\"lazy\" decoding=\"async\" class=\"alignnone wp-image-7489 \" src=\"https:\/\/arbr.fr\/wordpress\/wp-content\/uploads\/2025\/03\/IMG_5890-768x1024.jpg\" alt=\"\" width=\"248\" height=\"331\" srcset=\"https:\/\/arbr.fr\/wordpress\/wp-content\/uploads\/2025\/03\/IMG_5890-768x1024.jpg 768w, https:\/\/arbr.fr\/wordpress\/wp-content\/uploads\/2025\/03\/IMG_5890-225x300.jpg 225w, https:\/\/arbr.fr\/wordpress\/wp-content\/uploads\/2025\/03\/IMG_5890-1152x1536.jpg 1152w, https:\/\/arbr.fr\/wordpress\/wp-content\/uploads\/2025\/03\/IMG_5890-rotated.jpg 1512w\" sizes=\"(max-width: 248px) 100vw, 248px\" \/> <img loading=\"lazy\" decoding=\"async\" class=\"alignnone  wp-image-7490\" src=\"https:\/\/arbr.fr\/wordpress\/wp-content\/uploads\/2025\/03\/IMG_5894-1024x768.jpg\" alt=\"\" width=\"443\" height=\"332\" srcset=\"https:\/\/arbr.fr\/wordpress\/wp-content\/uploads\/2025\/03\/IMG_5894-1024x768.jpg 1024w, https:\/\/arbr.fr\/wordpress\/wp-content\/uploads\/2025\/03\/IMG_5894-300x225.jpg 300w, https:\/\/arbr.fr\/wordpress\/wp-content\/uploads\/2025\/03\/IMG_5894-768x576.jpg 768w, https:\/\/arbr.fr\/wordpress\/wp-content\/uploads\/2025\/03\/IMG_5894-1536x1152.jpg 1536w, https:\/\/arbr.fr\/wordpress\/wp-content\/uploads\/2025\/03\/IMG_5894.jpg 2016w\" sizes=\"(max-width: 443px) 100vw, 443px\" \/><\/p>\r\n","protected":false},"excerpt":{"rendered":"<p>* La Fresque Climat : Propos\u00e9e par Anne-Sophie Louboutin, habitante du Bois-Raguenet, l\u2019atelier sur la fresque du climat a r\u00e9uni 18 personnes du quartier ou riverains, samedi 27 janvier 2024. Ce travail collaboratif a&#46;&#46;&#46;<\/p>\n","protected":false},"author":4,"featured_media":0,"parent":0,"menu_order":0,"comment_status":"closed","ping_status":"closed","template":"","meta":{"ngg_post_thumbnail":0,"footnotes":""},"class_list":["post-5574","page","type-page","status-publish","hentry"],"yoast_head":"<!-- This site is optimized with the Yoast SEO plugin v24.1 - https:\/\/yoast.com\/wordpress\/plugins\/seo\/ -->\n<title>2024-2025 Fresques - ARBR<\/title>\n<meta name=\"robots\" content=\"index, follow, max-snippet:-1, max-image-preview:large, max-video-preview:-1\" \/>\n<link rel=\"canonical\" href=\"https:\/\/arbr.fr\/wordpress\/2024-janvier-fresque-climat\/\" \/>\n<meta property=\"og:locale\" content=\"fr_FR\" \/>\n<meta property=\"og:type\" content=\"article\" \/>\n<meta property=\"og:title\" content=\"2024-2025 Fresques - ARBR\" \/>\n<meta property=\"og:description\" content=\"* La Fresque Climat : Propos\u00e9e par Anne-Sophie Louboutin, habitante du Bois-Raguenet, l\u2019atelier sur la fresque du climat a r\u00e9uni 18 personnes du quartier ou riverains, samedi 27 janvier 2024. Ce travail collaboratif a&#046;&#046;&#046;\" \/>\n<meta property=\"og:url\" content=\"https:\/\/arbr.fr\/wordpress\/2024-janvier-fresque-climat\/\" \/>\n<meta property=\"og:site_name\" content=\"ARBR\" \/>\n<meta property=\"article:modified_time\" content=\"2025-03-18T15:11:51+00:00\" \/>\n<meta property=\"og:image\" content=\"https:\/\/arbr.fr\/wordpress\/wp-content\/uploads\/2023\/12\/Fresque-Climat-ARBR-2.jpg\" \/>\n\t<meta property=\"og:image:width\" content=\"1414\" \/>\n\t<meta property=\"og:image:height\" content=\"2000\" \/>\n\t<meta property=\"og:image:type\" content=\"image\/jpeg\" \/>\n<meta name=\"twitter:card\" content=\"summary_large_image\" \/>\n<meta name=\"twitter:label1\" content=\"Dur\u00e9e de lecture estim\u00e9e\" \/>\n\t<meta name=\"twitter:data1\" content=\"5 minutes\" \/>\n<script type=\"application\/ld+json\" class=\"yoast-schema-graph\">{\"@context\":\"https:\/\/schema.org\",\"@graph\":[{\"@type\":\"WebPage\",\"@id\":\"https:\/\/arbr.fr\/wordpress\/2024-janvier-fresque-climat\/\",\"url\":\"https:\/\/arbr.fr\/wordpress\/2024-janvier-fresque-climat\/\",\"name\":\"2024-2025 Fresques - ARBR\",\"isPartOf\":{\"@id\":\"https:\/\/arbr.fr\/wordpress\/#website\"},\"primaryImageOfPage\":{\"@id\":\"https:\/\/arbr.fr\/wordpress\/2024-janvier-fresque-climat\/#primaryimage\"},\"image\":{\"@id\":\"https:\/\/arbr.fr\/wordpress\/2024-janvier-fresque-climat\/#primaryimage\"},\"thumbnailUrl\":\"https:\/\/arbr.fr\/wordpress\/wp-content\/uploads\/2023\/12\/Fresque-Climat-ARBR-2-724x1024.jpg\",\"datePublished\":\"2024-02-22T13:00:14+00:00\",\"dateModified\":\"2025-03-18T15:11:51+00:00\",\"breadcrumb\":{\"@id\":\"https:\/\/arbr.fr\/wordpress\/2024-janvier-fresque-climat\/#breadcrumb\"},\"inLanguage\":\"fr-FR\",\"potentialAction\":[{\"@type\":\"ReadAction\",\"target\":[\"https:\/\/arbr.fr\/wordpress\/2024-janvier-fresque-climat\/\"]}]},{\"@type\":\"ImageObject\",\"inLanguage\":\"fr-FR\",\"@id\":\"https:\/\/arbr.fr\/wordpress\/2024-janvier-fresque-climat\/#primaryimage\",\"url\":\"https:\/\/arbr.fr\/wordpress\/wp-content\/uploads\/2023\/12\/Fresque-Climat-ARBR-2.jpg\",\"contentUrl\":\"https:\/\/arbr.fr\/wordpress\/wp-content\/uploads\/2023\/12\/Fresque-Climat-ARBR-2.jpg\",\"width\":1414,\"height\":2000},{\"@type\":\"BreadcrumbList\",\"@id\":\"https:\/\/arbr.fr\/wordpress\/2024-janvier-fresque-climat\/#breadcrumb\",\"itemListElement\":[{\"@type\":\"ListItem\",\"position\":1,\"name\":\"Accueil\",\"item\":\"https:\/\/arbr.fr\/wordpress\/\"},{\"@type\":\"ListItem\",\"position\":2,\"name\":\"2024-2025 Fresques\"}]},{\"@type\":\"WebSite\",\"@id\":\"https:\/\/arbr.fr\/wordpress\/#website\",\"url\":\"https:\/\/arbr.fr\/wordpress\/\",\"name\":\"ARBR\",\"description\":\"Association des r\u00e9sidents du Bois Raguenet\",\"publisher\":{\"@id\":\"https:\/\/arbr.fr\/wordpress\/#organization\"},\"potentialAction\":[{\"@type\":\"SearchAction\",\"target\":{\"@type\":\"EntryPoint\",\"urlTemplate\":\"https:\/\/arbr.fr\/wordpress\/?s={search_term_string}\"},\"query-input\":{\"@type\":\"PropertyValueSpecification\",\"valueRequired\":true,\"valueName\":\"search_term_string\"}}],\"inLanguage\":\"fr-FR\"},{\"@type\":\"Organization\",\"@id\":\"https:\/\/arbr.fr\/wordpress\/#organization\",\"name\":\"ARBR\",\"url\":\"https:\/\/arbr.fr\/wordpress\/\",\"logo\":{\"@type\":\"ImageObject\",\"inLanguage\":\"fr-FR\",\"@id\":\"https:\/\/arbr.fr\/wordpress\/#\/schema\/logo\/image\/\",\"url\":\"https:\/\/arbr.fr\/wordpress\/wp-content\/uploads\/2017\/03\/0.png\",\"contentUrl\":\"https:\/\/arbr.fr\/wordpress\/wp-content\/uploads\/2017\/03\/0.png\",\"width\":650,\"height\":283,\"caption\":\"ARBR\"},\"image\":{\"@id\":\"https:\/\/arbr.fr\/wordpress\/#\/schema\/logo\/image\/\"}}]}<\/script>\n<!-- \/ Yoast SEO plugin. -->","yoast_head_json":{"title":"2024-2025 Fresques - ARBR","robots":{"index":"index","follow":"follow","max-snippet":"max-snippet:-1","max-image-preview":"max-image-preview:large","max-video-preview":"max-video-preview:-1"},"canonical":"https:\/\/arbr.fr\/wordpress\/2024-janvier-fresque-climat\/","og_locale":"fr_FR","og_type":"article","og_title":"2024-2025 Fresques - ARBR","og_description":"* La Fresque Climat : Propos\u00e9e par Anne-Sophie Louboutin, habitante du Bois-Raguenet, l\u2019atelier sur la fresque du climat a r\u00e9uni 18 personnes du quartier ou riverains, samedi 27 janvier 2024. Ce travail collaboratif a&#46;&#46;&#46;","og_url":"https:\/\/arbr.fr\/wordpress\/2024-janvier-fresque-climat\/","og_site_name":"ARBR","article_modified_time":"2025-03-18T15:11:51+00:00","og_image":[{"width":1414,"height":2000,"url":"https:\/\/arbr.fr\/wordpress\/wp-content\/uploads\/2023\/12\/Fresque-Climat-ARBR-2.jpg","type":"image\/jpeg"}],"twitter_card":"summary_large_image","twitter_misc":{"Dur\u00e9e de lecture estim\u00e9e":"5 minutes"},"schema":{"@context":"https:\/\/schema.org","@graph":[{"@type":"WebPage","@id":"https:\/\/arbr.fr\/wordpress\/2024-janvier-fresque-climat\/","url":"https:\/\/arbr.fr\/wordpress\/2024-janvier-fresque-climat\/","name":"2024-2025 Fresques - ARBR","isPartOf":{"@id":"https:\/\/arbr.fr\/wordpress\/#website"},"primaryImageOfPage":{"@id":"https:\/\/arbr.fr\/wordpress\/2024-janvier-fresque-climat\/#primaryimage"},"image":{"@id":"https:\/\/arbr.fr\/wordpress\/2024-janvier-fresque-climat\/#primaryimage"},"thumbnailUrl":"https:\/\/arbr.fr\/wordpress\/wp-content\/uploads\/2023\/12\/Fresque-Climat-ARBR-2-724x1024.jpg","datePublished":"2024-02-22T13:00:14+00:00","dateModified":"2025-03-18T15:11:51+00:00","breadcrumb":{"@id":"https:\/\/arbr.fr\/wordpress\/2024-janvier-fresque-climat\/#breadcrumb"},"inLanguage":"fr-FR","potentialAction":[{"@type":"ReadAction","target":["https:\/\/arbr.fr\/wordpress\/2024-janvier-fresque-climat\/"]}]},{"@type":"ImageObject","inLanguage":"fr-FR","@id":"https:\/\/arbr.fr\/wordpress\/2024-janvier-fresque-climat\/#primaryimage","url":"https:\/\/arbr.fr\/wordpress\/wp-content\/uploads\/2023\/12\/Fresque-Climat-ARBR-2.jpg","contentUrl":"https:\/\/arbr.fr\/wordpress\/wp-content\/uploads\/2023\/12\/Fresque-Climat-ARBR-2.jpg","width":1414,"height":2000},{"@type":"BreadcrumbList","@id":"https:\/\/arbr.fr\/wordpress\/2024-janvier-fresque-climat\/#breadcrumb","itemListElement":[{"@type":"ListItem","position":1,"name":"Accueil","item":"https:\/\/arbr.fr\/wordpress\/"},{"@type":"ListItem","position":2,"name":"2024-2025 Fresques"}]},{"@type":"WebSite","@id":"https:\/\/arbr.fr\/wordpress\/#website","url":"https:\/\/arbr.fr\/wordpress\/","name":"ARBR","description":"Association des r\u00e9sidents du Bois Raguenet","publisher":{"@id":"https:\/\/arbr.fr\/wordpress\/#organization"},"potentialAction":[{"@type":"SearchAction","target":{"@type":"EntryPoint","urlTemplate":"https:\/\/arbr.fr\/wordpress\/?s={search_term_string}"},"query-input":{"@type":"PropertyValueSpecification","valueRequired":true,"valueName":"search_term_string"}}],"inLanguage":"fr-FR"},{"@type":"Organization","@id":"https:\/\/arbr.fr\/wordpress\/#organization","name":"ARBR","url":"https:\/\/arbr.fr\/wordpress\/","logo":{"@type":"ImageObject","inLanguage":"fr-FR","@id":"https:\/\/arbr.fr\/wordpress\/#\/schema\/logo\/image\/","url":"https:\/\/arbr.fr\/wordpress\/wp-content\/uploads\/2017\/03\/0.png","contentUrl":"https:\/\/arbr.fr\/wordpress\/wp-content\/uploads\/2017\/03\/0.png","width":650,"height":283,"caption":"ARBR"},"image":{"@id":"https:\/\/arbr.fr\/wordpress\/#\/schema\/logo\/image\/"}}]}},"_links":{"self":[{"href":"https:\/\/arbr.fr\/wordpress\/wp-json\/wp\/v2\/pages\/5574"}],"collection":[{"href":"https:\/\/arbr.fr\/wordpress\/wp-json\/wp\/v2\/pages"}],"about":[{"href":"https:\/\/arbr.fr\/wordpress\/wp-json\/wp\/v2\/types\/page"}],"author":[{"embeddable":true,"href":"https:\/\/arbr.fr\/wordpress\/wp-json\/wp\/v2\/users\/4"}],"replies":[{"embeddable":true,"href":"https:\/\/arbr.fr\/wordpress\/wp-json\/wp\/v2\/comments?post=5574"}],"version-history":[{"count":15,"href":"https:\/\/arbr.fr\/wordpress\/wp-json\/wp\/v2\/pages\/5574\/revisions"}],"predecessor-version":[{"id":7491,"href":"https:\/\/arbr.fr\/wordpress\/wp-json\/wp\/v2\/pages\/5574\/revisions\/7491"}],"wp:attachment":[{"href":"https:\/\/arbr.fr\/wordpress\/wp-json\/wp\/v2\/media?parent=5574"}],"curies":[{"name":"wp","href":"https:\/\/api.w.org\/{rel}","templated":true}]}}