{"id":5569,"date":"2024-02-22T13:42:39","date_gmt":"2024-02-22T12:42:39","guid":{"rendered":"https:\/\/arbr.fr\/wordpress\/?page_id=5569"},"modified":"2024-03-21T17:22:47","modified_gmt":"2024-03-21T16:22:47","slug":"2023-automne-de-larbr","status":"publish","type":"page","link":"https:\/\/arbr.fr\/wordpress\/2023-automne-de-larbr\/","title":{"rendered":"2023 Automne"},"content":{"rendered":"\r\n<div class=\"event-content\">\r\n<p><strong>Retour sur l\u2019Automne de l\u2019ARBR : 18 &amp; 19 Novembre 2023<br><\/strong><\/p>\r\n<p>MERCI A TOUS pour votre pr\u00e9sence malgr\u00e9 un temps maussade !<\/p>\r\n<p>Le caf\u00e9 philo a doubl\u00e9 ses auditeurs avec un bel \u00e9change sur \u00ab&nbsp;l\u2019engagement&nbsp;\u00bb.<\/p>\r\n<p>Une salle bien remplie pour une AG r\u00e9ussie !<\/p>\r\n<p>Des jeux et ateliers avec moins de monde (mais les pr\u00e9sents \u00e9taient ravis), avant la chorale qui a enchant\u00e9 les spectateurs venus nombreux !<\/p>\r\n<p>Le dimanche, les Moz\u2019Arts de la table ont enflamm\u00e9 le public avec leurs chansons toqu\u00e9es dans une salle St REN\u00c9 comble !<\/p>\r\n<p><img loading=\"lazy\" decoding=\"async\" class=\"alignnone  wp-image-5377\" src=\"https:\/\/arbr.fr\/wordpress\/wp-content\/uploads\/2023\/11\/2023-11-22-Montage-automne-ARBR-1024x724.jpg\" sizes=\"(max-width: 1059px) 100vw, 1059px\" srcset=\"https:\/\/arbr.fr\/wordpress\/wp-content\/uploads\/2023\/11\/2023-11-22-Montage-automne-ARBR-1024x724.jpg 1024w, https:\/\/arbr.fr\/wordpress\/wp-content\/uploads\/2023\/11\/2023-11-22-Montage-automne-ARBR-300x212.jpg 300w, https:\/\/arbr.fr\/wordpress\/wp-content\/uploads\/2023\/11\/2023-11-22-Montage-automne-ARBR-768x543.jpg 768w, https:\/\/arbr.fr\/wordpress\/wp-content\/uploads\/2023\/11\/2023-11-22-Montage-automne-ARBR.jpg 1485w\" alt=\"\" width=\"1059\" height=\"749\"><\/p>\r\n<\/div>\r\n<p><img loading=\"lazy\" decoding=\"async\" class=\"alignnone  wp-image-5351\" src=\"https:\/\/arbr.fr\/wordpress\/wp-content\/uploads\/2023\/11\/2023-10-26-Affiche-ARBR-automne-avec-prog-2-724x1024.jpg\" sizes=\"(max-width: 446px) 100vw, 446px\" srcset=\"https:\/\/arbr.fr\/wordpress\/wp-content\/uploads\/2023\/11\/2023-10-26-Affiche-ARBR-automne-avec-prog-2-724x1024.jpg 724w, https:\/\/arbr.fr\/wordpress\/wp-content\/uploads\/2023\/11\/2023-10-26-Affiche-ARBR-automne-avec-prog-2-212x300.jpg 212w, https:\/\/arbr.fr\/wordpress\/wp-content\/uploads\/2023\/11\/2023-10-26-Affiche-ARBR-automne-avec-prog-2-768x1086.jpg 768w, https:\/\/arbr.fr\/wordpress\/wp-content\/uploads\/2023\/11\/2023-10-26-Affiche-ARBR-automne-avec-prog-2.jpg 1050w\" alt=\"\" width=\"446\" height=\"631\">&nbsp; <img loading=\"lazy\" decoding=\"async\" class=\"alignnone size-full wp-image-5177\" src=\"https:\/\/arbr.fr\/wordpress\/wp-content\/uploads\/2023\/11\/2023-11-15-Affiche-zinges.jpg\" sizes=\"(max-width: 290px) 100vw, 290px\" srcset=\"https:\/\/arbr.fr\/wordpress\/wp-content\/uploads\/2023\/11\/2023-11-15-Affiche-zinges.jpg 290w, https:\/\/arbr.fr\/wordpress\/wp-content\/uploads\/2023\/11\/2023-11-15-Affiche-zinges-212x300.jpg 212w\" alt=\"\" width=\"290\" height=\"410\">&nbsp; <img loading=\"lazy\" decoding=\"async\" class=\"alignnone  wp-image-5433\" src=\"https:\/\/arbr.fr\/wordpress\/wp-content\/uploads\/2023\/12\/Dedicace-des-Zingues-702x1024.jpg\" sizes=\"(max-width: 313px) 100vw, 313px\" srcset=\"https:\/\/arbr.fr\/wordpress\/wp-content\/uploads\/2023\/12\/Dedicace-des-Zingues-702x1024.jpg 702w, https:\/\/arbr.fr\/wordpress\/wp-content\/uploads\/2023\/12\/Dedicace-des-Zingues-206x300.jpg 206w, https:\/\/arbr.fr\/wordpress\/wp-content\/uploads\/2023\/12\/Dedicace-des-Zingues-768x1120.jpg 768w, https:\/\/arbr.fr\/wordpress\/wp-content\/uploads\/2023\/12\/Dedicace-des-Zingues-1053x1536.jpg 1053w, https:\/\/arbr.fr\/wordpress\/wp-content\/uploads\/2023\/12\/Dedicace-des-Zingues-1404x2048.jpg 1404w, https:\/\/arbr.fr\/wordpress\/wp-content\/uploads\/2023\/12\/Dedicace-des-Zingues-scaled.jpg 1755w\" alt=\"\" width=\"313\" height=\"456\"><\/p>\r\n<p>&nbsp;<\/p>\r\n","protected":false},"excerpt":{"rendered":"<p>Retour sur l\u2019Automne de l\u2019ARBR : 18 &amp; 19 Novembre 2023 MERCI A TOUS pour votre pr\u00e9sence malgr\u00e9 un temps maussade ! Le caf\u00e9 philo a doubl\u00e9 ses auditeurs avec un bel \u00e9change sur&#46;&#46;&#46;<\/p>\n","protected":false},"author":4,"featured_media":0,"parent":0,"menu_order":0,"comment_status":"closed","ping_status":"closed","template":"","meta":{"ngg_post_thumbnail":0,"footnotes":""},"class_list":["post-5569","page","type-page","status-publish","hentry"],"yoast_head":"<!-- This site is optimized with the Yoast SEO plugin v24.1 - https:\/\/yoast.com\/wordpress\/plugins\/seo\/ -->\n<title>2023 Automne - ARBR<\/title>\n<meta name=\"robots\" content=\"index, follow, max-snippet:-1, max-image-preview:large, max-video-preview:-1\" \/>\n<link rel=\"canonical\" href=\"https:\/\/arbr.fr\/wordpress\/2023-automne-de-larbr\/\" \/>\n<meta property=\"og:locale\" content=\"fr_FR\" \/>\n<meta property=\"og:type\" content=\"article\" \/>\n<meta property=\"og:title\" content=\"2023 Automne - ARBR\" \/>\n<meta property=\"og:description\" content=\"Retour sur l\u2019Automne de l\u2019ARBR : 18 &amp; 19 Novembre 2023 MERCI A TOUS pour votre pr\u00e9sence malgr\u00e9 un temps maussade ! Le caf\u00e9 philo a doubl\u00e9 ses auditeurs avec un bel \u00e9change sur&#046;&#046;&#046;\" \/>\n<meta property=\"og:url\" content=\"https:\/\/arbr.fr\/wordpress\/2023-automne-de-larbr\/\" \/>\n<meta property=\"og:site_name\" content=\"ARBR\" \/>\n<meta property=\"article:modified_time\" content=\"2024-03-21T16:22:47+00:00\" \/>\n<meta property=\"og:image\" content=\"https:\/\/arbr.fr\/wordpress\/wp-content\/uploads\/2023\/11\/2023-11-22-Montage-automne-ARBR-1024x724.jpg\" \/>\n<meta name=\"twitter:card\" content=\"summary_large_image\" \/>\n<meta name=\"twitter:label1\" content=\"Dur\u00e9e de lecture estim\u00e9e\" \/>\n\t<meta name=\"twitter:data1\" content=\"2 minutes\" \/>\n<script type=\"application\/ld+json\" class=\"yoast-schema-graph\">{\"@context\":\"https:\/\/schema.org\",\"@graph\":[{\"@type\":\"WebPage\",\"@id\":\"https:\/\/arbr.fr\/wordpress\/2023-automne-de-larbr\/\",\"url\":\"https:\/\/arbr.fr\/wordpress\/2023-automne-de-larbr\/\",\"name\":\"2023 Automne - ARBR\",\"isPartOf\":{\"@id\":\"https:\/\/arbr.fr\/wordpress\/#website\"},\"primaryImageOfPage\":{\"@id\":\"https:\/\/arbr.fr\/wordpress\/2023-automne-de-larbr\/#primaryimage\"},\"image\":{\"@id\":\"https:\/\/arbr.fr\/wordpress\/2023-automne-de-larbr\/#primaryimage\"},\"thumbnailUrl\":\"https:\/\/arbr.fr\/wordpress\/wp-content\/uploads\/2023\/11\/2023-11-22-Montage-automne-ARBR-1024x724.jpg\",\"datePublished\":\"2024-02-22T12:42:39+00:00\",\"dateModified\":\"2024-03-21T16:22:47+00:00\",\"breadcrumb\":{\"@id\":\"https:\/\/arbr.fr\/wordpress\/2023-automne-de-larbr\/#breadcrumb\"},\"inLanguage\":\"fr-FR\",\"potentialAction\":[{\"@type\":\"ReadAction\",\"target\":[\"https:\/\/arbr.fr\/wordpress\/2023-automne-de-larbr\/\"]}]},{\"@type\":\"ImageObject\",\"inLanguage\":\"fr-FR\",\"@id\":\"https:\/\/arbr.fr\/wordpress\/2023-automne-de-larbr\/#primaryimage\",\"url\":\"https:\/\/arbr.fr\/wordpress\/wp-content\/uploads\/2023\/11\/2023-11-22-Montage-automne-ARBR.jpg\",\"contentUrl\":\"https:\/\/arbr.fr\/wordpress\/wp-content\/uploads\/2023\/11\/2023-11-22-Montage-automne-ARBR.jpg\",\"width\":1485,\"height\":1050},{\"@type\":\"BreadcrumbList\",\"@id\":\"https:\/\/arbr.fr\/wordpress\/2023-automne-de-larbr\/#breadcrumb\",\"itemListElement\":[{\"@type\":\"ListItem\",\"position\":1,\"name\":\"Accueil\",\"item\":\"https:\/\/arbr.fr\/wordpress\/\"},{\"@type\":\"ListItem\",\"position\":2,\"name\":\"2023 Automne\"}]},{\"@type\":\"WebSite\",\"@id\":\"https:\/\/arbr.fr\/wordpress\/#website\",\"url\":\"https:\/\/arbr.fr\/wordpress\/\",\"name\":\"ARBR\",\"description\":\"Association des r\u00e9sidents du Bois Raguenet\",\"publisher\":{\"@id\":\"https:\/\/arbr.fr\/wordpress\/#organization\"},\"potentialAction\":[{\"@type\":\"SearchAction\",\"target\":{\"@type\":\"EntryPoint\",\"urlTemplate\":\"https:\/\/arbr.fr\/wordpress\/?s={search_term_string}\"},\"query-input\":{\"@type\":\"PropertyValueSpecification\",\"valueRequired\":true,\"valueName\":\"search_term_string\"}}],\"inLanguage\":\"fr-FR\"},{\"@type\":\"Organization\",\"@id\":\"https:\/\/arbr.fr\/wordpress\/#organization\",\"name\":\"ARBR\",\"url\":\"https:\/\/arbr.fr\/wordpress\/\",\"logo\":{\"@type\":\"ImageObject\",\"inLanguage\":\"fr-FR\",\"@id\":\"https:\/\/arbr.fr\/wordpress\/#\/schema\/logo\/image\/\",\"url\":\"https:\/\/arbr.fr\/wordpress\/wp-content\/uploads\/2017\/03\/0.png\",\"contentUrl\":\"https:\/\/arbr.fr\/wordpress\/wp-content\/uploads\/2017\/03\/0.png\",\"width\":650,\"height\":283,\"caption\":\"ARBR\"},\"image\":{\"@id\":\"https:\/\/arbr.fr\/wordpress\/#\/schema\/logo\/image\/\"}}]}<\/script>\n<!-- \/ Yoast SEO plugin. -->","yoast_head_json":{"title":"2023 Automne - ARBR","robots":{"index":"index","follow":"follow","max-snippet":"max-snippet:-1","max-image-preview":"max-image-preview:large","max-video-preview":"max-video-preview:-1"},"canonical":"https:\/\/arbr.fr\/wordpress\/2023-automne-de-larbr\/","og_locale":"fr_FR","og_type":"article","og_title":"2023 Automne - ARBR","og_description":"Retour sur l\u2019Automne de l\u2019ARBR : 18 &amp; 19 Novembre 2023 MERCI A TOUS pour votre pr\u00e9sence malgr\u00e9 un temps maussade ! Le caf\u00e9 philo a doubl\u00e9 ses auditeurs avec un bel \u00e9change sur&#46;&#46;&#46;","og_url":"https:\/\/arbr.fr\/wordpress\/2023-automne-de-larbr\/","og_site_name":"ARBR","article_modified_time":"2024-03-21T16:22:47+00:00","og_image":[{"url":"https:\/\/arbr.fr\/wordpress\/wp-content\/uploads\/2023\/11\/2023-11-22-Montage-automne-ARBR-1024x724.jpg","type":"","width":"","height":""}],"twitter_card":"summary_large_image","twitter_misc":{"Dur\u00e9e de lecture estim\u00e9e":"2 minutes"},"schema":{"@context":"https:\/\/schema.org","@graph":[{"@type":"WebPage","@id":"https:\/\/arbr.fr\/wordpress\/2023-automne-de-larbr\/","url":"https:\/\/arbr.fr\/wordpress\/2023-automne-de-larbr\/","name":"2023 Automne - ARBR","isPartOf":{"@id":"https:\/\/arbr.fr\/wordpress\/#website"},"primaryImageOfPage":{"@id":"https:\/\/arbr.fr\/wordpress\/2023-automne-de-larbr\/#primaryimage"},"image":{"@id":"https:\/\/arbr.fr\/wordpress\/2023-automne-de-larbr\/#primaryimage"},"thumbnailUrl":"https:\/\/arbr.fr\/wordpress\/wp-content\/uploads\/2023\/11\/2023-11-22-Montage-automne-ARBR-1024x724.jpg","datePublished":"2024-02-22T12:42:39+00:00","dateModified":"2024-03-21T16:22:47+00:00","breadcrumb":{"@id":"https:\/\/arbr.fr\/wordpress\/2023-automne-de-larbr\/#breadcrumb"},"inLanguage":"fr-FR","potentialAction":[{"@type":"ReadAction","target":["https:\/\/arbr.fr\/wordpress\/2023-automne-de-larbr\/"]}]},{"@type":"ImageObject","inLanguage":"fr-FR","@id":"https:\/\/arbr.fr\/wordpress\/2023-automne-de-larbr\/#primaryimage","url":"https:\/\/arbr.fr\/wordpress\/wp-content\/uploads\/2023\/11\/2023-11-22-Montage-automne-ARBR.jpg","contentUrl":"https:\/\/arbr.fr\/wordpress\/wp-content\/uploads\/2023\/11\/2023-11-22-Montage-automne-ARBR.jpg","width":1485,"height":1050},{"@type":"BreadcrumbList","@id":"https:\/\/arbr.fr\/wordpress\/2023-automne-de-larbr\/#breadcrumb","itemListElement":[{"@type":"ListItem","position":1,"name":"Accueil","item":"https:\/\/arbr.fr\/wordpress\/"},{"@type":"ListItem","position":2,"name":"2023 Automne"}]},{"@type":"WebSite","@id":"https:\/\/arbr.fr\/wordpress\/#website","url":"https:\/\/arbr.fr\/wordpress\/","name":"ARBR","description":"Association des r\u00e9sidents du Bois Raguenet","publisher":{"@id":"https:\/\/arbr.fr\/wordpress\/#organization"},"potentialAction":[{"@type":"SearchAction","target":{"@type":"EntryPoint","urlTemplate":"https:\/\/arbr.fr\/wordpress\/?s={search_term_string}"},"query-input":{"@type":"PropertyValueSpecification","valueRequired":true,"valueName":"search_term_string"}}],"inLanguage":"fr-FR"},{"@type":"Organization","@id":"https:\/\/arbr.fr\/wordpress\/#organization","name":"ARBR","url":"https:\/\/arbr.fr\/wordpress\/","logo":{"@type":"ImageObject","inLanguage":"fr-FR","@id":"https:\/\/arbr.fr\/wordpress\/#\/schema\/logo\/image\/","url":"https:\/\/arbr.fr\/wordpress\/wp-content\/uploads\/2017\/03\/0.png","contentUrl":"https:\/\/arbr.fr\/wordpress\/wp-content\/uploads\/2017\/03\/0.png","width":650,"height":283,"caption":"ARBR"},"image":{"@id":"https:\/\/arbr.fr\/wordpress\/#\/schema\/logo\/image\/"}}]}},"_links":{"self":[{"href":"https:\/\/arbr.fr\/wordpress\/wp-json\/wp\/v2\/pages\/5569"}],"collection":[{"href":"https:\/\/arbr.fr\/wordpress\/wp-json\/wp\/v2\/pages"}],"about":[{"href":"https:\/\/arbr.fr\/wordpress\/wp-json\/wp\/v2\/types\/page"}],"author":[{"embeddable":true,"href":"https:\/\/arbr.fr\/wordpress\/wp-json\/wp\/v2\/users\/4"}],"replies":[{"embeddable":true,"href":"https:\/\/arbr.fr\/wordpress\/wp-json\/wp\/v2\/comments?post=5569"}],"version-history":[{"count":3,"href":"https:\/\/arbr.fr\/wordpress\/wp-json\/wp\/v2\/pages\/5569\/revisions"}],"predecessor-version":[{"id":5998,"href":"https:\/\/arbr.fr\/wordpress\/wp-json\/wp\/v2\/pages\/5569\/revisions\/5998"}],"wp:attachment":[{"href":"https:\/\/arbr.fr\/wordpress\/wp-json\/wp\/v2\/media?parent=5569"}],"curies":[{"name":"wp","href":"https:\/\/api.w.org\/{rel}","templated":true}]}}