{"id":549,"date":"2017-06-30T15:38:09","date_gmt":"2017-06-30T13:38:09","guid":{"rendered":"http:\/\/arbr.fr\/wordpress\/?page_id=549"},"modified":"2026-04-13T15:08:50","modified_gmt":"2026-04-13T13:08:50","slug":"accueil","status":"publish","type":"page","link":"https:\/\/arbr.fr\/wordpress\/","title":{"rendered":"ARBR \u2013 Association des R\u00e9sidents du Bois Raguenet"},"content":{"rendered":"\r\n<figure class=\"wp-block-gallery has-nested-images columns-6 is-cropped wp-block-gallery-1 is-layout-flex wp-block-gallery-is-layout-flex\">\r\n<figure class=\"wp-block-image size-full\"><a href=\"https:\/\/arbr.fr\/wordpress\/equipe\/\"><img loading=\"lazy\" decoding=\"async\" width=\"984\" height=\"690\" data-id=\"6075\" class=\"wp-image-6075\" src=\"https:\/\/arbr.fr\/wordpress\/wp-content\/uploads\/2024\/03\/ARBR-2-1.jpg\" alt=\"\" srcset=\"https:\/\/arbr.fr\/wordpress\/wp-content\/uploads\/2024\/03\/ARBR-2-1.jpg 984w, https:\/\/arbr.fr\/wordpress\/wp-content\/uploads\/2024\/03\/ARBR-2-1-300x210.jpg 300w, https:\/\/arbr.fr\/wordpress\/wp-content\/uploads\/2024\/03\/ARBR-2-1-768x539.jpg 768w\" sizes=\"(max-width: 984px) 100vw, 984px\" \/><\/a>\r\n<figcaption class=\"wp-element-caption\"><strong><mark class=\"has-inline-color has-black-color\" style=\"background-color: rgba(0, 0, 0, 0);\">L&rsquo;ASSOCIATION<\/mark><\/strong><\/figcaption>\r\n<\/figure>\r\n\r\n\r\n\r\n<figure class=\"wp-block-image size-full\"><a href=\"https:\/\/arbr.fr\/wordpress\/la-plaquette\/\"><img loading=\"lazy\" decoding=\"async\" width=\"633\" height=\"826\" data-id=\"6263\" class=\"wp-image-6263\" src=\"https:\/\/arbr.fr\/wordpress\/wp-content\/uploads\/2024\/03\/Plaquette-1.jpg\" alt=\"\" srcset=\"https:\/\/arbr.fr\/wordpress\/wp-content\/uploads\/2024\/03\/Plaquette-1.jpg 633w, https:\/\/arbr.fr\/wordpress\/wp-content\/uploads\/2024\/03\/Plaquette-1-230x300.jpg 230w\" sizes=\"(max-width: 633px) 100vw, 633px\" \/><\/a>\r\n<figcaption class=\"wp-element-caption\"><strong><mark class=\"has-inline-color has-black-color\" style=\"background-color: rgba(0, 0, 0, 0);\">PLAQUETTE<\/mark><\/strong><\/figcaption>\r\n<\/figure>\r\n\r\n\r\n\r\n<figure class=\"wp-block-image size-full\"><a href=\"https:\/\/arbr.fr\/wordpress\/activites-sportives\/\"><img loading=\"lazy\" decoding=\"async\" width=\"400\" height=\"267\" data-id=\"6074\" class=\"wp-image-6074\" src=\"https:\/\/arbr.fr\/wordpress\/wp-content\/uploads\/2024\/03\/62075333-1.jpg\" alt=\"\" srcset=\"https:\/\/arbr.fr\/wordpress\/wp-content\/uploads\/2024\/03\/62075333-1.jpg 400w, https:\/\/arbr.fr\/wordpress\/wp-content\/uploads\/2024\/03\/62075333-1-300x200.jpg 300w\" sizes=\"(max-width: 400px) 100vw, 400px\" \/><\/a>\r\n<figcaption class=\"wp-element-caption\"><strong>ACTIVIT\u00c9S SPORTIVES \/ BIEN-\u00caTRE<\/strong><\/figcaption>\r\n<\/figure>\r\n\r\n\r\n\r\n<figure class=\"wp-block-image size-full\"><a href=\"https:\/\/arbr.fr\/wordpress\/activites-artistiques-2\/\"><img loading=\"lazy\" decoding=\"async\" width=\"728\" height=\"410\" data-id=\"6076\" class=\"wp-image-6076\" src=\"https:\/\/arbr.fr\/wordpress\/wp-content\/uploads\/2024\/03\/fdba5af068bc7af26e59ebbd5de328f5-2.jpg\" alt=\"\" srcset=\"https:\/\/arbr.fr\/wordpress\/wp-content\/uploads\/2024\/03\/fdba5af068bc7af26e59ebbd5de328f5-2.jpg 728w, https:\/\/arbr.fr\/wordpress\/wp-content\/uploads\/2024\/03\/fdba5af068bc7af26e59ebbd5de328f5-2-300x169.jpg 300w\" sizes=\"(max-width: 728px) 100vw, 728px\" \/><\/a>\r\n<figcaption class=\"wp-element-caption\"><strong>ACTIVIT\u00c9S MANUELLES \/ ARTISTIQUES<\/strong><\/figcaption>\r\n<\/figure>\r\n\r\n\r\n\r\n<figure class=\"wp-block-image size-full\"><a href=\"https:\/\/arbr.fr\/wordpress\/musique\/\"><img loading=\"lazy\" decoding=\"async\" width=\"2560\" height=\"1920\" data-id=\"5807\" class=\"wp-image-5807\" src=\"https:\/\/arbr.fr\/wordpress\/wp-content\/uploads\/2024\/03\/PIANO-4-scaled.jpg\" alt=\"\" srcset=\"https:\/\/arbr.fr\/wordpress\/wp-content\/uploads\/2024\/03\/PIANO-4-scaled.jpg 2560w, https:\/\/arbr.fr\/wordpress\/wp-content\/uploads\/2024\/03\/PIANO-4-300x225.jpg 300w, https:\/\/arbr.fr\/wordpress\/wp-content\/uploads\/2024\/03\/PIANO-4-1024x768.jpg 1024w, https:\/\/arbr.fr\/wordpress\/wp-content\/uploads\/2024\/03\/PIANO-4-768x576.jpg 768w, https:\/\/arbr.fr\/wordpress\/wp-content\/uploads\/2024\/03\/PIANO-4-1536x1152.jpg 1536w, https:\/\/arbr.fr\/wordpress\/wp-content\/uploads\/2024\/03\/PIANO-4-2048x1536.jpg 2048w\" sizes=\"(max-width: 2560px) 100vw, 2560px\" \/><\/a>\r\n<figcaption class=\"wp-element-caption\"><strong>MUSIQUE<\/strong><\/figcaption>\r\n<\/figure>\r\n\r\n\r\n\r\n<figure class=\"wp-block-image size-full\"><a href=\"https:\/\/arbr.fr\/wordpress\/chorale-orvocal\/\"><img loading=\"lazy\" decoding=\"async\" width=\"718\" height=\"538\" data-id=\"6113\" class=\"wp-image-6113\" src=\"https:\/\/arbr.fr\/wordpress\/wp-content\/uploads\/2024\/03\/Orvocal.jpg\" alt=\"\" srcset=\"https:\/\/arbr.fr\/wordpress\/wp-content\/uploads\/2024\/03\/Orvocal.jpg 718w, https:\/\/arbr.fr\/wordpress\/wp-content\/uploads\/2024\/03\/Orvocal-300x225.jpg 300w\" sizes=\"(max-width: 718px) 100vw, 718px\" \/><\/a>\r\n<figcaption class=\"wp-element-caption\"><strong>CHORALE<\/strong><\/figcaption>\r\n<\/figure>\r\n\r\n\r\n\r\n<figure class=\"wp-block-image size-full\"><a href=\"https:\/\/arbr.fr\/wordpress\/theatre-la-troupe-de-larbr\/\"><img loading=\"lazy\" decoding=\"async\" width=\"276\" height=\"183\" data-id=\"5819\" class=\"wp-image-5819\" src=\"https:\/\/arbr.fr\/wordpress\/wp-content\/uploads\/2024\/03\/Theatre.jpg\" alt=\"\"><\/a>\r\n<figcaption class=\"wp-element-caption\"><strong>TH\u00c9\u00c2TRE de l&rsquo;ARBR<\/strong><\/figcaption>\r\n<\/figure>\r\n\r\n\r\n\r\n<figure class=\"wp-block-image size-large is-style-default\"><a href=\"https:\/\/arbr.fr\/wordpress\/entraide-et-partage\/\"><img loading=\"lazy\" decoding=\"async\" width=\"1024\" height=\"729\" data-id=\"5821\" class=\"wp-image-5821\" src=\"https:\/\/arbr.fr\/wordpress\/wp-content\/uploads\/2024\/03\/Entraide-solidarite--1024x729.jpg\" alt=\"\" srcset=\"https:\/\/arbr.fr\/wordpress\/wp-content\/uploads\/2024\/03\/Entraide-solidarite--1024x729.jpg 1024w, https:\/\/arbr.fr\/wordpress\/wp-content\/uploads\/2024\/03\/Entraide-solidarite--300x213.jpg 300w, https:\/\/arbr.fr\/wordpress\/wp-content\/uploads\/2024\/03\/Entraide-solidarite--768x546.jpg 768w, https:\/\/arbr.fr\/wordpress\/wp-content\/uploads\/2024\/03\/Entraide-solidarite-.jpg 1040w\" sizes=\"(max-width: 1024px) 100vw, 1024px\" \/><\/a>\r\n<figcaption class=\"wp-element-caption\"><strong><mark class=\"has-inline-color has-black-color\" style=\"background-color: rgba(0, 0, 0, 0);\">VIVRE ENSEMBLE<\/mark><\/strong><\/figcaption>\r\n<\/figure>\r\n\r\n\r\n\r\n<figure class=\"wp-block-image size-large\"><a href=\"https:\/\/arbr.fr\/wordpress\/fetes-et-evenements\/\"><img loading=\"lazy\" decoding=\"async\" width=\"1024\" height=\"1024\" data-id=\"5940\" class=\"wp-image-5940\" src=\"https:\/\/arbr.fr\/wordpress\/wp-content\/uploads\/2024\/03\/2023-06-17_0740_Z6-1024x1024.jpg\" alt=\"\" srcset=\"https:\/\/arbr.fr\/wordpress\/wp-content\/uploads\/2024\/03\/2023-06-17_0740_Z6-1024x1024.jpg 1024w, https:\/\/arbr.fr\/wordpress\/wp-content\/uploads\/2024\/03\/2023-06-17_0740_Z6-300x300.jpg 300w, https:\/\/arbr.fr\/wordpress\/wp-content\/uploads\/2024\/03\/2023-06-17_0740_Z6-150x150.jpg 150w, https:\/\/arbr.fr\/wordpress\/wp-content\/uploads\/2024\/03\/2023-06-17_0740_Z6-768x768.jpg 768w, https:\/\/arbr.fr\/wordpress\/wp-content\/uploads\/2024\/03\/2023-06-17_0740_Z6-1536x1536.jpg 1536w, https:\/\/arbr.fr\/wordpress\/wp-content\/uploads\/2024\/03\/2023-06-17_0740_Z6-2048x2048.jpg 2048w, https:\/\/arbr.fr\/wordpress\/wp-content\/uploads\/2024\/03\/2023-06-17_0740_Z6-80x80.jpg 80w, https:\/\/arbr.fr\/wordpress\/wp-content\/uploads\/2024\/03\/2023-06-17_0740_Z6-320x320.jpg 320w\" sizes=\"(max-width: 1024px) 100vw, 1024px\" \/><\/a>\r\n<figcaption class=\"wp-element-caption\"><strong>F\u00caTES de l&rsquo;ARBR-PHOTOS- EVENEMENTS<\/strong><\/figcaption>\r\n<\/figure>\r\n\r\n\r\n\r\n<figure class=\"wp-block-image size-full\"><a href=\"https:\/\/arbr.fr\/wordpress\/nos-partenaires\/\"><img loading=\"lazy\" decoding=\"async\" width=\"612\" height=\"367\" data-id=\"5902\" class=\"wp-image-5902\" src=\"https:\/\/arbr.fr\/wordpress\/wp-content\/uploads\/2024\/03\/tcheck-mains.jpg\" alt=\"\" srcset=\"https:\/\/arbr.fr\/wordpress\/wp-content\/uploads\/2024\/03\/tcheck-mains.jpg 612w, https:\/\/arbr.fr\/wordpress\/wp-content\/uploads\/2024\/03\/tcheck-mains-300x180.jpg 300w\" sizes=\"(max-width: 612px) 100vw, 612px\" \/><\/a>\r\n<figcaption class=\"wp-element-caption\"><strong><mark class=\"has-inline-color has-black-color\" style=\"background-color: rgba(0, 0, 0, 0);\">NOS PARTENAIRES<\/mark><\/strong><\/figcaption>\r\n<\/figure>\r\n\r\n\r\n\r\n<figure class=\"wp-block-image size-large\"><a href=\"https:\/\/arbr.fr\/wordpress\/journal\/\"><img loading=\"lazy\" decoding=\"async\" width=\"450\" height=\"450\" data-id=\"6227\" class=\"wp-image-6227\" src=\"https:\/\/arbr.fr\/wordpress\/wp-content\/uploads\/2024\/03\/journal.jpg\" alt=\"\" srcset=\"https:\/\/arbr.fr\/wordpress\/wp-content\/uploads\/2024\/03\/journal.jpg 450w, https:\/\/arbr.fr\/wordpress\/wp-content\/uploads\/2024\/03\/journal-300x300.jpg 300w, https:\/\/arbr.fr\/wordpress\/wp-content\/uploads\/2024\/03\/journal-150x150.jpg 150w, https:\/\/arbr.fr\/wordpress\/wp-content\/uploads\/2024\/03\/journal-80x80.jpg 80w, https:\/\/arbr.fr\/wordpress\/wp-content\/uploads\/2024\/03\/journal-320x320.jpg 320w\" sizes=\"(max-width: 450px) 100vw, 450px\" \/><\/a>\r\n<figcaption class=\"wp-element-caption\"><mark class=\"has-inline-color has-black-color\" style=\"background-color: rgba(0, 0, 0, 0);\"><strong>LE JOURNAL &amp; SES FEUILLES<br><br><br><\/strong><\/mark>&nbsp; &nbsp;&nbsp;<\/figcaption>\r\n<\/figure>\r\n<\/figure>\r\n<p>&nbsp;<\/p>\r\n<p style=\"text-align: left;\"><span style=\"text-decoration: underline;\"><span style=\"color: #ff0000;\"><strong><span style=\"font-size: 18pt;\">LES ACTUALIT\u00c9S :<\/span><\/strong><\/span><\/span><\/p>\r\n<p>&nbsp; &nbsp; &nbsp; &nbsp; &nbsp; <img loading=\"lazy\" decoding=\"async\" class=\"alignnone  wp-image-8557\" src=\"https:\/\/arbr.fr\/wordpress\/wp-content\/uploads\/2025\/02\/2025-12-Affiche-retenue-peinture-724x1024.jpg\" alt=\"\" width=\"246\" height=\"348\" srcset=\"https:\/\/arbr.fr\/wordpress\/wp-content\/uploads\/2025\/02\/2025-12-Affiche-retenue-peinture-724x1024.jpg 724w, https:\/\/arbr.fr\/wordpress\/wp-content\/uploads\/2025\/02\/2025-12-Affiche-retenue-peinture-212x300.jpg 212w, https:\/\/arbr.fr\/wordpress\/wp-content\/uploads\/2025\/02\/2025-12-Affiche-retenue-peinture-768x1086.jpg 768w, https:\/\/arbr.fr\/wordpress\/wp-content\/uploads\/2025\/02\/2025-12-Affiche-retenue-peinture-1086x1536.jpg 1086w, https:\/\/arbr.fr\/wordpress\/wp-content\/uploads\/2025\/02\/2025-12-Affiche-retenue-peinture-1448x2048.jpg 1448w, https:\/\/arbr.fr\/wordpress\/wp-content\/uploads\/2025\/02\/2025-12-Affiche-retenue-peinture.jpg 1485w\" sizes=\"(max-width: 246px) 100vw, 246px\" \/> &nbsp;<img loading=\"lazy\" decoding=\"async\" class=\"alignnone  wp-image-8578\" src=\"https:\/\/arbr.fr\/wordpress\/wp-content\/uploads\/2026\/03\/2026-03-25-Affiche-petanque-724x1024.jpg\" alt=\"\" width=\"236\" height=\"333\" srcset=\"https:\/\/arbr.fr\/wordpress\/wp-content\/uploads\/2026\/03\/2026-03-25-Affiche-petanque-724x1024.jpg 724w, https:\/\/arbr.fr\/wordpress\/wp-content\/uploads\/2026\/03\/2026-03-25-Affiche-petanque-212x300.jpg 212w, https:\/\/arbr.fr\/wordpress\/wp-content\/uploads\/2026\/03\/2026-03-25-Affiche-petanque-768x1086.jpg 768w, https:\/\/arbr.fr\/wordpress\/wp-content\/uploads\/2026\/03\/2026-03-25-Affiche-petanque.jpg 1050w\" sizes=\"(max-width: 236px) 100vw, 236px\" \/> &nbsp;<img loading=\"lazy\" decoding=\"async\" class=\"alignnone  wp-image-8577\" src=\"https:\/\/arbr.fr\/wordpress\/wp-content\/uploads\/2026\/03\/Affiche-Fresque-de-leau-ARBR-724x1024.jpg\" alt=\"\" width=\"240\" height=\"339\" srcset=\"https:\/\/arbr.fr\/wordpress\/wp-content\/uploads\/2026\/03\/Affiche-Fresque-de-leau-ARBR-724x1024.jpg 724w, https:\/\/arbr.fr\/wordpress\/wp-content\/uploads\/2026\/03\/Affiche-Fresque-de-leau-ARBR-212x300.jpg 212w, https:\/\/arbr.fr\/wordpress\/wp-content\/uploads\/2026\/03\/Affiche-Fresque-de-leau-ARBR-768x1086.jpg 768w, https:\/\/arbr.fr\/wordpress\/wp-content\/uploads\/2026\/03\/Affiche-Fresque-de-leau-ARBR-1086x1536.jpg 1086w, https:\/\/arbr.fr\/wordpress\/wp-content\/uploads\/2026\/03\/Affiche-Fresque-de-leau-ARBR-1448x2048.jpg 1448w, https:\/\/arbr.fr\/wordpress\/wp-content\/uploads\/2026\/03\/Affiche-Fresque-de-leau-ARBR.jpg 1587w\" sizes=\"(max-width: 240px) 100vw, 240px\" \/><\/p>\r\n<p>&nbsp; &nbsp; &nbsp; &nbsp; &nbsp; &nbsp;&nbsp;<\/p>\r\n\r\n\r\n\r\n<h5 style=\"text-align: center;\">&nbsp;<\/h5>\r\n<h5 style=\"text-align: center;\"><span style=\"font-size: 14pt; color: #008000;\">FERMETURE DE LA PERMANENCE&nbsp; DU 18-04-2026 au 26-04-2026<\/span><\/h5>\r\n<p style=\"text-align: left;\">&nbsp;<\/p>\r\n<p>&nbsp;<\/p>\r\n<h5 style=\"text-align: center;\">&nbsp;<\/h5>\r\n","protected":false},"excerpt":{"rendered":"","protected":false},"author":4,"featured_media":0,"parent":0,"menu_order":0,"comment_status":"closed","ping_status":"closed","template":"","meta":{"ngg_post_thumbnail":0,"footnotes":""},"class_list":["post-549","page","type-page","status-publish","hentry"],"yoast_head":"<!-- This site is optimized with the Yoast SEO plugin v24.1 - https:\/\/yoast.com\/wordpress\/plugins\/seo\/ -->\n<title>ARBR \u2013 Association des R\u00e9sidents du Bois Raguenet - ARBR<\/title>\n<meta name=\"description\" content=\"Gym, Pilates, Yoga, \u00c9cole de Danse Classique, Danse Contemporaine, \u00c9veil \u00e0 la danse\" \/>\n<meta name=\"robots\" content=\"index, follow, max-snippet:-1, max-image-preview:large, max-video-preview:-1\" \/>\n<link rel=\"canonical\" href=\"https:\/\/arbr.fr\/wordpress\/\" \/>\n<meta property=\"og:locale\" content=\"fr_FR\" \/>\n<meta property=\"og:type\" content=\"article\" \/>\n<meta property=\"og:title\" content=\"ARBR \u2013 Association des R\u00e9sidents du Bois Raguenet - ARBR\" \/>\n<meta property=\"og:description\" content=\"Gym, Pilates, Yoga, \u00c9cole de Danse Classique, Danse Contemporaine, \u00c9veil \u00e0 la danse\" \/>\n<meta property=\"og:url\" content=\"https:\/\/arbr.fr\/wordpress\/\" \/>\n<meta property=\"og:site_name\" content=\"ARBR\" \/>\n<meta property=\"article:modified_time\" content=\"2026-04-13T13:08:50+00:00\" \/>\n<meta property=\"og:image\" content=\"https:\/\/arbr.fr\/wordpress\/wp-content\/uploads\/2024\/03\/ARBR-2-1.jpg\" \/>\n\t<meta property=\"og:image:width\" content=\"984\" \/>\n\t<meta property=\"og:image:height\" content=\"690\" \/>\n\t<meta property=\"og:image:type\" content=\"image\/jpeg\" \/>\n<meta name=\"twitter:card\" content=\"summary_large_image\" \/>\n<meta name=\"twitter:label1\" content=\"Dur\u00e9e de lecture estim\u00e9e\" \/>\n\t<meta name=\"twitter:data1\" content=\"4 minutes\" \/>\n<script type=\"application\/ld+json\" class=\"yoast-schema-graph\">{\"@context\":\"https:\/\/schema.org\",\"@graph\":[{\"@type\":\"WebPage\",\"@id\":\"https:\/\/arbr.fr\/wordpress\/\",\"url\":\"https:\/\/arbr.fr\/wordpress\/\",\"name\":\"ARBR \u2013 Association des R\u00e9sidents du Bois Raguenet - ARBR\",\"isPartOf\":{\"@id\":\"https:\/\/arbr.fr\/wordpress\/#website\"},\"primaryImageOfPage\":{\"@id\":\"https:\/\/arbr.fr\/wordpress\/#primaryimage\"},\"image\":{\"@id\":\"https:\/\/arbr.fr\/wordpress\/#primaryimage\"},\"thumbnailUrl\":\"https:\/\/arbr.fr\/wordpress\/wp-content\/uploads\/2024\/03\/ARBR-2-1.jpg\",\"datePublished\":\"2017-06-30T13:38:09+00:00\",\"dateModified\":\"2026-04-13T13:08:50+00:00\",\"description\":\"Gym, Pilates, Yoga, \u00c9cole de Danse Classique, Danse Contemporaine, \u00c9veil \u00e0 la danse\",\"breadcrumb\":{\"@id\":\"https:\/\/arbr.fr\/wordpress\/#breadcrumb\"},\"inLanguage\":\"fr-FR\",\"potentialAction\":[{\"@type\":\"ReadAction\",\"target\":[\"https:\/\/arbr.fr\/wordpress\/\"]}]},{\"@type\":\"ImageObject\",\"inLanguage\":\"fr-FR\",\"@id\":\"https:\/\/arbr.fr\/wordpress\/#primaryimage\",\"url\":\"https:\/\/arbr.fr\/wordpress\/wp-content\/uploads\/2024\/03\/ARBR-2-1.jpg\",\"contentUrl\":\"https:\/\/arbr.fr\/wordpress\/wp-content\/uploads\/2024\/03\/ARBR-2-1.jpg\",\"width\":984,\"height\":690},{\"@type\":\"BreadcrumbList\",\"@id\":\"https:\/\/arbr.fr\/wordpress\/#breadcrumb\",\"itemListElement\":[{\"@type\":\"ListItem\",\"position\":1,\"name\":\"Accueil\",\"item\":\"https:\/\/arbr.fr\/wordpress\/\"},{\"@type\":\"ListItem\",\"position\":2,\"name\":\"ARBR \u2013 Association des R\u00e9sidents du Bois Raguenet\"}]},{\"@type\":\"WebSite\",\"@id\":\"https:\/\/arbr.fr\/wordpress\/#website\",\"url\":\"https:\/\/arbr.fr\/wordpress\/\",\"name\":\"ARBR\",\"description\":\"Association des r\u00e9sidents du Bois Raguenet\",\"publisher\":{\"@id\":\"https:\/\/arbr.fr\/wordpress\/#organization\"},\"potentialAction\":[{\"@type\":\"SearchAction\",\"target\":{\"@type\":\"EntryPoint\",\"urlTemplate\":\"https:\/\/arbr.fr\/wordpress\/?s={search_term_string}\"},\"query-input\":{\"@type\":\"PropertyValueSpecification\",\"valueRequired\":true,\"valueName\":\"search_term_string\"}}],\"inLanguage\":\"fr-FR\"},{\"@type\":\"Organization\",\"@id\":\"https:\/\/arbr.fr\/wordpress\/#organization\",\"name\":\"ARBR\",\"url\":\"https:\/\/arbr.fr\/wordpress\/\",\"logo\":{\"@type\":\"ImageObject\",\"inLanguage\":\"fr-FR\",\"@id\":\"https:\/\/arbr.fr\/wordpress\/#\/schema\/logo\/image\/\",\"url\":\"https:\/\/arbr.fr\/wordpress\/wp-content\/uploads\/2017\/03\/0.png\",\"contentUrl\":\"https:\/\/arbr.fr\/wordpress\/wp-content\/uploads\/2017\/03\/0.png\",\"width\":650,\"height\":283,\"caption\":\"ARBR\"},\"image\":{\"@id\":\"https:\/\/arbr.fr\/wordpress\/#\/schema\/logo\/image\/\"}}]}<\/script>\n<!-- \/ Yoast SEO plugin. -->","yoast_head_json":{"title":"ARBR \u2013 Association des R\u00e9sidents du Bois Raguenet - ARBR","description":"Gym, Pilates, Yoga, \u00c9cole de Danse Classique, Danse Contemporaine, \u00c9veil \u00e0 la danse","robots":{"index":"index","follow":"follow","max-snippet":"max-snippet:-1","max-image-preview":"max-image-preview:large","max-video-preview":"max-video-preview:-1"},"canonical":"https:\/\/arbr.fr\/wordpress\/","og_locale":"fr_FR","og_type":"article","og_title":"ARBR \u2013 Association des R\u00e9sidents du Bois Raguenet - ARBR","og_description":"Gym, Pilates, Yoga, \u00c9cole de Danse Classique, Danse Contemporaine, \u00c9veil \u00e0 la danse","og_url":"https:\/\/arbr.fr\/wordpress\/","og_site_name":"ARBR","article_modified_time":"2026-04-13T13:08:50+00:00","og_image":[{"width":984,"height":690,"url":"https:\/\/arbr.fr\/wordpress\/wp-content\/uploads\/2024\/03\/ARBR-2-1.jpg","type":"image\/jpeg"}],"twitter_card":"summary_large_image","twitter_misc":{"Dur\u00e9e de lecture estim\u00e9e":"4 minutes"},"schema":{"@context":"https:\/\/schema.org","@graph":[{"@type":"WebPage","@id":"https:\/\/arbr.fr\/wordpress\/","url":"https:\/\/arbr.fr\/wordpress\/","name":"ARBR \u2013 Association des R\u00e9sidents du Bois Raguenet - ARBR","isPartOf":{"@id":"https:\/\/arbr.fr\/wordpress\/#website"},"primaryImageOfPage":{"@id":"https:\/\/arbr.fr\/wordpress\/#primaryimage"},"image":{"@id":"https:\/\/arbr.fr\/wordpress\/#primaryimage"},"thumbnailUrl":"https:\/\/arbr.fr\/wordpress\/wp-content\/uploads\/2024\/03\/ARBR-2-1.jpg","datePublished":"2017-06-30T13:38:09+00:00","dateModified":"2026-04-13T13:08:50+00:00","description":"Gym, Pilates, Yoga, \u00c9cole de Danse Classique, Danse Contemporaine, \u00c9veil \u00e0 la danse","breadcrumb":{"@id":"https:\/\/arbr.fr\/wordpress\/#breadcrumb"},"inLanguage":"fr-FR","potentialAction":[{"@type":"ReadAction","target":["https:\/\/arbr.fr\/wordpress\/"]}]},{"@type":"ImageObject","inLanguage":"fr-FR","@id":"https:\/\/arbr.fr\/wordpress\/#primaryimage","url":"https:\/\/arbr.fr\/wordpress\/wp-content\/uploads\/2024\/03\/ARBR-2-1.jpg","contentUrl":"https:\/\/arbr.fr\/wordpress\/wp-content\/uploads\/2024\/03\/ARBR-2-1.jpg","width":984,"height":690},{"@type":"BreadcrumbList","@id":"https:\/\/arbr.fr\/wordpress\/#breadcrumb","itemListElement":[{"@type":"ListItem","position":1,"name":"Accueil","item":"https:\/\/arbr.fr\/wordpress\/"},{"@type":"ListItem","position":2,"name":"ARBR \u2013 Association des R\u00e9sidents du Bois Raguenet"}]},{"@type":"WebSite","@id":"https:\/\/arbr.fr\/wordpress\/#website","url":"https:\/\/arbr.fr\/wordpress\/","name":"ARBR","description":"Association des r\u00e9sidents du Bois Raguenet","publisher":{"@id":"https:\/\/arbr.fr\/wordpress\/#organization"},"potentialAction":[{"@type":"SearchAction","target":{"@type":"EntryPoint","urlTemplate":"https:\/\/arbr.fr\/wordpress\/?s={search_term_string}"},"query-input":{"@type":"PropertyValueSpecification","valueRequired":true,"valueName":"search_term_string"}}],"inLanguage":"fr-FR"},{"@type":"Organization","@id":"https:\/\/arbr.fr\/wordpress\/#organization","name":"ARBR","url":"https:\/\/arbr.fr\/wordpress\/","logo":{"@type":"ImageObject","inLanguage":"fr-FR","@id":"https:\/\/arbr.fr\/wordpress\/#\/schema\/logo\/image\/","url":"https:\/\/arbr.fr\/wordpress\/wp-content\/uploads\/2017\/03\/0.png","contentUrl":"https:\/\/arbr.fr\/wordpress\/wp-content\/uploads\/2017\/03\/0.png","width":650,"height":283,"caption":"ARBR"},"image":{"@id":"https:\/\/arbr.fr\/wordpress\/#\/schema\/logo\/image\/"}}]}},"_links":{"self":[{"href":"https:\/\/arbr.fr\/wordpress\/wp-json\/wp\/v2\/pages\/549"}],"collection":[{"href":"https:\/\/arbr.fr\/wordpress\/wp-json\/wp\/v2\/pages"}],"about":[{"href":"https:\/\/arbr.fr\/wordpress\/wp-json\/wp\/v2\/types\/page"}],"author":[{"embeddable":true,"href":"https:\/\/arbr.fr\/wordpress\/wp-json\/wp\/v2\/users\/4"}],"replies":[{"embeddable":true,"href":"https:\/\/arbr.fr\/wordpress\/wp-json\/wp\/v2\/comments?post=549"}],"version-history":[{"count":1285,"href":"https:\/\/arbr.fr\/wordpress\/wp-json\/wp\/v2\/pages\/549\/revisions"}],"predecessor-version":[{"id":8654,"href":"https:\/\/arbr.fr\/wordpress\/wp-json\/wp\/v2\/pages\/549\/revisions\/8654"}],"wp:attachment":[{"href":"https:\/\/arbr.fr\/wordpress\/wp-json\/wp\/v2\/media?parent=549"}],"curies":[{"name":"wp","href":"https:\/\/api.w.org\/{rel}","templated":true}]}}