{"id":5160,"date":"2023-11-14T15:29:29","date_gmt":"2023-11-14T14:29:29","guid":{"rendered":"https:\/\/arbr.fr\/wordpress\/?page_id=5160"},"modified":"2026-04-13T15:07:39","modified_gmt":"2026-04-13T13:07:39","slug":"larbr-vous-propose","status":"publish","type":"page","link":"https:\/\/arbr.fr\/wordpress\/larbr-vous-propose\/","title":{"rendered":"L&rsquo;ARBR vous propose&#8230;"},"content":{"rendered":"<h4><span style=\"font-size: 14pt; color: #0000ff;\"><img loading=\"lazy\" decoding=\"async\" class=\"alignnone wp-image-8651\" src=\"https:\/\/arbr.fr\/wordpress\/wp-content\/uploads\/2026\/04\/2026-04-13-Loto-OSTT.jpg\" alt=\"\" width=\"420\" height=\"592\" srcset=\"https:\/\/arbr.fr\/wordpress\/wp-content\/uploads\/2026\/04\/2026-04-13-Loto-OSTT.jpg 561w, https:\/\/arbr.fr\/wordpress\/wp-content\/uploads\/2026\/04\/2026-04-13-Loto-OSTT-213x300.jpg 213w\" sizes=\"(max-width: 420px) 100vw, 420px\" \/><\/span><\/h4>\n<h4><span style=\"font-size: 14pt; color: #800000;\">* CINEMA:<\/span><\/h4>\n<p><img loading=\"lazy\" decoding=\"async\" class=\"alignnone wp-image-8554\" src=\"https:\/\/arbr.fr\/wordpress\/wp-content\/uploads\/2026\/03\/2026-03-a-04-Affiche-Flyer-VF3-small-724x1024.png\" alt=\"\" width=\"460\" height=\"651\" srcset=\"https:\/\/arbr.fr\/wordpress\/wp-content\/uploads\/2026\/03\/2026-03-a-04-Affiche-Flyer-VF3-small-724x1024.png 724w, https:\/\/arbr.fr\/wordpress\/wp-content\/uploads\/2026\/03\/2026-03-a-04-Affiche-Flyer-VF3-small-212x300.png 212w, https:\/\/arbr.fr\/wordpress\/wp-content\/uploads\/2026\/03\/2026-03-a-04-Affiche-Flyer-VF3-small.png 756w\" sizes=\"(max-width: 460px) 100vw, 460px\" \/><\/p>\n<p><strong><span style=\"font-size: 14pt; color: #008000;\">* TH\u00c9\u00c2TRE 1 :&nbsp;<\/span><\/strong><\/p>\n<p><img loading=\"lazy\" decoding=\"async\" class=\" wp-image-8631\" src=\"https:\/\/arbr.fr\/wordpress\/wp-content\/uploads\/2026\/04\/2Hcomedie-2.jpg\" alt=\"\" width=\"251\" height=\"210\" srcset=\"https:\/\/arbr.fr\/wordpress\/wp-content\/uploads\/2026\/04\/2Hcomedie-2.jpg 523w, https:\/\/arbr.fr\/wordpress\/wp-content\/uploads\/2026\/04\/2Hcomedie-2-300x252.jpg 300w\" sizes=\"(max-width: 251px) 100vw, 251px\" \/><\/p>\n<p><img loading=\"lazy\" decoding=\"async\" class=\" wp-image-8632\" src=\"https:\/\/arbr.fr\/wordpress\/wp-content\/uploads\/2026\/04\/2Hcomedie.jpg\" alt=\"\" width=\"242\" height=\"190\" srcset=\"https:\/\/arbr.fr\/wordpress\/wp-content\/uploads\/2026\/04\/2Hcomedie.jpg 601w, https:\/\/arbr.fr\/wordpress\/wp-content\/uploads\/2026\/04\/2Hcomedie-300x236.jpg 300w\" sizes=\"(max-width: 242px) 100vw, 242px\" \/><\/p>\n<p><strong>* TH\u00c9\u00c2TRE 2 :&nbsp;<\/strong><\/p>\n<p><img loading=\"lazy\" decoding=\"async\" class=\"alignnone wp-image-8570\" src=\"https:\/\/arbr.fr\/wordpress\/wp-content\/uploads\/2026\/03\/2026-03bnSamuse-comedie.png\" alt=\"\" width=\"714\" height=\"354\" srcset=\"https:\/\/arbr.fr\/wordpress\/wp-content\/uploads\/2026\/03\/2026-03bnSamuse-comedie.png 952w, https:\/\/arbr.fr\/wordpress\/wp-content\/uploads\/2026\/03\/2026-03bnSamuse-comedie-300x149.png 300w, https:\/\/arbr.fr\/wordpress\/wp-content\/uploads\/2026\/03\/2026-03bnSamuse-comedie-768x381.png 768w\" sizes=\"(max-width: 714px) 100vw, 714px\" \/><\/p>\n<p>La troupe de th\u00e9\u00e2tre amateur Samuse Com\u00e9die a le plaisir de vous pr\u00e9senter sa com\u00e9die pour 2026.<\/p>\n<p>D&rsquo;apr\u00e8s une pi\u00e8ce de Isabelle Oheix, mise en sc\u00e8ne Laurence Bernard.<\/p>\n<p>Th\u00e9atre de la Gobini\u00e8re &#8211;&nbsp;<a href=\"https:\/\/www.google.fr\/maps\/place\/Th%C3%A9%C3%A2tre+de+la+Gobini%C3%A8re\/@47.2493761,-1.5878189,17z\/data=!3m1!4b1!4m6!3m5!1s0x4805edb6b6402353:0xb0a65f32742844e3!8m2!3d47.2493761!4d-1.585244!16s%2Fg%2F1v_nbx1w?entry=ttu\">37 rue de la Ferri\u00e8re &#8211; ORVAULT<\/a><\/p>\n<p><strong>Vendredi 10 avril 20H30 &#8211; Samedi 11 avril 20H30 &#8211; Dimanche 12 avril 15H<\/strong><\/p>\n<p>R\u00e9servation :&nbsp;<\/p>\n<ul>\n<li>par web :&nbsp;<a href=\"https:\/\/www.billetweb.fr\/sitcom1\">Billet web<\/a><\/li>\n<li>par t\u00e9l\u00e9phone : au 0631268388<\/li>\n<\/ul>\n<p>&nbsp;&nbsp;<strong><span style=\"color: #0000ff; font-size: 14pt;\">* PROGRAMME ENCHANFANTINES:<\/span><\/strong><\/p>\n<p><img loading=\"lazy\" decoding=\"async\" class=\"alignnone wp-image-8553\" src=\"https:\/\/arbr.fr\/wordpress\/wp-content\/uploads\/2026\/03\/2026-03-enchanfantine.png\" alt=\"\" width=\"609\" height=\"864\" srcset=\"https:\/\/arbr.fr\/wordpress\/wp-content\/uploads\/2026\/03\/2026-03-enchanfantine.png 651w, https:\/\/arbr.fr\/wordpress\/wp-content\/uploads\/2026\/03\/2026-03-enchanfantine-211x300.png 211w\" sizes=\"(max-width: 609px) 100vw, 609px\" \/><\/p>\n<p><span style=\"font-size: 14pt; color: #ff6600;\"><strong>* CONCERTS :<\/strong><\/span><\/p>\n<p><img loading=\"lazy\" decoding=\"async\" class=\"alignnone wp-image-8568\" src=\"https:\/\/arbr.fr\/wordpress\/wp-content\/uploads\/2026\/03\/Affiche-concerts-EMIOL-2026-724x1024.jpg\" alt=\"\" width=\"504\" height=\"713\" srcset=\"https:\/\/arbr.fr\/wordpress\/wp-content\/uploads\/2026\/03\/Affiche-concerts-EMIOL-2026-724x1024.jpg 724w, https:\/\/arbr.fr\/wordpress\/wp-content\/uploads\/2026\/03\/Affiche-concerts-EMIOL-2026-212x300.jpg 212w, https:\/\/arbr.fr\/wordpress\/wp-content\/uploads\/2026\/03\/Affiche-concerts-EMIOL-2026-768x1086.jpg 768w, https:\/\/arbr.fr\/wordpress\/wp-content\/uploads\/2026\/03\/Affiche-concerts-EMIOL-2026-1086x1536.jpg 1086w, https:\/\/arbr.fr\/wordpress\/wp-content\/uploads\/2026\/03\/Affiche-concerts-EMIOL-2026-1448x2048.jpg 1448w, https:\/\/arbr.fr\/wordpress\/wp-content\/uploads\/2026\/03\/Affiche-concerts-EMIOL-2026-scaled.jpg 1810w\" sizes=\"(max-width: 504px) 100vw, 504px\" \/><\/p>\n<p><span style=\"color: #ff00ff; font-size: 14pt;\"><strong>* Association ORVAULT d<\/strong><\/span><span style=\"color: #ff00ff; font-size: 14pt;\"><strong>ans le bon cens:<\/strong><\/span><\/p>\n<p><img loading=\"lazy\" decoding=\"async\" class=\" wp-image-8132\" src=\"https:\/\/arbr.fr\/wordpress\/wp-content\/uploads\/2025\/10\/Orvault-dans-le-bon-cens-731x1024.jpg\" alt=\"\" width=\"372\" height=\"521\" srcset=\"https:\/\/arbr.fr\/wordpress\/wp-content\/uploads\/2025\/10\/Orvault-dans-le-bon-cens-731x1024.jpg 731w, https:\/\/arbr.fr\/wordpress\/wp-content\/uploads\/2025\/10\/Orvault-dans-le-bon-cens-214x300.jpg 214w, https:\/\/arbr.fr\/wordpress\/wp-content\/uploads\/2025\/10\/Orvault-dans-le-bon-cens-768x1076.jpg 768w, https:\/\/arbr.fr\/wordpress\/wp-content\/uploads\/2025\/10\/Orvault-dans-le-bon-cens-1096x1536.jpg 1096w, https:\/\/arbr.fr\/wordpress\/wp-content\/uploads\/2025\/10\/Orvault-dans-le-bon-cens.jpg 1124w\" sizes=\"(max-width: 372px) 100vw, 372px\" \/><\/p>\n<p><img loading=\"lazy\" decoding=\"async\" class=\" wp-image-8133\" src=\"https:\/\/arbr.fr\/wordpress\/wp-content\/uploads\/2025\/10\/Orvault-dans-le-bon-cens-2-722x1024.jpg\" alt=\"\" width=\"395\" height=\"561\" srcset=\"https:\/\/arbr.fr\/wordpress\/wp-content\/uploads\/2025\/10\/Orvault-dans-le-bon-cens-2-722x1024.jpg 722w, https:\/\/arbr.fr\/wordpress\/wp-content\/uploads\/2025\/10\/Orvault-dans-le-bon-cens-2-211x300.jpg 211w, https:\/\/arbr.fr\/wordpress\/wp-content\/uploads\/2025\/10\/Orvault-dans-le-bon-cens-2-768x1090.jpg 768w, https:\/\/arbr.fr\/wordpress\/wp-content\/uploads\/2025\/10\/Orvault-dans-le-bon-cens-2-1083x1536.jpg 1083w, https:\/\/arbr.fr\/wordpress\/wp-content\/uploads\/2025\/10\/Orvault-dans-le-bon-cens-2.jpg 1165w\" sizes=\"(max-width: 395px) 100vw, 395px\" \/><\/p>\n<p><span style=\"color: #800080; font-size: 14pt;\">* CONF\u00c9RENCES D&rsquo;HISTOIRE DE L&rsquo;ART:<\/span><\/p>\n<p><img loading=\"lazy\" decoding=\"async\" class=\" wp-image-8042\" src=\"https:\/\/arbr.fr\/wordpress\/wp-content\/uploads\/2025\/08\/Affiche-peinture-1-723x1024.jpg\" alt=\"\" width=\"394\" height=\"558\" srcset=\"https:\/\/arbr.fr\/wordpress\/wp-content\/uploads\/2025\/08\/Affiche-peinture-1-723x1024.jpg 723w, https:\/\/arbr.fr\/wordpress\/wp-content\/uploads\/2025\/08\/Affiche-peinture-1-212x300.jpg 212w, https:\/\/arbr.fr\/wordpress\/wp-content\/uploads\/2025\/08\/Affiche-peinture-1-768x1088.jpg 768w, https:\/\/arbr.fr\/wordpress\/wp-content\/uploads\/2025\/08\/Affiche-peinture-1.jpg 814w\" sizes=\"(max-width: 394px) 100vw, 394px\" \/><\/p>\n<div id=\"attachment_8043\" style=\"width: 320px\" class=\"wp-caption alignnone\"><img loading=\"lazy\" decoding=\"async\" aria-describedby=\"caption-attachment-8043\" class=\" wp-image-8043\" src=\"https:\/\/arbr.fr\/wordpress\/wp-content\/uploads\/2025\/08\/Epson_1-716x1024.jpg\" alt=\"\" width=\"310\" height=\"444\" srcset=\"https:\/\/arbr.fr\/wordpress\/wp-content\/uploads\/2025\/08\/Epson_1-716x1024.jpg 716w, https:\/\/arbr.fr\/wordpress\/wp-content\/uploads\/2025\/08\/Epson_1-210x300.jpg 210w, https:\/\/arbr.fr\/wordpress\/wp-content\/uploads\/2025\/08\/Epson_1-768x1099.jpg 768w, https:\/\/arbr.fr\/wordpress\/wp-content\/uploads\/2025\/08\/Epson_1.jpg 808w\" sizes=\"(max-width: 310px) 100vw, 310px\" \/><p id=\"caption-attachment-8043\" class=\"wp-caption-text\">EPSON MFP image<\/p><\/div>\n<p><strong><span style=\"font-size: 14pt; color: #ff6600;\">*&nbsp; A.R.O. : <\/span><\/strong><strong><span style=\"font-size: 14pt; color: #ff6600;\"><br \/>\n<\/span><\/strong><\/p>\n<p><img loading=\"lazy\" decoding=\"async\" class=\"alignnone size-full wp-image-8283\" src=\"https:\/\/arbr.fr\/wordpress\/wp-content\/uploads\/2025\/11\/2025-11-26-ARO-st-Herblain.jpg\" alt=\"\" width=\"449\" height=\"636\" srcset=\"https:\/\/arbr.fr\/wordpress\/wp-content\/uploads\/2025\/11\/2025-11-26-ARO-st-Herblain.jpg 449w, https:\/\/arbr.fr\/wordpress\/wp-content\/uploads\/2025\/11\/2025-11-26-ARO-st-Herblain-212x300.jpg 212w\" sizes=\"(max-width: 449px) 100vw, 449px\" \/><\/p>\n<p><a href=\"https:\/\/atlantic-recorder-orchestra.fr\">https:\/\/atlantic-recorder-orchestra.fr<\/a><\/p>\n<p>&nbsp;<\/p>\n<p>&nbsp;<\/p>\n<p>&nbsp;&nbsp;&nbsp;<\/p>\n<p>&nbsp;<\/p>\n<p>&nbsp;<\/p>\n<p>&nbsp;&nbsp;&nbsp;&nbsp;<\/p>\n<p>&nbsp;<\/p>\n<p><strong><span style=\"color: #993300; font-size: 14pt;\">&nbsp;<\/span><\/strong><\/p>\n<p>&nbsp;<\/p>\n<p><!-- \/wp:tadv\/classic-paragraph --><\/p>\n","protected":false},"excerpt":{"rendered":"<p>* CINEMA: * TH\u00c9\u00c2TRE 1 :&nbsp; * TH\u00c9\u00c2TRE 2 :&nbsp; La troupe de th\u00e9\u00e2tre amateur Samuse Com\u00e9die a le plaisir de vous pr\u00e9senter sa com\u00e9die pour 2026. D&rsquo;apr\u00e8s une pi\u00e8ce de Isabelle Oheix, mise&#46;&#46;&#46;<\/p>\n","protected":false},"author":4,"featured_media":0,"parent":0,"menu_order":0,"comment_status":"closed","ping_status":"closed","template":"","meta":{"ngg_post_thumbnail":0,"footnotes":""},"class_list":["post-5160","page","type-page","status-publish","hentry"],"yoast_head":"<!-- This site is optimized with the Yoast SEO plugin v24.1 - https:\/\/yoast.com\/wordpress\/plugins\/seo\/ -->\n<title>L&#039;ARBR vous propose... - ARBR<\/title>\n<meta name=\"robots\" content=\"index, follow, max-snippet:-1, max-image-preview:large, max-video-preview:-1\" \/>\n<link rel=\"canonical\" href=\"https:\/\/arbr.fr\/wordpress\/larbr-vous-propose\/\" \/>\n<meta property=\"og:locale\" content=\"fr_FR\" \/>\n<meta property=\"og:type\" content=\"article\" \/>\n<meta property=\"og:title\" content=\"L&#039;ARBR vous propose... - ARBR\" \/>\n<meta property=\"og:description\" content=\"* CINEMA: * TH\u00c9\u00c2TRE 1 :&nbsp; * TH\u00c9\u00c2TRE 2 :&nbsp; La troupe de th\u00e9\u00e2tre amateur Samuse Com\u00e9die a le plaisir de vous pr\u00e9senter sa com\u00e9die pour 2026. D&rsquo;apr\u00e8s une pi\u00e8ce de Isabelle Oheix, mise&#046;&#046;&#046;\" \/>\n<meta property=\"og:url\" content=\"https:\/\/arbr.fr\/wordpress\/larbr-vous-propose\/\" \/>\n<meta property=\"og:site_name\" content=\"ARBR\" \/>\n<meta property=\"article:modified_time\" content=\"2026-04-13T13:07:39+00:00\" \/>\n<meta property=\"og:image\" content=\"https:\/\/arbr.fr\/wordpress\/wp-content\/uploads\/2026\/04\/2026-04-13-Loto-OSTT.jpg\" \/>\n\t<meta property=\"og:image:width\" content=\"561\" \/>\n\t<meta property=\"og:image:height\" content=\"790\" \/>\n\t<meta property=\"og:image:type\" content=\"image\/jpeg\" \/>\n<meta name=\"twitter:card\" content=\"summary_large_image\" \/>\n<meta name=\"twitter:label1\" content=\"Dur\u00e9e de lecture estim\u00e9e\" \/>\n\t<meta name=\"twitter:data1\" content=\"3 minutes\" \/>\n<script type=\"application\/ld+json\" class=\"yoast-schema-graph\">{\"@context\":\"https:\/\/schema.org\",\"@graph\":[{\"@type\":\"WebPage\",\"@id\":\"https:\/\/arbr.fr\/wordpress\/larbr-vous-propose\/\",\"url\":\"https:\/\/arbr.fr\/wordpress\/larbr-vous-propose\/\",\"name\":\"L'ARBR vous propose... - ARBR\",\"isPartOf\":{\"@id\":\"https:\/\/arbr.fr\/wordpress\/#website\"},\"primaryImageOfPage\":{\"@id\":\"https:\/\/arbr.fr\/wordpress\/larbr-vous-propose\/#primaryimage\"},\"image\":{\"@id\":\"https:\/\/arbr.fr\/wordpress\/larbr-vous-propose\/#primaryimage\"},\"thumbnailUrl\":\"https:\/\/arbr.fr\/wordpress\/wp-content\/uploads\/2026\/04\/2026-04-13-Loto-OSTT.jpg\",\"datePublished\":\"2023-11-14T14:29:29+00:00\",\"dateModified\":\"2026-04-13T13:07:39+00:00\",\"breadcrumb\":{\"@id\":\"https:\/\/arbr.fr\/wordpress\/larbr-vous-propose\/#breadcrumb\"},\"inLanguage\":\"fr-FR\",\"potentialAction\":[{\"@type\":\"ReadAction\",\"target\":[\"https:\/\/arbr.fr\/wordpress\/larbr-vous-propose\/\"]}]},{\"@type\":\"ImageObject\",\"inLanguage\":\"fr-FR\",\"@id\":\"https:\/\/arbr.fr\/wordpress\/larbr-vous-propose\/#primaryimage\",\"url\":\"https:\/\/arbr.fr\/wordpress\/wp-content\/uploads\/2026\/04\/2026-04-13-Loto-OSTT.jpg\",\"contentUrl\":\"https:\/\/arbr.fr\/wordpress\/wp-content\/uploads\/2026\/04\/2026-04-13-Loto-OSTT.jpg\",\"width\":561,\"height\":790},{\"@type\":\"BreadcrumbList\",\"@id\":\"https:\/\/arbr.fr\/wordpress\/larbr-vous-propose\/#breadcrumb\",\"itemListElement\":[{\"@type\":\"ListItem\",\"position\":1,\"name\":\"Accueil\",\"item\":\"https:\/\/arbr.fr\/wordpress\/\"},{\"@type\":\"ListItem\",\"position\":2,\"name\":\"L&rsquo;ARBR vous propose&#8230;\"}]},{\"@type\":\"WebSite\",\"@id\":\"https:\/\/arbr.fr\/wordpress\/#website\",\"url\":\"https:\/\/arbr.fr\/wordpress\/\",\"name\":\"ARBR\",\"description\":\"Association des r\u00e9sidents du Bois Raguenet\",\"publisher\":{\"@id\":\"https:\/\/arbr.fr\/wordpress\/#organization\"},\"potentialAction\":[{\"@type\":\"SearchAction\",\"target\":{\"@type\":\"EntryPoint\",\"urlTemplate\":\"https:\/\/arbr.fr\/wordpress\/?s={search_term_string}\"},\"query-input\":{\"@type\":\"PropertyValueSpecification\",\"valueRequired\":true,\"valueName\":\"search_term_string\"}}],\"inLanguage\":\"fr-FR\"},{\"@type\":\"Organization\",\"@id\":\"https:\/\/arbr.fr\/wordpress\/#organization\",\"name\":\"ARBR\",\"url\":\"https:\/\/arbr.fr\/wordpress\/\",\"logo\":{\"@type\":\"ImageObject\",\"inLanguage\":\"fr-FR\",\"@id\":\"https:\/\/arbr.fr\/wordpress\/#\/schema\/logo\/image\/\",\"url\":\"https:\/\/arbr.fr\/wordpress\/wp-content\/uploads\/2017\/03\/0.png\",\"contentUrl\":\"https:\/\/arbr.fr\/wordpress\/wp-content\/uploads\/2017\/03\/0.png\",\"width\":650,\"height\":283,\"caption\":\"ARBR\"},\"image\":{\"@id\":\"https:\/\/arbr.fr\/wordpress\/#\/schema\/logo\/image\/\"}}]}<\/script>\n<!-- \/ Yoast SEO plugin. -->","yoast_head_json":{"title":"L'ARBR vous propose... - ARBR","robots":{"index":"index","follow":"follow","max-snippet":"max-snippet:-1","max-image-preview":"max-image-preview:large","max-video-preview":"max-video-preview:-1"},"canonical":"https:\/\/arbr.fr\/wordpress\/larbr-vous-propose\/","og_locale":"fr_FR","og_type":"article","og_title":"L'ARBR vous propose... - ARBR","og_description":"* CINEMA: * TH\u00c9\u00c2TRE 1 :&nbsp; * TH\u00c9\u00c2TRE 2 :&nbsp; La troupe de th\u00e9\u00e2tre amateur Samuse Com\u00e9die a le plaisir de vous pr\u00e9senter sa com\u00e9die pour 2026. D&rsquo;apr\u00e8s une pi\u00e8ce de Isabelle Oheix, mise&#46;&#46;&#46;","og_url":"https:\/\/arbr.fr\/wordpress\/larbr-vous-propose\/","og_site_name":"ARBR","article_modified_time":"2026-04-13T13:07:39+00:00","og_image":[{"width":561,"height":790,"url":"https:\/\/arbr.fr\/wordpress\/wp-content\/uploads\/2026\/04\/2026-04-13-Loto-OSTT.jpg","type":"image\/jpeg"}],"twitter_card":"summary_large_image","twitter_misc":{"Dur\u00e9e de lecture estim\u00e9e":"3 minutes"},"schema":{"@context":"https:\/\/schema.org","@graph":[{"@type":"WebPage","@id":"https:\/\/arbr.fr\/wordpress\/larbr-vous-propose\/","url":"https:\/\/arbr.fr\/wordpress\/larbr-vous-propose\/","name":"L'ARBR vous propose... - ARBR","isPartOf":{"@id":"https:\/\/arbr.fr\/wordpress\/#website"},"primaryImageOfPage":{"@id":"https:\/\/arbr.fr\/wordpress\/larbr-vous-propose\/#primaryimage"},"image":{"@id":"https:\/\/arbr.fr\/wordpress\/larbr-vous-propose\/#primaryimage"},"thumbnailUrl":"https:\/\/arbr.fr\/wordpress\/wp-content\/uploads\/2026\/04\/2026-04-13-Loto-OSTT.jpg","datePublished":"2023-11-14T14:29:29+00:00","dateModified":"2026-04-13T13:07:39+00:00","breadcrumb":{"@id":"https:\/\/arbr.fr\/wordpress\/larbr-vous-propose\/#breadcrumb"},"inLanguage":"fr-FR","potentialAction":[{"@type":"ReadAction","target":["https:\/\/arbr.fr\/wordpress\/larbr-vous-propose\/"]}]},{"@type":"ImageObject","inLanguage":"fr-FR","@id":"https:\/\/arbr.fr\/wordpress\/larbr-vous-propose\/#primaryimage","url":"https:\/\/arbr.fr\/wordpress\/wp-content\/uploads\/2026\/04\/2026-04-13-Loto-OSTT.jpg","contentUrl":"https:\/\/arbr.fr\/wordpress\/wp-content\/uploads\/2026\/04\/2026-04-13-Loto-OSTT.jpg","width":561,"height":790},{"@type":"BreadcrumbList","@id":"https:\/\/arbr.fr\/wordpress\/larbr-vous-propose\/#breadcrumb","itemListElement":[{"@type":"ListItem","position":1,"name":"Accueil","item":"https:\/\/arbr.fr\/wordpress\/"},{"@type":"ListItem","position":2,"name":"L&rsquo;ARBR vous propose&#8230;"}]},{"@type":"WebSite","@id":"https:\/\/arbr.fr\/wordpress\/#website","url":"https:\/\/arbr.fr\/wordpress\/","name":"ARBR","description":"Association des r\u00e9sidents du Bois Raguenet","publisher":{"@id":"https:\/\/arbr.fr\/wordpress\/#organization"},"potentialAction":[{"@type":"SearchAction","target":{"@type":"EntryPoint","urlTemplate":"https:\/\/arbr.fr\/wordpress\/?s={search_term_string}"},"query-input":{"@type":"PropertyValueSpecification","valueRequired":true,"valueName":"search_term_string"}}],"inLanguage":"fr-FR"},{"@type":"Organization","@id":"https:\/\/arbr.fr\/wordpress\/#organization","name":"ARBR","url":"https:\/\/arbr.fr\/wordpress\/","logo":{"@type":"ImageObject","inLanguage":"fr-FR","@id":"https:\/\/arbr.fr\/wordpress\/#\/schema\/logo\/image\/","url":"https:\/\/arbr.fr\/wordpress\/wp-content\/uploads\/2017\/03\/0.png","contentUrl":"https:\/\/arbr.fr\/wordpress\/wp-content\/uploads\/2017\/03\/0.png","width":650,"height":283,"caption":"ARBR"},"image":{"@id":"https:\/\/arbr.fr\/wordpress\/#\/schema\/logo\/image\/"}}]}},"_links":{"self":[{"href":"https:\/\/arbr.fr\/wordpress\/wp-json\/wp\/v2\/pages\/5160"}],"collection":[{"href":"https:\/\/arbr.fr\/wordpress\/wp-json\/wp\/v2\/pages"}],"about":[{"href":"https:\/\/arbr.fr\/wordpress\/wp-json\/wp\/v2\/types\/page"}],"author":[{"embeddable":true,"href":"https:\/\/arbr.fr\/wordpress\/wp-json\/wp\/v2\/users\/4"}],"replies":[{"embeddable":true,"href":"https:\/\/arbr.fr\/wordpress\/wp-json\/wp\/v2\/comments?post=5160"}],"version-history":[{"count":98,"href":"https:\/\/arbr.fr\/wordpress\/wp-json\/wp\/v2\/pages\/5160\/revisions"}],"predecessor-version":[{"id":8653,"href":"https:\/\/arbr.fr\/wordpress\/wp-json\/wp\/v2\/pages\/5160\/revisions\/8653"}],"wp:attachment":[{"href":"https:\/\/arbr.fr\/wordpress\/wp-json\/wp\/v2\/media?parent=5160"}],"curies":[{"name":"wp","href":"https:\/\/api.w.org\/{rel}","templated":true}]}}