{"id":4629,"date":"2023-07-11T17:25:07","date_gmt":"2023-07-11T15:25:07","guid":{"rendered":"https:\/\/arbr.fr\/wordpress\/?page_id=4629"},"modified":"2025-06-18T09:49:05","modified_gmt":"2025-06-18T07:49:05","slug":"vivre-ensemble-couture-papotage","status":"publish","type":"page","link":"https:\/\/arbr.fr\/wordpress\/vivre-ensemble-couture-papotage\/","title":{"rendered":"Couture &#8211; papotage"},"content":{"rendered":"<p><strong>Nouveaux Contacts<\/strong>&nbsp; :&nbsp; <strong>Nicole JEAN<\/strong> : 06 41 11 76 90 &#8211; <span style=\"color: #0000ff;\">nicole.jean44000@gmail.com<\/span><\/p>\n<p>&nbsp;&nbsp;&nbsp;&nbsp;&nbsp;&nbsp;&nbsp;&nbsp;&nbsp;&nbsp;&nbsp;&nbsp;&nbsp;&nbsp;&nbsp;&nbsp;&nbsp;&nbsp;&nbsp;&nbsp;&nbsp;&nbsp;&nbsp;&nbsp;&nbsp;&nbsp;&nbsp;&nbsp;&nbsp;&nbsp;&nbsp;&nbsp;&nbsp;&nbsp; et <strong>Annick LAILLET<\/strong> : 02 40 63 04 09<\/p>\n<p>Couture et papotage pour tous les \u00e2ges, tous les niveaux : un samedi matin par mois suivant planning de 9h30 \u00e0 11h30, salle S\u00e9quoia, Ferme Poisson<\/p>\n<p><strong>&nbsp;&nbsp; Dates \u00e0 venir dans les \u00ab&nbsp;Prochains \u00e9v\u00e8nements&nbsp;\u00bb \u00e0 droite de la page.<br \/>\n<\/strong><\/p>\n<p><span style=\"color: #ff00ff; font-size: 14pt;\"><strong>PLANNING 2025-2026 : <\/strong><\/span>Les samedis 20 septembre, 11 octobre, 22 novembre, 13 d\u00e9cembre 2025<\/p>\n<p>et les samedis 17 janvier, 07 f\u00e9vrier, 14 mars, 04 avril, 09 mai et 06 juin 2026.<\/p>\n<p><em>Ces dates sont susceptible de changer suivant certaines contraintes. <\/em><\/p>\n<p>&nbsp;&nbsp;&nbsp;&nbsp;&nbsp;&nbsp; <img loading=\"lazy\" decoding=\"async\" class=\"alignnone wp-image-6926\" src=\"https:\/\/arbr.fr\/wordpress\/wp-content\/uploads\/2024\/10\/IMG_5075-1024x768.jpg\" alt=\"\" width=\"402\" height=\"302\" srcset=\"https:\/\/arbr.fr\/wordpress\/wp-content\/uploads\/2024\/10\/IMG_5075-1024x768.jpg 1024w, https:\/\/arbr.fr\/wordpress\/wp-content\/uploads\/2024\/10\/IMG_5075-300x225.jpg 300w, https:\/\/arbr.fr\/wordpress\/wp-content\/uploads\/2024\/10\/IMG_5075-768x576.jpg 768w, https:\/\/arbr.fr\/wordpress\/wp-content\/uploads\/2024\/10\/IMG_5075-1536x1152.jpg 1536w, https:\/\/arbr.fr\/wordpress\/wp-content\/uploads\/2024\/10\/IMG_5075.jpg 2016w\" sizes=\"(max-width: 402px) 100vw, 402px\" \/> &nbsp;&nbsp;&nbsp;&nbsp; <img loading=\"lazy\" decoding=\"async\" class=\"alignnone wp-image-4631\" src=\"https:\/\/arbr.fr\/wordpress\/wp-content\/uploads\/2023\/07\/ob_1b685f_couture-tricot1-col.png\" alt=\"\" width=\"332\" height=\"209\" srcset=\"https:\/\/arbr.fr\/wordpress\/wp-content\/uploads\/2023\/07\/ob_1b685f_couture-tricot1-col.png 761w, https:\/\/arbr.fr\/wordpress\/wp-content\/uploads\/2023\/07\/ob_1b685f_couture-tricot1-col-300x189.png 300w\" sizes=\"(max-width: 332px) 100vw, 332px\" \/><\/p>\n<p><strong>N.B.<\/strong> \u2013&nbsp;<em>Pour participer \u00e0 l&rsquo;activit\u00e9 : <strong>\u00eatre adh\u00e9rent<\/strong> \u00e0 l&rsquo;association et <strong>s&rsquo;inscrire<\/strong> aupr\u00e8s des l&rsquo;intervenantes ou de la permanence.<\/em><\/p>\n<p>Nombre de place limit\u00e9.<\/p>\n","protected":false},"excerpt":{"rendered":"<p>Nouveaux Contacts&nbsp; :&nbsp; Nicole JEAN : 06 41 11 76 90 &#8211; nicole.jean44000@gmail.com &nbsp;&nbsp;&nbsp;&nbsp;&nbsp;&nbsp;&nbsp;&nbsp;&nbsp;&nbsp;&nbsp;&nbsp;&nbsp;&nbsp;&nbsp;&nbsp;&nbsp;&nbsp;&nbsp;&nbsp;&nbsp;&nbsp;&nbsp;&nbsp;&nbsp;&nbsp;&nbsp;&nbsp;&nbsp;&nbsp;&nbsp;&nbsp;&nbsp;&nbsp; et Annick LAILLET : 02 40 63 04 09 Couture et papotage pour tous les \u00e2ges, tous les niveaux :&#46;&#46;&#46;<\/p>\n","protected":false},"author":4,"featured_media":0,"parent":0,"menu_order":0,"comment_status":"closed","ping_status":"closed","template":"","meta":{"ngg_post_thumbnail":0,"footnotes":""},"class_list":["post-4629","page","type-page","status-publish","hentry"],"yoast_head":"<!-- This site is optimized with the Yoast SEO plugin v24.1 - https:\/\/yoast.com\/wordpress\/plugins\/seo\/ -->\n<title>Couture - papotage - ARBR<\/title>\n<meta name=\"robots\" content=\"index, follow, max-snippet:-1, max-image-preview:large, max-video-preview:-1\" \/>\n<link rel=\"canonical\" href=\"https:\/\/arbr.fr\/wordpress\/vivre-ensemble-couture-papotage\/\" \/>\n<meta property=\"og:locale\" content=\"fr_FR\" \/>\n<meta property=\"og:type\" content=\"article\" \/>\n<meta property=\"og:title\" content=\"Couture - papotage - ARBR\" \/>\n<meta property=\"og:description\" content=\"Nouveaux Contacts&nbsp; :&nbsp; Nicole JEAN : 06 41 11 76 90 &#8211; nicole.jean44000@gmail.com &nbsp;&nbsp;&nbsp;&nbsp;&nbsp;&nbsp;&nbsp;&nbsp;&nbsp;&nbsp;&nbsp;&nbsp;&nbsp;&nbsp;&nbsp;&nbsp;&nbsp;&nbsp;&nbsp;&nbsp;&nbsp;&nbsp;&nbsp;&nbsp;&nbsp;&nbsp;&nbsp;&nbsp;&nbsp;&nbsp;&nbsp;&nbsp;&nbsp;&nbsp; et Annick LAILLET : 02 40 63 04 09 Couture et papotage pour tous les \u00e2ges, tous les niveaux :&#046;&#046;&#046;\" \/>\n<meta property=\"og:url\" content=\"https:\/\/arbr.fr\/wordpress\/vivre-ensemble-couture-papotage\/\" \/>\n<meta property=\"og:site_name\" content=\"ARBR\" \/>\n<meta property=\"article:modified_time\" content=\"2025-06-18T07:49:05+00:00\" \/>\n<meta property=\"og:image\" content=\"https:\/\/arbr.fr\/wordpress\/wp-content\/uploads\/2024\/10\/IMG_5075.jpg\" \/>\n\t<meta property=\"og:image:width\" content=\"2016\" \/>\n\t<meta property=\"og:image:height\" content=\"1512\" \/>\n\t<meta property=\"og:image:type\" content=\"image\/jpeg\" \/>\n<meta name=\"twitter:card\" content=\"summary_large_image\" \/>\n<meta name=\"twitter:label1\" content=\"Dur\u00e9e de lecture estim\u00e9e\" \/>\n\t<meta name=\"twitter:data1\" content=\"1 minute\" \/>\n<script type=\"application\/ld+json\" class=\"yoast-schema-graph\">{\"@context\":\"https:\/\/schema.org\",\"@graph\":[{\"@type\":\"WebPage\",\"@id\":\"https:\/\/arbr.fr\/wordpress\/vivre-ensemble-couture-papotage\/\",\"url\":\"https:\/\/arbr.fr\/wordpress\/vivre-ensemble-couture-papotage\/\",\"name\":\"Couture - papotage - ARBR\",\"isPartOf\":{\"@id\":\"https:\/\/arbr.fr\/wordpress\/#website\"},\"primaryImageOfPage\":{\"@id\":\"https:\/\/arbr.fr\/wordpress\/vivre-ensemble-couture-papotage\/#primaryimage\"},\"image\":{\"@id\":\"https:\/\/arbr.fr\/wordpress\/vivre-ensemble-couture-papotage\/#primaryimage\"},\"thumbnailUrl\":\"https:\/\/arbr.fr\/wordpress\/wp-content\/uploads\/2024\/10\/IMG_5075-1024x768.jpg\",\"datePublished\":\"2023-07-11T15:25:07+00:00\",\"dateModified\":\"2025-06-18T07:49:05+00:00\",\"breadcrumb\":{\"@id\":\"https:\/\/arbr.fr\/wordpress\/vivre-ensemble-couture-papotage\/#breadcrumb\"},\"inLanguage\":\"fr-FR\",\"potentialAction\":[{\"@type\":\"ReadAction\",\"target\":[\"https:\/\/arbr.fr\/wordpress\/vivre-ensemble-couture-papotage\/\"]}]},{\"@type\":\"ImageObject\",\"inLanguage\":\"fr-FR\",\"@id\":\"https:\/\/arbr.fr\/wordpress\/vivre-ensemble-couture-papotage\/#primaryimage\",\"url\":\"https:\/\/arbr.fr\/wordpress\/wp-content\/uploads\/2024\/10\/IMG_5075.jpg\",\"contentUrl\":\"https:\/\/arbr.fr\/wordpress\/wp-content\/uploads\/2024\/10\/IMG_5075.jpg\",\"width\":2016,\"height\":1512},{\"@type\":\"BreadcrumbList\",\"@id\":\"https:\/\/arbr.fr\/wordpress\/vivre-ensemble-couture-papotage\/#breadcrumb\",\"itemListElement\":[{\"@type\":\"ListItem\",\"position\":1,\"name\":\"Accueil\",\"item\":\"https:\/\/arbr.fr\/wordpress\/\"},{\"@type\":\"ListItem\",\"position\":2,\"name\":\"Couture &#8211; papotage\"}]},{\"@type\":\"WebSite\",\"@id\":\"https:\/\/arbr.fr\/wordpress\/#website\",\"url\":\"https:\/\/arbr.fr\/wordpress\/\",\"name\":\"ARBR\",\"description\":\"Association des r\u00e9sidents du Bois Raguenet\",\"publisher\":{\"@id\":\"https:\/\/arbr.fr\/wordpress\/#organization\"},\"potentialAction\":[{\"@type\":\"SearchAction\",\"target\":{\"@type\":\"EntryPoint\",\"urlTemplate\":\"https:\/\/arbr.fr\/wordpress\/?s={search_term_string}\"},\"query-input\":{\"@type\":\"PropertyValueSpecification\",\"valueRequired\":true,\"valueName\":\"search_term_string\"}}],\"inLanguage\":\"fr-FR\"},{\"@type\":\"Organization\",\"@id\":\"https:\/\/arbr.fr\/wordpress\/#organization\",\"name\":\"ARBR\",\"url\":\"https:\/\/arbr.fr\/wordpress\/\",\"logo\":{\"@type\":\"ImageObject\",\"inLanguage\":\"fr-FR\",\"@id\":\"https:\/\/arbr.fr\/wordpress\/#\/schema\/logo\/image\/\",\"url\":\"https:\/\/arbr.fr\/wordpress\/wp-content\/uploads\/2017\/03\/0.png\",\"contentUrl\":\"https:\/\/arbr.fr\/wordpress\/wp-content\/uploads\/2017\/03\/0.png\",\"width\":650,\"height\":283,\"caption\":\"ARBR\"},\"image\":{\"@id\":\"https:\/\/arbr.fr\/wordpress\/#\/schema\/logo\/image\/\"}}]}<\/script>\n<!-- \/ Yoast SEO plugin. -->","yoast_head_json":{"title":"Couture - papotage - ARBR","robots":{"index":"index","follow":"follow","max-snippet":"max-snippet:-1","max-image-preview":"max-image-preview:large","max-video-preview":"max-video-preview:-1"},"canonical":"https:\/\/arbr.fr\/wordpress\/vivre-ensemble-couture-papotage\/","og_locale":"fr_FR","og_type":"article","og_title":"Couture - papotage - ARBR","og_description":"Nouveaux Contacts&nbsp; :&nbsp; Nicole JEAN : 06 41 11 76 90 &#8211; nicole.jean44000@gmail.com &nbsp;&nbsp;&nbsp;&nbsp;&nbsp;&nbsp;&nbsp;&nbsp;&nbsp;&nbsp;&nbsp;&nbsp;&nbsp;&nbsp;&nbsp;&nbsp;&nbsp;&nbsp;&nbsp;&nbsp;&nbsp;&nbsp;&nbsp;&nbsp;&nbsp;&nbsp;&nbsp;&nbsp;&nbsp;&nbsp;&nbsp;&nbsp;&nbsp;&nbsp; et Annick LAILLET : 02 40 63 04 09 Couture et papotage pour tous les \u00e2ges, tous les niveaux :&#46;&#46;&#46;","og_url":"https:\/\/arbr.fr\/wordpress\/vivre-ensemble-couture-papotage\/","og_site_name":"ARBR","article_modified_time":"2025-06-18T07:49:05+00:00","og_image":[{"width":2016,"height":1512,"url":"https:\/\/arbr.fr\/wordpress\/wp-content\/uploads\/2024\/10\/IMG_5075.jpg","type":"image\/jpeg"}],"twitter_card":"summary_large_image","twitter_misc":{"Dur\u00e9e de lecture estim\u00e9e":"1 minute"},"schema":{"@context":"https:\/\/schema.org","@graph":[{"@type":"WebPage","@id":"https:\/\/arbr.fr\/wordpress\/vivre-ensemble-couture-papotage\/","url":"https:\/\/arbr.fr\/wordpress\/vivre-ensemble-couture-papotage\/","name":"Couture - papotage - ARBR","isPartOf":{"@id":"https:\/\/arbr.fr\/wordpress\/#website"},"primaryImageOfPage":{"@id":"https:\/\/arbr.fr\/wordpress\/vivre-ensemble-couture-papotage\/#primaryimage"},"image":{"@id":"https:\/\/arbr.fr\/wordpress\/vivre-ensemble-couture-papotage\/#primaryimage"},"thumbnailUrl":"https:\/\/arbr.fr\/wordpress\/wp-content\/uploads\/2024\/10\/IMG_5075-1024x768.jpg","datePublished":"2023-07-11T15:25:07+00:00","dateModified":"2025-06-18T07:49:05+00:00","breadcrumb":{"@id":"https:\/\/arbr.fr\/wordpress\/vivre-ensemble-couture-papotage\/#breadcrumb"},"inLanguage":"fr-FR","potentialAction":[{"@type":"ReadAction","target":["https:\/\/arbr.fr\/wordpress\/vivre-ensemble-couture-papotage\/"]}]},{"@type":"ImageObject","inLanguage":"fr-FR","@id":"https:\/\/arbr.fr\/wordpress\/vivre-ensemble-couture-papotage\/#primaryimage","url":"https:\/\/arbr.fr\/wordpress\/wp-content\/uploads\/2024\/10\/IMG_5075.jpg","contentUrl":"https:\/\/arbr.fr\/wordpress\/wp-content\/uploads\/2024\/10\/IMG_5075.jpg","width":2016,"height":1512},{"@type":"BreadcrumbList","@id":"https:\/\/arbr.fr\/wordpress\/vivre-ensemble-couture-papotage\/#breadcrumb","itemListElement":[{"@type":"ListItem","position":1,"name":"Accueil","item":"https:\/\/arbr.fr\/wordpress\/"},{"@type":"ListItem","position":2,"name":"Couture &#8211; papotage"}]},{"@type":"WebSite","@id":"https:\/\/arbr.fr\/wordpress\/#website","url":"https:\/\/arbr.fr\/wordpress\/","name":"ARBR","description":"Association des r\u00e9sidents du Bois Raguenet","publisher":{"@id":"https:\/\/arbr.fr\/wordpress\/#organization"},"potentialAction":[{"@type":"SearchAction","target":{"@type":"EntryPoint","urlTemplate":"https:\/\/arbr.fr\/wordpress\/?s={search_term_string}"},"query-input":{"@type":"PropertyValueSpecification","valueRequired":true,"valueName":"search_term_string"}}],"inLanguage":"fr-FR"},{"@type":"Organization","@id":"https:\/\/arbr.fr\/wordpress\/#organization","name":"ARBR","url":"https:\/\/arbr.fr\/wordpress\/","logo":{"@type":"ImageObject","inLanguage":"fr-FR","@id":"https:\/\/arbr.fr\/wordpress\/#\/schema\/logo\/image\/","url":"https:\/\/arbr.fr\/wordpress\/wp-content\/uploads\/2017\/03\/0.png","contentUrl":"https:\/\/arbr.fr\/wordpress\/wp-content\/uploads\/2017\/03\/0.png","width":650,"height":283,"caption":"ARBR"},"image":{"@id":"https:\/\/arbr.fr\/wordpress\/#\/schema\/logo\/image\/"}}]}},"_links":{"self":[{"href":"https:\/\/arbr.fr\/wordpress\/wp-json\/wp\/v2\/pages\/4629"}],"collection":[{"href":"https:\/\/arbr.fr\/wordpress\/wp-json\/wp\/v2\/pages"}],"about":[{"href":"https:\/\/arbr.fr\/wordpress\/wp-json\/wp\/v2\/types\/page"}],"author":[{"embeddable":true,"href":"https:\/\/arbr.fr\/wordpress\/wp-json\/wp\/v2\/users\/4"}],"replies":[{"embeddable":true,"href":"https:\/\/arbr.fr\/wordpress\/wp-json\/wp\/v2\/comments?post=4629"}],"version-history":[{"count":17,"href":"https:\/\/arbr.fr\/wordpress\/wp-json\/wp\/v2\/pages\/4629\/revisions"}],"predecessor-version":[{"id":7888,"href":"https:\/\/arbr.fr\/wordpress\/wp-json\/wp\/v2\/pages\/4629\/revisions\/7888"}],"wp:attachment":[{"href":"https:\/\/arbr.fr\/wordpress\/wp-json\/wp\/v2\/media?parent=4629"}],"curies":[{"name":"wp","href":"https:\/\/api.w.org\/{rel}","templated":true}]}}