{"id":4286,"date":"2023-03-02T10:09:49","date_gmt":"2023-03-02T09:09:49","guid":{"rendered":"https:\/\/arbr.fr\/wordpress\/?page_id=4286"},"modified":"2026-01-21T11:12:58","modified_gmt":"2026-01-21T10:12:58","slug":"actualites-utiles","status":"publish","type":"page","link":"https:\/\/arbr.fr\/wordpress\/actualites-utiles\/","title":{"rendered":"Solidarit\u00e9 Br\u00fbl\u00e9s Nantes Lom\u00e9"},"content":{"rendered":"<p><span style=\"font-size: 18pt;\"><strong><span style=\"color: #ff6600;\">* Association Solidarit\u00e9 Br\u00fbl\u00e9s Nantes Lom\u00e9: SBNL <span style=\"font-size: 12pt; color: #000000;\">_ Association \u00e0 but non lucratif<\/span><\/span><br><\/strong><\/span><\/p>\r\n<p>Site : <a href=\"http:\/\/www.solidaritebrulesnanteslome.fr\">www.solidaritebrulesnanteslome.fr<\/a><\/p>\r\n<p>Lien infos : <a href=\"https:\/\/www.solidaritebrulesnanteslome.fr\/newpage\">https:\/\/www.solidaritebrulesnanteslome.fr\/newpage<\/a><\/p>\r\n<p>Contact : <a href=\"mailto:solidarite.brules@gmail.com\">solidarite.brules@gmail.com<\/a>&nbsp;&#8211; T\u00e9l : 02 40 63 73 48<\/p>\r\n<p>&nbsp;<\/p>\r\n<p>&nbsp; Tous les membres de Solidarit\u00e9-Br\u00fbl\u00e9s Nantes-Lom\u00e9 vous souhaite une \u2026\u2026.<\/p>\r\n<p><img loading=\"lazy\" decoding=\"async\" class=\"alignnone  wp-image-8441\" src=\"https:\/\/arbr.fr\/wordpress\/wp-content\/uploads\/2026\/01\/SBNL-Voeux-2026.jpeg\" alt=\"\" width=\"484\" height=\"380\" srcset=\"https:\/\/arbr.fr\/wordpress\/wp-content\/uploads\/2026\/01\/SBNL-Voeux-2026.jpeg 611w, https:\/\/arbr.fr\/wordpress\/wp-content\/uploads\/2026\/01\/SBNL-Voeux-2026-300x236.jpeg 300w\" sizes=\"(max-width: 484px) 100vw, 484px\" \/><\/p>\r\n<p>Si vous souhaitez suivre ou d\u00e9couvrir nos actions, cliquez ici :&nbsp;<a href=\"https:\/\/arbr.fr\/wordpress\/wp-content\/uploads\/2026\/01\/SBNL-Annee-2025-en-Bref-papier-entete-PDF.pdf\">SBNL Anne\u0301e 2025 en Bref papier entete PDF<\/a><\/p>\r\n<p>Cordialement<\/p>\r\n<p>Dr Dominique Hepner-Lavergne<\/p>\r\n<p>Pr\u00e9sidente de SBNL<\/p>\r\n<p><img loading=\"lazy\" decoding=\"async\" class=\"alignnone size-full wp-image-7611\" src=\"https:\/\/arbr.fr\/wordpress\/wp-content\/uploads\/2025\/03\/2025-03-28-journal.jpg\" alt=\"\" width=\"608\" height=\"821\" srcset=\"https:\/\/arbr.fr\/wordpress\/wp-content\/uploads\/2025\/03\/2025-03-28-journal.jpg 608w, https:\/\/arbr.fr\/wordpress\/wp-content\/uploads\/2025\/03\/2025-03-28-journal-222x300.jpg 222w\" sizes=\"(max-width: 608px) 100vw, 608px\" \/><\/p>\r\n<p>&nbsp;<\/p>\r\n<p><span style=\"font-size: 14pt;\"><strong>* 2023 :<\/strong> <\/span>&nbsp; L&rsquo;<strong>ARBR et le p\u00e9riscolaire de l\u2019\u00e9cole <\/strong>se sont mobilis\u00e9s <strong>d\u00e9but 2023<\/strong> <strong>,<\/strong> en soutenant <strong><em>l&rsquo;Association BRUL\u00c9S Nantes-Lom\u00e9<\/em><\/strong> qui souhaitait r\u00e9cup\u00e9rer des doudous<\/p>\r\n<p>et livres \u00e0 destination des enfants op\u00e9r\u00e9s de br\u00fblures au Togo.<\/p>\r\n<p>Mme HEPNER, Chirurgienne Bois Raguenaisienne \u00e0 l\u2019initiative de ce projet, &nbsp;est venue au p\u00e9riscolaire expliquer \u00e0 nos enfants la vie dans les villages, \u00e0 l&rsquo;\u00e9cole, et la chirurgie r\u00e9paratrice au Togo ainsi que les premiers geste de secours en cas de br\u00fblure.<\/p>\r\n<p>Son intervention a \u00e9t\u00e9 tr\u00e8s bien accueillie par les enfants et adultes de l&rsquo;\u00e9cole.<\/p>\r\n<p>Tout juste rentr\u00e9e d\u2019une nouvelle mission, elle adresse ce message \u00e0 ceux qui ont particip\u00e9:<\/p>\r\n<p><img loading=\"lazy\" decoding=\"async\" class=\"alignnone size-full wp-image-5124\" src=\"https:\/\/arbr.fr\/wordpress\/wp-content\/uploads\/2023\/11\/2023-11-remerciement-SBNL.jpg\" alt=\"\" width=\"654\" height=\"823\" srcset=\"https:\/\/arbr.fr\/wordpress\/wp-content\/uploads\/2023\/11\/2023-11-remerciement-SBNL.jpg 654w, https:\/\/arbr.fr\/wordpress\/wp-content\/uploads\/2023\/11\/2023-11-remerciement-SBNL-238x300.jpg 238w\" sizes=\"(max-width: 654px) 100vw, 654px\" \/><\/p>\r\n<p><img loading=\"lazy\" decoding=\"async\" class=\" wp-image-5402\" src=\"https:\/\/arbr.fr\/wordpress\/wp-content\/uploads\/2023\/11\/Flyer-2022-1-1024x724.jpg\" alt=\"\" width=\"644\" height=\"455\" srcset=\"https:\/\/arbr.fr\/wordpress\/wp-content\/uploads\/2023\/11\/Flyer-2022-1-1024x724.jpg 1024w, https:\/\/arbr.fr\/wordpress\/wp-content\/uploads\/2023\/11\/Flyer-2022-1-300x212.jpg 300w, https:\/\/arbr.fr\/wordpress\/wp-content\/uploads\/2023\/11\/Flyer-2022-1-768x543.jpg 768w, https:\/\/arbr.fr\/wordpress\/wp-content\/uploads\/2023\/11\/Flyer-2022-1-1536x1086.jpg 1536w, https:\/\/arbr.fr\/wordpress\/wp-content\/uploads\/2023\/11\/Flyer-2022-1-2048x1448.jpg 2048w\" sizes=\"(max-width: 644px) 100vw, 644px\" \/><\/p>\r\n<p>&nbsp;<\/p>\r\n","protected":false},"excerpt":{"rendered":"<p>* Association Solidarit\u00e9 Br\u00fbl\u00e9s Nantes Lom\u00e9: SBNL _ Association \u00e0 but non lucratif Site : www.solidaritebrulesnanteslome.fr Lien infos : https:\/\/www.solidaritebrulesnanteslome.fr\/newpage Contact : solidarite.brules@gmail.com&nbsp;&#8211; T\u00e9l : 02 40 63 73 48 &nbsp; &nbsp; Tous les&#46;&#46;&#46;<\/p>\n","protected":false},"author":4,"featured_media":0,"parent":0,"menu_order":0,"comment_status":"closed","ping_status":"closed","template":"","meta":{"ngg_post_thumbnail":0,"footnotes":""},"class_list":["post-4286","page","type-page","status-publish","hentry"],"yoast_head":"<!-- This site is optimized with the Yoast SEO plugin v24.1 - https:\/\/yoast.com\/wordpress\/plugins\/seo\/ -->\n<title>Solidarit\u00e9 Br\u00fbl\u00e9s Nantes Lom\u00e9 - ARBR<\/title>\n<meta name=\"robots\" content=\"index, follow, max-snippet:-1, max-image-preview:large, max-video-preview:-1\" \/>\n<link rel=\"canonical\" href=\"https:\/\/arbr.fr\/wordpress\/actualites-utiles\/\" \/>\n<meta property=\"og:locale\" content=\"fr_FR\" \/>\n<meta property=\"og:type\" content=\"article\" \/>\n<meta property=\"og:title\" content=\"Solidarit\u00e9 Br\u00fbl\u00e9s Nantes Lom\u00e9 - ARBR\" \/>\n<meta property=\"og:description\" content=\"* Association Solidarit\u00e9 Br\u00fbl\u00e9s Nantes Lom\u00e9: SBNL _ Association \u00e0 but non lucratif Site : www.solidaritebrulesnanteslome.fr Lien infos : https:\/\/www.solidaritebrulesnanteslome.fr\/newpage Contact : solidarite.brules@gmail.com&nbsp;&#8211; T\u00e9l : 02 40 63 73 48 &nbsp; &nbsp; Tous les&#046;&#046;&#046;\" \/>\n<meta property=\"og:url\" content=\"https:\/\/arbr.fr\/wordpress\/actualites-utiles\/\" \/>\n<meta property=\"og:site_name\" content=\"ARBR\" \/>\n<meta property=\"article:modified_time\" content=\"2026-01-21T10:12:58+00:00\" \/>\n<meta property=\"og:image\" content=\"https:\/\/arbr.fr\/wordpress\/wp-content\/uploads\/2026\/01\/SBNL-Voeux-2026.jpeg\" \/>\n\t<meta property=\"og:image:width\" content=\"611\" \/>\n\t<meta property=\"og:image:height\" content=\"480\" \/>\n\t<meta property=\"og:image:type\" content=\"image\/jpeg\" \/>\n<meta name=\"twitter:card\" content=\"summary_large_image\" \/>\n<meta name=\"twitter:label1\" content=\"Dur\u00e9e de lecture estim\u00e9e\" \/>\n\t<meta name=\"twitter:data1\" content=\"2 minutes\" \/>\n<script type=\"application\/ld+json\" class=\"yoast-schema-graph\">{\"@context\":\"https:\/\/schema.org\",\"@graph\":[{\"@type\":\"WebPage\",\"@id\":\"https:\/\/arbr.fr\/wordpress\/actualites-utiles\/\",\"url\":\"https:\/\/arbr.fr\/wordpress\/actualites-utiles\/\",\"name\":\"Solidarit\u00e9 Br\u00fbl\u00e9s Nantes Lom\u00e9 - ARBR\",\"isPartOf\":{\"@id\":\"https:\/\/arbr.fr\/wordpress\/#website\"},\"primaryImageOfPage\":{\"@id\":\"https:\/\/arbr.fr\/wordpress\/actualites-utiles\/#primaryimage\"},\"image\":{\"@id\":\"https:\/\/arbr.fr\/wordpress\/actualites-utiles\/#primaryimage\"},\"thumbnailUrl\":\"https:\/\/arbr.fr\/wordpress\/wp-content\/uploads\/2026\/01\/SBNL-Voeux-2026.jpeg\",\"datePublished\":\"2023-03-02T09:09:49+00:00\",\"dateModified\":\"2026-01-21T10:12:58+00:00\",\"breadcrumb\":{\"@id\":\"https:\/\/arbr.fr\/wordpress\/actualites-utiles\/#breadcrumb\"},\"inLanguage\":\"fr-FR\",\"potentialAction\":[{\"@type\":\"ReadAction\",\"target\":[\"https:\/\/arbr.fr\/wordpress\/actualites-utiles\/\"]}]},{\"@type\":\"ImageObject\",\"inLanguage\":\"fr-FR\",\"@id\":\"https:\/\/arbr.fr\/wordpress\/actualites-utiles\/#primaryimage\",\"url\":\"https:\/\/arbr.fr\/wordpress\/wp-content\/uploads\/2026\/01\/SBNL-Voeux-2026.jpeg\",\"contentUrl\":\"https:\/\/arbr.fr\/wordpress\/wp-content\/uploads\/2026\/01\/SBNL-Voeux-2026.jpeg\",\"width\":611,\"height\":480},{\"@type\":\"BreadcrumbList\",\"@id\":\"https:\/\/arbr.fr\/wordpress\/actualites-utiles\/#breadcrumb\",\"itemListElement\":[{\"@type\":\"ListItem\",\"position\":1,\"name\":\"Accueil\",\"item\":\"https:\/\/arbr.fr\/wordpress\/\"},{\"@type\":\"ListItem\",\"position\":2,\"name\":\"Solidarit\u00e9 Br\u00fbl\u00e9s Nantes Lom\u00e9\"}]},{\"@type\":\"WebSite\",\"@id\":\"https:\/\/arbr.fr\/wordpress\/#website\",\"url\":\"https:\/\/arbr.fr\/wordpress\/\",\"name\":\"ARBR\",\"description\":\"Association des r\u00e9sidents du Bois Raguenet\",\"publisher\":{\"@id\":\"https:\/\/arbr.fr\/wordpress\/#organization\"},\"potentialAction\":[{\"@type\":\"SearchAction\",\"target\":{\"@type\":\"EntryPoint\",\"urlTemplate\":\"https:\/\/arbr.fr\/wordpress\/?s={search_term_string}\"},\"query-input\":{\"@type\":\"PropertyValueSpecification\",\"valueRequired\":true,\"valueName\":\"search_term_string\"}}],\"inLanguage\":\"fr-FR\"},{\"@type\":\"Organization\",\"@id\":\"https:\/\/arbr.fr\/wordpress\/#organization\",\"name\":\"ARBR\",\"url\":\"https:\/\/arbr.fr\/wordpress\/\",\"logo\":{\"@type\":\"ImageObject\",\"inLanguage\":\"fr-FR\",\"@id\":\"https:\/\/arbr.fr\/wordpress\/#\/schema\/logo\/image\/\",\"url\":\"https:\/\/arbr.fr\/wordpress\/wp-content\/uploads\/2017\/03\/0.png\",\"contentUrl\":\"https:\/\/arbr.fr\/wordpress\/wp-content\/uploads\/2017\/03\/0.png\",\"width\":650,\"height\":283,\"caption\":\"ARBR\"},\"image\":{\"@id\":\"https:\/\/arbr.fr\/wordpress\/#\/schema\/logo\/image\/\"}}]}<\/script>\n<!-- \/ Yoast SEO plugin. -->","yoast_head_json":{"title":"Solidarit\u00e9 Br\u00fbl\u00e9s Nantes Lom\u00e9 - ARBR","robots":{"index":"index","follow":"follow","max-snippet":"max-snippet:-1","max-image-preview":"max-image-preview:large","max-video-preview":"max-video-preview:-1"},"canonical":"https:\/\/arbr.fr\/wordpress\/actualites-utiles\/","og_locale":"fr_FR","og_type":"article","og_title":"Solidarit\u00e9 Br\u00fbl\u00e9s Nantes Lom\u00e9 - ARBR","og_description":"* Association Solidarit\u00e9 Br\u00fbl\u00e9s Nantes Lom\u00e9: SBNL _ Association \u00e0 but non lucratif Site : www.solidaritebrulesnanteslome.fr Lien infos : https:\/\/www.solidaritebrulesnanteslome.fr\/newpage Contact : solidarite.brules@gmail.com&nbsp;&#8211; T\u00e9l : 02 40 63 73 48 &nbsp; &nbsp; Tous les&#46;&#46;&#46;","og_url":"https:\/\/arbr.fr\/wordpress\/actualites-utiles\/","og_site_name":"ARBR","article_modified_time":"2026-01-21T10:12:58+00:00","og_image":[{"width":611,"height":480,"url":"https:\/\/arbr.fr\/wordpress\/wp-content\/uploads\/2026\/01\/SBNL-Voeux-2026.jpeg","type":"image\/jpeg"}],"twitter_card":"summary_large_image","twitter_misc":{"Dur\u00e9e de lecture estim\u00e9e":"2 minutes"},"schema":{"@context":"https:\/\/schema.org","@graph":[{"@type":"WebPage","@id":"https:\/\/arbr.fr\/wordpress\/actualites-utiles\/","url":"https:\/\/arbr.fr\/wordpress\/actualites-utiles\/","name":"Solidarit\u00e9 Br\u00fbl\u00e9s Nantes Lom\u00e9 - ARBR","isPartOf":{"@id":"https:\/\/arbr.fr\/wordpress\/#website"},"primaryImageOfPage":{"@id":"https:\/\/arbr.fr\/wordpress\/actualites-utiles\/#primaryimage"},"image":{"@id":"https:\/\/arbr.fr\/wordpress\/actualites-utiles\/#primaryimage"},"thumbnailUrl":"https:\/\/arbr.fr\/wordpress\/wp-content\/uploads\/2026\/01\/SBNL-Voeux-2026.jpeg","datePublished":"2023-03-02T09:09:49+00:00","dateModified":"2026-01-21T10:12:58+00:00","breadcrumb":{"@id":"https:\/\/arbr.fr\/wordpress\/actualites-utiles\/#breadcrumb"},"inLanguage":"fr-FR","potentialAction":[{"@type":"ReadAction","target":["https:\/\/arbr.fr\/wordpress\/actualites-utiles\/"]}]},{"@type":"ImageObject","inLanguage":"fr-FR","@id":"https:\/\/arbr.fr\/wordpress\/actualites-utiles\/#primaryimage","url":"https:\/\/arbr.fr\/wordpress\/wp-content\/uploads\/2026\/01\/SBNL-Voeux-2026.jpeg","contentUrl":"https:\/\/arbr.fr\/wordpress\/wp-content\/uploads\/2026\/01\/SBNL-Voeux-2026.jpeg","width":611,"height":480},{"@type":"BreadcrumbList","@id":"https:\/\/arbr.fr\/wordpress\/actualites-utiles\/#breadcrumb","itemListElement":[{"@type":"ListItem","position":1,"name":"Accueil","item":"https:\/\/arbr.fr\/wordpress\/"},{"@type":"ListItem","position":2,"name":"Solidarit\u00e9 Br\u00fbl\u00e9s Nantes Lom\u00e9"}]},{"@type":"WebSite","@id":"https:\/\/arbr.fr\/wordpress\/#website","url":"https:\/\/arbr.fr\/wordpress\/","name":"ARBR","description":"Association des r\u00e9sidents du Bois Raguenet","publisher":{"@id":"https:\/\/arbr.fr\/wordpress\/#organization"},"potentialAction":[{"@type":"SearchAction","target":{"@type":"EntryPoint","urlTemplate":"https:\/\/arbr.fr\/wordpress\/?s={search_term_string}"},"query-input":{"@type":"PropertyValueSpecification","valueRequired":true,"valueName":"search_term_string"}}],"inLanguage":"fr-FR"},{"@type":"Organization","@id":"https:\/\/arbr.fr\/wordpress\/#organization","name":"ARBR","url":"https:\/\/arbr.fr\/wordpress\/","logo":{"@type":"ImageObject","inLanguage":"fr-FR","@id":"https:\/\/arbr.fr\/wordpress\/#\/schema\/logo\/image\/","url":"https:\/\/arbr.fr\/wordpress\/wp-content\/uploads\/2017\/03\/0.png","contentUrl":"https:\/\/arbr.fr\/wordpress\/wp-content\/uploads\/2017\/03\/0.png","width":650,"height":283,"caption":"ARBR"},"image":{"@id":"https:\/\/arbr.fr\/wordpress\/#\/schema\/logo\/image\/"}}]}},"_links":{"self":[{"href":"https:\/\/arbr.fr\/wordpress\/wp-json\/wp\/v2\/pages\/4286"}],"collection":[{"href":"https:\/\/arbr.fr\/wordpress\/wp-json\/wp\/v2\/pages"}],"about":[{"href":"https:\/\/arbr.fr\/wordpress\/wp-json\/wp\/v2\/types\/page"}],"author":[{"embeddable":true,"href":"https:\/\/arbr.fr\/wordpress\/wp-json\/wp\/v2\/users\/4"}],"replies":[{"embeddable":true,"href":"https:\/\/arbr.fr\/wordpress\/wp-json\/wp\/v2\/comments?post=4286"}],"version-history":[{"count":12,"href":"https:\/\/arbr.fr\/wordpress\/wp-json\/wp\/v2\/pages\/4286\/revisions"}],"predecessor-version":[{"id":8444,"href":"https:\/\/arbr.fr\/wordpress\/wp-json\/wp\/v2\/pages\/4286\/revisions\/8444"}],"wp:attachment":[{"href":"https:\/\/arbr.fr\/wordpress\/wp-json\/wp\/v2\/media?parent=4286"}],"curies":[{"name":"wp","href":"https:\/\/api.w.org\/{rel}","templated":true}]}}