{"id":4274,"date":"2023-03-01T11:21:01","date_gmt":"2023-03-01T10:21:01","guid":{"rendered":"https:\/\/arbr.fr\/wordpress\/?page_id=4274"},"modified":"2026-04-03T14:32:43","modified_gmt":"2026-04-03T12:32:43","slug":"aipe-bois-raguenet","status":"publish","type":"page","link":"https:\/\/arbr.fr\/wordpress\/aipe-bois-raguenet\/","title":{"rendered":"AIPE Bois Raguenet"},"content":{"rendered":"\r\n<p><span style=\"font-size: 14pt; color: #000000;\"><strong>AIPE<\/strong><\/span> : Association Ind\u00e9pendante de Parents d&rsquo;El\u00e8ves de l&rsquo;\u00e9cole du Bois Raguenet : <span style=\"font-size: 14pt;\"><em><strong>contact : br.aipe@gmail.com<\/strong><\/em><\/span><\/p>\r\n<p><span style=\"color: #ff00ff;\"><em><strong>NOS PROCHAINS RENDEZ-VOUS :<\/strong><\/em><\/span><\/p>\r\n<p><img loading=\"lazy\" decoding=\"async\" class=\"alignnone  wp-image-8579\" src=\"https:\/\/arbr.fr\/wordpress\/wp-content\/uploads\/2026\/03\/2026-02-20-Affiche-Nettoyage-BR-724x1024.jpg\" alt=\"\" width=\"389\" height=\"550\" srcset=\"https:\/\/arbr.fr\/wordpress\/wp-content\/uploads\/2026\/03\/2026-02-20-Affiche-Nettoyage-BR-724x1024.jpg 724w, https:\/\/arbr.fr\/wordpress\/wp-content\/uploads\/2026\/03\/2026-02-20-Affiche-Nettoyage-BR-212x300.jpg 212w, https:\/\/arbr.fr\/wordpress\/wp-content\/uploads\/2026\/03\/2026-02-20-Affiche-Nettoyage-BR-768x1086.jpg 768w, https:\/\/arbr.fr\/wordpress\/wp-content\/uploads\/2026\/03\/2026-02-20-Affiche-Nettoyage-BR.jpg 1050w\" sizes=\"(max-width: 389px) 100vw, 389px\" \/> &nbsp;<img loading=\"lazy\" decoding=\"async\" class=\"alignnone  wp-image-8638\" src=\"https:\/\/arbr.fr\/wordpress\/wp-content\/uploads\/2026\/04\/2026-04-03-Affiche-vide-grenier.jpg\" alt=\"\" width=\"414\" height=\"553\" srcset=\"https:\/\/arbr.fr\/wordpress\/wp-content\/uploads\/2026\/04\/2026-04-03-Affiche-vide-grenier.jpg 510w, https:\/\/arbr.fr\/wordpress\/wp-content\/uploads\/2026\/04\/2026-04-03-Affiche-vide-grenier-225x300.jpg 225w\" sizes=\"(max-width: 414px) 100vw, 414px\" \/><\/p>\r\n<p><span style=\"color: #000000;\"><strong>le 29 Novembre<\/strong> <\/span>: BOUM + Sapin &#8211; salle St Ren\u00e9 + stockage Sapin dans la ferme poisson<\/p>\r\n<p><span style=\"color: #000000;\"><strong>janvier 2026<\/strong> :<\/span> Vente de jus de pomme bio, p\u00e9tillant et brioches :&nbsp;<\/p>\r\n<p><a href=\"https:\/\/www.helloasso.com\/associations\/aipe-bois-raguenet\/boutiques\/vente-2026-de-jus-de-pommes-bio\">https:\/\/www.helloasso.com\/associations\/aipe-bois-raguenet\/boutiques\/vente-2026-de-jus-de-pommes-bio<\/a><\/p>\r\n<p><span style=\"color: #000000;\"><strong>le 22 Mars<\/strong><\/span> : CROSS pendant le printemps de l&rsquo;ARBR. Distribution des jus de pommes<\/p>\r\n<p><span style=\"color: #000000;\"><strong>le 31 Mai<\/strong><\/span> : Vide Grenier des l\u00e8ve-tards<\/p>\r\n<p><span style=\"color: #000000;\"><strong>le 13 Juin<\/strong><\/span> : F\u00eate de la St Jean &#8211; Tenue du stand barbe \u00e0 papa \/ cr\u00eapes<\/p>\r\n<p><span style=\"color: #000000;\"><strong>le 14 Juin<\/strong><\/span> : BOUM de fin d&rsquo;ann\u00e9e &#8211; salle St Ren\u00e9<\/p>\r\n<p><span style=\"color: #000000;\"><strong>le 19 Juin<\/strong><\/span> : F\u00eate de l&rsquo;\u00e9cole<\/p>\r\n<p><a href=\"https:\/\/www.helloasso.com\/associations\/aipe-bois-raguenet\">https:\/\/www.helloasso.com\/associations\/aipe-bois-raguenet<\/a><\/p>\r\n<h3><em><strong><span style=\"font-size: 18pt; color: #0000ff;\">* Le r\u00f4le de l&rsquo;AIPE:<\/span><br><\/strong><\/em><\/h3>\r\n<ul>\r\n<li><strong>Assurer la coh\u00e9sion entre les acteurs de l\u2019\u00e9cole<\/strong>&nbsp;: enseignants, personnel de la Mairie, parents et \u00e9l\u00e8ves,<\/li>\r\n<li>Repr\u00e9senter<strong> les parents<\/strong> d\u2019\u00e9l\u00e8ves aux <strong>Conseils d\u2019Ecole<\/strong> et aupr\u00e8s de la Mairie,&nbsp;<\/li>\r\n<li><strong>A<\/strong><strong>nimer la vie scolaire<\/strong> de nos enfants en organisant des manifestations conviviales comme l\u2019ap\u00e9ro de rentr\u00e9e, la balade en famille, la f\u00eate de l\u2019\u00c9cole, l\u2019apr\u00e8s-midi jeux&#8230;&nbsp;<\/li>\r\n<li><strong>O<\/strong><strong>rganiser des manifestations<\/strong> dont les b\u00e9n\u00e9fices permettent d\u2019<strong>effectuer des dons \u00e0 l\u2019\u00c9cole<\/strong>.<\/li>\r\n<\/ul>\r\n<p>&nbsp;L&rsquo;<strong>AIPE<\/strong> est constitu\u00e9e de <strong>parents b\u00e9n\u00e9voles<\/strong> qui donnent un peu de leur temps et de leur \u00e9nergie pour organiser des <strong>manifestations festives, des ventes diverse&#8230;<\/strong><\/p>\r\n<p>Par ailleurs, afin de faciliter nos \u00e9changes, l&rsquo;AIPE vous propose de vous abonner \u00e0 notre <strong>nouvelle liste de diffusion sur Framaliste<\/strong>.<\/p>\r\n<p>Il suffit de cliquer sur le lien ci-dessous et de <strong>renseigner l&rsquo;adresse email<\/strong> \u00e0 laquelle vous souhaitez recevoir les informations, ainsi que votre nom. C&rsquo;est bien s\u00fbr totalement gratuit ! Et vous gardez la possibilit\u00e9 de vous d\u00e9sinscrire \u00e0 tout moment, en toute autonomie.<\/p>\r\n<p><a href=\"https:\/\/framalistes.org\/sympa\/subscribe\/aipe\">https:\/\/framalistes.org\/sympa\/subscribe\/aipe <\/a><\/p>\r\n<p><em><strong>Le Bureau 2025-2026<\/strong>&nbsp;<\/em>:<\/p>\r\n<p>Pr\u00e9sident : Fabien PAQUEREAU<\/p>\r\n<p>Tr\u00e9sori\u00e8re : Eve LERAY<\/p>\r\n<p>Secr\u00e9taire : Marie PERRAUD<\/p>\r\n<p><span style=\"color: #ff6600; font-size: 14pt;\">* <strong>Commande de Jus de pomme, Local et Bio :<\/strong><\/span><\/p>\r\n<p><img loading=\"lazy\" decoding=\"async\" class=\"alignnone  wp-image-7475\" src=\"https:\/\/arbr.fr\/wordpress\/wp-content\/uploads\/2025\/03\/Affiche-Nature-dAnjou-1024x724.jpg\" alt=\"\" width=\"883\" height=\"624\" srcset=\"https:\/\/arbr.fr\/wordpress\/wp-content\/uploads\/2025\/03\/Affiche-Nature-dAnjou-1024x724.jpg 1024w, https:\/\/arbr.fr\/wordpress\/wp-content\/uploads\/2025\/03\/Affiche-Nature-dAnjou-300x212.jpg 300w, https:\/\/arbr.fr\/wordpress\/wp-content\/uploads\/2025\/03\/Affiche-Nature-dAnjou-768x543.jpg 768w, https:\/\/arbr.fr\/wordpress\/wp-content\/uploads\/2025\/03\/Affiche-Nature-dAnjou-1536x1086.jpg 1536w, https:\/\/arbr.fr\/wordpress\/wp-content\/uploads\/2025\/03\/Affiche-Nature-dAnjou-2048x1448.jpg 2048w\" sizes=\"(max-width: 883px) 100vw, 883px\" \/><\/p>\r\n<p><em><u>Retrouvez nos actions et bons de commande <\/u><\/em><em><u>sur helloasso&nbsp;:<\/u><\/em><\/p>\r\n<p><img loading=\"lazy\" decoding=\"async\" class=\"alignnone  wp-image-6868\" src=\"https:\/\/arbr.fr\/wordpress\/wp-content\/uploads\/2024\/09\/qrcode-aipe-heloasso.png\" alt=\"\" width=\"192\" height=\"192\" srcset=\"https:\/\/arbr.fr\/wordpress\/wp-content\/uploads\/2024\/09\/qrcode-aipe-heloasso.png 343w, https:\/\/arbr.fr\/wordpress\/wp-content\/uploads\/2024\/09\/qrcode-aipe-heloasso-300x300.png 300w, https:\/\/arbr.fr\/wordpress\/wp-content\/uploads\/2024\/09\/qrcode-aipe-heloasso-150x150.png 150w, https:\/\/arbr.fr\/wordpress\/wp-content\/uploads\/2024\/09\/qrcode-aipe-heloasso-80x80.png 80w, https:\/\/arbr.fr\/wordpress\/wp-content\/uploads\/2024\/09\/qrcode-aipe-heloasso-320x320.png 320w\" sizes=\"(max-width: 192px) 100vw, 192px\" \/><\/p>\r\n","protected":false},"excerpt":{"rendered":"<p>AIPE : Association Ind\u00e9pendante de Parents d&rsquo;El\u00e8ves de l&rsquo;\u00e9cole du Bois Raguenet : contact : br.aipe@gmail.com NOS PROCHAINS RENDEZ-VOUS : &nbsp; le 29 Novembre : BOUM + Sapin &#8211; salle St Ren\u00e9 + stockage&#46;&#46;&#46;<\/p>\n","protected":false},"author":4,"featured_media":0,"parent":0,"menu_order":0,"comment_status":"closed","ping_status":"closed","template":"","meta":{"ngg_post_thumbnail":0,"footnotes":""},"class_list":["post-4274","page","type-page","status-publish","hentry"],"yoast_head":"<!-- This site is optimized with the Yoast SEO plugin v24.1 - https:\/\/yoast.com\/wordpress\/plugins\/seo\/ -->\n<title>AIPE Bois Raguenet - ARBR<\/title>\n<meta name=\"robots\" content=\"index, follow, max-snippet:-1, max-image-preview:large, max-video-preview:-1\" \/>\n<link rel=\"canonical\" href=\"https:\/\/arbr.fr\/wordpress\/aipe-bois-raguenet\/\" \/>\n<meta property=\"og:locale\" content=\"fr_FR\" \/>\n<meta property=\"og:type\" content=\"article\" \/>\n<meta property=\"og:title\" content=\"AIPE Bois Raguenet - ARBR\" \/>\n<meta property=\"og:description\" content=\"AIPE : Association Ind\u00e9pendante de Parents d&rsquo;El\u00e8ves de l&rsquo;\u00e9cole du Bois Raguenet : contact : br.aipe@gmail.com NOS PROCHAINS RENDEZ-VOUS : &nbsp; le 29 Novembre : BOUM + Sapin &#8211; salle St Ren\u00e9 + stockage&#046;&#046;&#046;\" \/>\n<meta property=\"og:url\" content=\"https:\/\/arbr.fr\/wordpress\/aipe-bois-raguenet\/\" \/>\n<meta property=\"og:site_name\" content=\"ARBR\" \/>\n<meta property=\"article:modified_time\" content=\"2026-04-03T12:32:43+00:00\" \/>\n<meta property=\"og:image\" content=\"https:\/\/arbr.fr\/wordpress\/wp-content\/uploads\/2026\/03\/2026-02-20-Affiche-Nettoyage-BR.jpg\" \/>\n\t<meta property=\"og:image:width\" content=\"1050\" \/>\n\t<meta property=\"og:image:height\" content=\"1485\" \/>\n\t<meta property=\"og:image:type\" content=\"image\/jpeg\" \/>\n<meta name=\"twitter:card\" content=\"summary_large_image\" \/>\n<meta name=\"twitter:label1\" content=\"Dur\u00e9e de lecture estim\u00e9e\" \/>\n\t<meta name=\"twitter:data1\" content=\"3 minutes\" \/>\n<script type=\"application\/ld+json\" class=\"yoast-schema-graph\">{\"@context\":\"https:\/\/schema.org\",\"@graph\":[{\"@type\":\"WebPage\",\"@id\":\"https:\/\/arbr.fr\/wordpress\/aipe-bois-raguenet\/\",\"url\":\"https:\/\/arbr.fr\/wordpress\/aipe-bois-raguenet\/\",\"name\":\"AIPE Bois Raguenet - ARBR\",\"isPartOf\":{\"@id\":\"https:\/\/arbr.fr\/wordpress\/#website\"},\"primaryImageOfPage\":{\"@id\":\"https:\/\/arbr.fr\/wordpress\/aipe-bois-raguenet\/#primaryimage\"},\"image\":{\"@id\":\"https:\/\/arbr.fr\/wordpress\/aipe-bois-raguenet\/#primaryimage\"},\"thumbnailUrl\":\"https:\/\/arbr.fr\/wordpress\/wp-content\/uploads\/2026\/03\/2026-02-20-Affiche-Nettoyage-BR-724x1024.jpg\",\"datePublished\":\"2023-03-01T10:21:01+00:00\",\"dateModified\":\"2026-04-03T12:32:43+00:00\",\"breadcrumb\":{\"@id\":\"https:\/\/arbr.fr\/wordpress\/aipe-bois-raguenet\/#breadcrumb\"},\"inLanguage\":\"fr-FR\",\"potentialAction\":[{\"@type\":\"ReadAction\",\"target\":[\"https:\/\/arbr.fr\/wordpress\/aipe-bois-raguenet\/\"]}]},{\"@type\":\"ImageObject\",\"inLanguage\":\"fr-FR\",\"@id\":\"https:\/\/arbr.fr\/wordpress\/aipe-bois-raguenet\/#primaryimage\",\"url\":\"https:\/\/arbr.fr\/wordpress\/wp-content\/uploads\/2026\/03\/2026-02-20-Affiche-Nettoyage-BR.jpg\",\"contentUrl\":\"https:\/\/arbr.fr\/wordpress\/wp-content\/uploads\/2026\/03\/2026-02-20-Affiche-Nettoyage-BR.jpg\",\"width\":1050,\"height\":1485},{\"@type\":\"BreadcrumbList\",\"@id\":\"https:\/\/arbr.fr\/wordpress\/aipe-bois-raguenet\/#breadcrumb\",\"itemListElement\":[{\"@type\":\"ListItem\",\"position\":1,\"name\":\"Accueil\",\"item\":\"https:\/\/arbr.fr\/wordpress\/\"},{\"@type\":\"ListItem\",\"position\":2,\"name\":\"AIPE Bois Raguenet\"}]},{\"@type\":\"WebSite\",\"@id\":\"https:\/\/arbr.fr\/wordpress\/#website\",\"url\":\"https:\/\/arbr.fr\/wordpress\/\",\"name\":\"ARBR\",\"description\":\"Association des r\u00e9sidents du Bois Raguenet\",\"publisher\":{\"@id\":\"https:\/\/arbr.fr\/wordpress\/#organization\"},\"potentialAction\":[{\"@type\":\"SearchAction\",\"target\":{\"@type\":\"EntryPoint\",\"urlTemplate\":\"https:\/\/arbr.fr\/wordpress\/?s={search_term_string}\"},\"query-input\":{\"@type\":\"PropertyValueSpecification\",\"valueRequired\":true,\"valueName\":\"search_term_string\"}}],\"inLanguage\":\"fr-FR\"},{\"@type\":\"Organization\",\"@id\":\"https:\/\/arbr.fr\/wordpress\/#organization\",\"name\":\"ARBR\",\"url\":\"https:\/\/arbr.fr\/wordpress\/\",\"logo\":{\"@type\":\"ImageObject\",\"inLanguage\":\"fr-FR\",\"@id\":\"https:\/\/arbr.fr\/wordpress\/#\/schema\/logo\/image\/\",\"url\":\"https:\/\/arbr.fr\/wordpress\/wp-content\/uploads\/2017\/03\/0.png\",\"contentUrl\":\"https:\/\/arbr.fr\/wordpress\/wp-content\/uploads\/2017\/03\/0.png\",\"width\":650,\"height\":283,\"caption\":\"ARBR\"},\"image\":{\"@id\":\"https:\/\/arbr.fr\/wordpress\/#\/schema\/logo\/image\/\"}}]}<\/script>\n<!-- \/ Yoast SEO plugin. -->","yoast_head_json":{"title":"AIPE Bois Raguenet - ARBR","robots":{"index":"index","follow":"follow","max-snippet":"max-snippet:-1","max-image-preview":"max-image-preview:large","max-video-preview":"max-video-preview:-1"},"canonical":"https:\/\/arbr.fr\/wordpress\/aipe-bois-raguenet\/","og_locale":"fr_FR","og_type":"article","og_title":"AIPE Bois Raguenet - ARBR","og_description":"AIPE : Association Ind\u00e9pendante de Parents d&rsquo;El\u00e8ves de l&rsquo;\u00e9cole du Bois Raguenet : contact : br.aipe@gmail.com NOS PROCHAINS RENDEZ-VOUS : &nbsp; le 29 Novembre : BOUM + Sapin &#8211; salle St Ren\u00e9 + stockage&#46;&#46;&#46;","og_url":"https:\/\/arbr.fr\/wordpress\/aipe-bois-raguenet\/","og_site_name":"ARBR","article_modified_time":"2026-04-03T12:32:43+00:00","og_image":[{"width":1050,"height":1485,"url":"https:\/\/arbr.fr\/wordpress\/wp-content\/uploads\/2026\/03\/2026-02-20-Affiche-Nettoyage-BR.jpg","type":"image\/jpeg"}],"twitter_card":"summary_large_image","twitter_misc":{"Dur\u00e9e de lecture estim\u00e9e":"3 minutes"},"schema":{"@context":"https:\/\/schema.org","@graph":[{"@type":"WebPage","@id":"https:\/\/arbr.fr\/wordpress\/aipe-bois-raguenet\/","url":"https:\/\/arbr.fr\/wordpress\/aipe-bois-raguenet\/","name":"AIPE Bois Raguenet - ARBR","isPartOf":{"@id":"https:\/\/arbr.fr\/wordpress\/#website"},"primaryImageOfPage":{"@id":"https:\/\/arbr.fr\/wordpress\/aipe-bois-raguenet\/#primaryimage"},"image":{"@id":"https:\/\/arbr.fr\/wordpress\/aipe-bois-raguenet\/#primaryimage"},"thumbnailUrl":"https:\/\/arbr.fr\/wordpress\/wp-content\/uploads\/2026\/03\/2026-02-20-Affiche-Nettoyage-BR-724x1024.jpg","datePublished":"2023-03-01T10:21:01+00:00","dateModified":"2026-04-03T12:32:43+00:00","breadcrumb":{"@id":"https:\/\/arbr.fr\/wordpress\/aipe-bois-raguenet\/#breadcrumb"},"inLanguage":"fr-FR","potentialAction":[{"@type":"ReadAction","target":["https:\/\/arbr.fr\/wordpress\/aipe-bois-raguenet\/"]}]},{"@type":"ImageObject","inLanguage":"fr-FR","@id":"https:\/\/arbr.fr\/wordpress\/aipe-bois-raguenet\/#primaryimage","url":"https:\/\/arbr.fr\/wordpress\/wp-content\/uploads\/2026\/03\/2026-02-20-Affiche-Nettoyage-BR.jpg","contentUrl":"https:\/\/arbr.fr\/wordpress\/wp-content\/uploads\/2026\/03\/2026-02-20-Affiche-Nettoyage-BR.jpg","width":1050,"height":1485},{"@type":"BreadcrumbList","@id":"https:\/\/arbr.fr\/wordpress\/aipe-bois-raguenet\/#breadcrumb","itemListElement":[{"@type":"ListItem","position":1,"name":"Accueil","item":"https:\/\/arbr.fr\/wordpress\/"},{"@type":"ListItem","position":2,"name":"AIPE Bois Raguenet"}]},{"@type":"WebSite","@id":"https:\/\/arbr.fr\/wordpress\/#website","url":"https:\/\/arbr.fr\/wordpress\/","name":"ARBR","description":"Association des r\u00e9sidents du Bois Raguenet","publisher":{"@id":"https:\/\/arbr.fr\/wordpress\/#organization"},"potentialAction":[{"@type":"SearchAction","target":{"@type":"EntryPoint","urlTemplate":"https:\/\/arbr.fr\/wordpress\/?s={search_term_string}"},"query-input":{"@type":"PropertyValueSpecification","valueRequired":true,"valueName":"search_term_string"}}],"inLanguage":"fr-FR"},{"@type":"Organization","@id":"https:\/\/arbr.fr\/wordpress\/#organization","name":"ARBR","url":"https:\/\/arbr.fr\/wordpress\/","logo":{"@type":"ImageObject","inLanguage":"fr-FR","@id":"https:\/\/arbr.fr\/wordpress\/#\/schema\/logo\/image\/","url":"https:\/\/arbr.fr\/wordpress\/wp-content\/uploads\/2017\/03\/0.png","contentUrl":"https:\/\/arbr.fr\/wordpress\/wp-content\/uploads\/2017\/03\/0.png","width":650,"height":283,"caption":"ARBR"},"image":{"@id":"https:\/\/arbr.fr\/wordpress\/#\/schema\/logo\/image\/"}}]}},"_links":{"self":[{"href":"https:\/\/arbr.fr\/wordpress\/wp-json\/wp\/v2\/pages\/4274"}],"collection":[{"href":"https:\/\/arbr.fr\/wordpress\/wp-json\/wp\/v2\/pages"}],"about":[{"href":"https:\/\/arbr.fr\/wordpress\/wp-json\/wp\/v2\/types\/page"}],"author":[{"embeddable":true,"href":"https:\/\/arbr.fr\/wordpress\/wp-json\/wp\/v2\/users\/4"}],"replies":[{"embeddable":true,"href":"https:\/\/arbr.fr\/wordpress\/wp-json\/wp\/v2\/comments?post=4274"}],"version-history":[{"count":49,"href":"https:\/\/arbr.fr\/wordpress\/wp-json\/wp\/v2\/pages\/4274\/revisions"}],"predecessor-version":[{"id":8641,"href":"https:\/\/arbr.fr\/wordpress\/wp-json\/wp\/v2\/pages\/4274\/revisions\/8641"}],"wp:attachment":[{"href":"https:\/\/arbr.fr\/wordpress\/wp-json\/wp\/v2\/media?parent=4274"}],"curies":[{"name":"wp","href":"https:\/\/api.w.org\/{rel}","templated":true}]}}