{"id":4270,"date":"2023-03-01T10:23:00","date_gmt":"2023-03-01T09:23:00","guid":{"rendered":"https:\/\/arbr.fr\/wordpress\/?page_id=4270"},"modified":"2025-12-29T15:52:04","modified_gmt":"2025-12-29T14:52:04","slug":"mairie-compostage","status":"publish","type":"page","link":"https:\/\/arbr.fr\/wordpress\/mairie-compostage\/","title":{"rendered":"Mairie infos"},"content":{"rendered":"\r\n<p><span style=\"color: #003300;\"><strong><span style=\"font-size: 14pt;\">* LES V\u0152UX :&nbsp;<\/span><\/strong><\/span><\/p>\r\n<p><img loading=\"lazy\" decoding=\"async\" class=\"alignnone  wp-image-8379\" src=\"https:\/\/arbr.fr\/wordpress\/wp-content\/uploads\/2025\/12\/2025-12-Voeux.jpg\" alt=\"\" width=\"418\" height=\"302\" srcset=\"https:\/\/arbr.fr\/wordpress\/wp-content\/uploads\/2025\/12\/2025-12-Voeux.jpg 987w, https:\/\/arbr.fr\/wordpress\/wp-content\/uploads\/2025\/12\/2025-12-Voeux-300x217.jpg 300w, https:\/\/arbr.fr\/wordpress\/wp-content\/uploads\/2025\/12\/2025-12-Voeux-768x555.jpg 768w\" sizes=\"(max-width: 418px) 100vw, 418px\" \/> <img loading=\"lazy\" decoding=\"async\" class=\"alignnone  wp-image-8380\" src=\"https:\/\/arbr.fr\/wordpress\/wp-content\/uploads\/2025\/12\/2025-12-Voeux-2.jpg\" alt=\"\" width=\"426\" height=\"307\" srcset=\"https:\/\/arbr.fr\/wordpress\/wp-content\/uploads\/2025\/12\/2025-12-Voeux-2.jpg 989w, https:\/\/arbr.fr\/wordpress\/wp-content\/uploads\/2025\/12\/2025-12-Voeux-2-300x216.jpg 300w, https:\/\/arbr.fr\/wordpress\/wp-content\/uploads\/2025\/12\/2025-12-Voeux-2-768x553.jpg 768w\" sizes=\"(max-width: 426px) 100vw, 426px\" \/><\/p>\r\n<p>\u00ab\u00a0Le maire, Jean-S\u00e9bastien Guitton, et les membres du conseil municipal d\u2019Orvault ont le plaisir <strong>de convier l\u2019ensemble de la population \u00e0 la c\u00e9r\u00e9monie des v\u0153ux aux habitant\u2219es <\/strong><\/p>\r\n<p><strong>mercredi 7 janvier \u00e0 19h \u00e0 l\u2019Odyss\u00e9e<\/strong>.<\/p>\r\n<p>Dans le cadre de la d\u00e9marche \u00ab Ville amie des a\u00een\u00e9s \u00bb, Val\u00e9rie Bernat, directrice g\u00e9n\u00e9rale du G\u00e9rontop\u00f4le des Pays de la Loire, introduira la soir\u00e9e sur le th\u00e8me \u00ab bien vieillir, un d\u00e9fi pour demain \u00bb.\u00a0\u00bb<\/p>\r\n<p><strong><span style=\"color: #ff0000; font-size: 14pt;\">* NO\u00cbL A ORVAULT :&nbsp;<\/span><\/strong><\/p>\r\n<p><img loading=\"lazy\" decoding=\"async\" class=\"alignnone  wp-image-8340\" src=\"https:\/\/arbr.fr\/wordpress\/wp-content\/uploads\/2025\/12\/2025_11_26_installation_deco.jpg\" alt=\"\" width=\"260\" height=\"347\" srcset=\"https:\/\/arbr.fr\/wordpress\/wp-content\/uploads\/2025\/12\/2025_11_26_installation_deco.jpg 600w, https:\/\/arbr.fr\/wordpress\/wp-content\/uploads\/2025\/12\/2025_11_26_installation_deco-225x300.jpg 225w\" sizes=\"(max-width: 260px) 100vw, 260px\" \/> <a href=\"https:\/\/arbr.fr\/wordpress\/wp-content\/uploads\/2025\/12\/2025_12_01_NOEL_A_ORVAULT_CP.pdf\">2025_12_01_NOEL_A_ORVAULT_CP<\/a><\/p>\r\n<p><span style=\"font-size: 14pt; color: #ff0000;\"><a style=\"color: #ff0000;\" href=\"https:\/\/arbr.fr\/wordpress\/wp-content\/uploads\/2025\/12\/ORVAULT_noel_plaquette.pdf\">ORVAULT_no\u00ebl_plaquette<\/a><\/span><\/p>\r\n<p><span style=\"color: #008000; font-size: 14pt;\"><strong>* LA FRATERNIBOX :<\/strong><\/span><\/p>\r\n<p>Bonjour,<\/p>\r\n<p>je vous prie de bien vouloir trouver ci-joint un communiqu\u00e9 de presse pr\u00e9sentant la <strong>Fraternibox<\/strong>, une initiative citoyenne n\u00e9e \u00e0 Orvault dans le cadre des rendez-vous \u00ab\u00a0Orva-liens\u00a0\u00bb propos\u00e9s par des associations locales en 2025 autour de la fraternit\u00e9.<\/p>\r\n<p>Elle fait suite \u00e0 la mise en pace d&rsquo;une \u00ab\u00a0Bonjour zone\u00a0\u00bb et d&rsquo;un \u00ab\u00a0Blabla banc\u00a0\u00bb dans le quartier du Petit-Chantilly, \u00e0 partir d&rsquo;id\u00e9es \u00e9mises par des habitants et habitantes.<\/p>\r\n<p>La Journ\u00e9e mondiale des b\u00e9n\u00e9voles et des volontaires, vendredi 5 d\u00e9cembre, est une bonne occasion pour (faire) d\u00e9couvrir cette offre.<\/p>\r\n<p>Restant \u00e0 votre disposition, je vous remercie de l&rsquo;\u00e9cho que vous voudrez bien donner \u00e0 cette information.<\/p>\r\n<p>Cordialement.<\/p>\r\n<p>Olivier RIGAUD &#8211; Responsable communication Ville d&rsquo;Orvault<\/p>\r\n<p><a href=\"https:\/\/arbr.fr\/wordpress\/wp-content\/uploads\/2025\/12\/20251202_CP_Fraternibox_JourneeBenevolat_Orvault.pdf\">20251202_CP_Fraternibox_JourneeBenevolat_Orvault<\/a><\/p>\r\n<p><span style=\"color: #008000;\"><strong>N&rsquo;h\u00e9sitez pas \u00e0 venir nous voir \u00e0 l&rsquo;ARBR! Vous souhaitez \u00eatre b\u00e9n\u00e9vole : 02 28 91 12 63<\/strong><\/span><\/p>\r\n<p>&nbsp;<\/p>\r\n<p><span style=\"font-size: 14pt; color: #993300;\"><strong>* LES SANGLIERS AU BOIS RAGUENET :<\/strong><\/span><\/p>\r\n<p>Depuis quelques semaines, plusieurs habitant\u00b7es du quartier du Bois Raguenet ont signal\u00e9 \u00e0 la Ville une recrudescence de la population de sangliers. &nbsp;<\/p>\r\n<p>La collectivit\u00e9 en a imm\u00e9diatement inform\u00e9 le lieutenant de louveterie qui d\u00e9pend de la Pr\u00e9fecture. La F\u00e9d\u00e9ration d\u00e9partementale des chasseurs a \u00e9galement \u00e9t\u00e9 sensibilis\u00e9e.<\/p>\r\n<p>Suite \u00e0 celle men\u00e9e d\u00e9but octobre dernier, une <strong>nouvelle battue sera organis\u00e9e dans le quartier du Bois Raguenet ce samedi 29 novembre de 8h \u00e0 12h.<\/strong><\/p>\r\n<p>Par ailleurs, en plus des cages d\u00e9j\u00e0 mises en place par la Ville, dont certaines ont \u00e9t\u00e9 d\u00e9grad\u00e9es ou vol\u00e9es, de nouvelles cages ont \u00e9t\u00e9 command\u00e9es et seront tr\u00e8s prochainement install\u00e9es sur des terrains priv\u00e9s.<\/p>\r\n<p>&nbsp;<\/p>\r\n<p>Je vous remercie, si vous en avez la possibilit\u00e9, de diffuser cette information \u00e0 vos adh\u00e9rent\u00b7es.<\/p>\r\n<p>&nbsp;<\/p>\r\n<p>Bonne journ\u00e9e.<\/p>\r\n<p>Cordialement,<\/p>\r\n<table width=\"0\">\r\n<tbody>\r\n<tr>\r\n<td width=\"190\">\r\n<p>Toute l\u2019actualit\u00e9 sur<strong>&nbsp;<\/strong><a href=\"https:\/\/www.orvault.fr\/\"><strong>orvault.fr<\/strong><\/a><\/p>\r\n<p>&nbsp;&nbsp;&nbsp;&nbsp;&nbsp;<\/p>\r\n<\/td>\r\n<td width=\"301\">\r\n<p><strong>Mickael FAIRAND<\/strong><\/p>\r\n<p>Directeur de Cabinet<\/p>\r\n<p>&nbsp;<\/p>\r\n<p>&nbsp;<\/p>\r\n<p>H\u00f4tel de Ville, 9 rue Marcel-Deniau<br>CS 70616 \u2013 44706 Orvault CEDEX<\/p>\r\n<p>T\u00e9l. +33 2 51 78 31 44 &#8211; +33 6 10 18 77 23<\/p>\r\n<\/td>\r\n<td width=\"75\">\r\n<p>&nbsp;<\/p>\r\n<\/td>\r\n<\/tr>\r\n<\/tbody>\r\n<\/table>\r\n<p>&nbsp;<\/p>\r\n<p><strong><span style=\"color: #000080; font-size: 14pt;\">* BUS SOLIDAIRE d&rsquo;ORVAULT : LE KIOSQUE MOBILE<\/span><\/strong><\/p>\r\n<p><img loading=\"lazy\" decoding=\"async\" class=\"alignnone size-full wp-image-8155\" src=\"https:\/\/arbr.fr\/wordpress\/wp-content\/uploads\/2025\/10\/2025-10-09-kiosque-mobile.jpg\" alt=\"\" width=\"337\" height=\"479\" srcset=\"https:\/\/arbr.fr\/wordpress\/wp-content\/uploads\/2025\/10\/2025-10-09-kiosque-mobile.jpg 337w, https:\/\/arbr.fr\/wordpress\/wp-content\/uploads\/2025\/10\/2025-10-09-kiosque-mobile-211x300.jpg 211w\" sizes=\"(max-width: 337px) 100vw, 337px\" \/> <a href=\"https:\/\/arbr.fr\/wordpress\/wp-content\/uploads\/2025\/10\/2025-Kiosque-mobile.pdf\"><span style=\"font-size: 14pt;\">2025 Kiosque mobile<\/span><\/a><\/p>\r\n<p>Bonjour,<\/p>\r\n<p>Je vous informe de la mise en place depuis mai 2025 d\u2019un bus solidaire intitul\u00e9 \u00ab&nbsp;le kiosque mobile&nbsp;\u00bb par la coh\u00e9sion sociale.<\/p>\r\n<p>Ce bus solidaire itin\u00e9rant se veut exp\u00e9rimental et permet de&nbsp;:<\/p>\r\n<ul>\r\n<li>Promouvoir l\u2019aller-vers pour les publics les plus \u00e9loign\u00e9s du droit commun, les personnes isol\u00e9es, les personnes en pr\u00e9carit\u00e9, les personnes \u00e2g\u00e9es.<\/li>\r\n<li>Proposer des permanences du CCAS d\u00e9localis\u00e9es, sur l\u2019ensemble du territoire sur diff\u00e9rents champs, pour favoriser l\u2019acc\u00e8s aux droits&nbsp;:<\/li>\r\n<li>Proposer des actions de pr\u00e9vention tout public sur des th\u00e9matiques sociales notamment la sant\u00e9, la parentalit\u00e9, l\u2019\u00e9galit\u00e9 femme\/homme, du handicap ou sur les violences intrafamiliales.<\/li>\r\n<li>Diffuser l\u2019offre des services municipaux ainsi que de l\u2019actualit\u00e9 municipale afin de rapprocher les citoyen\u00b7nes des services publics.<\/li>\r\n<li>Proposer des animations favorisant le lien social&nbsp;: ludoth\u00e8que mobile&nbsp;; caf\u00e9s conviviaux&nbsp;; actions culturelles&nbsp;; temps d\u2019\u00e9changes et de d\u00e9bats.<\/li>\r\n<li>Investir plus fortement des quartiers de veille sociale (Choli\u00e8re-Salentine&nbsp;; Bois St Louis&nbsp;; Bourg) et des quartiers qui ne disposent pas d\u2019une offre associative et\/ou socio-\u00e9ducative (Choli\u00e8re-Salentine&nbsp;; milieu rural&nbsp;; Praudi\u00e8re).<\/li>\r\n<\/ul>\r\n<table>\r\n<tbody>\r\n<tr>\r\n<td>\r\n<p><strong>Sabrina DESPORTES<\/strong><\/p>\r\n<p>Responsable du p\u00f4le solidarit\u00e9<\/p>\r\n<p>Direction Cohesion Sociale<\/p>\r\n<\/td>\r\n<\/tr>\r\n<\/tbody>\r\n<\/table>\r\n<p>T\u00e9l. +33 2 51 78 32 57 &#8211; +33 6 99 39 80 83<\/p>\r\n<p><span style=\"font-size: 14pt; color: #800000;\"><strong>&nbsp;* CULTIVER LA FRATERNITE :&nbsp;<\/strong><\/span><\/p>\r\n<p><img loading=\"lazy\" decoding=\"async\" class=\" wp-image-8137\" src=\"https:\/\/arbr.fr\/wordpress\/wp-content\/uploads\/2025\/10\/Orvault-mairie-bilan-1-1-1024x724.jpg\" alt=\"\" width=\"663\" height=\"469\" srcset=\"https:\/\/arbr.fr\/wordpress\/wp-content\/uploads\/2025\/10\/Orvault-mairie-bilan-1-1-1024x724.jpg 1024w, https:\/\/arbr.fr\/wordpress\/wp-content\/uploads\/2025\/10\/Orvault-mairie-bilan-1-1-300x212.jpg 300w, https:\/\/arbr.fr\/wordpress\/wp-content\/uploads\/2025\/10\/Orvault-mairie-bilan-1-1-768x543.jpg 768w, https:\/\/arbr.fr\/wordpress\/wp-content\/uploads\/2025\/10\/Orvault-mairie-bilan-1-1-1536x1086.jpg 1536w, https:\/\/arbr.fr\/wordpress\/wp-content\/uploads\/2025\/10\/Orvault-mairie-bilan-1-1-2048x1448.jpg 2048w\" sizes=\"(max-width: 663px) 100vw, 663px\" \/><\/p>\r\n<h3><span style=\"color: #008000;\">* Site ex-Alcatel :<\/span><\/h3>\r\n<p><img loading=\"lazy\" decoding=\"async\" class=\"alignnone size-full wp-image-7117\" src=\"https:\/\/arbr.fr\/wordpress\/wp-content\/uploads\/2024\/12\/2024-12-11-site-alcatel.jpg\" alt=\"\" width=\"618\" height=\"885\" srcset=\"https:\/\/arbr.fr\/wordpress\/wp-content\/uploads\/2024\/12\/2024-12-11-site-alcatel.jpg 618w, https:\/\/arbr.fr\/wordpress\/wp-content\/uploads\/2024\/12\/2024-12-11-site-alcatel-209x300.jpg 209w\" sizes=\"(max-width: 618px) 100vw, 618px\" \/><\/p>\r\n<p>&nbsp;<\/p>\r\n<p>&nbsp;<\/p>\r\n","protected":false},"excerpt":{"rendered":"<p>* LES V\u0152UX :&nbsp; \u00ab\u00a0Le maire, Jean-S\u00e9bastien Guitton, et les membres du conseil municipal d\u2019Orvault ont le plaisir de convier l\u2019ensemble de la population \u00e0 la c\u00e9r\u00e9monie des v\u0153ux aux habitant\u2219es mercredi 7 janvier&#46;&#46;&#46;<\/p>\n","protected":false},"author":4,"featured_media":0,"parent":0,"menu_order":0,"comment_status":"closed","ping_status":"closed","template":"","meta":{"ngg_post_thumbnail":0,"footnotes":""},"class_list":["post-4270","page","type-page","status-publish","hentry"],"yoast_head":"<!-- This site is optimized with the Yoast SEO plugin v24.1 - https:\/\/yoast.com\/wordpress\/plugins\/seo\/ -->\n<title>Mairie infos - ARBR<\/title>\n<meta name=\"robots\" content=\"index, follow, max-snippet:-1, max-image-preview:large, max-video-preview:-1\" \/>\n<link rel=\"canonical\" href=\"https:\/\/arbr.fr\/wordpress\/mairie-compostage\/\" \/>\n<meta property=\"og:locale\" content=\"fr_FR\" \/>\n<meta property=\"og:type\" content=\"article\" \/>\n<meta property=\"og:title\" content=\"Mairie infos - ARBR\" \/>\n<meta property=\"og:description\" content=\"* LES V\u0152UX :&nbsp; \u00ab\u00a0Le maire, Jean-S\u00e9bastien Guitton, et les membres du conseil municipal d\u2019Orvault ont le plaisir de convier l\u2019ensemble de la population \u00e0 la c\u00e9r\u00e9monie des v\u0153ux aux habitant\u2219es mercredi 7 janvier&#046;&#046;&#046;\" \/>\n<meta property=\"og:url\" content=\"https:\/\/arbr.fr\/wordpress\/mairie-compostage\/\" \/>\n<meta property=\"og:site_name\" content=\"ARBR\" \/>\n<meta property=\"article:modified_time\" content=\"2025-12-29T14:52:04+00:00\" \/>\n<meta property=\"og:image\" content=\"https:\/\/arbr.fr\/wordpress\/wp-content\/uploads\/2025\/12\/2025-12-Voeux.jpg\" \/>\n\t<meta property=\"og:image:width\" content=\"987\" \/>\n\t<meta property=\"og:image:height\" content=\"713\" \/>\n\t<meta property=\"og:image:type\" content=\"image\/jpeg\" \/>\n<meta name=\"twitter:card\" content=\"summary_large_image\" \/>\n<meta name=\"twitter:label1\" content=\"Dur\u00e9e de lecture estim\u00e9e\" \/>\n\t<meta name=\"twitter:data1\" content=\"5 minutes\" \/>\n<script type=\"application\/ld+json\" class=\"yoast-schema-graph\">{\"@context\":\"https:\/\/schema.org\",\"@graph\":[{\"@type\":\"WebPage\",\"@id\":\"https:\/\/arbr.fr\/wordpress\/mairie-compostage\/\",\"url\":\"https:\/\/arbr.fr\/wordpress\/mairie-compostage\/\",\"name\":\"Mairie infos - ARBR\",\"isPartOf\":{\"@id\":\"https:\/\/arbr.fr\/wordpress\/#website\"},\"primaryImageOfPage\":{\"@id\":\"https:\/\/arbr.fr\/wordpress\/mairie-compostage\/#primaryimage\"},\"image\":{\"@id\":\"https:\/\/arbr.fr\/wordpress\/mairie-compostage\/#primaryimage\"},\"thumbnailUrl\":\"https:\/\/arbr.fr\/wordpress\/wp-content\/uploads\/2025\/12\/2025-12-Voeux.jpg\",\"datePublished\":\"2023-03-01T09:23:00+00:00\",\"dateModified\":\"2025-12-29T14:52:04+00:00\",\"breadcrumb\":{\"@id\":\"https:\/\/arbr.fr\/wordpress\/mairie-compostage\/#breadcrumb\"},\"inLanguage\":\"fr-FR\",\"potentialAction\":[{\"@type\":\"ReadAction\",\"target\":[\"https:\/\/arbr.fr\/wordpress\/mairie-compostage\/\"]}]},{\"@type\":\"ImageObject\",\"inLanguage\":\"fr-FR\",\"@id\":\"https:\/\/arbr.fr\/wordpress\/mairie-compostage\/#primaryimage\",\"url\":\"https:\/\/arbr.fr\/wordpress\/wp-content\/uploads\/2025\/12\/2025-12-Voeux.jpg\",\"contentUrl\":\"https:\/\/arbr.fr\/wordpress\/wp-content\/uploads\/2025\/12\/2025-12-Voeux.jpg\",\"width\":987,\"height\":713},{\"@type\":\"BreadcrumbList\",\"@id\":\"https:\/\/arbr.fr\/wordpress\/mairie-compostage\/#breadcrumb\",\"itemListElement\":[{\"@type\":\"ListItem\",\"position\":1,\"name\":\"Accueil\",\"item\":\"https:\/\/arbr.fr\/wordpress\/\"},{\"@type\":\"ListItem\",\"position\":2,\"name\":\"Mairie infos\"}]},{\"@type\":\"WebSite\",\"@id\":\"https:\/\/arbr.fr\/wordpress\/#website\",\"url\":\"https:\/\/arbr.fr\/wordpress\/\",\"name\":\"ARBR\",\"description\":\"Association des r\u00e9sidents du Bois Raguenet\",\"publisher\":{\"@id\":\"https:\/\/arbr.fr\/wordpress\/#organization\"},\"potentialAction\":[{\"@type\":\"SearchAction\",\"target\":{\"@type\":\"EntryPoint\",\"urlTemplate\":\"https:\/\/arbr.fr\/wordpress\/?s={search_term_string}\"},\"query-input\":{\"@type\":\"PropertyValueSpecification\",\"valueRequired\":true,\"valueName\":\"search_term_string\"}}],\"inLanguage\":\"fr-FR\"},{\"@type\":\"Organization\",\"@id\":\"https:\/\/arbr.fr\/wordpress\/#organization\",\"name\":\"ARBR\",\"url\":\"https:\/\/arbr.fr\/wordpress\/\",\"logo\":{\"@type\":\"ImageObject\",\"inLanguage\":\"fr-FR\",\"@id\":\"https:\/\/arbr.fr\/wordpress\/#\/schema\/logo\/image\/\",\"url\":\"https:\/\/arbr.fr\/wordpress\/wp-content\/uploads\/2017\/03\/0.png\",\"contentUrl\":\"https:\/\/arbr.fr\/wordpress\/wp-content\/uploads\/2017\/03\/0.png\",\"width\":650,\"height\":283,\"caption\":\"ARBR\"},\"image\":{\"@id\":\"https:\/\/arbr.fr\/wordpress\/#\/schema\/logo\/image\/\"}}]}<\/script>\n<!-- \/ Yoast SEO plugin. -->","yoast_head_json":{"title":"Mairie infos - ARBR","robots":{"index":"index","follow":"follow","max-snippet":"max-snippet:-1","max-image-preview":"max-image-preview:large","max-video-preview":"max-video-preview:-1"},"canonical":"https:\/\/arbr.fr\/wordpress\/mairie-compostage\/","og_locale":"fr_FR","og_type":"article","og_title":"Mairie infos - ARBR","og_description":"* LES V\u0152UX :&nbsp; \u00ab\u00a0Le maire, Jean-S\u00e9bastien Guitton, et les membres du conseil municipal d\u2019Orvault ont le plaisir de convier l\u2019ensemble de la population \u00e0 la c\u00e9r\u00e9monie des v\u0153ux aux habitant\u2219es mercredi 7 janvier&#46;&#46;&#46;","og_url":"https:\/\/arbr.fr\/wordpress\/mairie-compostage\/","og_site_name":"ARBR","article_modified_time":"2025-12-29T14:52:04+00:00","og_image":[{"width":987,"height":713,"url":"https:\/\/arbr.fr\/wordpress\/wp-content\/uploads\/2025\/12\/2025-12-Voeux.jpg","type":"image\/jpeg"}],"twitter_card":"summary_large_image","twitter_misc":{"Dur\u00e9e de lecture estim\u00e9e":"5 minutes"},"schema":{"@context":"https:\/\/schema.org","@graph":[{"@type":"WebPage","@id":"https:\/\/arbr.fr\/wordpress\/mairie-compostage\/","url":"https:\/\/arbr.fr\/wordpress\/mairie-compostage\/","name":"Mairie infos - ARBR","isPartOf":{"@id":"https:\/\/arbr.fr\/wordpress\/#website"},"primaryImageOfPage":{"@id":"https:\/\/arbr.fr\/wordpress\/mairie-compostage\/#primaryimage"},"image":{"@id":"https:\/\/arbr.fr\/wordpress\/mairie-compostage\/#primaryimage"},"thumbnailUrl":"https:\/\/arbr.fr\/wordpress\/wp-content\/uploads\/2025\/12\/2025-12-Voeux.jpg","datePublished":"2023-03-01T09:23:00+00:00","dateModified":"2025-12-29T14:52:04+00:00","breadcrumb":{"@id":"https:\/\/arbr.fr\/wordpress\/mairie-compostage\/#breadcrumb"},"inLanguage":"fr-FR","potentialAction":[{"@type":"ReadAction","target":["https:\/\/arbr.fr\/wordpress\/mairie-compostage\/"]}]},{"@type":"ImageObject","inLanguage":"fr-FR","@id":"https:\/\/arbr.fr\/wordpress\/mairie-compostage\/#primaryimage","url":"https:\/\/arbr.fr\/wordpress\/wp-content\/uploads\/2025\/12\/2025-12-Voeux.jpg","contentUrl":"https:\/\/arbr.fr\/wordpress\/wp-content\/uploads\/2025\/12\/2025-12-Voeux.jpg","width":987,"height":713},{"@type":"BreadcrumbList","@id":"https:\/\/arbr.fr\/wordpress\/mairie-compostage\/#breadcrumb","itemListElement":[{"@type":"ListItem","position":1,"name":"Accueil","item":"https:\/\/arbr.fr\/wordpress\/"},{"@type":"ListItem","position":2,"name":"Mairie infos"}]},{"@type":"WebSite","@id":"https:\/\/arbr.fr\/wordpress\/#website","url":"https:\/\/arbr.fr\/wordpress\/","name":"ARBR","description":"Association des r\u00e9sidents du Bois Raguenet","publisher":{"@id":"https:\/\/arbr.fr\/wordpress\/#organization"},"potentialAction":[{"@type":"SearchAction","target":{"@type":"EntryPoint","urlTemplate":"https:\/\/arbr.fr\/wordpress\/?s={search_term_string}"},"query-input":{"@type":"PropertyValueSpecification","valueRequired":true,"valueName":"search_term_string"}}],"inLanguage":"fr-FR"},{"@type":"Organization","@id":"https:\/\/arbr.fr\/wordpress\/#organization","name":"ARBR","url":"https:\/\/arbr.fr\/wordpress\/","logo":{"@type":"ImageObject","inLanguage":"fr-FR","@id":"https:\/\/arbr.fr\/wordpress\/#\/schema\/logo\/image\/","url":"https:\/\/arbr.fr\/wordpress\/wp-content\/uploads\/2017\/03\/0.png","contentUrl":"https:\/\/arbr.fr\/wordpress\/wp-content\/uploads\/2017\/03\/0.png","width":650,"height":283,"caption":"ARBR"},"image":{"@id":"https:\/\/arbr.fr\/wordpress\/#\/schema\/logo\/image\/"}}]}},"_links":{"self":[{"href":"https:\/\/arbr.fr\/wordpress\/wp-json\/wp\/v2\/pages\/4270"}],"collection":[{"href":"https:\/\/arbr.fr\/wordpress\/wp-json\/wp\/v2\/pages"}],"about":[{"href":"https:\/\/arbr.fr\/wordpress\/wp-json\/wp\/v2\/types\/page"}],"author":[{"embeddable":true,"href":"https:\/\/arbr.fr\/wordpress\/wp-json\/wp\/v2\/users\/4"}],"replies":[{"embeddable":true,"href":"https:\/\/arbr.fr\/wordpress\/wp-json\/wp\/v2\/comments?post=4270"}],"version-history":[{"count":79,"href":"https:\/\/arbr.fr\/wordpress\/wp-json\/wp\/v2\/pages\/4270\/revisions"}],"predecessor-version":[{"id":8382,"href":"https:\/\/arbr.fr\/wordpress\/wp-json\/wp\/v2\/pages\/4270\/revisions\/8382"}],"wp:attachment":[{"href":"https:\/\/arbr.fr\/wordpress\/wp-json\/wp\/v2\/media?parent=4270"}],"curies":[{"name":"wp","href":"https:\/\/api.w.org\/{rel}","templated":true}]}}