{"id":311,"date":"2017-03-25T14:15:45","date_gmt":"2017-03-25T13:15:45","guid":{"rendered":"http:\/\/arbr.fr\/wordpress\/?page_id=311"},"modified":"2026-01-15T11:05:58","modified_gmt":"2026-01-15T10:05:58","slug":"voituriers","status":"publish","type":"page","link":"https:\/\/arbr.fr\/wordpress\/voituriers\/","title":{"rendered":"Voituriers"},"content":{"rendered":"<p>&nbsp; <img loading=\"lazy\" decoding=\"async\" class=\"alignnone wp-image-6143\" src=\"https:\/\/arbr.fr\/wordpress\/wp-content\/uploads\/2024\/03\/Voituriers.jpg\" alt=\"\" width=\"470\" height=\"279\" srcset=\"https:\/\/arbr.fr\/wordpress\/wp-content\/uploads\/2024\/03\/Voituriers.jpg 588w, https:\/\/arbr.fr\/wordpress\/wp-content\/uploads\/2024\/03\/Voituriers-300x178.jpg 300w\" sizes=\"(max-width: 470px) 100vw, 470px\" \/>&nbsp; &nbsp; <img loading=\"lazy\" decoding=\"async\" class=\"alignnone  wp-image-8430\" src=\"https:\/\/arbr.fr\/wordpress\/wp-content\/uploads\/2026\/01\/Galette-Voituriers-2026.jpg\" alt=\"\" width=\"425\" height=\"338\" srcset=\"https:\/\/arbr.fr\/wordpress\/wp-content\/uploads\/2026\/01\/Galette-Voituriers-2026.jpg 459w, https:\/\/arbr.fr\/wordpress\/wp-content\/uploads\/2026\/01\/Galette-Voituriers-2026-300x239.jpg 300w\" sizes=\"(max-width: 425px) 100vw, 425px\" \/><\/p>\n<p style=\"text-align: center;\"><span style=\"color: #008000;\">Les voituriers se sont rejoints pour la galette, Merci pour l&rsquo;organisation de Claudine !<\/span><\/p>\n<p>&nbsp;<\/p>\n<p>Voir le planning :<strong><em><br \/>\n<\/em><\/strong><\/p>\n<p>&nbsp;<\/p>\n<p><img loading=\"lazy\" decoding=\"async\" class=\"alignnone size-full wp-image-8316\" src=\"https:\/\/arbr.fr\/wordpress\/wp-content\/uploads\/2025\/12\/2025-12-03-planning-janvier-mars-2026.jpg\" alt=\"\" width=\"911\" height=\"847\" srcset=\"https:\/\/arbr.fr\/wordpress\/wp-content\/uploads\/2025\/12\/2025-12-03-planning-janvier-mars-2026.jpg 911w, https:\/\/arbr.fr\/wordpress\/wp-content\/uploads\/2025\/12\/2025-12-03-planning-janvier-mars-2026-300x279.jpg 300w, https:\/\/arbr.fr\/wordpress\/wp-content\/uploads\/2025\/12\/2025-12-03-planning-janvier-mars-2026-768x714.jpg 768w\" sizes=\"(max-width: 911px) 100vw, 911px\" \/><\/p>\n<p>&nbsp;<\/p>\n<p><strong>Contacts :<\/strong><\/p>\n<ul>\n<li>MOLINARO Claudine : 06 50 31 84 64<\/li>\n<\/ul>\n<p><strong>DESCRIPTION DE l&rsquo;ACTIVITE :<\/strong><\/p>\n<p>Des b\u00e9n\u00e9voles de l&rsquo;ARBR (les \u00ab\u00a0Voituriers\u00a0\u00bb) se proposent d&rsquo;amener toute personne sans voiture mais autonome \u00e0 Grand Val (le mardi ou le jeudi matin) pour qu&rsquo;ils puissent faire leurs courses (selon planning sur le site de l&rsquo;ARBR).<\/p>\n<p><strong>N.B<\/strong> &#8211; <em>\u00catre adh\u00e9rent \u00e0 l&rsquo;ARBR<\/em><\/p>\n","protected":false},"excerpt":{"rendered":"<p>&nbsp; &nbsp; &nbsp; Les voituriers se sont rejoints pour la galette, Merci pour l&rsquo;organisation de Claudine ! &nbsp; Voir le planning : &nbsp; &nbsp; Contacts : MOLINARO Claudine : 06 50 31 84 64&#46;&#46;&#46;<\/p>\n","protected":false},"author":1,"featured_media":0,"parent":0,"menu_order":0,"comment_status":"closed","ping_status":"closed","template":"","meta":{"ngg_post_thumbnail":0,"footnotes":""},"class_list":["post-311","page","type-page","status-publish","hentry"],"yoast_head":"<!-- This site is optimized with the Yoast SEO plugin v24.1 - https:\/\/yoast.com\/wordpress\/plugins\/seo\/ -->\n<title>Voituriers - ARBR<\/title>\n<meta name=\"robots\" content=\"index, follow, max-snippet:-1, max-image-preview:large, max-video-preview:-1\" \/>\n<link rel=\"canonical\" href=\"https:\/\/arbr.fr\/wordpress\/voituriers\/\" \/>\n<meta property=\"og:locale\" content=\"fr_FR\" \/>\n<meta property=\"og:type\" content=\"article\" \/>\n<meta property=\"og:title\" content=\"Voituriers - ARBR\" \/>\n<meta property=\"og:description\" content=\"&nbsp; &nbsp; &nbsp; Les voituriers se sont rejoints pour la galette, Merci pour l&rsquo;organisation de Claudine ! &nbsp; Voir le planning : &nbsp; &nbsp; Contacts : MOLINARO Claudine : 06 50 31 84 64&#046;&#046;&#046;\" \/>\n<meta property=\"og:url\" content=\"https:\/\/arbr.fr\/wordpress\/voituriers\/\" \/>\n<meta property=\"og:site_name\" content=\"ARBR\" \/>\n<meta property=\"article:modified_time\" content=\"2026-01-15T10:05:58+00:00\" \/>\n<meta property=\"og:image\" content=\"https:\/\/arbr.fr\/wordpress\/wp-content\/uploads\/2024\/03\/Voituriers.jpg\" \/>\n\t<meta property=\"og:image:width\" content=\"588\" \/>\n\t<meta property=\"og:image:height\" content=\"349\" \/>\n\t<meta property=\"og:image:type\" content=\"image\/jpeg\" \/>\n<meta name=\"twitter:card\" content=\"summary_large_image\" \/>\n<meta name=\"twitter:label1\" content=\"Dur\u00e9e de lecture estim\u00e9e\" \/>\n\t<meta name=\"twitter:data1\" content=\"1 minute\" \/>\n<script type=\"application\/ld+json\" class=\"yoast-schema-graph\">{\"@context\":\"https:\/\/schema.org\",\"@graph\":[{\"@type\":\"WebPage\",\"@id\":\"https:\/\/arbr.fr\/wordpress\/voituriers\/\",\"url\":\"https:\/\/arbr.fr\/wordpress\/voituriers\/\",\"name\":\"Voituriers - ARBR\",\"isPartOf\":{\"@id\":\"https:\/\/arbr.fr\/wordpress\/#website\"},\"primaryImageOfPage\":{\"@id\":\"https:\/\/arbr.fr\/wordpress\/voituriers\/#primaryimage\"},\"image\":{\"@id\":\"https:\/\/arbr.fr\/wordpress\/voituriers\/#primaryimage\"},\"thumbnailUrl\":\"https:\/\/arbr.fr\/wordpress\/wp-content\/uploads\/2024\/03\/Voituriers.jpg\",\"datePublished\":\"2017-03-25T13:15:45+00:00\",\"dateModified\":\"2026-01-15T10:05:58+00:00\",\"breadcrumb\":{\"@id\":\"https:\/\/arbr.fr\/wordpress\/voituriers\/#breadcrumb\"},\"inLanguage\":\"fr-FR\",\"potentialAction\":[{\"@type\":\"ReadAction\",\"target\":[\"https:\/\/arbr.fr\/wordpress\/voituriers\/\"]}]},{\"@type\":\"ImageObject\",\"inLanguage\":\"fr-FR\",\"@id\":\"https:\/\/arbr.fr\/wordpress\/voituriers\/#primaryimage\",\"url\":\"https:\/\/arbr.fr\/wordpress\/wp-content\/uploads\/2024\/03\/Voituriers.jpg\",\"contentUrl\":\"https:\/\/arbr.fr\/wordpress\/wp-content\/uploads\/2024\/03\/Voituriers.jpg\",\"width\":588,\"height\":349},{\"@type\":\"BreadcrumbList\",\"@id\":\"https:\/\/arbr.fr\/wordpress\/voituriers\/#breadcrumb\",\"itemListElement\":[{\"@type\":\"ListItem\",\"position\":1,\"name\":\"Accueil\",\"item\":\"https:\/\/arbr.fr\/wordpress\/\"},{\"@type\":\"ListItem\",\"position\":2,\"name\":\"Voituriers\"}]},{\"@type\":\"WebSite\",\"@id\":\"https:\/\/arbr.fr\/wordpress\/#website\",\"url\":\"https:\/\/arbr.fr\/wordpress\/\",\"name\":\"ARBR\",\"description\":\"Association des r\u00e9sidents du Bois Raguenet\",\"publisher\":{\"@id\":\"https:\/\/arbr.fr\/wordpress\/#organization\"},\"potentialAction\":[{\"@type\":\"SearchAction\",\"target\":{\"@type\":\"EntryPoint\",\"urlTemplate\":\"https:\/\/arbr.fr\/wordpress\/?s={search_term_string}\"},\"query-input\":{\"@type\":\"PropertyValueSpecification\",\"valueRequired\":true,\"valueName\":\"search_term_string\"}}],\"inLanguage\":\"fr-FR\"},{\"@type\":\"Organization\",\"@id\":\"https:\/\/arbr.fr\/wordpress\/#organization\",\"name\":\"ARBR\",\"url\":\"https:\/\/arbr.fr\/wordpress\/\",\"logo\":{\"@type\":\"ImageObject\",\"inLanguage\":\"fr-FR\",\"@id\":\"https:\/\/arbr.fr\/wordpress\/#\/schema\/logo\/image\/\",\"url\":\"https:\/\/arbr.fr\/wordpress\/wp-content\/uploads\/2017\/03\/0.png\",\"contentUrl\":\"https:\/\/arbr.fr\/wordpress\/wp-content\/uploads\/2017\/03\/0.png\",\"width\":650,\"height\":283,\"caption\":\"ARBR\"},\"image\":{\"@id\":\"https:\/\/arbr.fr\/wordpress\/#\/schema\/logo\/image\/\"}}]}<\/script>\n<!-- \/ Yoast SEO plugin. -->","yoast_head_json":{"title":"Voituriers - ARBR","robots":{"index":"index","follow":"follow","max-snippet":"max-snippet:-1","max-image-preview":"max-image-preview:large","max-video-preview":"max-video-preview:-1"},"canonical":"https:\/\/arbr.fr\/wordpress\/voituriers\/","og_locale":"fr_FR","og_type":"article","og_title":"Voituriers - ARBR","og_description":"&nbsp; &nbsp; &nbsp; Les voituriers se sont rejoints pour la galette, Merci pour l&rsquo;organisation de Claudine ! &nbsp; Voir le planning : &nbsp; &nbsp; Contacts : MOLINARO Claudine : 06 50 31 84 64&#46;&#46;&#46;","og_url":"https:\/\/arbr.fr\/wordpress\/voituriers\/","og_site_name":"ARBR","article_modified_time":"2026-01-15T10:05:58+00:00","og_image":[{"width":588,"height":349,"url":"https:\/\/arbr.fr\/wordpress\/wp-content\/uploads\/2024\/03\/Voituriers.jpg","type":"image\/jpeg"}],"twitter_card":"summary_large_image","twitter_misc":{"Dur\u00e9e de lecture estim\u00e9e":"1 minute"},"schema":{"@context":"https:\/\/schema.org","@graph":[{"@type":"WebPage","@id":"https:\/\/arbr.fr\/wordpress\/voituriers\/","url":"https:\/\/arbr.fr\/wordpress\/voituriers\/","name":"Voituriers - ARBR","isPartOf":{"@id":"https:\/\/arbr.fr\/wordpress\/#website"},"primaryImageOfPage":{"@id":"https:\/\/arbr.fr\/wordpress\/voituriers\/#primaryimage"},"image":{"@id":"https:\/\/arbr.fr\/wordpress\/voituriers\/#primaryimage"},"thumbnailUrl":"https:\/\/arbr.fr\/wordpress\/wp-content\/uploads\/2024\/03\/Voituriers.jpg","datePublished":"2017-03-25T13:15:45+00:00","dateModified":"2026-01-15T10:05:58+00:00","breadcrumb":{"@id":"https:\/\/arbr.fr\/wordpress\/voituriers\/#breadcrumb"},"inLanguage":"fr-FR","potentialAction":[{"@type":"ReadAction","target":["https:\/\/arbr.fr\/wordpress\/voituriers\/"]}]},{"@type":"ImageObject","inLanguage":"fr-FR","@id":"https:\/\/arbr.fr\/wordpress\/voituriers\/#primaryimage","url":"https:\/\/arbr.fr\/wordpress\/wp-content\/uploads\/2024\/03\/Voituriers.jpg","contentUrl":"https:\/\/arbr.fr\/wordpress\/wp-content\/uploads\/2024\/03\/Voituriers.jpg","width":588,"height":349},{"@type":"BreadcrumbList","@id":"https:\/\/arbr.fr\/wordpress\/voituriers\/#breadcrumb","itemListElement":[{"@type":"ListItem","position":1,"name":"Accueil","item":"https:\/\/arbr.fr\/wordpress\/"},{"@type":"ListItem","position":2,"name":"Voituriers"}]},{"@type":"WebSite","@id":"https:\/\/arbr.fr\/wordpress\/#website","url":"https:\/\/arbr.fr\/wordpress\/","name":"ARBR","description":"Association des r\u00e9sidents du Bois Raguenet","publisher":{"@id":"https:\/\/arbr.fr\/wordpress\/#organization"},"potentialAction":[{"@type":"SearchAction","target":{"@type":"EntryPoint","urlTemplate":"https:\/\/arbr.fr\/wordpress\/?s={search_term_string}"},"query-input":{"@type":"PropertyValueSpecification","valueRequired":true,"valueName":"search_term_string"}}],"inLanguage":"fr-FR"},{"@type":"Organization","@id":"https:\/\/arbr.fr\/wordpress\/#organization","name":"ARBR","url":"https:\/\/arbr.fr\/wordpress\/","logo":{"@type":"ImageObject","inLanguage":"fr-FR","@id":"https:\/\/arbr.fr\/wordpress\/#\/schema\/logo\/image\/","url":"https:\/\/arbr.fr\/wordpress\/wp-content\/uploads\/2017\/03\/0.png","contentUrl":"https:\/\/arbr.fr\/wordpress\/wp-content\/uploads\/2017\/03\/0.png","width":650,"height":283,"caption":"ARBR"},"image":{"@id":"https:\/\/arbr.fr\/wordpress\/#\/schema\/logo\/image\/"}}]}},"_links":{"self":[{"href":"https:\/\/arbr.fr\/wordpress\/wp-json\/wp\/v2\/pages\/311"}],"collection":[{"href":"https:\/\/arbr.fr\/wordpress\/wp-json\/wp\/v2\/pages"}],"about":[{"href":"https:\/\/arbr.fr\/wordpress\/wp-json\/wp\/v2\/types\/page"}],"author":[{"embeddable":true,"href":"https:\/\/arbr.fr\/wordpress\/wp-json\/wp\/v2\/users\/1"}],"replies":[{"embeddable":true,"href":"https:\/\/arbr.fr\/wordpress\/wp-json\/wp\/v2\/comments?post=311"}],"version-history":[{"count":50,"href":"https:\/\/arbr.fr\/wordpress\/wp-json\/wp\/v2\/pages\/311\/revisions"}],"predecessor-version":[{"id":8432,"href":"https:\/\/arbr.fr\/wordpress\/wp-json\/wp\/v2\/pages\/311\/revisions\/8432"}],"wp:attachment":[{"href":"https:\/\/arbr.fr\/wordpress\/wp-json\/wp\/v2\/media?parent=311"}],"curies":[{"name":"wp","href":"https:\/\/api.w.org\/{rel}","templated":true}]}}