{"id":305,"date":"2017-03-25T14:12:28","date_gmt":"2017-03-25T13:12:28","guid":{"rendered":"http:\/\/arbr.fr\/wordpress\/?page_id=305"},"modified":"2020-10-09T06:16:14","modified_gmt":"2020-10-09T04:16:14","slug":"tentes","status":"publish","type":"page","link":"https:\/\/arbr.fr\/wordpress\/tentes\/","title":{"rendered":"Tentes"},"content":{"rendered":"<p><img loading=\"lazy\" decoding=\"async\" class=\"size-full wp-image-1010 alignleft\" src=\"http:\/\/arbr.fr\/wordpress\/wp-content\/uploads\/2019\/01\/Tente-St-Jean.png\" alt=\"\" width=\"297\" height=\"283\"><\/p>\n<p><\/p>\n\n\n<div class=\"wp-block-group\"><div class=\"wp-block-group__inner-container is-layout-flow wp-block-group-is-layout-flow\"><\/div><\/div>\n\n\n\n<p>Vous connaissez ces tentes blanches et la grande verte de la F\u00eate de la St-Jean ?<\/p>\n<p>L&rsquo;Association les pr\u00eate \u00e0 ses adh\u00e9rents (moyennant une participation aux frais).<\/p>\n<p>\u00a0<\/p>\n<p><strong><a href=\"http:\/\/arbr.fr\/wordpress\/wp-content\/uploads\/2020\/10\/Charte-emprunt-tente-blanche-ou-verte-2020.pdf\">Consulter notre Charte d&#8217;emprunt des tentes (avec les dimensions)<\/a><\/strong><\/p>\n<p><strong>Informations &amp; R\u00e9servations :<\/strong> <a href=\"mailto:contact@arbr.fr?subject=emprunt de tente\">contact@arbr<\/a><\/p>\n\n\n\n<figure class=\"wp-block-gallery alignwide columns-2 is-cropped\">\n<figure><img loading=\"lazy\" decoding=\"async\" width=\"1024\" height=\"472\" class=\"wp-image-1827 aligncenter\" src=\"http:\/\/arbr.fr\/wordpress\/wp-content\/uploads\/2020\/10\/IMG_20200930_141430-1024x472.jpg\" alt=\"\" data-id=\"1827\" data-full-url=\"http:\/\/arbr.fr\/wordpress\/wp-content\/uploads\/2020\/10\/IMG_20200930_141430-scaled.jpg\" data-link=\"http:\/\/arbr.fr\/wordpress\/index.php\/tentes\/img_20200930_141430\/\" srcset=\"https:\/\/arbr.fr\/wordpress\/wp-content\/uploads\/2020\/10\/IMG_20200930_141430-1024x472.jpg 1024w, https:\/\/arbr.fr\/wordpress\/wp-content\/uploads\/2020\/10\/IMG_20200930_141430-300x138.jpg 300w, https:\/\/arbr.fr\/wordpress\/wp-content\/uploads\/2020\/10\/IMG_20200930_141430-768x354.jpg 768w, https:\/\/arbr.fr\/wordpress\/wp-content\/uploads\/2020\/10\/IMG_20200930_141430-1536x708.jpg 1536w, https:\/\/arbr.fr\/wordpress\/wp-content\/uploads\/2020\/10\/IMG_20200930_141430-2048x944.jpg 2048w\" sizes=\"(max-width: 1024px) 100vw, 1024px\" \/><img loading=\"lazy\" decoding=\"async\" width=\"1024\" height=\"768\" class=\"wp-image-1828 alignleft\" src=\"http:\/\/arbr.fr\/wordpress\/wp-content\/uploads\/2020\/10\/barnum-1024x768.jpg\" alt=\"\" data-id=\"1828\" data-full-url=\"http:\/\/arbr.fr\/wordpress\/wp-content\/uploads\/2020\/10\/barnum-scaled.jpg\" data-link=\"http:\/\/arbr.fr\/wordpress\/index.php\/tentes\/barnum\/\" srcset=\"https:\/\/arbr.fr\/wordpress\/wp-content\/uploads\/2020\/10\/barnum-1024x768.jpg 1024w, https:\/\/arbr.fr\/wordpress\/wp-content\/uploads\/2020\/10\/barnum-300x225.jpg 300w, https:\/\/arbr.fr\/wordpress\/wp-content\/uploads\/2020\/10\/barnum-768x576.jpg 768w, https:\/\/arbr.fr\/wordpress\/wp-content\/uploads\/2020\/10\/barnum-1536x1152.jpg 1536w, https:\/\/arbr.fr\/wordpress\/wp-content\/uploads\/2020\/10\/barnum-2048x1536.jpg 2048w\" sizes=\"(max-width: 1024px) 100vw, 1024px\" \/><\/figure>\n<p>&nbsp;<\/p>\n<\/figure>\n","protected":false},"excerpt":{"rendered":"<p>Vous connaissez ces tentes blanches et la grande verte de la F\u00eate de la St-Jean ? L&rsquo;Association les pr\u00eate \u00e0 ses adh\u00e9rents (moyennant une participation aux frais). \u00a0 Consulter notre Charte d&#8217;emprunt des tentes&#46;&#46;&#46;<\/p>\n","protected":false},"author":1,"featured_media":0,"parent":0,"menu_order":0,"comment_status":"closed","ping_status":"closed","template":"","meta":{"ngg_post_thumbnail":0,"footnotes":""},"class_list":["post-305","page","type-page","status-publish","hentry"],"yoast_head":"<!-- This site is optimized with the Yoast SEO plugin v24.1 - https:\/\/yoast.com\/wordpress\/plugins\/seo\/ -->\n<title>Tentes - ARBR<\/title>\n<meta name=\"robots\" content=\"index, follow, max-snippet:-1, max-image-preview:large, max-video-preview:-1\" \/>\n<link rel=\"canonical\" href=\"https:\/\/arbr.fr\/wordpress\/tentes\/\" \/>\n<meta property=\"og:locale\" content=\"fr_FR\" \/>\n<meta property=\"og:type\" content=\"article\" \/>\n<meta property=\"og:title\" content=\"Tentes - ARBR\" \/>\n<meta property=\"og:description\" content=\"Vous connaissez ces tentes blanches et la grande verte de la F\u00eate de la St-Jean ? L&rsquo;Association les pr\u00eate \u00e0 ses adh\u00e9rents (moyennant une participation aux frais). \u00a0 Consulter notre Charte d&#8217;emprunt des tentes&#046;&#046;&#046;\" \/>\n<meta property=\"og:url\" content=\"https:\/\/arbr.fr\/wordpress\/tentes\/\" \/>\n<meta property=\"og:site_name\" content=\"ARBR\" \/>\n<meta property=\"article:modified_time\" content=\"2020-10-09T04:16:14+00:00\" \/>\n<meta property=\"og:image\" content=\"http:\/\/arbr.fr\/wordpress\/wp-content\/uploads\/2019\/01\/Tente-St-Jean.png\" \/>\n<meta name=\"twitter:card\" content=\"summary_large_image\" \/>\n<script type=\"application\/ld+json\" class=\"yoast-schema-graph\">{\"@context\":\"https:\/\/schema.org\",\"@graph\":[{\"@type\":\"WebPage\",\"@id\":\"https:\/\/arbr.fr\/wordpress\/tentes\/\",\"url\":\"https:\/\/arbr.fr\/wordpress\/tentes\/\",\"name\":\"Tentes - ARBR\",\"isPartOf\":{\"@id\":\"https:\/\/arbr.fr\/wordpress\/#website\"},\"primaryImageOfPage\":{\"@id\":\"https:\/\/arbr.fr\/wordpress\/tentes\/#primaryimage\"},\"image\":{\"@id\":\"https:\/\/arbr.fr\/wordpress\/tentes\/#primaryimage\"},\"thumbnailUrl\":\"http:\/\/arbr.fr\/wordpress\/wp-content\/uploads\/2019\/01\/Tente-St-Jean.png\",\"datePublished\":\"2017-03-25T13:12:28+00:00\",\"dateModified\":\"2020-10-09T04:16:14+00:00\",\"breadcrumb\":{\"@id\":\"https:\/\/arbr.fr\/wordpress\/tentes\/#breadcrumb\"},\"inLanguage\":\"fr-FR\",\"potentialAction\":[{\"@type\":\"ReadAction\",\"target\":[\"https:\/\/arbr.fr\/wordpress\/tentes\/\"]}]},{\"@type\":\"ImageObject\",\"inLanguage\":\"fr-FR\",\"@id\":\"https:\/\/arbr.fr\/wordpress\/tentes\/#primaryimage\",\"url\":\"http:\/\/arbr.fr\/wordpress\/wp-content\/uploads\/2019\/01\/Tente-St-Jean.png\",\"contentUrl\":\"http:\/\/arbr.fr\/wordpress\/wp-content\/uploads\/2019\/01\/Tente-St-Jean.png\"},{\"@type\":\"BreadcrumbList\",\"@id\":\"https:\/\/arbr.fr\/wordpress\/tentes\/#breadcrumb\",\"itemListElement\":[{\"@type\":\"ListItem\",\"position\":1,\"name\":\"Accueil\",\"item\":\"https:\/\/arbr.fr\/wordpress\/\"},{\"@type\":\"ListItem\",\"position\":2,\"name\":\"Tentes\"}]},{\"@type\":\"WebSite\",\"@id\":\"https:\/\/arbr.fr\/wordpress\/#website\",\"url\":\"https:\/\/arbr.fr\/wordpress\/\",\"name\":\"ARBR\",\"description\":\"Association des r\u00e9sidents du Bois Raguenet\",\"publisher\":{\"@id\":\"https:\/\/arbr.fr\/wordpress\/#organization\"},\"potentialAction\":[{\"@type\":\"SearchAction\",\"target\":{\"@type\":\"EntryPoint\",\"urlTemplate\":\"https:\/\/arbr.fr\/wordpress\/?s={search_term_string}\"},\"query-input\":{\"@type\":\"PropertyValueSpecification\",\"valueRequired\":true,\"valueName\":\"search_term_string\"}}],\"inLanguage\":\"fr-FR\"},{\"@type\":\"Organization\",\"@id\":\"https:\/\/arbr.fr\/wordpress\/#organization\",\"name\":\"ARBR\",\"url\":\"https:\/\/arbr.fr\/wordpress\/\",\"logo\":{\"@type\":\"ImageObject\",\"inLanguage\":\"fr-FR\",\"@id\":\"https:\/\/arbr.fr\/wordpress\/#\/schema\/logo\/image\/\",\"url\":\"https:\/\/arbr.fr\/wordpress\/wp-content\/uploads\/2017\/03\/0.png\",\"contentUrl\":\"https:\/\/arbr.fr\/wordpress\/wp-content\/uploads\/2017\/03\/0.png\",\"width\":650,\"height\":283,\"caption\":\"ARBR\"},\"image\":{\"@id\":\"https:\/\/arbr.fr\/wordpress\/#\/schema\/logo\/image\/\"}}]}<\/script>\n<!-- \/ Yoast SEO plugin. -->","yoast_head_json":{"title":"Tentes - ARBR","robots":{"index":"index","follow":"follow","max-snippet":"max-snippet:-1","max-image-preview":"max-image-preview:large","max-video-preview":"max-video-preview:-1"},"canonical":"https:\/\/arbr.fr\/wordpress\/tentes\/","og_locale":"fr_FR","og_type":"article","og_title":"Tentes - ARBR","og_description":"Vous connaissez ces tentes blanches et la grande verte de la F\u00eate de la St-Jean ? L&rsquo;Association les pr\u00eate \u00e0 ses adh\u00e9rents (moyennant une participation aux frais). \u00a0 Consulter notre Charte d&#8217;emprunt des tentes&#46;&#46;&#46;","og_url":"https:\/\/arbr.fr\/wordpress\/tentes\/","og_site_name":"ARBR","article_modified_time":"2020-10-09T04:16:14+00:00","og_image":[{"url":"http:\/\/arbr.fr\/wordpress\/wp-content\/uploads\/2019\/01\/Tente-St-Jean.png","type":"","width":"","height":""}],"twitter_card":"summary_large_image","schema":{"@context":"https:\/\/schema.org","@graph":[{"@type":"WebPage","@id":"https:\/\/arbr.fr\/wordpress\/tentes\/","url":"https:\/\/arbr.fr\/wordpress\/tentes\/","name":"Tentes - ARBR","isPartOf":{"@id":"https:\/\/arbr.fr\/wordpress\/#website"},"primaryImageOfPage":{"@id":"https:\/\/arbr.fr\/wordpress\/tentes\/#primaryimage"},"image":{"@id":"https:\/\/arbr.fr\/wordpress\/tentes\/#primaryimage"},"thumbnailUrl":"http:\/\/arbr.fr\/wordpress\/wp-content\/uploads\/2019\/01\/Tente-St-Jean.png","datePublished":"2017-03-25T13:12:28+00:00","dateModified":"2020-10-09T04:16:14+00:00","breadcrumb":{"@id":"https:\/\/arbr.fr\/wordpress\/tentes\/#breadcrumb"},"inLanguage":"fr-FR","potentialAction":[{"@type":"ReadAction","target":["https:\/\/arbr.fr\/wordpress\/tentes\/"]}]},{"@type":"ImageObject","inLanguage":"fr-FR","@id":"https:\/\/arbr.fr\/wordpress\/tentes\/#primaryimage","url":"http:\/\/arbr.fr\/wordpress\/wp-content\/uploads\/2019\/01\/Tente-St-Jean.png","contentUrl":"http:\/\/arbr.fr\/wordpress\/wp-content\/uploads\/2019\/01\/Tente-St-Jean.png"},{"@type":"BreadcrumbList","@id":"https:\/\/arbr.fr\/wordpress\/tentes\/#breadcrumb","itemListElement":[{"@type":"ListItem","position":1,"name":"Accueil","item":"https:\/\/arbr.fr\/wordpress\/"},{"@type":"ListItem","position":2,"name":"Tentes"}]},{"@type":"WebSite","@id":"https:\/\/arbr.fr\/wordpress\/#website","url":"https:\/\/arbr.fr\/wordpress\/","name":"ARBR","description":"Association des r\u00e9sidents du Bois Raguenet","publisher":{"@id":"https:\/\/arbr.fr\/wordpress\/#organization"},"potentialAction":[{"@type":"SearchAction","target":{"@type":"EntryPoint","urlTemplate":"https:\/\/arbr.fr\/wordpress\/?s={search_term_string}"},"query-input":{"@type":"PropertyValueSpecification","valueRequired":true,"valueName":"search_term_string"}}],"inLanguage":"fr-FR"},{"@type":"Organization","@id":"https:\/\/arbr.fr\/wordpress\/#organization","name":"ARBR","url":"https:\/\/arbr.fr\/wordpress\/","logo":{"@type":"ImageObject","inLanguage":"fr-FR","@id":"https:\/\/arbr.fr\/wordpress\/#\/schema\/logo\/image\/","url":"https:\/\/arbr.fr\/wordpress\/wp-content\/uploads\/2017\/03\/0.png","contentUrl":"https:\/\/arbr.fr\/wordpress\/wp-content\/uploads\/2017\/03\/0.png","width":650,"height":283,"caption":"ARBR"},"image":{"@id":"https:\/\/arbr.fr\/wordpress\/#\/schema\/logo\/image\/"}}]}},"_links":{"self":[{"href":"https:\/\/arbr.fr\/wordpress\/wp-json\/wp\/v2\/pages\/305"}],"collection":[{"href":"https:\/\/arbr.fr\/wordpress\/wp-json\/wp\/v2\/pages"}],"about":[{"href":"https:\/\/arbr.fr\/wordpress\/wp-json\/wp\/v2\/types\/page"}],"author":[{"embeddable":true,"href":"https:\/\/arbr.fr\/wordpress\/wp-json\/wp\/v2\/users\/1"}],"replies":[{"embeddable":true,"href":"https:\/\/arbr.fr\/wordpress\/wp-json\/wp\/v2\/comments?post=305"}],"version-history":[{"count":12,"href":"https:\/\/arbr.fr\/wordpress\/wp-json\/wp\/v2\/pages\/305\/revisions"}],"predecessor-version":[{"id":1835,"href":"https:\/\/arbr.fr\/wordpress\/wp-json\/wp\/v2\/pages\/305\/revisions\/1835"}],"wp:attachment":[{"href":"https:\/\/arbr.fr\/wordpress\/wp-json\/wp\/v2\/media?parent=305"}],"curies":[{"name":"wp","href":"https:\/\/api.w.org\/{rel}","templated":true}]}}