{"id":297,"date":"2017-03-24T16:29:39","date_gmt":"2017-03-24T15:29:39","guid":{"rendered":"http:\/\/arbr.fr\/wordpress\/?page_id=297"},"modified":"2025-07-10T18:15:15","modified_gmt":"2025-07-10T16:15:15","slug":"la-plaquette","status":"publish","type":"page","link":"https:\/\/arbr.fr\/wordpress\/la-plaquette\/","title":{"rendered":"Plaquette et Bulletin d&rsquo;inscription"},"content":{"rendered":"\r\n<p><strong>Apr\u00e8s les dates d&rsquo;inscriptions de rentr\u00e9e,<\/strong> <strong>les bulletins d&rsquo;inscription sont \u00e0 remplir \u00e0 la permanence de l&rsquo;ARBR sur les horaires d&rsquo;ouverture au public (voir en bas de page d&rsquo;accueil).<\/strong><\/p>\r\n<p><span style=\"color: #ff0000;\"><strong><mark class=\"has-inline-color has-vivid-red-color\" style=\"background-color: rgba(0, 0, 0, 0);\">Cliquer sur le lien ci-dessous pour voir le d\u00e9tail:<\/mark><\/strong><\/span><\/p>\r\n<p><span style=\"color: #ff0000;\"><strong><mark class=\"has-inline-color has-vivid-red-color\" style=\"background-color: rgba(0, 0, 0, 0);\"><a href=\"https:\/\/arbr.fr\/wordpress\/wp-content\/uploads\/2025\/07\/2025-07-10-Plaquette-2025-2026.pdf\">2025-07-10 Plaquette 2025-2026<\/a><\/mark><\/strong><\/span><\/p>\r\n\r\n\r\n\r\n<figure class=\"wp-block-gallery aligncenter has-nested-images columns-default is-cropped wp-block-gallery-1 is-layout-flex wp-block-gallery-is-layout-flex\"><\/figure>\r\n\r\n\r\n\r\n<p class=\"has-text-align-center has-vivid-purple-color has-text-color has-link-color has-medium-font-size wp-elements-9690619a65cfe6a644b65d19376a3dc6\">Le r\u00e8glement int\u00e9rieur et la charte de l&rsquo;ARBR sont disponibles dans l&rsquo;onglet \u00ab\u00a0Documents officiels\u00a0\u00bb de l'\u00a0\u00bbAssociation\u00a0\u00bb<\/p>\r\n\r\n\r\n\r\n<p class=\"has-text-align-center has-vivid-purple-color has-text-color has-link-color has-medium-font-size wp-elements-d3649424d51c0b254a7a103602ab75b3\">Les questionnaires QS sport adulte et mineur sont disponibles ci-dessous.<\/p>\r\n<p class=\"has-text-align-center has-vivid-purple-color has-text-color has-link-color has-medium-font-size\"><span style=\"font-size: 12pt; color: #000000;\">Le certificat m\u00e9dical n&rsquo;est plus obligatoire pour les activit\u00e9s physiques faites \u00e0 l&rsquo;ARBR.<\/span><\/p>\r\n<p class=\"has-text-align-center has-vivid-purple-color has-text-color has-link-color has-medium-font-size\"><span style=\"font-size: 12pt; color: #000000;\">Ce questionnaire est simplement destin\u00e9 \u00e0 vous auto-\u00e9valuer, et ne doit pas \u00eatre remis \u00e0 l&rsquo;ARBR lors de votre inscription.<\/span><\/p>\r\n\r\n\r\n\r\n<p><img loading=\"lazy\" decoding=\"async\" class=\"alignnone  wp-image-6818\" src=\"https:\/\/arbr.fr\/wordpress\/wp-content\/uploads\/2024\/08\/2024-08-29-QS-adulte.jpg\" alt=\"\" width=\"460\" height=\"652\" srcset=\"https:\/\/arbr.fr\/wordpress\/wp-content\/uploads\/2024\/08\/2024-08-29-QS-adulte.jpg 553w, https:\/\/arbr.fr\/wordpress\/wp-content\/uploads\/2024\/08\/2024-08-29-QS-adulte-212x300.jpg 212w\" sizes=\"(max-width: 460px) 100vw, 460px\" \/> &nbsp;&nbsp;&nbsp; <img loading=\"lazy\" decoding=\"async\" class=\"alignnone  wp-image-6819\" src=\"https:\/\/arbr.fr\/wordpress\/wp-content\/uploads\/2024\/08\/2024-08-29-QS-sport-mineurs.jpg\" alt=\"\" width=\"475\" height=\"657\" srcset=\"https:\/\/arbr.fr\/wordpress\/wp-content\/uploads\/2024\/08\/2024-08-29-QS-sport-mineurs.jpg 631w, https:\/\/arbr.fr\/wordpress\/wp-content\/uploads\/2024\/08\/2024-08-29-QS-sport-mineurs-217x300.jpg 217w\" sizes=\"(max-width: 475px) 100vw, 475px\" \/><\/p>\r\n","protected":false},"excerpt":{"rendered":"<p>Apr\u00e8s les dates d&rsquo;inscriptions de rentr\u00e9e, les bulletins d&rsquo;inscription sont \u00e0 remplir \u00e0 la permanence de l&rsquo;ARBR sur les horaires d&rsquo;ouverture au public (voir en bas de page d&rsquo;accueil). Cliquer sur le lien ci-dessous&#46;&#46;&#46;<\/p>\n","protected":false},"author":1,"featured_media":0,"parent":0,"menu_order":0,"comment_status":"closed","ping_status":"closed","template":"","meta":{"ngg_post_thumbnail":0,"footnotes":""},"class_list":["post-297","page","type-page","status-publish","hentry"],"yoast_head":"<!-- This site is optimized with the Yoast SEO plugin v24.1 - https:\/\/yoast.com\/wordpress\/plugins\/seo\/ -->\n<title>Plaquette et Bulletin d&#039;inscription - ARBR<\/title>\n<meta name=\"robots\" content=\"index, follow, max-snippet:-1, max-image-preview:large, max-video-preview:-1\" \/>\n<link rel=\"canonical\" href=\"https:\/\/arbr.fr\/wordpress\/la-plaquette\/\" \/>\n<meta property=\"og:locale\" content=\"fr_FR\" \/>\n<meta property=\"og:type\" content=\"article\" \/>\n<meta property=\"og:title\" content=\"Plaquette et Bulletin d&#039;inscription - ARBR\" \/>\n<meta property=\"og:description\" content=\"Apr\u00e8s les dates d&rsquo;inscriptions de rentr\u00e9e, les bulletins d&rsquo;inscription sont \u00e0 remplir \u00e0 la permanence de l&rsquo;ARBR sur les horaires d&rsquo;ouverture au public (voir en bas de page d&rsquo;accueil). Cliquer sur le lien ci-dessous&#046;&#046;&#046;\" \/>\n<meta property=\"og:url\" content=\"https:\/\/arbr.fr\/wordpress\/la-plaquette\/\" \/>\n<meta property=\"og:site_name\" content=\"ARBR\" \/>\n<meta property=\"article:modified_time\" content=\"2025-07-10T16:15:15+00:00\" \/>\n<meta property=\"og:image\" content=\"https:\/\/arbr.fr\/wordpress\/wp-content\/uploads\/2024\/08\/2024-08-29-QS-adulte.jpg\" \/>\n\t<meta property=\"og:image:width\" content=\"553\" \/>\n\t<meta property=\"og:image:height\" content=\"783\" \/>\n\t<meta property=\"og:image:type\" content=\"image\/jpeg\" \/>\n<meta name=\"twitter:card\" content=\"summary_large_image\" \/>\n<meta name=\"twitter:label1\" content=\"Dur\u00e9e de lecture estim\u00e9e\" \/>\n\t<meta name=\"twitter:data1\" content=\"1 minute\" \/>\n<script type=\"application\/ld+json\" class=\"yoast-schema-graph\">{\"@context\":\"https:\/\/schema.org\",\"@graph\":[{\"@type\":\"WebPage\",\"@id\":\"https:\/\/arbr.fr\/wordpress\/la-plaquette\/\",\"url\":\"https:\/\/arbr.fr\/wordpress\/la-plaquette\/\",\"name\":\"Plaquette et Bulletin d'inscription - ARBR\",\"isPartOf\":{\"@id\":\"https:\/\/arbr.fr\/wordpress\/#website\"},\"primaryImageOfPage\":{\"@id\":\"https:\/\/arbr.fr\/wordpress\/la-plaquette\/#primaryimage\"},\"image\":{\"@id\":\"https:\/\/arbr.fr\/wordpress\/la-plaquette\/#primaryimage\"},\"thumbnailUrl\":\"https:\/\/arbr.fr\/wordpress\/wp-content\/uploads\/2024\/08\/2024-08-29-QS-adulte.jpg\",\"datePublished\":\"2017-03-24T15:29:39+00:00\",\"dateModified\":\"2025-07-10T16:15:15+00:00\",\"breadcrumb\":{\"@id\":\"https:\/\/arbr.fr\/wordpress\/la-plaquette\/#breadcrumb\"},\"inLanguage\":\"fr-FR\",\"potentialAction\":[{\"@type\":\"ReadAction\",\"target\":[\"https:\/\/arbr.fr\/wordpress\/la-plaquette\/\"]}]},{\"@type\":\"ImageObject\",\"inLanguage\":\"fr-FR\",\"@id\":\"https:\/\/arbr.fr\/wordpress\/la-plaquette\/#primaryimage\",\"url\":\"https:\/\/arbr.fr\/wordpress\/wp-content\/uploads\/2024\/08\/2024-08-29-QS-adulte.jpg\",\"contentUrl\":\"https:\/\/arbr.fr\/wordpress\/wp-content\/uploads\/2024\/08\/2024-08-29-QS-adulte.jpg\",\"width\":553,\"height\":783},{\"@type\":\"BreadcrumbList\",\"@id\":\"https:\/\/arbr.fr\/wordpress\/la-plaquette\/#breadcrumb\",\"itemListElement\":[{\"@type\":\"ListItem\",\"position\":1,\"name\":\"Accueil\",\"item\":\"https:\/\/arbr.fr\/wordpress\/\"},{\"@type\":\"ListItem\",\"position\":2,\"name\":\"Plaquette et Bulletin d&rsquo;inscription\"}]},{\"@type\":\"WebSite\",\"@id\":\"https:\/\/arbr.fr\/wordpress\/#website\",\"url\":\"https:\/\/arbr.fr\/wordpress\/\",\"name\":\"ARBR\",\"description\":\"Association des r\u00e9sidents du Bois Raguenet\",\"publisher\":{\"@id\":\"https:\/\/arbr.fr\/wordpress\/#organization\"},\"potentialAction\":[{\"@type\":\"SearchAction\",\"target\":{\"@type\":\"EntryPoint\",\"urlTemplate\":\"https:\/\/arbr.fr\/wordpress\/?s={search_term_string}\"},\"query-input\":{\"@type\":\"PropertyValueSpecification\",\"valueRequired\":true,\"valueName\":\"search_term_string\"}}],\"inLanguage\":\"fr-FR\"},{\"@type\":\"Organization\",\"@id\":\"https:\/\/arbr.fr\/wordpress\/#organization\",\"name\":\"ARBR\",\"url\":\"https:\/\/arbr.fr\/wordpress\/\",\"logo\":{\"@type\":\"ImageObject\",\"inLanguage\":\"fr-FR\",\"@id\":\"https:\/\/arbr.fr\/wordpress\/#\/schema\/logo\/image\/\",\"url\":\"https:\/\/arbr.fr\/wordpress\/wp-content\/uploads\/2017\/03\/0.png\",\"contentUrl\":\"https:\/\/arbr.fr\/wordpress\/wp-content\/uploads\/2017\/03\/0.png\",\"width\":650,\"height\":283,\"caption\":\"ARBR\"},\"image\":{\"@id\":\"https:\/\/arbr.fr\/wordpress\/#\/schema\/logo\/image\/\"}}]}<\/script>\n<!-- \/ Yoast SEO plugin. -->","yoast_head_json":{"title":"Plaquette et Bulletin d'inscription - ARBR","robots":{"index":"index","follow":"follow","max-snippet":"max-snippet:-1","max-image-preview":"max-image-preview:large","max-video-preview":"max-video-preview:-1"},"canonical":"https:\/\/arbr.fr\/wordpress\/la-plaquette\/","og_locale":"fr_FR","og_type":"article","og_title":"Plaquette et Bulletin d'inscription - ARBR","og_description":"Apr\u00e8s les dates d&rsquo;inscriptions de rentr\u00e9e, les bulletins d&rsquo;inscription sont \u00e0 remplir \u00e0 la permanence de l&rsquo;ARBR sur les horaires d&rsquo;ouverture au public (voir en bas de page d&rsquo;accueil). Cliquer sur le lien ci-dessous&#46;&#46;&#46;","og_url":"https:\/\/arbr.fr\/wordpress\/la-plaquette\/","og_site_name":"ARBR","article_modified_time":"2025-07-10T16:15:15+00:00","og_image":[{"width":553,"height":783,"url":"https:\/\/arbr.fr\/wordpress\/wp-content\/uploads\/2024\/08\/2024-08-29-QS-adulte.jpg","type":"image\/jpeg"}],"twitter_card":"summary_large_image","twitter_misc":{"Dur\u00e9e de lecture estim\u00e9e":"1 minute"},"schema":{"@context":"https:\/\/schema.org","@graph":[{"@type":"WebPage","@id":"https:\/\/arbr.fr\/wordpress\/la-plaquette\/","url":"https:\/\/arbr.fr\/wordpress\/la-plaquette\/","name":"Plaquette et Bulletin d'inscription - ARBR","isPartOf":{"@id":"https:\/\/arbr.fr\/wordpress\/#website"},"primaryImageOfPage":{"@id":"https:\/\/arbr.fr\/wordpress\/la-plaquette\/#primaryimage"},"image":{"@id":"https:\/\/arbr.fr\/wordpress\/la-plaquette\/#primaryimage"},"thumbnailUrl":"https:\/\/arbr.fr\/wordpress\/wp-content\/uploads\/2024\/08\/2024-08-29-QS-adulte.jpg","datePublished":"2017-03-24T15:29:39+00:00","dateModified":"2025-07-10T16:15:15+00:00","breadcrumb":{"@id":"https:\/\/arbr.fr\/wordpress\/la-plaquette\/#breadcrumb"},"inLanguage":"fr-FR","potentialAction":[{"@type":"ReadAction","target":["https:\/\/arbr.fr\/wordpress\/la-plaquette\/"]}]},{"@type":"ImageObject","inLanguage":"fr-FR","@id":"https:\/\/arbr.fr\/wordpress\/la-plaquette\/#primaryimage","url":"https:\/\/arbr.fr\/wordpress\/wp-content\/uploads\/2024\/08\/2024-08-29-QS-adulte.jpg","contentUrl":"https:\/\/arbr.fr\/wordpress\/wp-content\/uploads\/2024\/08\/2024-08-29-QS-adulte.jpg","width":553,"height":783},{"@type":"BreadcrumbList","@id":"https:\/\/arbr.fr\/wordpress\/la-plaquette\/#breadcrumb","itemListElement":[{"@type":"ListItem","position":1,"name":"Accueil","item":"https:\/\/arbr.fr\/wordpress\/"},{"@type":"ListItem","position":2,"name":"Plaquette et Bulletin d&rsquo;inscription"}]},{"@type":"WebSite","@id":"https:\/\/arbr.fr\/wordpress\/#website","url":"https:\/\/arbr.fr\/wordpress\/","name":"ARBR","description":"Association des r\u00e9sidents du Bois Raguenet","publisher":{"@id":"https:\/\/arbr.fr\/wordpress\/#organization"},"potentialAction":[{"@type":"SearchAction","target":{"@type":"EntryPoint","urlTemplate":"https:\/\/arbr.fr\/wordpress\/?s={search_term_string}"},"query-input":{"@type":"PropertyValueSpecification","valueRequired":true,"valueName":"search_term_string"}}],"inLanguage":"fr-FR"},{"@type":"Organization","@id":"https:\/\/arbr.fr\/wordpress\/#organization","name":"ARBR","url":"https:\/\/arbr.fr\/wordpress\/","logo":{"@type":"ImageObject","inLanguage":"fr-FR","@id":"https:\/\/arbr.fr\/wordpress\/#\/schema\/logo\/image\/","url":"https:\/\/arbr.fr\/wordpress\/wp-content\/uploads\/2017\/03\/0.png","contentUrl":"https:\/\/arbr.fr\/wordpress\/wp-content\/uploads\/2017\/03\/0.png","width":650,"height":283,"caption":"ARBR"},"image":{"@id":"https:\/\/arbr.fr\/wordpress\/#\/schema\/logo\/image\/"}}]}},"_links":{"self":[{"href":"https:\/\/arbr.fr\/wordpress\/wp-json\/wp\/v2\/pages\/297"}],"collection":[{"href":"https:\/\/arbr.fr\/wordpress\/wp-json\/wp\/v2\/pages"}],"about":[{"href":"https:\/\/arbr.fr\/wordpress\/wp-json\/wp\/v2\/types\/page"}],"author":[{"embeddable":true,"href":"https:\/\/arbr.fr\/wordpress\/wp-json\/wp\/v2\/users\/1"}],"replies":[{"embeddable":true,"href":"https:\/\/arbr.fr\/wordpress\/wp-json\/wp\/v2\/comments?post=297"}],"version-history":[{"count":62,"href":"https:\/\/arbr.fr\/wordpress\/wp-json\/wp\/v2\/pages\/297\/revisions"}],"predecessor-version":[{"id":7956,"href":"https:\/\/arbr.fr\/wordpress\/wp-json\/wp\/v2\/pages\/297\/revisions\/7956"}],"wp:attachment":[{"href":"https:\/\/arbr.fr\/wordpress\/wp-json\/wp\/v2\/media?parent=297"}],"curies":[{"name":"wp","href":"https:\/\/api.w.org\/{rel}","templated":true}]}}