{"id":279,"date":"2017-03-24T16:21:09","date_gmt":"2017-03-24T15:21:09","guid":{"rendered":"http:\/\/arbr.fr\/wordpress\/?page_id=279"},"modified":"2025-08-20T12:46:44","modified_gmt":"2025-08-20T10:46:44","slug":"coin-des-zouzous","status":"publish","type":"page","link":"https:\/\/arbr.fr\/wordpress\/coin-des-zouzous\/","title":{"rendered":"Le Coin des Zouzous"},"content":{"rendered":"<p><strong>Contacts :<\/strong><\/p>\n<ul>\n<li>\u00c9milie TOUVRON &#8211; 06 18 44 24 67 &#8211; <a href=\"mailto:emitou49@gmail.com\">emitou49@gmail.com<\/a><\/li>\n<\/ul>\n<ul>\n<li>Catherine JADAUD &#8211; 06 87 89 82 93 &#8211; <a href=\"mailto:tcjadaud@yahoo.fr\">tcjadaud@yahoo.fr<\/a><\/li>\n<\/ul>\n<blockquote><p><em>Un rendez-vous pour les mamans, les papas, les assistant(e)s maternel(le)s, accompagn\u00e9s des tout jeunes enfants : rencontres, activit\u00e9s, partages et jeux&#8230;<\/em><strong><br \/>\n<\/strong><\/p><\/blockquote>\n<p><img loading=\"lazy\" decoding=\"async\" class=\"alignnone wp-image-4784\" src=\"https:\/\/arbr.fr\/wordpress\/wp-content\/uploads\/2023\/09\/IMG_7527-scaled.jpg\" alt=\"\" width=\"190\" height=\"178\" srcset=\"https:\/\/arbr.fr\/wordpress\/wp-content\/uploads\/2023\/09\/IMG_7527-scaled.jpg 2560w, https:\/\/arbr.fr\/wordpress\/wp-content\/uploads\/2023\/09\/IMG_7527-300x281.jpg 300w, https:\/\/arbr.fr\/wordpress\/wp-content\/uploads\/2023\/09\/IMG_7527-1024x960.jpg 1024w, https:\/\/arbr.fr\/wordpress\/wp-content\/uploads\/2023\/09\/IMG_7527-768x720.jpg 768w, https:\/\/arbr.fr\/wordpress\/wp-content\/uploads\/2023\/09\/IMG_7527-1536x1441.jpg 1536w, https:\/\/arbr.fr\/wordpress\/wp-content\/uploads\/2023\/09\/IMG_7527-2048x1921.jpg 2048w\" sizes=\"(max-width: 190px) 100vw, 190px\" \/> &nbsp; <img loading=\"lazy\" decoding=\"async\" class=\"alignnone wp-image-4785\" src=\"https:\/\/arbr.fr\/wordpress\/wp-content\/uploads\/2023\/09\/IMG_7536-scaled.jpg\" alt=\"\" width=\"299\" height=\"209\" srcset=\"https:\/\/arbr.fr\/wordpress\/wp-content\/uploads\/2023\/09\/IMG_7536-scaled.jpg 2560w, https:\/\/arbr.fr\/wordpress\/wp-content\/uploads\/2023\/09\/IMG_7536-300x210.jpg 300w, https:\/\/arbr.fr\/wordpress\/wp-content\/uploads\/2023\/09\/IMG_7536-1024x717.jpg 1024w, https:\/\/arbr.fr\/wordpress\/wp-content\/uploads\/2023\/09\/IMG_7536-768x538.jpg 768w, https:\/\/arbr.fr\/wordpress\/wp-content\/uploads\/2023\/09\/IMG_7536-1536x1076.jpg 1536w, https:\/\/arbr.fr\/wordpress\/wp-content\/uploads\/2023\/09\/IMG_7536-2048x1435.jpg 2048w\" sizes=\"(max-width: 299px) 100vw, 299px\" \/>&nbsp; <img loading=\"lazy\" decoding=\"async\" class=\"alignnone wp-image-4786\" src=\"https:\/\/arbr.fr\/wordpress\/wp-content\/uploads\/2023\/09\/IMG_7537-scaled.jpg\" alt=\"\" width=\"280\" height=\"210\" srcset=\"https:\/\/arbr.fr\/wordpress\/wp-content\/uploads\/2023\/09\/IMG_7537-scaled.jpg 2560w, https:\/\/arbr.fr\/wordpress\/wp-content\/uploads\/2023\/09\/IMG_7537-300x225.jpg 300w, https:\/\/arbr.fr\/wordpress\/wp-content\/uploads\/2023\/09\/IMG_7537-1024x768.jpg 1024w, https:\/\/arbr.fr\/wordpress\/wp-content\/uploads\/2023\/09\/IMG_7537-768x576.jpg 768w, https:\/\/arbr.fr\/wordpress\/wp-content\/uploads\/2023\/09\/IMG_7537-1536x1152.jpg 1536w, https:\/\/arbr.fr\/wordpress\/wp-content\/uploads\/2023\/09\/IMG_7537-2048x1536.jpg 2048w\" sizes=\"(max-width: 280px) 100vw, 280px\" \/><\/p>\n<p><strong>Les Mardis et Jeudis de 9h30 \u00e0 11h30 (hors vacances scolaires). <\/strong><\/p>\n<p>Nous proposons les mardis et jeudis de 9h30 \u00e0 11h30 des matin\u00e9es r\u00e9cr\u00e9atives pour les enfants de 0 \u00e0 3 ans sous la responsabilit\u00e9 de l&rsquo;adulte qui en a la charge (parents\/grands-parents\/assistantes maternelles).<\/p>\n<p>L&rsquo;enfant peut ainsi jouer dans un espace s\u00e9curis\u00e9, seul ou avec les autres,&nbsp; et ainsi rencontrer d&rsquo;autres camarades qui seront peut-\u00eatre les copains de l&rsquo;\u00e9cole plus tard.<\/p>\n<p>L&rsquo;enfant est stimul\u00e9 pour participer aux animations sans jamais imposer.<\/p>\n<p>Nos objectifs sont de rompre l&rsquo;isolement, et cr\u00e9er du lien dans le quartier du Bois Raguenet et la ville, de participer \u00e0 l&rsquo;\u00e9panouissement de l&rsquo;enfant et de la relation enfants\/enfants et enfants\/adultes, de transmettre des valeurs \u00e9ducatives bienveillantes et une ouverture sur le monde (copains\/autres adultes\/\u00e9coles). Cette ann\u00e9e nous travaillons sur le th\u00e8me de la nature et proposons aux enfants des activit\u00e9s en ce sens.<\/p>\n<p>Nous serons ravis de vous accueillir alors n&rsquo;h\u00e9sitez pas \u00e0 nous contacter.<\/p>\n<p><span style=\"font-size: 18pt; color: #008000;\"><strong>\u00c9V\u00c9NEMENTS DE L&rsquo;ANN\u00c9E<\/strong> :<\/span><\/p>\n<p><span style=\"font-size: 14pt; color: #ff00ff;\"><strong>* Le Carnaval des Zouzous au PRINTEMPS DE L&rsquo;ARBR :<\/strong> <\/span><\/p>\n<p><img loading=\"lazy\" decoding=\"async\" class=\"alignnone wp-image-7554\" src=\"https:\/\/arbr.fr\/wordpress\/wp-content\/uploads\/2025\/03\/IMG-20250323-WA0006-472x1024.jpg\" alt=\"\" width=\"174\" height=\"378\" srcset=\"https:\/\/arbr.fr\/wordpress\/wp-content\/uploads\/2025\/03\/IMG-20250323-WA0006-472x1024.jpg 472w, https:\/\/arbr.fr\/wordpress\/wp-content\/uploads\/2025\/03\/IMG-20250323-WA0006-138x300.jpg 138w, https:\/\/arbr.fr\/wordpress\/wp-content\/uploads\/2025\/03\/IMG-20250323-WA0006-768x1666.jpg 768w, https:\/\/arbr.fr\/wordpress\/wp-content\/uploads\/2025\/03\/IMG-20250323-WA0006-708x1536.jpg 708w, https:\/\/arbr.fr\/wordpress\/wp-content\/uploads\/2025\/03\/IMG-20250323-WA0006.jpg 922w\" sizes=\"(max-width: 174px) 100vw, 174px\" \/> <img loading=\"lazy\" decoding=\"async\" class=\"alignnone wp-image-7553\" src=\"https:\/\/arbr.fr\/wordpress\/wp-content\/uploads\/2025\/03\/20250323_111041-768x1024.jpg\" alt=\"\" width=\"285\" height=\"380\" srcset=\"https:\/\/arbr.fr\/wordpress\/wp-content\/uploads\/2025\/03\/20250323_111041-768x1024.jpg 768w, https:\/\/arbr.fr\/wordpress\/wp-content\/uploads\/2025\/03\/20250323_111041-225x300.jpg 225w, https:\/\/arbr.fr\/wordpress\/wp-content\/uploads\/2025\/03\/20250323_111041-1152x1536.jpg 1152w, https:\/\/arbr.fr\/wordpress\/wp-content\/uploads\/2025\/03\/20250323_111041-1536x2048.jpg 1536w, https:\/\/arbr.fr\/wordpress\/wp-content\/uploads\/2025\/03\/20250323_111041-scaled.jpg 1920w\" sizes=\"(max-width: 285px) 100vw, 285px\" \/> <img loading=\"lazy\" decoding=\"async\" class=\"alignnone wp-image-7552\" src=\"https:\/\/arbr.fr\/wordpress\/wp-content\/uploads\/2025\/03\/20250323_111054-768x1024.jpg\" alt=\"\" width=\"286\" height=\"382\" srcset=\"https:\/\/arbr.fr\/wordpress\/wp-content\/uploads\/2025\/03\/20250323_111054-768x1024.jpg 768w, https:\/\/arbr.fr\/wordpress\/wp-content\/uploads\/2025\/03\/20250323_111054-225x300.jpg 225w, https:\/\/arbr.fr\/wordpress\/wp-content\/uploads\/2025\/03\/20250323_111054-1152x1536.jpg 1152w, https:\/\/arbr.fr\/wordpress\/wp-content\/uploads\/2025\/03\/20250323_111054-1536x2048.jpg 1536w, https:\/\/arbr.fr\/wordpress\/wp-content\/uploads\/2025\/03\/20250323_111054-scaled.jpg 1920w\" sizes=\"(max-width: 286px) 100vw, 286px\" \/><\/p>\n<p>Les confettis , la musique, les chars&#8230; Rasta, classique ou disco, toutes les conditions ont \u00e9t\u00e9 r\u00e9unies pour donner le sourire aux petits Zouzous et aux plus grands!<\/p>\n<p><strong><span style=\"color: #000000;\">Les lingettes \u00ab\u00a0upcycling\u00a0\u00bb des zouzous sont en vente :<\/span><\/strong><\/p>\n<p>Si vous n&rsquo;\u00e9tiez pas l\u00e0 lors du carnaval et que vous souhaitez en acheter : contactez Emilie : <a href=\"mailto:emitou49@gmail.com\">emitou49@gmail.com<\/a><span style=\"color: #ff00ff;\"><strong><br \/>\n<\/strong><\/span><\/p>\n<p>L&rsquo;argent r\u00e9colt\u00e9 servira \u00e0 \u00e9toffer notre mat\u00e9riel de motricit\u00e9 et \u00e0 participer aux frais de l&rsquo;\u00e9veil musical.<\/p>\n<p>Tarif : 10\u20ac le lot de 10 lingettes \u26a0\ufe0f esp\u00e8ces uniquement \u00a0\u00bb<\/p>\n<p><strong><em>* L&rsquo;\u00c9VEIL MUSICAL :&nbsp;<\/em><\/strong><\/p>\n<p>Les Zouzous ont \u00e9galement pu participer \u00e0 des s\u00e9ances d&rsquo;<strong>\u00e9veil musical <\/strong>propos\u00e9 par Claude Petit (professeur de musique).<\/p>\n<p>Sur un court temps, les enfants ont pu chanter de nouvelles chansons, d\u00e9couvrir et surtout toucher des instruments jusque-l\u00e0 inconnus pour eux. Quelle Joie ! L\u2019\u00e9veil aux sons et \u00e0 la musique contribue \u00e0 la d\u00e9tente, \u00e0 l\u2019\u00e9coute, \u00e0 la coordination motrice, et au d\u00e9veloppement du langage verbal, social et affectif.<\/p>\n<p><img loading=\"lazy\" decoding=\"async\" class=\"alignnone wp-image-5635\" src=\"https:\/\/arbr.fr\/wordpress\/wp-content\/uploads\/2024\/02\/20240125_101007-1024x473.jpg\" alt=\"\" width=\"559\" height=\"258\" srcset=\"https:\/\/arbr.fr\/wordpress\/wp-content\/uploads\/2024\/02\/20240125_101007-1024x473.jpg 1024w, https:\/\/arbr.fr\/wordpress\/wp-content\/uploads\/2024\/02\/20240125_101007-300x139.jpg 300w, https:\/\/arbr.fr\/wordpress\/wp-content\/uploads\/2024\/02\/20240125_101007-768x355.jpg 768w, https:\/\/arbr.fr\/wordpress\/wp-content\/uploads\/2024\/02\/20240125_101007-1536x710.jpg 1536w, https:\/\/arbr.fr\/wordpress\/wp-content\/uploads\/2024\/02\/20240125_101007-2048x946.jpg 2048w, https:\/\/arbr.fr\/wordpress\/wp-content\/uploads\/2024\/02\/20240125_101007-980x450.jpg 980w\" sizes=\"(max-width: 559px) 100vw, 559px\" \/><\/p>\n<p>Un enfant ayant \u00e9t\u00e9 en contact avec la musique, et donc stimul\u00e9 par elle pendant sa tendre enfance, aura plus de facilit\u00e9 \u00e0 s\u2019adapter \u00e0 son environnement au moment de son entr\u00e9e \u00e0 l\u2019\u00e9cole, puisque son \u00e9coute, sa concentration et sa curiosit\u00e9 auront \u00e9t\u00e9 sollicit\u00e9es.&nbsp;<\/p>\n<p><span style=\"color: #ff0000;\"><strong> <em>* LE N<\/em><em>O\u00cbL DES ZOUZOUS :&nbsp; <\/em>2024 salle St Ren\u00e9.<\/strong><\/span><\/p>\n<p><img loading=\"lazy\" decoding=\"async\" class=\"alignnone wp-image-7261\" src=\"https:\/\/arbr.fr\/wordpress\/wp-content\/uploads\/2025\/01\/20241203_175107-1024x768.jpg\" alt=\"\" width=\"443\" height=\"332\" srcset=\"https:\/\/arbr.fr\/wordpress\/wp-content\/uploads\/2025\/01\/20241203_175107-1024x768.jpg 1024w, https:\/\/arbr.fr\/wordpress\/wp-content\/uploads\/2025\/01\/20241203_175107-300x225.jpg 300w, https:\/\/arbr.fr\/wordpress\/wp-content\/uploads\/2025\/01\/20241203_175107-768x576.jpg 768w, https:\/\/arbr.fr\/wordpress\/wp-content\/uploads\/2025\/01\/20241203_175107-1536x1152.jpg 1536w, https:\/\/arbr.fr\/wordpress\/wp-content\/uploads\/2025\/01\/20241203_175107-2048x1536.jpg 2048w\" sizes=\"(max-width: 443px) 100vw, 443px\" \/>&nbsp; <img loading=\"lazy\" decoding=\"async\" class=\"alignnone wp-image-7262\" src=\"https:\/\/arbr.fr\/wordpress\/wp-content\/uploads\/2025\/01\/pere-noel-site-internet-768x1024.jpg\" alt=\"\" width=\"247\" height=\"329\" srcset=\"https:\/\/arbr.fr\/wordpress\/wp-content\/uploads\/2025\/01\/pere-noel-site-internet-768x1024.jpg 768w, https:\/\/arbr.fr\/wordpress\/wp-content\/uploads\/2025\/01\/pere-noel-site-internet-225x300.jpg 225w, https:\/\/arbr.fr\/wordpress\/wp-content\/uploads\/2025\/01\/pere-noel-site-internet-1152x1536.jpg 1152w, https:\/\/arbr.fr\/wordpress\/wp-content\/uploads\/2025\/01\/pere-noel-site-internet.jpg 1536w\" sizes=\"(max-width: 247px) 100vw, 247px\" \/>&nbsp; <img loading=\"lazy\" decoding=\"async\" class=\"alignnone wp-image-7263\" src=\"https:\/\/arbr.fr\/wordpress\/wp-content\/uploads\/2025\/01\/20241204_084420-768x1024.jpg\" alt=\"\" width=\"244\" height=\"326\" srcset=\"https:\/\/arbr.fr\/wordpress\/wp-content\/uploads\/2025\/01\/20241204_084420-768x1024.jpg 768w, https:\/\/arbr.fr\/wordpress\/wp-content\/uploads\/2025\/01\/20241204_084420-225x300.jpg 225w, https:\/\/arbr.fr\/wordpress\/wp-content\/uploads\/2025\/01\/20241204_084420-1152x1536.jpg 1152w, https:\/\/arbr.fr\/wordpress\/wp-content\/uploads\/2025\/01\/20241204_084420-1536x2048.jpg 1536w, https:\/\/arbr.fr\/wordpress\/wp-content\/uploads\/2025\/01\/20241204_084420-scaled.jpg 1920w\" sizes=\"(max-width: 244px) 100vw, 244px\" \/><\/p>\n<p><strong>* L&rsquo;AUTOMNE DE L&rsquo;ARBR<\/strong> : un atelier ouvert \u00e0 tous s&rsquo;est tenus le samedi 16 Novembre 2024 \u00e0 la Ferme Poisson. Les b\u00e9n\u00e9voles des zouzous y participaient.<\/p>\n<p>Les petits zouzous et les plus grands de passages ont pu cr\u00e9er de petits rondins de No\u00ebl d\u00e9cor\u00e9s par leurs soins \u00e0 accrocher dans leur sapins \u00e0 venir !<\/p>\n<p>&nbsp;&nbsp;&nbsp; <img loading=\"lazy\" decoding=\"async\" class=\"alignnone wp-image-7072\" src=\"https:\/\/arbr.fr\/wordpress\/wp-content\/uploads\/2024\/11\/IMG_20241116_164821-1024x576.jpg\" alt=\"\" width=\"601\" height=\"338\" srcset=\"https:\/\/arbr.fr\/wordpress\/wp-content\/uploads\/2024\/11\/IMG_20241116_164821-1024x576.jpg 1024w, https:\/\/arbr.fr\/wordpress\/wp-content\/uploads\/2024\/11\/IMG_20241116_164821-300x169.jpg 300w, https:\/\/arbr.fr\/wordpress\/wp-content\/uploads\/2024\/11\/IMG_20241116_164821-768x432.jpg 768w, https:\/\/arbr.fr\/wordpress\/wp-content\/uploads\/2024\/11\/IMG_20241116_164821-1536x864.jpg 1536w, https:\/\/arbr.fr\/wordpress\/wp-content\/uploads\/2024\/11\/IMG_20241116_164821-2048x1152.jpg 2048w\" sizes=\"(max-width: 601px) 100vw, 601px\" \/> <img loading=\"lazy\" decoding=\"async\" class=\"alignnone wp-image-7168\" src=\"https:\/\/arbr.fr\/wordpress\/wp-content\/uploads\/2024\/12\/2024-11-zouzous-2-473x1024.jpg\" alt=\"\" width=\"156\" height=\"338\" srcset=\"https:\/\/arbr.fr\/wordpress\/wp-content\/uploads\/2024\/12\/2024-11-zouzous-2-473x1024.jpg 473w, https:\/\/arbr.fr\/wordpress\/wp-content\/uploads\/2024\/12\/2024-11-zouzous-2-139x300.jpg 139w, https:\/\/arbr.fr\/wordpress\/wp-content\/uploads\/2024\/12\/2024-11-zouzous-2-768x1662.jpg 768w, https:\/\/arbr.fr\/wordpress\/wp-content\/uploads\/2024\/12\/2024-11-zouzous-2-710x1536.jpg 710w, https:\/\/arbr.fr\/wordpress\/wp-content\/uploads\/2024\/12\/2024-11-zouzous-2-946x2048.jpg 946w, https:\/\/arbr.fr\/wordpress\/wp-content\/uploads\/2024\/12\/2024-11-zouzous-2-scaled.jpg 1183w\" sizes=\"(max-width: 156px) 100vw, 156px\" \/> <img loading=\"lazy\" decoding=\"async\" class=\"alignnone wp-image-7169\" src=\"https:\/\/arbr.fr\/wordpress\/wp-content\/uploads\/2024\/12\/Les-zouzous-473x1024.jpg\" alt=\"\" width=\"156\" height=\"338\" srcset=\"https:\/\/arbr.fr\/wordpress\/wp-content\/uploads\/2024\/12\/Les-zouzous-473x1024.jpg 473w, https:\/\/arbr.fr\/wordpress\/wp-content\/uploads\/2024\/12\/Les-zouzous-139x300.jpg 139w, https:\/\/arbr.fr\/wordpress\/wp-content\/uploads\/2024\/12\/Les-zouzous-768x1662.jpg 768w, https:\/\/arbr.fr\/wordpress\/wp-content\/uploads\/2024\/12\/Les-zouzous-710x1536.jpg 710w, https:\/\/arbr.fr\/wordpress\/wp-content\/uploads\/2024\/12\/Les-zouzous-946x2048.jpg 946w, https:\/\/arbr.fr\/wordpress\/wp-content\/uploads\/2024\/12\/Les-zouzous-scaled.jpg 1183w\" sizes=\"(max-width: 156px) 100vw, 156px\" \/><\/p>\n<p><span style=\"font-size: 14pt; color: #ff6600;\"><strong>\u00c9V\u00c9NEMENTS ANT\u00c9RIEURS<\/strong> :<\/span><\/p>\n<p><strong><em>* LE N<\/em><\/strong><strong><em>O\u00cbL DES ZOUZOUS :&nbsp; <\/em>Jeudi 21 d\u00e9cembre 2023<\/strong> \u00e0 10h salle St Ren\u00e9.<\/p>\n<p>Le P\u00e8re No\u00ebl est pass\u00e9, sa hotte remplie de cadeaux et sa guitare sous le bras pour rencontrer les petits et grands zouzous!<\/p>\n<p><img loading=\"lazy\" decoding=\"async\" class=\"alignnone wp-image-5474\" src=\"https:\/\/arbr.fr\/wordpress\/wp-content\/uploads\/2023\/12\/8.jpg\" alt=\"\" width=\"386\" height=\"223\"> &nbsp;&nbsp;&nbsp;&nbsp; <img loading=\"lazy\" decoding=\"async\" class=\"alignnone wp-image-5472\" src=\"https:\/\/arbr.fr\/wordpress\/wp-content\/uploads\/2023\/12\/pere-noel-guitare.jpg\" sizes=\"(max-width: 228px) 100vw, 228px\" srcset=\"https:\/\/arbr.fr\/wordpress\/wp-content\/uploads\/2023\/12\/pere-noel-guitare.jpg 498w, https:\/\/arbr.fr\/wordpress\/wp-content\/uploads\/2023\/12\/pere-noel-guitare-300x290.jpg 300w\" alt=\"\" width=\"228\" height=\"220\"><\/p>\n<p>Les d\u00e9corations des Zouzous salle St Ren\u00e9 et Ferme poisson:<\/p>\n<p><img loading=\"lazy\" decoding=\"async\" class=\"alignnone wp-image-5471\" src=\"https:\/\/arbr.fr\/wordpress\/wp-content\/uploads\/2023\/12\/vitrine-zouzou-dt-rene-1-1024x700.jpg\" sizes=\"(max-width: 433px) 100vw, 433px\" srcset=\"https:\/\/arbr.fr\/wordpress\/wp-content\/uploads\/2023\/12\/vitrine-zouzou-dt-rene-1-1024x700.jpg 1024w, https:\/\/arbr.fr\/wordpress\/wp-content\/uploads\/2023\/12\/vitrine-zouzou-dt-rene-1-300x205.jpg 300w, https:\/\/arbr.fr\/wordpress\/wp-content\/uploads\/2023\/12\/vitrine-zouzou-dt-rene-1-768x525.jpg 768w, https:\/\/arbr.fr\/wordpress\/wp-content\/uploads\/2023\/12\/vitrine-zouzou-dt-rene-1-1536x1050.jpg 1536w, https:\/\/arbr.fr\/wordpress\/wp-content\/uploads\/2023\/12\/vitrine-zouzou-dt-rene-1-2048x1400.jpg 2048w\" alt=\"\" width=\"433\" height=\"296\">&nbsp;<\/p>\n<p>&nbsp;<\/p>\n","protected":false},"excerpt":{"rendered":"<p>Contacts : \u00c9milie TOUVRON &#8211; 06 18 44 24 67 &#8211; emitou49@gmail.com Catherine JADAUD &#8211; 06 87 89 82 93 &#8211; tcjadaud@yahoo.fr Un rendez-vous pour les mamans, les papas, les assistant(e)s maternel(le)s, accompagn\u00e9s des&#46;&#46;&#46;<\/p>\n","protected":false},"author":1,"featured_media":0,"parent":0,"menu_order":0,"comment_status":"closed","ping_status":"closed","template":"","meta":{"ngg_post_thumbnail":0,"footnotes":""},"class_list":["post-279","page","type-page","status-publish","hentry"],"yoast_head":"<!-- This site is optimized with the Yoast SEO plugin v24.1 - https:\/\/yoast.com\/wordpress\/plugins\/seo\/ -->\n<title>Le Coin des Zouzous - ARBR<\/title>\n<meta name=\"robots\" content=\"index, follow, max-snippet:-1, max-image-preview:large, max-video-preview:-1\" \/>\n<link rel=\"canonical\" href=\"https:\/\/arbr.fr\/wordpress\/coin-des-zouzous\/\" \/>\n<meta property=\"og:locale\" content=\"fr_FR\" \/>\n<meta property=\"og:type\" content=\"article\" \/>\n<meta property=\"og:title\" content=\"Le Coin des Zouzous - ARBR\" \/>\n<meta property=\"og:description\" content=\"Contacts : \u00c9milie TOUVRON &#8211; 06 18 44 24 67 &#8211; emitou49@gmail.com Catherine JADAUD &#8211; 06 87 89 82 93 &#8211; tcjadaud@yahoo.fr Un rendez-vous pour les mamans, les papas, les assistant(e)s maternel(le)s, accompagn\u00e9s des&#046;&#046;&#046;\" \/>\n<meta property=\"og:url\" content=\"https:\/\/arbr.fr\/wordpress\/coin-des-zouzous\/\" \/>\n<meta property=\"og:site_name\" content=\"ARBR\" \/>\n<meta property=\"article:modified_time\" content=\"2025-08-20T10:46:44+00:00\" \/>\n<meta property=\"og:image\" content=\"https:\/\/arbr.fr\/wordpress\/wp-content\/uploads\/2023\/09\/IMG_7527-scaled.jpg\" \/>\n\t<meta property=\"og:image:width\" content=\"2560\" \/>\n\t<meta property=\"og:image:height\" content=\"2401\" \/>\n\t<meta property=\"og:image:type\" content=\"image\/jpeg\" \/>\n<meta name=\"twitter:card\" content=\"summary_large_image\" \/>\n<meta name=\"twitter:label1\" content=\"Dur\u00e9e de lecture estim\u00e9e\" \/>\n\t<meta name=\"twitter:data1\" content=\"6 minutes\" \/>\n<script type=\"application\/ld+json\" class=\"yoast-schema-graph\">{\"@context\":\"https:\/\/schema.org\",\"@graph\":[{\"@type\":\"WebPage\",\"@id\":\"https:\/\/arbr.fr\/wordpress\/coin-des-zouzous\/\",\"url\":\"https:\/\/arbr.fr\/wordpress\/coin-des-zouzous\/\",\"name\":\"Le Coin des Zouzous - ARBR\",\"isPartOf\":{\"@id\":\"https:\/\/arbr.fr\/wordpress\/#website\"},\"primaryImageOfPage\":{\"@id\":\"https:\/\/arbr.fr\/wordpress\/coin-des-zouzous\/#primaryimage\"},\"image\":{\"@id\":\"https:\/\/arbr.fr\/wordpress\/coin-des-zouzous\/#primaryimage\"},\"thumbnailUrl\":\"https:\/\/arbr.fr\/wordpress\/wp-content\/uploads\/2023\/09\/IMG_7527-scaled.jpg\",\"datePublished\":\"2017-03-24T15:21:09+00:00\",\"dateModified\":\"2025-08-20T10:46:44+00:00\",\"breadcrumb\":{\"@id\":\"https:\/\/arbr.fr\/wordpress\/coin-des-zouzous\/#breadcrumb\"},\"inLanguage\":\"fr-FR\",\"potentialAction\":[{\"@type\":\"ReadAction\",\"target\":[\"https:\/\/arbr.fr\/wordpress\/coin-des-zouzous\/\"]}]},{\"@type\":\"ImageObject\",\"inLanguage\":\"fr-FR\",\"@id\":\"https:\/\/arbr.fr\/wordpress\/coin-des-zouzous\/#primaryimage\",\"url\":\"https:\/\/arbr.fr\/wordpress\/wp-content\/uploads\/2023\/09\/IMG_7527-scaled.jpg\",\"contentUrl\":\"https:\/\/arbr.fr\/wordpress\/wp-content\/uploads\/2023\/09\/IMG_7527-scaled.jpg\",\"width\":2560,\"height\":2401},{\"@type\":\"BreadcrumbList\",\"@id\":\"https:\/\/arbr.fr\/wordpress\/coin-des-zouzous\/#breadcrumb\",\"itemListElement\":[{\"@type\":\"ListItem\",\"position\":1,\"name\":\"Accueil\",\"item\":\"https:\/\/arbr.fr\/wordpress\/\"},{\"@type\":\"ListItem\",\"position\":2,\"name\":\"Le Coin des Zouzous\"}]},{\"@type\":\"WebSite\",\"@id\":\"https:\/\/arbr.fr\/wordpress\/#website\",\"url\":\"https:\/\/arbr.fr\/wordpress\/\",\"name\":\"ARBR\",\"description\":\"Association des r\u00e9sidents du Bois Raguenet\",\"publisher\":{\"@id\":\"https:\/\/arbr.fr\/wordpress\/#organization\"},\"potentialAction\":[{\"@type\":\"SearchAction\",\"target\":{\"@type\":\"EntryPoint\",\"urlTemplate\":\"https:\/\/arbr.fr\/wordpress\/?s={search_term_string}\"},\"query-input\":{\"@type\":\"PropertyValueSpecification\",\"valueRequired\":true,\"valueName\":\"search_term_string\"}}],\"inLanguage\":\"fr-FR\"},{\"@type\":\"Organization\",\"@id\":\"https:\/\/arbr.fr\/wordpress\/#organization\",\"name\":\"ARBR\",\"url\":\"https:\/\/arbr.fr\/wordpress\/\",\"logo\":{\"@type\":\"ImageObject\",\"inLanguage\":\"fr-FR\",\"@id\":\"https:\/\/arbr.fr\/wordpress\/#\/schema\/logo\/image\/\",\"url\":\"https:\/\/arbr.fr\/wordpress\/wp-content\/uploads\/2017\/03\/0.png\",\"contentUrl\":\"https:\/\/arbr.fr\/wordpress\/wp-content\/uploads\/2017\/03\/0.png\",\"width\":650,\"height\":283,\"caption\":\"ARBR\"},\"image\":{\"@id\":\"https:\/\/arbr.fr\/wordpress\/#\/schema\/logo\/image\/\"}}]}<\/script>\n<!-- \/ Yoast SEO plugin. -->","yoast_head_json":{"title":"Le Coin des Zouzous - ARBR","robots":{"index":"index","follow":"follow","max-snippet":"max-snippet:-1","max-image-preview":"max-image-preview:large","max-video-preview":"max-video-preview:-1"},"canonical":"https:\/\/arbr.fr\/wordpress\/coin-des-zouzous\/","og_locale":"fr_FR","og_type":"article","og_title":"Le Coin des Zouzous - ARBR","og_description":"Contacts : \u00c9milie TOUVRON &#8211; 06 18 44 24 67 &#8211; emitou49@gmail.com Catherine JADAUD &#8211; 06 87 89 82 93 &#8211; tcjadaud@yahoo.fr Un rendez-vous pour les mamans, les papas, les assistant(e)s maternel(le)s, accompagn\u00e9s des&#46;&#46;&#46;","og_url":"https:\/\/arbr.fr\/wordpress\/coin-des-zouzous\/","og_site_name":"ARBR","article_modified_time":"2025-08-20T10:46:44+00:00","og_image":[{"width":2560,"height":2401,"url":"https:\/\/arbr.fr\/wordpress\/wp-content\/uploads\/2023\/09\/IMG_7527-scaled.jpg","type":"image\/jpeg"}],"twitter_card":"summary_large_image","twitter_misc":{"Dur\u00e9e de lecture estim\u00e9e":"6 minutes"},"schema":{"@context":"https:\/\/schema.org","@graph":[{"@type":"WebPage","@id":"https:\/\/arbr.fr\/wordpress\/coin-des-zouzous\/","url":"https:\/\/arbr.fr\/wordpress\/coin-des-zouzous\/","name":"Le Coin des Zouzous - ARBR","isPartOf":{"@id":"https:\/\/arbr.fr\/wordpress\/#website"},"primaryImageOfPage":{"@id":"https:\/\/arbr.fr\/wordpress\/coin-des-zouzous\/#primaryimage"},"image":{"@id":"https:\/\/arbr.fr\/wordpress\/coin-des-zouzous\/#primaryimage"},"thumbnailUrl":"https:\/\/arbr.fr\/wordpress\/wp-content\/uploads\/2023\/09\/IMG_7527-scaled.jpg","datePublished":"2017-03-24T15:21:09+00:00","dateModified":"2025-08-20T10:46:44+00:00","breadcrumb":{"@id":"https:\/\/arbr.fr\/wordpress\/coin-des-zouzous\/#breadcrumb"},"inLanguage":"fr-FR","potentialAction":[{"@type":"ReadAction","target":["https:\/\/arbr.fr\/wordpress\/coin-des-zouzous\/"]}]},{"@type":"ImageObject","inLanguage":"fr-FR","@id":"https:\/\/arbr.fr\/wordpress\/coin-des-zouzous\/#primaryimage","url":"https:\/\/arbr.fr\/wordpress\/wp-content\/uploads\/2023\/09\/IMG_7527-scaled.jpg","contentUrl":"https:\/\/arbr.fr\/wordpress\/wp-content\/uploads\/2023\/09\/IMG_7527-scaled.jpg","width":2560,"height":2401},{"@type":"BreadcrumbList","@id":"https:\/\/arbr.fr\/wordpress\/coin-des-zouzous\/#breadcrumb","itemListElement":[{"@type":"ListItem","position":1,"name":"Accueil","item":"https:\/\/arbr.fr\/wordpress\/"},{"@type":"ListItem","position":2,"name":"Le Coin des Zouzous"}]},{"@type":"WebSite","@id":"https:\/\/arbr.fr\/wordpress\/#website","url":"https:\/\/arbr.fr\/wordpress\/","name":"ARBR","description":"Association des r\u00e9sidents du Bois Raguenet","publisher":{"@id":"https:\/\/arbr.fr\/wordpress\/#organization"},"potentialAction":[{"@type":"SearchAction","target":{"@type":"EntryPoint","urlTemplate":"https:\/\/arbr.fr\/wordpress\/?s={search_term_string}"},"query-input":{"@type":"PropertyValueSpecification","valueRequired":true,"valueName":"search_term_string"}}],"inLanguage":"fr-FR"},{"@type":"Organization","@id":"https:\/\/arbr.fr\/wordpress\/#organization","name":"ARBR","url":"https:\/\/arbr.fr\/wordpress\/","logo":{"@type":"ImageObject","inLanguage":"fr-FR","@id":"https:\/\/arbr.fr\/wordpress\/#\/schema\/logo\/image\/","url":"https:\/\/arbr.fr\/wordpress\/wp-content\/uploads\/2017\/03\/0.png","contentUrl":"https:\/\/arbr.fr\/wordpress\/wp-content\/uploads\/2017\/03\/0.png","width":650,"height":283,"caption":"ARBR"},"image":{"@id":"https:\/\/arbr.fr\/wordpress\/#\/schema\/logo\/image\/"}}]}},"_links":{"self":[{"href":"https:\/\/arbr.fr\/wordpress\/wp-json\/wp\/v2\/pages\/279"}],"collection":[{"href":"https:\/\/arbr.fr\/wordpress\/wp-json\/wp\/v2\/pages"}],"about":[{"href":"https:\/\/arbr.fr\/wordpress\/wp-json\/wp\/v2\/types\/page"}],"author":[{"embeddable":true,"href":"https:\/\/arbr.fr\/wordpress\/wp-json\/wp\/v2\/users\/1"}],"replies":[{"embeddable":true,"href":"https:\/\/arbr.fr\/wordpress\/wp-json\/wp\/v2\/comments?post=279"}],"version-history":[{"count":31,"href":"https:\/\/arbr.fr\/wordpress\/wp-json\/wp\/v2\/pages\/279\/revisions"}],"predecessor-version":[{"id":8022,"href":"https:\/\/arbr.fr\/wordpress\/wp-json\/wp\/v2\/pages\/279\/revisions\/8022"}],"wp:attachment":[{"href":"https:\/\/arbr.fr\/wordpress\/wp-json\/wp\/v2\/media?parent=279"}],"curies":[{"name":"wp","href":"https:\/\/api.w.org\/{rel}","templated":true}]}}