{"id":273,"date":"2017-03-24T16:20:09","date_gmt":"2017-03-24T15:20:09","guid":{"rendered":"http:\/\/arbr.fr\/wordpress\/?page_id=273"},"modified":"2025-06-25T08:56:53","modified_gmt":"2025-06-25T06:56:53","slug":"terre-et-volume","status":"publish","type":"page","link":"https:\/\/arbr.fr\/wordpress\/terre-et-volume\/","title":{"rendered":"Terre et Volume"},"content":{"rendered":"<p><strong>Contact :&nbsp; <\/strong>B\u00e9atrice CAM\u00c9LIO &#8211; beatrice.camelio@wanadoo.fr<\/p>\n<p><strong>Intervenant Sculpteur de <\/strong>Septembre \u00e0 Mars 2024 :&nbsp; Catherine JOUAN &#8211; catherine.jouan@gmail.com &#8211; 06 42 43 33 53<\/p>\n<p><strong>Cours<\/strong> :&nbsp; les Mardi et Jeudi.<\/p>\n<p><strong>DESCRIPTION DE L&rsquo;ACTIVIT\u00c9 :<\/strong><\/p>\n<ul>\n<li><strong>TERRE, MODELAGE ET BRICOLAGE &#8211; Atelier Adultes&nbsp;<\/strong><\/li>\n<\/ul>\n<p>&nbsp;&nbsp; &nbsp; &nbsp; <img loading=\"lazy\" decoding=\"async\" class=\"alignnone wp-image-4795\" src=\"https:\/\/arbr.fr\/wordpress\/wp-content\/uploads\/2023\/09\/20221026_101412-scaled.jpg\" alt=\"\" width=\"168\" height=\"224\" srcset=\"https:\/\/arbr.fr\/wordpress\/wp-content\/uploads\/2023\/09\/20221026_101412-scaled.jpg 1920w, https:\/\/arbr.fr\/wordpress\/wp-content\/uploads\/2023\/09\/20221026_101412-225x300.jpg 225w, https:\/\/arbr.fr\/wordpress\/wp-content\/uploads\/2023\/09\/20221026_101412-768x1024.jpg 768w, https:\/\/arbr.fr\/wordpress\/wp-content\/uploads\/2023\/09\/20221026_101412-1152x1536.jpg 1152w, https:\/\/arbr.fr\/wordpress\/wp-content\/uploads\/2023\/09\/20221026_101412-1536x2048.jpg 1536w\" sizes=\"(max-width: 168px) 100vw, 168px\" \/>&nbsp; <img loading=\"lazy\" decoding=\"async\" class=\"alignnone wp-image-4796\" src=\"https:\/\/arbr.fr\/wordpress\/wp-content\/uploads\/2023\/09\/atelier-1-scaled.jpg\" alt=\"\" width=\"297\" height=\"223\" srcset=\"https:\/\/arbr.fr\/wordpress\/wp-content\/uploads\/2023\/09\/atelier-1-scaled.jpg 2560w, https:\/\/arbr.fr\/wordpress\/wp-content\/uploads\/2023\/09\/atelier-1-300x225.jpg 300w, https:\/\/arbr.fr\/wordpress\/wp-content\/uploads\/2023\/09\/atelier-1-1024x768.jpg 1024w, https:\/\/arbr.fr\/wordpress\/wp-content\/uploads\/2023\/09\/atelier-1-768x576.jpg 768w, https:\/\/arbr.fr\/wordpress\/wp-content\/uploads\/2023\/09\/atelier-1-1536x1152.jpg 1536w, https:\/\/arbr.fr\/wordpress\/wp-content\/uploads\/2023\/09\/atelier-1-2048x1536.jpg 2048w\" sizes=\"(max-width: 297px) 100vw, 297px\" \/>&nbsp;&nbsp;<img loading=\"lazy\" decoding=\"async\" class=\"alignnone wp-image-4797\" src=\"https:\/\/arbr.fr\/wordpress\/wp-content\/uploads\/2023\/09\/piece-1.jpg\" alt=\"\" width=\"173\" height=\"182\" srcset=\"https:\/\/arbr.fr\/wordpress\/wp-content\/uploads\/2023\/09\/piece-1.jpg 1233w, https:\/\/arbr.fr\/wordpress\/wp-content\/uploads\/2023\/09\/piece-1-286x300.jpg 286w, https:\/\/arbr.fr\/wordpress\/wp-content\/uploads\/2023\/09\/piece-1-976x1024.jpg 976w, https:\/\/arbr.fr\/wordpress\/wp-content\/uploads\/2023\/09\/piece-1-768x805.jpg 768w\" sizes=\"(max-width: 173px) 100vw, 173px\" \/>&nbsp; <img loading=\"lazy\" decoding=\"async\" class=\" wp-image-701\" src=\"http:\/\/arbr.fr\/wordpress\/wp-content\/uploads\/2017\/03\/mammouths-300x225.jpg\" alt=\"\" width=\"244\" height=\"183\" srcset=\"https:\/\/arbr.fr\/wordpress\/wp-content\/uploads\/2017\/03\/mammouths-300x225.jpg 300w, https:\/\/arbr.fr\/wordpress\/wp-content\/uploads\/2017\/03\/mammouths.jpg 640w\" sizes=\"(max-width: 244px) 100vw, 244px\" \/><\/p>\n<p>&nbsp;&nbsp;&nbsp; &nbsp; <strong>J\u2019anime ces s\u00e9ances par une approche vari\u00e9e du volume&nbsp;:<\/strong><\/p>\n<ul>\n<li><strong>Diff\u00e9rents th\u00e8mes, diff\u00e9rentes mati\u00e8res. <\/strong><\/li>\n<li><strong>Du tactile, de l\u2019argile au bricolage de tous \u00e2ges.<\/strong><\/li>\n<li><strong>Les mains sont inventives et expressives.<\/strong><\/li>\n<\/ul>\n<p>Des sujets sont propos\u00e9s \u00e0 chaque s\u00e9ance, qu\u2019ils soient illustratifs, inventifs ou techniques.<\/p>\n<p>La terre est la principale mati\u00e8re, d\u2019autres mat\u00e9riaux sont \u00e9galement propos\u00e9s&nbsp;: carton, bois, papier, fil de fer, objets de r\u00e9cup\u00e9rations\u2026<\/p>\n<p>Modeler la terre, le plaisir de toucher, p\u00e9trir, malaxer\u2026et aussi attacher, coller, clouter, graver, assembler, couper\u2026 L&rsquo;imagination et la dext\u00e9rit\u00e9 manuelle&nbsp; se d\u00e9veloppent.<\/p>\n<p>Ouvrir le regard, stimuler l\u2019imagination, permettre une large et libre exploration de la cr\u00e9ation en volume, telles sont mes intentions.<\/p>\n<p>Catherine JOUAN<\/p>\n<p>&nbsp;<\/p>\n<ul>\n<li><strong><strong>TERRE, SCULPTURE ET VOLUME &#8211; Atelier&nbsp; Adultes<\/strong><\/strong><\/li>\n<\/ul>\n<p><img loading=\"lazy\" decoding=\"async\" class=\"alignnone wp-image-4790\" src=\"https:\/\/arbr.fr\/wordpress\/wp-content\/uploads\/2023\/09\/TERRE-3-scaled.jpg\" alt=\"\" width=\"153\" height=\"204\" srcset=\"https:\/\/arbr.fr\/wordpress\/wp-content\/uploads\/2023\/09\/TERRE-3-scaled.jpg 1920w, https:\/\/arbr.fr\/wordpress\/wp-content\/uploads\/2023\/09\/TERRE-3-225x300.jpg 225w, https:\/\/arbr.fr\/wordpress\/wp-content\/uploads\/2023\/09\/TERRE-3-768x1024.jpg 768w, https:\/\/arbr.fr\/wordpress\/wp-content\/uploads\/2023\/09\/TERRE-3-1152x1536.jpg 1152w, https:\/\/arbr.fr\/wordpress\/wp-content\/uploads\/2023\/09\/TERRE-3-1536x2048.jpg 1536w\" sizes=\"(max-width: 153px) 100vw, 153px\" \/> <img loading=\"lazy\" decoding=\"async\" class=\"alignnone wp-image-4798\" src=\"https:\/\/arbr.fr\/wordpress\/wp-content\/uploads\/2023\/09\/Catherine-1.jpg\" alt=\"\" width=\"306\" height=\"287\" srcset=\"https:\/\/arbr.fr\/wordpress\/wp-content\/uploads\/2023\/09\/Catherine-1.jpg 2534w, https:\/\/arbr.fr\/wordpress\/wp-content\/uploads\/2023\/09\/Catherine-1-300x281.jpg 300w, https:\/\/arbr.fr\/wordpress\/wp-content\/uploads\/2023\/09\/Catherine-1-1024x959.jpg 1024w, https:\/\/arbr.fr\/wordpress\/wp-content\/uploads\/2023\/09\/Catherine-1-768x720.jpg 768w, https:\/\/arbr.fr\/wordpress\/wp-content\/uploads\/2023\/09\/Catherine-1-1536x1439.jpg 1536w, https:\/\/arbr.fr\/wordpress\/wp-content\/uploads\/2023\/09\/Catherine-1-2048x1919.jpg 2048w\" sizes=\"(max-width: 306px) 100vw, 306px\" \/> <img loading=\"lazy\" decoding=\"async\" class=\"alignnone wp-image-4792\" src=\"https:\/\/arbr.fr\/wordpress\/wp-content\/uploads\/2023\/09\/TERRE-6-scaled.jpg\" alt=\"\" width=\"163\" height=\"218\" srcset=\"https:\/\/arbr.fr\/wordpress\/wp-content\/uploads\/2023\/09\/TERRE-6-scaled.jpg 1920w, https:\/\/arbr.fr\/wordpress\/wp-content\/uploads\/2023\/09\/TERRE-6-225x300.jpg 225w, https:\/\/arbr.fr\/wordpress\/wp-content\/uploads\/2023\/09\/TERRE-6-768x1024.jpg 768w, https:\/\/arbr.fr\/wordpress\/wp-content\/uploads\/2023\/09\/TERRE-6-1152x1536.jpg 1152w, https:\/\/arbr.fr\/wordpress\/wp-content\/uploads\/2023\/09\/TERRE-6-1536x2048.jpg 1536w\" sizes=\"(max-width: 163px) 100vw, 163px\" \/> <img loading=\"lazy\" decoding=\"async\" class=\"alignnone wp-image-4793\" src=\"https:\/\/arbr.fr\/wordpress\/wp-content\/uploads\/2023\/09\/TERRE-7-scaled.jpg\" alt=\"\" width=\"187\" height=\"249\" srcset=\"https:\/\/arbr.fr\/wordpress\/wp-content\/uploads\/2023\/09\/TERRE-7-scaled.jpg 1920w, https:\/\/arbr.fr\/wordpress\/wp-content\/uploads\/2023\/09\/TERRE-7-225x300.jpg 225w, https:\/\/arbr.fr\/wordpress\/wp-content\/uploads\/2023\/09\/TERRE-7-768x1024.jpg 768w, https:\/\/arbr.fr\/wordpress\/wp-content\/uploads\/2023\/09\/TERRE-7-1152x1536.jpg 1152w, https:\/\/arbr.fr\/wordpress\/wp-content\/uploads\/2023\/09\/TERRE-7-1536x2048.jpg 1536w\" sizes=\"(max-width: 187px) 100vw, 187px\" \/> &nbsp;&nbsp;<\/p>\n<blockquote><p><strong>J\u2019aborde ces s\u00e9ances par une approche vari\u00e9e de la sculpture&nbsp;:<\/strong><\/p><\/blockquote>\n<ul>\n<li><strong>Diff\u00e9rents th\u00e8mes, diff\u00e9rentes mati\u00e8res sont propos\u00e9es.<\/strong><\/li>\n<li><strong>Ouvrir le regard, stimuler l\u2019imagination, permettre une large et libre exploration de la cr\u00e9ation en volume, telles sont mes intentions.<\/strong><\/li>\n<\/ul>\n<p>Aucun savoir-faire n\u2019est n\u00e9cessaire a priori, l\u2019important est d\u2019\u00eatre curieux, d\u2019oser et de prendre du plaisir.<\/p>\n<p>Si l\u2019impression de ne pas savoir, de ne pas pouvoir est r\u00e9elle au d\u00e9but, cette appr\u00e9hension est vite remplac\u00e9e par le plaisir tactile du fa\u00e7onnage et la surprise de ce que chacun peut r\u00e9aliser.<\/p>\n<p>D\u00e9roulement des s\u00e9ances&nbsp;:<\/p>\n<p>Je pr\u00e9sente en d\u00e9but d\u2019ann\u00e9e une grille de recherche compos\u00e9e de deux axes&nbsp;:<\/p>\n<ul>\n<li>Etude&nbsp;: Reproduire ce que l\u2019on voit, observer une forme et la traduire en terre au plus pr\u00e8s de sa r\u00e9alit\u00e9<\/li>\n<li>Expression&nbsp;: Illustrer une id\u00e9e, inventer un sujet libre \u00e0 partir d\u2019un pr\u00e9texte donn\u00e9.<\/li>\n<\/ul>\n<p>Les th\u00e8mes propos\u00e9s ont essentiellement valeur de d\u00e9clencheur d\u2019id\u00e9es.<\/p>\n<p>A partir de l\u00e0, chacun les interpr\u00e8te au fil de ses envies pour cheminer vers une cr\u00e9ation personnelle.<\/p>\n<p>Et bien s\u00fbr, vos propres inspirations sont les bienvenues&nbsp;!<\/p>\n<p>Je vous accompagne en pr\u00e9sentant diff\u00e9rentes sculptures, en stimulant vos r\u00e9alisations et \u00e0 travers des notions techniques li\u00e9es aux mat\u00e9riaux.<\/p>\n<p>La terre est la principale mati\u00e8re. La pierre, le pl\u00e2tre, le fil de fer, papier ou autres peuvent \u00e9galement \u00eatre utilis\u00e9s.<\/p>\n<p>Cet atelier se veut \u00eatre un espace de libert\u00e9, o\u00f9 j\u2019esp\u00e8re \u00e9changer une passion qui est mienne, la sculpture.<\/p>\n<p>Catherine JOUAN<\/p>\n<p>&nbsp;<\/p>\n<p><strong>N.B.<\/strong> &#8211; <em>Pour les horaires et les tarifs, consulter la plaquette des activit\u00e9s en ligne sur le site de l&rsquo;ARBR<\/em><\/p>\n<p><strong><span style=\"color: #ff00ff; font-size: 14pt;\">* Retour sur L&rsquo;exposition Terre 2024 \u00e0 l&rsquo;Atelier des cr\u00e9ateurs de la Gobini\u00e8re : <\/span><\/strong><\/p>\n<p><strong><span style=\"color: #ff00ff; font-size: 14pt;\"><a href=\"https:\/\/arbr.fr\/wordpress\/wp-content\/uploads\/2024\/03\/ARBR-CATALOGUE-EXPO-.pdf\">ARBR &#8211; CATALOGUE EXPO<\/a><br \/>\n<\/span><\/strong><\/p>\n<p><img loading=\"lazy\" decoding=\"async\" class=\"alignnone wp-image-5545\" src=\"https:\/\/arbr.fr\/wordpress\/wp-content\/uploads\/2024\/02\/affiche-3-Expression-Terre-576x1024.png\" alt=\"\" width=\"373\" height=\"663\" srcset=\"https:\/\/arbr.fr\/wordpress\/wp-content\/uploads\/2024\/02\/affiche-3-Expression-Terre-576x1024.png 576w, https:\/\/arbr.fr\/wordpress\/wp-content\/uploads\/2024\/02\/affiche-3-Expression-Terre-169x300.png 169w, https:\/\/arbr.fr\/wordpress\/wp-content\/uploads\/2024\/02\/affiche-3-Expression-Terre.png 750w\" sizes=\"(max-width: 373px) 100vw, 373px\" \/>&nbsp; <img loading=\"lazy\" decoding=\"async\" class=\"alignnone wp-image-5587\" src=\"https:\/\/arbr.fr\/wordpress\/wp-content\/uploads\/2024\/02\/2024-02-press-ocean.jpg\" alt=\"\" width=\"494\" height=\"613\" srcset=\"https:\/\/arbr.fr\/wordpress\/wp-content\/uploads\/2024\/02\/2024-02-press-ocean.jpg 545w, https:\/\/arbr.fr\/wordpress\/wp-content\/uploads\/2024\/02\/2024-02-press-ocean-242x300.jpg 242w\" sizes=\"(max-width: 494px) 100vw, 494px\" \/><\/p>\n<p><img loading=\"lazy\" decoding=\"async\" class=\"alignnone wp-image-5595\" src=\"https:\/\/arbr.fr\/wordpress\/wp-content\/uploads\/2024\/02\/IMG_3380-1024x768.jpg\" alt=\"\" width=\"454\" height=\"340\" srcset=\"https:\/\/arbr.fr\/wordpress\/wp-content\/uploads\/2024\/02\/IMG_3380-1024x768.jpg 1024w, https:\/\/arbr.fr\/wordpress\/wp-content\/uploads\/2024\/02\/IMG_3380-300x225.jpg 300w, https:\/\/arbr.fr\/wordpress\/wp-content\/uploads\/2024\/02\/IMG_3380-768x576.jpg 768w, https:\/\/arbr.fr\/wordpress\/wp-content\/uploads\/2024\/02\/IMG_3380-1536x1152.jpg 1536w, https:\/\/arbr.fr\/wordpress\/wp-content\/uploads\/2024\/02\/IMG_3380.jpg 2016w\" sizes=\"(max-width: 454px) 100vw, 454px\" \/>&nbsp; <img loading=\"lazy\" decoding=\"async\" class=\"alignnone wp-image-5599\" src=\"https:\/\/arbr.fr\/wordpress\/wp-content\/uploads\/2024\/02\/20240218_180210-704x1024.jpg\" alt=\"\" width=\"150\" height=\"218\" srcset=\"https:\/\/arbr.fr\/wordpress\/wp-content\/uploads\/2024\/02\/20240218_180210-704x1024.jpg 704w, https:\/\/arbr.fr\/wordpress\/wp-content\/uploads\/2024\/02\/20240218_180210-206x300.jpg 206w, https:\/\/arbr.fr\/wordpress\/wp-content\/uploads\/2024\/02\/20240218_180210-768x1117.jpg 768w, https:\/\/arbr.fr\/wordpress\/wp-content\/uploads\/2024\/02\/20240218_180210-1056x1536.jpg 1056w, https:\/\/arbr.fr\/wordpress\/wp-content\/uploads\/2024\/02\/20240218_180210-1408x2048.jpg 1408w, https:\/\/arbr.fr\/wordpress\/wp-content\/uploads\/2024\/02\/20240218_180210-scaled.jpg 1760w\" sizes=\"(max-width: 150px) 100vw, 150px\" \/> Portrait de Catherine JOUAN<\/p>\n<p><strong>* Le petit mot de l&rsquo;expo :<\/strong><\/p>\n<p><em>\u00ab\u00a0Super belle expo! Tr\u00e8s heureuse de faire partie de ce \u00bbcercle de po\u00e8tes-sculpteurs inspir\u00e9s \u00bb <\/em><\/p>\n<p><em>et un grand MERCI \u00e0 notre ch\u00e8re professeur Catherine qui a su tirer le meilleur de chacun de nous!!<\/em><\/p>\n<p><em>otti\u00a0\u00bb<\/em><\/p>\n","protected":false},"excerpt":{"rendered":"<p>Contact :&nbsp; B\u00e9atrice CAM\u00c9LIO &#8211; beatrice.camelio@wanadoo.fr Intervenant Sculpteur de Septembre \u00e0 Mars 2024 :&nbsp; Catherine JOUAN &#8211; catherine.jouan@gmail.com &#8211; 06 42 43 33 53 Cours :&nbsp; les Mardi et Jeudi. DESCRIPTION DE L&rsquo;ACTIVIT\u00c9 :&#46;&#46;&#46;<\/p>\n","protected":false},"author":1,"featured_media":0,"parent":0,"menu_order":0,"comment_status":"closed","ping_status":"closed","template":"","meta":{"ngg_post_thumbnail":0,"footnotes":""},"class_list":["post-273","page","type-page","status-publish","hentry"],"yoast_head":"<!-- This site is optimized with the Yoast SEO plugin v24.1 - https:\/\/yoast.com\/wordpress\/plugins\/seo\/ -->\n<title>Terre et Volume - ARBR<\/title>\n<meta name=\"robots\" content=\"index, follow, max-snippet:-1, max-image-preview:large, max-video-preview:-1\" \/>\n<link rel=\"canonical\" href=\"https:\/\/arbr.fr\/wordpress\/terre-et-volume\/\" \/>\n<meta property=\"og:locale\" content=\"fr_FR\" \/>\n<meta property=\"og:type\" content=\"article\" \/>\n<meta property=\"og:title\" content=\"Terre et Volume - ARBR\" \/>\n<meta property=\"og:description\" content=\"Contact :&nbsp; B\u00e9atrice CAM\u00c9LIO &#8211; beatrice.camelio@wanadoo.fr Intervenant Sculpteur de Septembre \u00e0 Mars 2024 :&nbsp; Catherine JOUAN &#8211; catherine.jouan@gmail.com &#8211; 06 42 43 33 53 Cours :&nbsp; les Mardi et Jeudi. DESCRIPTION DE L&rsquo;ACTIVIT\u00c9 :&#046;&#046;&#046;\" \/>\n<meta property=\"og:url\" content=\"https:\/\/arbr.fr\/wordpress\/terre-et-volume\/\" \/>\n<meta property=\"og:site_name\" content=\"ARBR\" \/>\n<meta property=\"article:modified_time\" content=\"2025-06-25T06:56:53+00:00\" \/>\n<meta property=\"og:image\" content=\"https:\/\/arbr.fr\/wordpress\/wp-content\/uploads\/2023\/09\/20221026_101412-scaled.jpg\" \/>\n\t<meta property=\"og:image:width\" content=\"1920\" \/>\n\t<meta property=\"og:image:height\" content=\"2560\" \/>\n\t<meta property=\"og:image:type\" content=\"image\/jpeg\" \/>\n<meta name=\"twitter:card\" content=\"summary_large_image\" \/>\n<meta name=\"twitter:label1\" content=\"Dur\u00e9e de lecture estim\u00e9e\" \/>\n\t<meta name=\"twitter:data1\" content=\"5 minutes\" \/>\n<script type=\"application\/ld+json\" class=\"yoast-schema-graph\">{\"@context\":\"https:\/\/schema.org\",\"@graph\":[{\"@type\":\"WebPage\",\"@id\":\"https:\/\/arbr.fr\/wordpress\/terre-et-volume\/\",\"url\":\"https:\/\/arbr.fr\/wordpress\/terre-et-volume\/\",\"name\":\"Terre et Volume - ARBR\",\"isPartOf\":{\"@id\":\"https:\/\/arbr.fr\/wordpress\/#website\"},\"primaryImageOfPage\":{\"@id\":\"https:\/\/arbr.fr\/wordpress\/terre-et-volume\/#primaryimage\"},\"image\":{\"@id\":\"https:\/\/arbr.fr\/wordpress\/terre-et-volume\/#primaryimage\"},\"thumbnailUrl\":\"https:\/\/arbr.fr\/wordpress\/wp-content\/uploads\/2023\/09\/20221026_101412-scaled.jpg\",\"datePublished\":\"2017-03-24T15:20:09+00:00\",\"dateModified\":\"2025-06-25T06:56:53+00:00\",\"breadcrumb\":{\"@id\":\"https:\/\/arbr.fr\/wordpress\/terre-et-volume\/#breadcrumb\"},\"inLanguage\":\"fr-FR\",\"potentialAction\":[{\"@type\":\"ReadAction\",\"target\":[\"https:\/\/arbr.fr\/wordpress\/terre-et-volume\/\"]}]},{\"@type\":\"ImageObject\",\"inLanguage\":\"fr-FR\",\"@id\":\"https:\/\/arbr.fr\/wordpress\/terre-et-volume\/#primaryimage\",\"url\":\"https:\/\/arbr.fr\/wordpress\/wp-content\/uploads\/2023\/09\/20221026_101412-scaled.jpg\",\"contentUrl\":\"https:\/\/arbr.fr\/wordpress\/wp-content\/uploads\/2023\/09\/20221026_101412-scaled.jpg\",\"width\":1920,\"height\":2560},{\"@type\":\"BreadcrumbList\",\"@id\":\"https:\/\/arbr.fr\/wordpress\/terre-et-volume\/#breadcrumb\",\"itemListElement\":[{\"@type\":\"ListItem\",\"position\":1,\"name\":\"Accueil\",\"item\":\"https:\/\/arbr.fr\/wordpress\/\"},{\"@type\":\"ListItem\",\"position\":2,\"name\":\"Terre et Volume\"}]},{\"@type\":\"WebSite\",\"@id\":\"https:\/\/arbr.fr\/wordpress\/#website\",\"url\":\"https:\/\/arbr.fr\/wordpress\/\",\"name\":\"ARBR\",\"description\":\"Association des r\u00e9sidents du Bois Raguenet\",\"publisher\":{\"@id\":\"https:\/\/arbr.fr\/wordpress\/#organization\"},\"potentialAction\":[{\"@type\":\"SearchAction\",\"target\":{\"@type\":\"EntryPoint\",\"urlTemplate\":\"https:\/\/arbr.fr\/wordpress\/?s={search_term_string}\"},\"query-input\":{\"@type\":\"PropertyValueSpecification\",\"valueRequired\":true,\"valueName\":\"search_term_string\"}}],\"inLanguage\":\"fr-FR\"},{\"@type\":\"Organization\",\"@id\":\"https:\/\/arbr.fr\/wordpress\/#organization\",\"name\":\"ARBR\",\"url\":\"https:\/\/arbr.fr\/wordpress\/\",\"logo\":{\"@type\":\"ImageObject\",\"inLanguage\":\"fr-FR\",\"@id\":\"https:\/\/arbr.fr\/wordpress\/#\/schema\/logo\/image\/\",\"url\":\"https:\/\/arbr.fr\/wordpress\/wp-content\/uploads\/2017\/03\/0.png\",\"contentUrl\":\"https:\/\/arbr.fr\/wordpress\/wp-content\/uploads\/2017\/03\/0.png\",\"width\":650,\"height\":283,\"caption\":\"ARBR\"},\"image\":{\"@id\":\"https:\/\/arbr.fr\/wordpress\/#\/schema\/logo\/image\/\"}}]}<\/script>\n<!-- \/ Yoast SEO plugin. -->","yoast_head_json":{"title":"Terre et Volume - ARBR","robots":{"index":"index","follow":"follow","max-snippet":"max-snippet:-1","max-image-preview":"max-image-preview:large","max-video-preview":"max-video-preview:-1"},"canonical":"https:\/\/arbr.fr\/wordpress\/terre-et-volume\/","og_locale":"fr_FR","og_type":"article","og_title":"Terre et Volume - ARBR","og_description":"Contact :&nbsp; B\u00e9atrice CAM\u00c9LIO &#8211; beatrice.camelio@wanadoo.fr Intervenant Sculpteur de Septembre \u00e0 Mars 2024 :&nbsp; Catherine JOUAN &#8211; catherine.jouan@gmail.com &#8211; 06 42 43 33 53 Cours :&nbsp; les Mardi et Jeudi. DESCRIPTION DE L&rsquo;ACTIVIT\u00c9 :&#46;&#46;&#46;","og_url":"https:\/\/arbr.fr\/wordpress\/terre-et-volume\/","og_site_name":"ARBR","article_modified_time":"2025-06-25T06:56:53+00:00","og_image":[{"width":1920,"height":2560,"url":"https:\/\/arbr.fr\/wordpress\/wp-content\/uploads\/2023\/09\/20221026_101412-scaled.jpg","type":"image\/jpeg"}],"twitter_card":"summary_large_image","twitter_misc":{"Dur\u00e9e de lecture estim\u00e9e":"5 minutes"},"schema":{"@context":"https:\/\/schema.org","@graph":[{"@type":"WebPage","@id":"https:\/\/arbr.fr\/wordpress\/terre-et-volume\/","url":"https:\/\/arbr.fr\/wordpress\/terre-et-volume\/","name":"Terre et Volume - ARBR","isPartOf":{"@id":"https:\/\/arbr.fr\/wordpress\/#website"},"primaryImageOfPage":{"@id":"https:\/\/arbr.fr\/wordpress\/terre-et-volume\/#primaryimage"},"image":{"@id":"https:\/\/arbr.fr\/wordpress\/terre-et-volume\/#primaryimage"},"thumbnailUrl":"https:\/\/arbr.fr\/wordpress\/wp-content\/uploads\/2023\/09\/20221026_101412-scaled.jpg","datePublished":"2017-03-24T15:20:09+00:00","dateModified":"2025-06-25T06:56:53+00:00","breadcrumb":{"@id":"https:\/\/arbr.fr\/wordpress\/terre-et-volume\/#breadcrumb"},"inLanguage":"fr-FR","potentialAction":[{"@type":"ReadAction","target":["https:\/\/arbr.fr\/wordpress\/terre-et-volume\/"]}]},{"@type":"ImageObject","inLanguage":"fr-FR","@id":"https:\/\/arbr.fr\/wordpress\/terre-et-volume\/#primaryimage","url":"https:\/\/arbr.fr\/wordpress\/wp-content\/uploads\/2023\/09\/20221026_101412-scaled.jpg","contentUrl":"https:\/\/arbr.fr\/wordpress\/wp-content\/uploads\/2023\/09\/20221026_101412-scaled.jpg","width":1920,"height":2560},{"@type":"BreadcrumbList","@id":"https:\/\/arbr.fr\/wordpress\/terre-et-volume\/#breadcrumb","itemListElement":[{"@type":"ListItem","position":1,"name":"Accueil","item":"https:\/\/arbr.fr\/wordpress\/"},{"@type":"ListItem","position":2,"name":"Terre et Volume"}]},{"@type":"WebSite","@id":"https:\/\/arbr.fr\/wordpress\/#website","url":"https:\/\/arbr.fr\/wordpress\/","name":"ARBR","description":"Association des r\u00e9sidents du Bois Raguenet","publisher":{"@id":"https:\/\/arbr.fr\/wordpress\/#organization"},"potentialAction":[{"@type":"SearchAction","target":{"@type":"EntryPoint","urlTemplate":"https:\/\/arbr.fr\/wordpress\/?s={search_term_string}"},"query-input":{"@type":"PropertyValueSpecification","valueRequired":true,"valueName":"search_term_string"}}],"inLanguage":"fr-FR"},{"@type":"Organization","@id":"https:\/\/arbr.fr\/wordpress\/#organization","name":"ARBR","url":"https:\/\/arbr.fr\/wordpress\/","logo":{"@type":"ImageObject","inLanguage":"fr-FR","@id":"https:\/\/arbr.fr\/wordpress\/#\/schema\/logo\/image\/","url":"https:\/\/arbr.fr\/wordpress\/wp-content\/uploads\/2017\/03\/0.png","contentUrl":"https:\/\/arbr.fr\/wordpress\/wp-content\/uploads\/2017\/03\/0.png","width":650,"height":283,"caption":"ARBR"},"image":{"@id":"https:\/\/arbr.fr\/wordpress\/#\/schema\/logo\/image\/"}}]}},"_links":{"self":[{"href":"https:\/\/arbr.fr\/wordpress\/wp-json\/wp\/v2\/pages\/273"}],"collection":[{"href":"https:\/\/arbr.fr\/wordpress\/wp-json\/wp\/v2\/pages"}],"about":[{"href":"https:\/\/arbr.fr\/wordpress\/wp-json\/wp\/v2\/types\/page"}],"author":[{"embeddable":true,"href":"https:\/\/arbr.fr\/wordpress\/wp-json\/wp\/v2\/users\/1"}],"replies":[{"embeddable":true,"href":"https:\/\/arbr.fr\/wordpress\/wp-json\/wp\/v2\/comments?post=273"}],"version-history":[{"count":34,"href":"https:\/\/arbr.fr\/wordpress\/wp-json\/wp\/v2\/pages\/273\/revisions"}],"predecessor-version":[{"id":7905,"href":"https:\/\/arbr.fr\/wordpress\/wp-json\/wp\/v2\/pages\/273\/revisions\/7905"}],"wp:attachment":[{"href":"https:\/\/arbr.fr\/wordpress\/wp-json\/wp\/v2\/media?parent=273"}],"curies":[{"name":"wp","href":"https:\/\/api.w.org\/{rel}","templated":true}]}}