{"id":262,"date":"2017-03-24T16:14:22","date_gmt":"2017-03-24T15:14:22","guid":{"rendered":"http:\/\/arbr.fr\/wordpress\/?page_id=262"},"modified":"2025-12-03T12:31:05","modified_gmt":"2025-12-03T11:31:05","slug":"piano","status":"publish","type":"page","link":"https:\/\/arbr.fr\/wordpress\/piano\/","title":{"rendered":"Piano"},"content":{"rendered":"<p><strong>Contact :&nbsp; <\/strong>C\u00e9cile BRENIER &#8211; 06 62 11 71 65 &#8211; <a href=\"mailto:cecile.lescaudron@free.fr\">cecile.lescaudron@free.fr<\/a><\/p>\n<p><strong>Professeur-Intervenante&nbsp; :&nbsp; <\/strong>Floriane TAINTURIER &#8211; <a href=\"mailto:floriane.tainturier@hotmail.fr\">floriane.tainturier@hotmail.fr<\/a><\/p>\n<p>&nbsp; &nbsp; &nbsp;&nbsp;<img loading=\"lazy\" decoding=\"async\" class=\"alignnone wp-image-8332\" src=\"https:\/\/arbr.fr\/wordpress\/wp-content\/uploads\/2025\/12\/Prof-piano.jpg\" alt=\"\" width=\"271\" height=\"284\" srcset=\"https:\/\/arbr.fr\/wordpress\/wp-content\/uploads\/2025\/12\/Prof-piano.jpg 357w, https:\/\/arbr.fr\/wordpress\/wp-content\/uploads\/2025\/12\/Prof-piano-286x300.jpg 286w\" sizes=\"(max-width: 271px) 100vw, 271px\" \/>&nbsp; &nbsp;<img loading=\"lazy\" decoding=\"async\" class=\"alignnone wp-image-4762\" src=\"https:\/\/arbr.fr\/wordpress\/wp-content\/uploads\/2023\/09\/PIANO-4-scaled.jpg\" alt=\"\" width=\"250\" height=\"187\" srcset=\"https:\/\/arbr.fr\/wordpress\/wp-content\/uploads\/2023\/09\/PIANO-4-scaled.jpg 2560w, https:\/\/arbr.fr\/wordpress\/wp-content\/uploads\/2023\/09\/PIANO-4-300x225.jpg 300w, https:\/\/arbr.fr\/wordpress\/wp-content\/uploads\/2023\/09\/PIANO-4-1024x768.jpg 1024w, https:\/\/arbr.fr\/wordpress\/wp-content\/uploads\/2023\/09\/PIANO-4-768x576.jpg 768w, https:\/\/arbr.fr\/wordpress\/wp-content\/uploads\/2023\/09\/PIANO-4-1536x1152.jpg 1536w, https:\/\/arbr.fr\/wordpress\/wp-content\/uploads\/2023\/09\/PIANO-4-2048x1536.jpg 2048w\" sizes=\"(max-width: 250px) 100vw, 250px\" \/>&nbsp; &nbsp;<img loading=\"lazy\" decoding=\"async\" class=\"alignnone wp-image-4761\" src=\"https:\/\/arbr.fr\/wordpress\/wp-content\/uploads\/2023\/09\/PIANO-2-scaled.jpg\" alt=\"\" width=\"235\" height=\"314\" srcset=\"https:\/\/arbr.fr\/wordpress\/wp-content\/uploads\/2023\/09\/PIANO-2-scaled.jpg 1920w, https:\/\/arbr.fr\/wordpress\/wp-content\/uploads\/2023\/09\/PIANO-2-225x300.jpg 225w, https:\/\/arbr.fr\/wordpress\/wp-content\/uploads\/2023\/09\/PIANO-2-768x1024.jpg 768w, https:\/\/arbr.fr\/wordpress\/wp-content\/uploads\/2023\/09\/PIANO-2-1152x1536.jpg 1152w, https:\/\/arbr.fr\/wordpress\/wp-content\/uploads\/2023\/09\/PIANO-2-1536x2048.jpg 1536w\" sizes=\"(max-width: 235px) 100vw, 235px\" \/><\/p>\n<blockquote><p>Lorsque L&rsquo;ARBR a d\u00e9cid\u00e9 de r\u00e9ouvrir sa classe piano en septembre 2010, j&rsquo;ai eu l&rsquo;opportunit\u00e9 de rejoindre l&rsquo;association pour y proposer des cours accessibles \u00e0 tous.<\/p>\n<p>Enfants et adultes peuvent s&rsquo;initier \u00e0 cet instrument merveilleux m\u00eame s&rsquo;ils ne connaissent pas le solf\u00e8ge, car&nbsp;j&rsquo;utilise une m\u00e9thode progressive alliant d\u00e9couverte des notes et du rythme et pratique imm\u00e9diate de l&rsquo;instrument.<\/p>\n<p>Les plus exp\u00e9riment\u00e9s pourront se perfectionner sur des airs classiques et modernes, car j&rsquo;aime explorer des styles&nbsp;vari\u00e9s.<\/p>\n<p>Les cours sont individuels pour s&rsquo;adapter au rythme de chacun.<\/p>\n<p>Une audition annuelle en juin cl\u00f4ture chaque saison.<\/p>\n<p>Floriane TAINTURIER<\/p><\/blockquote>\n<p>&nbsp;<\/p>\n<p><strong>N.B.<\/strong> &#8211; <em>Pour les horaires et les tarifs, consulter la plaquette des activit\u00e9s en ligne sur le site de l&rsquo;ARBR<\/em><\/p>\n<p><strong>Horaires <\/strong>(cours de trente minutes) :<\/p>\n<p>Lundi : 16h30-20h30 &#8211; Mardi : 16h30-20h30 &#8211; Jeudi : 16h30-20h30 &#8211; Samedi : 9h00-12h30<\/p>\n<p><span style=\"color: #800080; font-size: 14pt;\"><strong>Concert de fin d&rsquo;ann\u00e9e 2024-2025 :&nbsp;<\/strong><\/span><\/p>\n<p><img loading=\"lazy\" decoding=\"async\" class=\"alignnone  wp-image-8335\" src=\"https:\/\/arbr.fr\/wordpress\/wp-content\/uploads\/2025\/12\/IMG_20250701_203610-1024x576.jpg\" alt=\"\" width=\"358\" height=\"201\" srcset=\"https:\/\/arbr.fr\/wordpress\/wp-content\/uploads\/2025\/12\/IMG_20250701_203610-1024x576.jpg 1024w, https:\/\/arbr.fr\/wordpress\/wp-content\/uploads\/2025\/12\/IMG_20250701_203610-300x169.jpg 300w, https:\/\/arbr.fr\/wordpress\/wp-content\/uploads\/2025\/12\/IMG_20250701_203610-768x432.jpg 768w, https:\/\/arbr.fr\/wordpress\/wp-content\/uploads\/2025\/12\/IMG_20250701_203610-1536x864.jpg 1536w, https:\/\/arbr.fr\/wordpress\/wp-content\/uploads\/2025\/12\/IMG_20250701_203610-2048x1152.jpg 2048w\" sizes=\"(max-width: 358px) 100vw, 358px\" \/> &nbsp;<img loading=\"lazy\" decoding=\"async\" class=\" wp-image-8334\" src=\"https:\/\/arbr.fr\/wordpress\/wp-content\/uploads\/2025\/12\/IMG_20250701_191103-1024x768.jpg\" alt=\"\" width=\"329\" height=\"247\" srcset=\"https:\/\/arbr.fr\/wordpress\/wp-content\/uploads\/2025\/12\/IMG_20250701_191103-1024x768.jpg 1024w, https:\/\/arbr.fr\/wordpress\/wp-content\/uploads\/2025\/12\/IMG_20250701_191103-300x225.jpg 300w, https:\/\/arbr.fr\/wordpress\/wp-content\/uploads\/2025\/12\/IMG_20250701_191103-768x576.jpg 768w, https:\/\/arbr.fr\/wordpress\/wp-content\/uploads\/2025\/12\/IMG_20250701_191103-1536x1152.jpg 1536w, https:\/\/arbr.fr\/wordpress\/wp-content\/uploads\/2025\/12\/IMG_20250701_191103-2048x1536.jpg 2048w\" sizes=\"(max-width: 329px) 100vw, 329px\" \/> <img loading=\"lazy\" decoding=\"async\" class=\"alignnone  wp-image-8336\" src=\"https:\/\/arbr.fr\/wordpress\/wp-content\/uploads\/2025\/12\/IMG_20250701_205514-1024x576.jpg\" alt=\"\" width=\"409\" height=\"230\" srcset=\"https:\/\/arbr.fr\/wordpress\/wp-content\/uploads\/2025\/12\/IMG_20250701_205514-1024x576.jpg 1024w, https:\/\/arbr.fr\/wordpress\/wp-content\/uploads\/2025\/12\/IMG_20250701_205514-300x169.jpg 300w, https:\/\/arbr.fr\/wordpress\/wp-content\/uploads\/2025\/12\/IMG_20250701_205514-768x432.jpg 768w, https:\/\/arbr.fr\/wordpress\/wp-content\/uploads\/2025\/12\/IMG_20250701_205514-1536x864.jpg 1536w, https:\/\/arbr.fr\/wordpress\/wp-content\/uploads\/2025\/12\/IMG_20250701_205514-2048x1152.jpg 2048w\" sizes=\"(max-width: 409px) 100vw, 409px\" \/><\/p>\n<p>smart<\/p>\n","protected":false},"excerpt":{"rendered":"<p>Contact :&nbsp; C\u00e9cile BRENIER &#8211; 06 62 11 71 65 &#8211; cecile.lescaudron@free.fr Professeur-Intervenante&nbsp; :&nbsp; Floriane TAINTURIER &#8211; floriane.tainturier@hotmail.fr &nbsp; &nbsp; &nbsp;&nbsp;&nbsp; &nbsp;&nbsp; &nbsp; Lorsque L&rsquo;ARBR a d\u00e9cid\u00e9 de r\u00e9ouvrir sa classe piano en septembre&#46;&#46;&#46;<\/p>\n","protected":false},"author":1,"featured_media":0,"parent":0,"menu_order":0,"comment_status":"closed","ping_status":"closed","template":"","meta":{"ngg_post_thumbnail":0,"footnotes":""},"class_list":["post-262","page","type-page","status-publish","hentry"],"yoast_head":"<!-- This site is optimized with the Yoast SEO plugin v24.1 - https:\/\/yoast.com\/wordpress\/plugins\/seo\/ -->\n<title>Piano - ARBR<\/title>\n<meta name=\"robots\" content=\"index, follow, max-snippet:-1, max-image-preview:large, max-video-preview:-1\" \/>\n<link rel=\"canonical\" href=\"https:\/\/arbr.fr\/wordpress\/piano\/\" \/>\n<meta property=\"og:locale\" content=\"fr_FR\" \/>\n<meta property=\"og:type\" content=\"article\" \/>\n<meta property=\"og:title\" content=\"Piano - ARBR\" \/>\n<meta property=\"og:description\" content=\"Contact :&nbsp; C\u00e9cile BRENIER &#8211; 06 62 11 71 65 &#8211; cecile.lescaudron@free.fr Professeur-Intervenante&nbsp; :&nbsp; Floriane TAINTURIER &#8211; floriane.tainturier@hotmail.fr &nbsp; &nbsp; &nbsp;&nbsp;&nbsp; &nbsp;&nbsp; &nbsp; Lorsque L&rsquo;ARBR a d\u00e9cid\u00e9 de r\u00e9ouvrir sa classe piano en septembre&#046;&#046;&#046;\" \/>\n<meta property=\"og:url\" content=\"https:\/\/arbr.fr\/wordpress\/piano\/\" \/>\n<meta property=\"og:site_name\" content=\"ARBR\" \/>\n<meta property=\"article:modified_time\" content=\"2025-12-03T11:31:05+00:00\" \/>\n<meta property=\"og:image\" content=\"https:\/\/arbr.fr\/wordpress\/wp-content\/uploads\/2025\/12\/Prof-piano.jpg\" \/>\n\t<meta property=\"og:image:width\" content=\"357\" \/>\n\t<meta property=\"og:image:height\" content=\"374\" \/>\n\t<meta property=\"og:image:type\" content=\"image\/jpeg\" \/>\n<meta name=\"twitter:card\" content=\"summary_large_image\" \/>\n<meta name=\"twitter:label1\" content=\"Dur\u00e9e de lecture estim\u00e9e\" \/>\n\t<meta name=\"twitter:data1\" content=\"2 minutes\" \/>\n<script type=\"application\/ld+json\" class=\"yoast-schema-graph\">{\"@context\":\"https:\/\/schema.org\",\"@graph\":[{\"@type\":\"WebPage\",\"@id\":\"https:\/\/arbr.fr\/wordpress\/piano\/\",\"url\":\"https:\/\/arbr.fr\/wordpress\/piano\/\",\"name\":\"Piano - ARBR\",\"isPartOf\":{\"@id\":\"https:\/\/arbr.fr\/wordpress\/#website\"},\"primaryImageOfPage\":{\"@id\":\"https:\/\/arbr.fr\/wordpress\/piano\/#primaryimage\"},\"image\":{\"@id\":\"https:\/\/arbr.fr\/wordpress\/piano\/#primaryimage\"},\"thumbnailUrl\":\"https:\/\/arbr.fr\/wordpress\/wp-content\/uploads\/2025\/12\/Prof-piano.jpg\",\"datePublished\":\"2017-03-24T15:14:22+00:00\",\"dateModified\":\"2025-12-03T11:31:05+00:00\",\"breadcrumb\":{\"@id\":\"https:\/\/arbr.fr\/wordpress\/piano\/#breadcrumb\"},\"inLanguage\":\"fr-FR\",\"potentialAction\":[{\"@type\":\"ReadAction\",\"target\":[\"https:\/\/arbr.fr\/wordpress\/piano\/\"]}]},{\"@type\":\"ImageObject\",\"inLanguage\":\"fr-FR\",\"@id\":\"https:\/\/arbr.fr\/wordpress\/piano\/#primaryimage\",\"url\":\"https:\/\/arbr.fr\/wordpress\/wp-content\/uploads\/2025\/12\/Prof-piano.jpg\",\"contentUrl\":\"https:\/\/arbr.fr\/wordpress\/wp-content\/uploads\/2025\/12\/Prof-piano.jpg\",\"width\":357,\"height\":374},{\"@type\":\"BreadcrumbList\",\"@id\":\"https:\/\/arbr.fr\/wordpress\/piano\/#breadcrumb\",\"itemListElement\":[{\"@type\":\"ListItem\",\"position\":1,\"name\":\"Accueil\",\"item\":\"https:\/\/arbr.fr\/wordpress\/\"},{\"@type\":\"ListItem\",\"position\":2,\"name\":\"Piano\"}]},{\"@type\":\"WebSite\",\"@id\":\"https:\/\/arbr.fr\/wordpress\/#website\",\"url\":\"https:\/\/arbr.fr\/wordpress\/\",\"name\":\"ARBR\",\"description\":\"Association des r\u00e9sidents du Bois Raguenet\",\"publisher\":{\"@id\":\"https:\/\/arbr.fr\/wordpress\/#organization\"},\"potentialAction\":[{\"@type\":\"SearchAction\",\"target\":{\"@type\":\"EntryPoint\",\"urlTemplate\":\"https:\/\/arbr.fr\/wordpress\/?s={search_term_string}\"},\"query-input\":{\"@type\":\"PropertyValueSpecification\",\"valueRequired\":true,\"valueName\":\"search_term_string\"}}],\"inLanguage\":\"fr-FR\"},{\"@type\":\"Organization\",\"@id\":\"https:\/\/arbr.fr\/wordpress\/#organization\",\"name\":\"ARBR\",\"url\":\"https:\/\/arbr.fr\/wordpress\/\",\"logo\":{\"@type\":\"ImageObject\",\"inLanguage\":\"fr-FR\",\"@id\":\"https:\/\/arbr.fr\/wordpress\/#\/schema\/logo\/image\/\",\"url\":\"https:\/\/arbr.fr\/wordpress\/wp-content\/uploads\/2017\/03\/0.png\",\"contentUrl\":\"https:\/\/arbr.fr\/wordpress\/wp-content\/uploads\/2017\/03\/0.png\",\"width\":650,\"height\":283,\"caption\":\"ARBR\"},\"image\":{\"@id\":\"https:\/\/arbr.fr\/wordpress\/#\/schema\/logo\/image\/\"}}]}<\/script>\n<!-- \/ Yoast SEO plugin. -->","yoast_head_json":{"title":"Piano - ARBR","robots":{"index":"index","follow":"follow","max-snippet":"max-snippet:-1","max-image-preview":"max-image-preview:large","max-video-preview":"max-video-preview:-1"},"canonical":"https:\/\/arbr.fr\/wordpress\/piano\/","og_locale":"fr_FR","og_type":"article","og_title":"Piano - ARBR","og_description":"Contact :&nbsp; C\u00e9cile BRENIER &#8211; 06 62 11 71 65 &#8211; cecile.lescaudron@free.fr Professeur-Intervenante&nbsp; :&nbsp; Floriane TAINTURIER &#8211; floriane.tainturier@hotmail.fr &nbsp; &nbsp; &nbsp;&nbsp;&nbsp; &nbsp;&nbsp; &nbsp; Lorsque L&rsquo;ARBR a d\u00e9cid\u00e9 de r\u00e9ouvrir sa classe piano en septembre&#46;&#46;&#46;","og_url":"https:\/\/arbr.fr\/wordpress\/piano\/","og_site_name":"ARBR","article_modified_time":"2025-12-03T11:31:05+00:00","og_image":[{"width":357,"height":374,"url":"https:\/\/arbr.fr\/wordpress\/wp-content\/uploads\/2025\/12\/Prof-piano.jpg","type":"image\/jpeg"}],"twitter_card":"summary_large_image","twitter_misc":{"Dur\u00e9e de lecture estim\u00e9e":"2 minutes"},"schema":{"@context":"https:\/\/schema.org","@graph":[{"@type":"WebPage","@id":"https:\/\/arbr.fr\/wordpress\/piano\/","url":"https:\/\/arbr.fr\/wordpress\/piano\/","name":"Piano - ARBR","isPartOf":{"@id":"https:\/\/arbr.fr\/wordpress\/#website"},"primaryImageOfPage":{"@id":"https:\/\/arbr.fr\/wordpress\/piano\/#primaryimage"},"image":{"@id":"https:\/\/arbr.fr\/wordpress\/piano\/#primaryimage"},"thumbnailUrl":"https:\/\/arbr.fr\/wordpress\/wp-content\/uploads\/2025\/12\/Prof-piano.jpg","datePublished":"2017-03-24T15:14:22+00:00","dateModified":"2025-12-03T11:31:05+00:00","breadcrumb":{"@id":"https:\/\/arbr.fr\/wordpress\/piano\/#breadcrumb"},"inLanguage":"fr-FR","potentialAction":[{"@type":"ReadAction","target":["https:\/\/arbr.fr\/wordpress\/piano\/"]}]},{"@type":"ImageObject","inLanguage":"fr-FR","@id":"https:\/\/arbr.fr\/wordpress\/piano\/#primaryimage","url":"https:\/\/arbr.fr\/wordpress\/wp-content\/uploads\/2025\/12\/Prof-piano.jpg","contentUrl":"https:\/\/arbr.fr\/wordpress\/wp-content\/uploads\/2025\/12\/Prof-piano.jpg","width":357,"height":374},{"@type":"BreadcrumbList","@id":"https:\/\/arbr.fr\/wordpress\/piano\/#breadcrumb","itemListElement":[{"@type":"ListItem","position":1,"name":"Accueil","item":"https:\/\/arbr.fr\/wordpress\/"},{"@type":"ListItem","position":2,"name":"Piano"}]},{"@type":"WebSite","@id":"https:\/\/arbr.fr\/wordpress\/#website","url":"https:\/\/arbr.fr\/wordpress\/","name":"ARBR","description":"Association des r\u00e9sidents du Bois Raguenet","publisher":{"@id":"https:\/\/arbr.fr\/wordpress\/#organization"},"potentialAction":[{"@type":"SearchAction","target":{"@type":"EntryPoint","urlTemplate":"https:\/\/arbr.fr\/wordpress\/?s={search_term_string}"},"query-input":{"@type":"PropertyValueSpecification","valueRequired":true,"valueName":"search_term_string"}}],"inLanguage":"fr-FR"},{"@type":"Organization","@id":"https:\/\/arbr.fr\/wordpress\/#organization","name":"ARBR","url":"https:\/\/arbr.fr\/wordpress\/","logo":{"@type":"ImageObject","inLanguage":"fr-FR","@id":"https:\/\/arbr.fr\/wordpress\/#\/schema\/logo\/image\/","url":"https:\/\/arbr.fr\/wordpress\/wp-content\/uploads\/2017\/03\/0.png","contentUrl":"https:\/\/arbr.fr\/wordpress\/wp-content\/uploads\/2017\/03\/0.png","width":650,"height":283,"caption":"ARBR"},"image":{"@id":"https:\/\/arbr.fr\/wordpress\/#\/schema\/logo\/image\/"}}]}},"_links":{"self":[{"href":"https:\/\/arbr.fr\/wordpress\/wp-json\/wp\/v2\/pages\/262"}],"collection":[{"href":"https:\/\/arbr.fr\/wordpress\/wp-json\/wp\/v2\/pages"}],"about":[{"href":"https:\/\/arbr.fr\/wordpress\/wp-json\/wp\/v2\/types\/page"}],"author":[{"embeddable":true,"href":"https:\/\/arbr.fr\/wordpress\/wp-json\/wp\/v2\/users\/1"}],"replies":[{"embeddable":true,"href":"https:\/\/arbr.fr\/wordpress\/wp-json\/wp\/v2\/comments?post=262"}],"version-history":[{"count":27,"href":"https:\/\/arbr.fr\/wordpress\/wp-json\/wp\/v2\/pages\/262\/revisions"}],"predecessor-version":[{"id":8337,"href":"https:\/\/arbr.fr\/wordpress\/wp-json\/wp\/v2\/pages\/262\/revisions\/8337"}],"wp:attachment":[{"href":"https:\/\/arbr.fr\/wordpress\/wp-json\/wp\/v2\/media?parent=262"}],"curies":[{"name":"wp","href":"https:\/\/api.w.org\/{rel}","templated":true}]}}