{"id":256,"date":"2017-03-24T16:13:27","date_gmt":"2017-03-24T15:13:27","guid":{"rendered":"http:\/\/arbr.fr\/wordpress\/?page_id=256"},"modified":"2026-04-01T10:21:02","modified_gmt":"2026-04-01T08:21:02","slug":"sophrologie","status":"publish","type":"page","link":"https:\/\/arbr.fr\/wordpress\/sophrologie\/","title":{"rendered":"Sophrologie Adultes"},"content":{"rendered":"<p><strong>Contact : Eric COSTA<\/strong> <strong>&#8211; <\/strong><a href=\"mailto:sophrologiearbr@hotmail.com\">sophrologiearbr@hotmail.com<\/a><\/p>\r\n<p><strong>Intervenante Sophrologue :&nbsp;&nbsp; <\/strong>Marie MROZ &#8211; 06 22 39 89 71 &#8211; <a href=\"mailto:mariemroz.sophro@gmail.com\">mariemroz.sophro@gmail.com<\/a><\/p>\r\n<p><img loading=\"lazy\" decoding=\"async\" class=\"alignnone  wp-image-7875\" src=\"https:\/\/arbr.fr\/wordpress\/wp-content\/uploads\/2025\/06\/Affiche-com-1-1024x1024.png\" alt=\"\" width=\"656\" height=\"656\" srcset=\"https:\/\/arbr.fr\/wordpress\/wp-content\/uploads\/2025\/06\/Affiche-com-1-1024x1024.png 1024w, https:\/\/arbr.fr\/wordpress\/wp-content\/uploads\/2025\/06\/Affiche-com-1-300x300.png 300w, https:\/\/arbr.fr\/wordpress\/wp-content\/uploads\/2025\/06\/Affiche-com-1-150x150.png 150w, https:\/\/arbr.fr\/wordpress\/wp-content\/uploads\/2025\/06\/Affiche-com-1-768x768.png 768w, https:\/\/arbr.fr\/wordpress\/wp-content\/uploads\/2025\/06\/Affiche-com-1-80x80.png 80w, https:\/\/arbr.fr\/wordpress\/wp-content\/uploads\/2025\/06\/Affiche-com-1-320x320.png 320w, https:\/\/arbr.fr\/wordpress\/wp-content\/uploads\/2025\/06\/Affiche-com-1.png 1080w\" sizes=\"(max-width: 656px) 100vw, 656px\" \/><\/p>\r\n<p>&nbsp;<\/p>\r\n<p>&nbsp;<img loading=\"lazy\" decoding=\"async\" class=\"alignnone wp-image-4677\" src=\"https:\/\/arbr.fr\/wordpress\/wp-content\/uploads\/2023\/08\/20230530_193205-scaled.jpg\" alt=\"\" width=\"272\" height=\"363\" srcset=\"https:\/\/arbr.fr\/wordpress\/wp-content\/uploads\/2023\/08\/20230530_193205-scaled.jpg 1920w, https:\/\/arbr.fr\/wordpress\/wp-content\/uploads\/2023\/08\/20230530_193205-225x300.jpg 225w, https:\/\/arbr.fr\/wordpress\/wp-content\/uploads\/2023\/08\/20230530_193205-768x1024.jpg 768w, https:\/\/arbr.fr\/wordpress\/wp-content\/uploads\/2023\/08\/20230530_193205-1152x1536.jpg 1152w, https:\/\/arbr.fr\/wordpress\/wp-content\/uploads\/2023\/08\/20230530_193205-1536x2048.jpg 1536w\" sizes=\"(max-width: 272px) 100vw, 272px\" \/> &nbsp;&nbsp;&nbsp;&nbsp;&nbsp;&nbsp;&nbsp;&nbsp; <img loading=\"lazy\" decoding=\"async\" class=\"alignnone wp-image-4613\" src=\"https:\/\/arbr.fr\/wordpress\/wp-content\/uploads\/2023\/07\/20230530_193144-scaled.jpg\" alt=\"\" width=\"484\" height=\"363\" srcset=\"https:\/\/arbr.fr\/wordpress\/wp-content\/uploads\/2023\/07\/20230530_193144-scaled.jpg 2560w, https:\/\/arbr.fr\/wordpress\/wp-content\/uploads\/2023\/07\/20230530_193144-300x225.jpg 300w, https:\/\/arbr.fr\/wordpress\/wp-content\/uploads\/2023\/07\/20230530_193144-1024x768.jpg 1024w, https:\/\/arbr.fr\/wordpress\/wp-content\/uploads\/2023\/07\/20230530_193144-768x576.jpg 768w, https:\/\/arbr.fr\/wordpress\/wp-content\/uploads\/2023\/07\/20230530_193144-1536x1152.jpg 1536w, https:\/\/arbr.fr\/wordpress\/wp-content\/uploads\/2023\/07\/20230530_193144-2048x1536.jpg 2048w\" sizes=\"(max-width: 484px) 100vw, 484px\" \/> &nbsp;&nbsp;&nbsp;&nbsp;&nbsp;&nbsp;&nbsp;&nbsp; <img loading=\"lazy\" decoding=\"async\" class=\"alignnone wp-image-4614\" src=\"https:\/\/arbr.fr\/wordpress\/wp-content\/uploads\/2023\/07\/20230530_193438-scaled.jpg\" alt=\"\" width=\"272\" height=\"363\" srcset=\"https:\/\/arbr.fr\/wordpress\/wp-content\/uploads\/2023\/07\/20230530_193438-scaled.jpg 1920w, https:\/\/arbr.fr\/wordpress\/wp-content\/uploads\/2023\/07\/20230530_193438-225x300.jpg 225w, https:\/\/arbr.fr\/wordpress\/wp-content\/uploads\/2023\/07\/20230530_193438-768x1024.jpg 768w, https:\/\/arbr.fr\/wordpress\/wp-content\/uploads\/2023\/07\/20230530_193438-1152x1536.jpg 1152w, https:\/\/arbr.fr\/wordpress\/wp-content\/uploads\/2023\/07\/20230530_193438-1536x2048.jpg 1536w\" sizes=\"(max-width: 272px) 100vw, 272px\" \/> &nbsp; &nbsp; &nbsp; &nbsp;&nbsp;&nbsp;<\/p>\r\n<p>Dipl\u00f4m\u00e9e de l&rsquo;Ecole Nantaise de Sophrologie Cayc\u00e9dienne<\/p>\r\n<blockquote>\r\n<p>La Sophrologie Cayc\u00e9dienne<br>Cette m\u00e9thode douce cr\u00e9\u00e9e en 1960 par le Professeur Cayc\u00e9do, accessible \u00e0 tous, s&rsquo;appuie sur des techniques et des exercices simples de respiration, de relaxation dynamique et d&rsquo;\u00e9coute corporelle pratiqu\u00e9s en pleine conscience et en toute autonomie. Sa pratique permet \u00e0 chacun (enfants, adolescents et adultes de tous \u00e2ges) de d\u00e9velopper ses capacit\u00e9s personnelles et d&rsquo;am\u00e9liorer son existence au quotidien.<\/p>\r\n<p><strong>Pratiquer la sophrologie pour :<\/strong><br>&#8211; D\u00e9couvrir s\u00e9r\u00e9nit\u00e9 et mieux-\u00eatre<br>&#8211; Renforcer les attitudes positives<br>&#8211; Optimiser ses capacit\u00e9s de fa\u00e7on autonome<br>&#8211; D\u00e9velopper une meilleure r\u00e9sistance au stress<br>&#8211; Combattre les troubles du sommeil, l&rsquo;anxi\u00e9t\u00e9, la d\u00e9pression<br>&#8211; Am\u00e9liorer ses relations familiales et de travail<br>&#8211; Aider ses enfants \u00e0 gagner en confiance, en concentration<br>&#8211; Gagner en performance pour les sportifs<\/p>\r\n<\/blockquote>\r\n<p>Pour tout renseignement, contacter Marie au 06 22 39 89 71<\/p>\r\n<p>Les cours ont lieu le MARDI.<\/p>\r\n<p><strong>N.B.<\/strong> &#8211; Pour les horaires et les tarifs, consulter la plaquette des activit\u00e9s en ligne sur le site de l&rsquo;ARBR<\/p>\r\n<p><img loading=\"lazy\" decoding=\"async\" class=\"alignnone  wp-image-8490\" src=\"https:\/\/arbr.fr\/wordpress\/wp-content\/uploads\/2025\/01\/20026-03-affiche-munz-sophro-724x1024.png\" alt=\"\" width=\"312\" height=\"441\" srcset=\"https:\/\/arbr.fr\/wordpress\/wp-content\/uploads\/2025\/01\/20026-03-affiche-munz-sophro-724x1024.png 724w, https:\/\/arbr.fr\/wordpress\/wp-content\/uploads\/2025\/01\/20026-03-affiche-munz-sophro-212x300.png 212w, https:\/\/arbr.fr\/wordpress\/wp-content\/uploads\/2025\/01\/20026-03-affiche-munz-sophro-768x1086.png 768w, https:\/\/arbr.fr\/wordpress\/wp-content\/uploads\/2025\/01\/20026-03-affiche-munz-sophro-1086x1536.png 1086w, https:\/\/arbr.fr\/wordpress\/wp-content\/uploads\/2025\/01\/20026-03-affiche-munz-sophro.png 1414w\" sizes=\"(max-width: 312px) 100vw, 312px\" \/>&nbsp; &nbsp; <img loading=\"lazy\" decoding=\"async\" class=\"alignnone  wp-image-8242\" src=\"https:\/\/arbr.fr\/wordpress\/wp-content\/uploads\/2025\/11\/Affiche-Atelier-sophro-munz-floor-arbr1-724x1024.jpg\" alt=\"\" width=\"312\" height=\"441\" srcset=\"https:\/\/arbr.fr\/wordpress\/wp-content\/uploads\/2025\/11\/Affiche-Atelier-sophro-munz-floor-arbr1-724x1024.jpg 724w, https:\/\/arbr.fr\/wordpress\/wp-content\/uploads\/2025\/11\/Affiche-Atelier-sophro-munz-floor-arbr1-212x300.jpg 212w, https:\/\/arbr.fr\/wordpress\/wp-content\/uploads\/2025\/11\/Affiche-Atelier-sophro-munz-floor-arbr1-768x1086.jpg 768w, https:\/\/arbr.fr\/wordpress\/wp-content\/uploads\/2025\/11\/Affiche-Atelier-sophro-munz-floor-arbr1-1086x1536.jpg 1086w, https:\/\/arbr.fr\/wordpress\/wp-content\/uploads\/2025\/11\/Affiche-Atelier-sophro-munz-floor-arbr1-1448x2048.jpg 1448w, https:\/\/arbr.fr\/wordpress\/wp-content\/uploads\/2025\/11\/Affiche-Atelier-sophro-munz-floor-arbr1.jpg 1485w\" sizes=\"(max-width: 312px) 100vw, 312px\" \/><\/p>\r\n\r\n<h4><span style=\"color: #008000; font-size: 14pt;\">*ATELIER MUNZ FLOOR &amp; SOPHROLOGIE le samedi 08 mars 2025.<\/span><\/h4>\r\n<p>L&rsquo;atelier a \u00e9t\u00e9 complet et les retours ont \u00e9t\u00e9 tr\u00e8s positifs.<\/p>\r\n<p>Merci \u00e0 tous les participants!<\/p>\r\n<p><img loading=\"lazy\" decoding=\"async\" class=\"alignnone  wp-image-7238\" src=\"https:\/\/arbr.fr\/wordpress\/wp-content\/uploads\/2025\/01\/Affiche-Atelier-sophro-munz-floor-5-724x1024.jpg\" alt=\"\" width=\"273\" height=\"386\" srcset=\"https:\/\/arbr.fr\/wordpress\/wp-content\/uploads\/2025\/01\/Affiche-Atelier-sophro-munz-floor-5-724x1024.jpg 724w, https:\/\/arbr.fr\/wordpress\/wp-content\/uploads\/2025\/01\/Affiche-Atelier-sophro-munz-floor-5-212x300.jpg 212w, https:\/\/arbr.fr\/wordpress\/wp-content\/uploads\/2025\/01\/Affiche-Atelier-sophro-munz-floor-5-768x1086.jpg 768w, https:\/\/arbr.fr\/wordpress\/wp-content\/uploads\/2025\/01\/Affiche-Atelier-sophro-munz-floor-5-1086x1536.jpg 1086w, https:\/\/arbr.fr\/wordpress\/wp-content\/uploads\/2025\/01\/Affiche-Atelier-sophro-munz-floor-5-1448x2048.jpg 1448w, https:\/\/arbr.fr\/wordpress\/wp-content\/uploads\/2025\/01\/Affiche-Atelier-sophro-munz-floor-5.jpg 1485w\" sizes=\"(max-width: 273px) 100vw, 273px\" \/>&nbsp; <img loading=\"lazy\" decoding=\"async\" class=\"alignnone  wp-image-7439\" src=\"https:\/\/arbr.fr\/wordpress\/wp-content\/uploads\/2025\/03\/photo-1024x817.jpg\" alt=\"\" width=\"328\" height=\"262\" srcset=\"https:\/\/arbr.fr\/wordpress\/wp-content\/uploads\/2025\/03\/photo-1024x817.jpg 1024w, https:\/\/arbr.fr\/wordpress\/wp-content\/uploads\/2025\/03\/photo-300x239.jpg 300w, https:\/\/arbr.fr\/wordpress\/wp-content\/uploads\/2025\/03\/photo-768x613.jpg 768w, https:\/\/arbr.fr\/wordpress\/wp-content\/uploads\/2025\/03\/photo-1536x1226.jpg 1536w, https:\/\/arbr.fr\/wordpress\/wp-content\/uploads\/2025\/03\/photo.jpg 1895w\" sizes=\"(max-width: 328px) 100vw, 328px\" \/><\/p>\r\n<p>&nbsp;<\/p>\r\n<p>&nbsp;<\/p>\r\n<p>&nbsp;<\/p>\r\n\r\n\r\n","protected":false},"excerpt":{"rendered":"<p>Contact : Eric COSTA &#8211; sophrologiearbr@hotmail.com Intervenante Sophrologue :&nbsp;&nbsp; Marie MROZ &#8211; 06 22 39 89 71 &#8211; mariemroz.sophro@gmail.com &nbsp; &nbsp; &nbsp;&nbsp;&nbsp;&nbsp;&nbsp;&nbsp;&nbsp;&nbsp; &nbsp;&nbsp;&nbsp;&nbsp;&nbsp;&nbsp;&nbsp;&nbsp; &nbsp; &nbsp; &nbsp; &nbsp;&nbsp;&nbsp; Dipl\u00f4m\u00e9e de l&rsquo;Ecole Nantaise de Sophrologie Cayc\u00e9dienne&#46;&#46;&#46;<\/p>\n","protected":false},"author":1,"featured_media":0,"parent":0,"menu_order":0,"comment_status":"closed","ping_status":"closed","template":"","meta":{"ngg_post_thumbnail":0,"footnotes":""},"class_list":["post-256","page","type-page","status-publish","hentry"],"yoast_head":"<!-- This site is optimized with the Yoast SEO plugin v24.1 - https:\/\/yoast.com\/wordpress\/plugins\/seo\/ -->\n<title>Sophrologie Adultes - ARBR<\/title>\n<meta name=\"robots\" content=\"index, follow, max-snippet:-1, max-image-preview:large, max-video-preview:-1\" \/>\n<link rel=\"canonical\" href=\"https:\/\/arbr.fr\/wordpress\/sophrologie\/\" \/>\n<meta property=\"og:locale\" content=\"fr_FR\" \/>\n<meta property=\"og:type\" content=\"article\" \/>\n<meta property=\"og:title\" content=\"Sophrologie Adultes - ARBR\" \/>\n<meta property=\"og:description\" content=\"Contact : Eric COSTA &#8211; sophrologiearbr@hotmail.com Intervenante Sophrologue :&nbsp;&nbsp; Marie MROZ &#8211; 06 22 39 89 71 &#8211; mariemroz.sophro@gmail.com &nbsp; &nbsp; &nbsp;&nbsp;&nbsp;&nbsp;&nbsp;&nbsp;&nbsp;&nbsp; &nbsp;&nbsp;&nbsp;&nbsp;&nbsp;&nbsp;&nbsp;&nbsp; &nbsp; &nbsp; &nbsp; &nbsp;&nbsp;&nbsp; Dipl\u00f4m\u00e9e de l&rsquo;Ecole Nantaise de Sophrologie Cayc\u00e9dienne&#046;&#046;&#046;\" \/>\n<meta property=\"og:url\" content=\"https:\/\/arbr.fr\/wordpress\/sophrologie\/\" \/>\n<meta property=\"og:site_name\" content=\"ARBR\" \/>\n<meta property=\"article:modified_time\" content=\"2026-04-01T08:21:02+00:00\" \/>\n<meta property=\"og:image\" content=\"https:\/\/arbr.fr\/wordpress\/wp-content\/uploads\/2025\/06\/Affiche-com-1.png\" \/>\n\t<meta property=\"og:image:width\" content=\"1080\" \/>\n\t<meta property=\"og:image:height\" content=\"1080\" \/>\n\t<meta property=\"og:image:type\" content=\"image\/png\" \/>\n<meta name=\"twitter:card\" content=\"summary_large_image\" \/>\n<meta name=\"twitter:label1\" content=\"Dur\u00e9e de lecture estim\u00e9e\" \/>\n\t<meta name=\"twitter:data1\" content=\"3 minutes\" \/>\n<script type=\"application\/ld+json\" class=\"yoast-schema-graph\">{\"@context\":\"https:\/\/schema.org\",\"@graph\":[{\"@type\":\"WebPage\",\"@id\":\"https:\/\/arbr.fr\/wordpress\/sophrologie\/\",\"url\":\"https:\/\/arbr.fr\/wordpress\/sophrologie\/\",\"name\":\"Sophrologie Adultes - ARBR\",\"isPartOf\":{\"@id\":\"https:\/\/arbr.fr\/wordpress\/#website\"},\"primaryImageOfPage\":{\"@id\":\"https:\/\/arbr.fr\/wordpress\/sophrologie\/#primaryimage\"},\"image\":{\"@id\":\"https:\/\/arbr.fr\/wordpress\/sophrologie\/#primaryimage\"},\"thumbnailUrl\":\"https:\/\/arbr.fr\/wordpress\/wp-content\/uploads\/2025\/06\/Affiche-com-1-1024x1024.png\",\"datePublished\":\"2017-03-24T15:13:27+00:00\",\"dateModified\":\"2026-04-01T08:21:02+00:00\",\"breadcrumb\":{\"@id\":\"https:\/\/arbr.fr\/wordpress\/sophrologie\/#breadcrumb\"},\"inLanguage\":\"fr-FR\",\"potentialAction\":[{\"@type\":\"ReadAction\",\"target\":[\"https:\/\/arbr.fr\/wordpress\/sophrologie\/\"]}]},{\"@type\":\"ImageObject\",\"inLanguage\":\"fr-FR\",\"@id\":\"https:\/\/arbr.fr\/wordpress\/sophrologie\/#primaryimage\",\"url\":\"https:\/\/arbr.fr\/wordpress\/wp-content\/uploads\/2025\/06\/Affiche-com-1.png\",\"contentUrl\":\"https:\/\/arbr.fr\/wordpress\/wp-content\/uploads\/2025\/06\/Affiche-com-1.png\",\"width\":1080,\"height\":1080},{\"@type\":\"BreadcrumbList\",\"@id\":\"https:\/\/arbr.fr\/wordpress\/sophrologie\/#breadcrumb\",\"itemListElement\":[{\"@type\":\"ListItem\",\"position\":1,\"name\":\"Accueil\",\"item\":\"https:\/\/arbr.fr\/wordpress\/\"},{\"@type\":\"ListItem\",\"position\":2,\"name\":\"Sophrologie Adultes\"}]},{\"@type\":\"WebSite\",\"@id\":\"https:\/\/arbr.fr\/wordpress\/#website\",\"url\":\"https:\/\/arbr.fr\/wordpress\/\",\"name\":\"ARBR\",\"description\":\"Association des r\u00e9sidents du Bois Raguenet\",\"publisher\":{\"@id\":\"https:\/\/arbr.fr\/wordpress\/#organization\"},\"potentialAction\":[{\"@type\":\"SearchAction\",\"target\":{\"@type\":\"EntryPoint\",\"urlTemplate\":\"https:\/\/arbr.fr\/wordpress\/?s={search_term_string}\"},\"query-input\":{\"@type\":\"PropertyValueSpecification\",\"valueRequired\":true,\"valueName\":\"search_term_string\"}}],\"inLanguage\":\"fr-FR\"},{\"@type\":\"Organization\",\"@id\":\"https:\/\/arbr.fr\/wordpress\/#organization\",\"name\":\"ARBR\",\"url\":\"https:\/\/arbr.fr\/wordpress\/\",\"logo\":{\"@type\":\"ImageObject\",\"inLanguage\":\"fr-FR\",\"@id\":\"https:\/\/arbr.fr\/wordpress\/#\/schema\/logo\/image\/\",\"url\":\"https:\/\/arbr.fr\/wordpress\/wp-content\/uploads\/2017\/03\/0.png\",\"contentUrl\":\"https:\/\/arbr.fr\/wordpress\/wp-content\/uploads\/2017\/03\/0.png\",\"width\":650,\"height\":283,\"caption\":\"ARBR\"},\"image\":{\"@id\":\"https:\/\/arbr.fr\/wordpress\/#\/schema\/logo\/image\/\"}}]}<\/script>\n<!-- \/ Yoast SEO plugin. -->","yoast_head_json":{"title":"Sophrologie Adultes - ARBR","robots":{"index":"index","follow":"follow","max-snippet":"max-snippet:-1","max-image-preview":"max-image-preview:large","max-video-preview":"max-video-preview:-1"},"canonical":"https:\/\/arbr.fr\/wordpress\/sophrologie\/","og_locale":"fr_FR","og_type":"article","og_title":"Sophrologie Adultes - ARBR","og_description":"Contact : Eric COSTA &#8211; sophrologiearbr@hotmail.com Intervenante Sophrologue :&nbsp;&nbsp; Marie MROZ &#8211; 06 22 39 89 71 &#8211; mariemroz.sophro@gmail.com &nbsp; &nbsp; &nbsp;&nbsp;&nbsp;&nbsp;&nbsp;&nbsp;&nbsp;&nbsp; &nbsp;&nbsp;&nbsp;&nbsp;&nbsp;&nbsp;&nbsp;&nbsp; &nbsp; &nbsp; &nbsp; &nbsp;&nbsp;&nbsp; Dipl\u00f4m\u00e9e de l&rsquo;Ecole Nantaise de Sophrologie Cayc\u00e9dienne&#46;&#46;&#46;","og_url":"https:\/\/arbr.fr\/wordpress\/sophrologie\/","og_site_name":"ARBR","article_modified_time":"2026-04-01T08:21:02+00:00","og_image":[{"width":1080,"height":1080,"url":"https:\/\/arbr.fr\/wordpress\/wp-content\/uploads\/2025\/06\/Affiche-com-1.png","type":"image\/png"}],"twitter_card":"summary_large_image","twitter_misc":{"Dur\u00e9e de lecture estim\u00e9e":"3 minutes"},"schema":{"@context":"https:\/\/schema.org","@graph":[{"@type":"WebPage","@id":"https:\/\/arbr.fr\/wordpress\/sophrologie\/","url":"https:\/\/arbr.fr\/wordpress\/sophrologie\/","name":"Sophrologie Adultes - ARBR","isPartOf":{"@id":"https:\/\/arbr.fr\/wordpress\/#website"},"primaryImageOfPage":{"@id":"https:\/\/arbr.fr\/wordpress\/sophrologie\/#primaryimage"},"image":{"@id":"https:\/\/arbr.fr\/wordpress\/sophrologie\/#primaryimage"},"thumbnailUrl":"https:\/\/arbr.fr\/wordpress\/wp-content\/uploads\/2025\/06\/Affiche-com-1-1024x1024.png","datePublished":"2017-03-24T15:13:27+00:00","dateModified":"2026-04-01T08:21:02+00:00","breadcrumb":{"@id":"https:\/\/arbr.fr\/wordpress\/sophrologie\/#breadcrumb"},"inLanguage":"fr-FR","potentialAction":[{"@type":"ReadAction","target":["https:\/\/arbr.fr\/wordpress\/sophrologie\/"]}]},{"@type":"ImageObject","inLanguage":"fr-FR","@id":"https:\/\/arbr.fr\/wordpress\/sophrologie\/#primaryimage","url":"https:\/\/arbr.fr\/wordpress\/wp-content\/uploads\/2025\/06\/Affiche-com-1.png","contentUrl":"https:\/\/arbr.fr\/wordpress\/wp-content\/uploads\/2025\/06\/Affiche-com-1.png","width":1080,"height":1080},{"@type":"BreadcrumbList","@id":"https:\/\/arbr.fr\/wordpress\/sophrologie\/#breadcrumb","itemListElement":[{"@type":"ListItem","position":1,"name":"Accueil","item":"https:\/\/arbr.fr\/wordpress\/"},{"@type":"ListItem","position":2,"name":"Sophrologie Adultes"}]},{"@type":"WebSite","@id":"https:\/\/arbr.fr\/wordpress\/#website","url":"https:\/\/arbr.fr\/wordpress\/","name":"ARBR","description":"Association des r\u00e9sidents du Bois Raguenet","publisher":{"@id":"https:\/\/arbr.fr\/wordpress\/#organization"},"potentialAction":[{"@type":"SearchAction","target":{"@type":"EntryPoint","urlTemplate":"https:\/\/arbr.fr\/wordpress\/?s={search_term_string}"},"query-input":{"@type":"PropertyValueSpecification","valueRequired":true,"valueName":"search_term_string"}}],"inLanguage":"fr-FR"},{"@type":"Organization","@id":"https:\/\/arbr.fr\/wordpress\/#organization","name":"ARBR","url":"https:\/\/arbr.fr\/wordpress\/","logo":{"@type":"ImageObject","inLanguage":"fr-FR","@id":"https:\/\/arbr.fr\/wordpress\/#\/schema\/logo\/image\/","url":"https:\/\/arbr.fr\/wordpress\/wp-content\/uploads\/2017\/03\/0.png","contentUrl":"https:\/\/arbr.fr\/wordpress\/wp-content\/uploads\/2017\/03\/0.png","width":650,"height":283,"caption":"ARBR"},"image":{"@id":"https:\/\/arbr.fr\/wordpress\/#\/schema\/logo\/image\/"}}]}},"_links":{"self":[{"href":"https:\/\/arbr.fr\/wordpress\/wp-json\/wp\/v2\/pages\/256"}],"collection":[{"href":"https:\/\/arbr.fr\/wordpress\/wp-json\/wp\/v2\/pages"}],"about":[{"href":"https:\/\/arbr.fr\/wordpress\/wp-json\/wp\/v2\/types\/page"}],"author":[{"embeddable":true,"href":"https:\/\/arbr.fr\/wordpress\/wp-json\/wp\/v2\/users\/1"}],"replies":[{"embeddable":true,"href":"https:\/\/arbr.fr\/wordpress\/wp-json\/wp\/v2\/comments?post=256"}],"version-history":[{"count":53,"href":"https:\/\/arbr.fr\/wordpress\/wp-json\/wp\/v2\/pages\/256\/revisions"}],"predecessor-version":[{"id":8596,"href":"https:\/\/arbr.fr\/wordpress\/wp-json\/wp\/v2\/pages\/256\/revisions\/8596"}],"wp:attachment":[{"href":"https:\/\/arbr.fr\/wordpress\/wp-json\/wp\/v2\/media?parent=256"}],"curies":[{"name":"wp","href":"https:\/\/api.w.org\/{rel}","templated":true}]}}