{"id":236,"date":"2017-03-24T16:01:03","date_gmt":"2017-03-24T15:01:03","guid":{"rendered":"http:\/\/arbr.fr\/wordpress\/?page_id=236"},"modified":"2024-01-19T15:50:51","modified_gmt":"2024-01-19T14:50:51","slug":"carte-jeunes-orvaltais","status":"publish","type":"page","link":"https:\/\/arbr.fr\/wordpress\/carte-jeunes-orvaltais\/","title":{"rendered":"Carte Jeune Orvaltais"},"content":{"rendered":"<h1 class=\"post-title entry-title\">De 11 \u00e0 25 ans : B\u00e9n\u00e9ficiez d\u2019un participation financi\u00e8re avec la Carte Jeune Orvaltais<\/h1>\n<div class=\"clear\">&nbsp;<\/div>\n<div class=\"entry themeform share\">\n<div class=\"entry-inner\">\n<p>Vous \u00eates orvaltais(e) et avez entre 11 et 25 ans ? Pensez \u00e0 la carte Jeune Orvaltais et b\u00e9n\u00e9ficiez d\u2019une aide financi\u00e8re pour votre activit\u00e9 \u00e0 l\u2019ARBR.<\/p>\n<p><em>L\u2019ARBR vous fera une attestation pour que vous puissiez recevoir l\u2019aide, apr\u00e8s avoir r\u00e9gl\u00e9 votre inscription. Veuillez noter que l\u2019ARBR n\u2019est pas agr\u00e9\u00e9e pour le Pass\u2019sport du Minist\u00e8re des sports. <\/em><\/p>\n<p>&nbsp;<\/p>\n<p>Sur le site de la Ville d\u2019Orvault :<a href=\"https:\/\/www.orvault.fr\/demarches-et-services\/enfance-jeunesse\/jeunes\/la-carte-jeunes-orvault\/\">https:\/\/www.orvault.fr\/demarches-et-services\/enfance-jeunesse\/jeunes\/la-carte-jeunes-orvault\/<\/a> &nbsp;<\/p>\n<\/div>\n<\/div>\n","protected":false},"excerpt":{"rendered":"<p>De 11 \u00e0 25 ans : B\u00e9n\u00e9ficiez d\u2019un participation financi\u00e8re avec la Carte Jeune Orvaltais &nbsp; Vous \u00eates orvaltais(e) et avez entre 11 et 25 ans ? Pensez \u00e0 la carte Jeune Orvaltais et&#46;&#46;&#46;<\/p>\n","protected":false},"author":1,"featured_media":0,"parent":0,"menu_order":0,"comment_status":"closed","ping_status":"closed","template":"","meta":{"ngg_post_thumbnail":0,"footnotes":""},"class_list":["post-236","page","type-page","status-publish","hentry"],"yoast_head":"<!-- This site is optimized with the Yoast SEO plugin v24.1 - https:\/\/yoast.com\/wordpress\/plugins\/seo\/ -->\n<title>Carte Jeune Orvaltais - ARBR<\/title>\n<meta name=\"robots\" content=\"index, follow, max-snippet:-1, max-image-preview:large, max-video-preview:-1\" \/>\n<link rel=\"canonical\" href=\"https:\/\/arbr.fr\/wordpress\/carte-jeunes-orvaltais\/\" \/>\n<meta property=\"og:locale\" content=\"fr_FR\" \/>\n<meta property=\"og:type\" content=\"article\" \/>\n<meta property=\"og:title\" content=\"Carte Jeune Orvaltais - ARBR\" \/>\n<meta property=\"og:description\" content=\"De 11 \u00e0 25 ans : B\u00e9n\u00e9ficiez d\u2019un participation financi\u00e8re avec la Carte Jeune Orvaltais &nbsp; Vous \u00eates orvaltais(e) et avez entre 11 et 25 ans ? Pensez \u00e0 la carte Jeune Orvaltais et&#046;&#046;&#046;\" \/>\n<meta property=\"og:url\" content=\"https:\/\/arbr.fr\/wordpress\/carte-jeunes-orvaltais\/\" \/>\n<meta property=\"og:site_name\" content=\"ARBR\" \/>\n<meta property=\"article:modified_time\" content=\"2024-01-19T14:50:51+00:00\" \/>\n<meta name=\"twitter:card\" content=\"summary_large_image\" \/>\n<meta name=\"twitter:label1\" content=\"Dur\u00e9e de lecture estim\u00e9e\" \/>\n\t<meta name=\"twitter:data1\" content=\"1 minute\" \/>\n<script type=\"application\/ld+json\" class=\"yoast-schema-graph\">{\"@context\":\"https:\/\/schema.org\",\"@graph\":[{\"@type\":\"WebPage\",\"@id\":\"https:\/\/arbr.fr\/wordpress\/carte-jeunes-orvaltais\/\",\"url\":\"https:\/\/arbr.fr\/wordpress\/carte-jeunes-orvaltais\/\",\"name\":\"Carte Jeune Orvaltais - ARBR\",\"isPartOf\":{\"@id\":\"https:\/\/arbr.fr\/wordpress\/#website\"},\"datePublished\":\"2017-03-24T15:01:03+00:00\",\"dateModified\":\"2024-01-19T14:50:51+00:00\",\"breadcrumb\":{\"@id\":\"https:\/\/arbr.fr\/wordpress\/carte-jeunes-orvaltais\/#breadcrumb\"},\"inLanguage\":\"fr-FR\",\"potentialAction\":[{\"@type\":\"ReadAction\",\"target\":[\"https:\/\/arbr.fr\/wordpress\/carte-jeunes-orvaltais\/\"]}]},{\"@type\":\"BreadcrumbList\",\"@id\":\"https:\/\/arbr.fr\/wordpress\/carte-jeunes-orvaltais\/#breadcrumb\",\"itemListElement\":[{\"@type\":\"ListItem\",\"position\":1,\"name\":\"Accueil\",\"item\":\"https:\/\/arbr.fr\/wordpress\/\"},{\"@type\":\"ListItem\",\"position\":2,\"name\":\"Carte Jeune Orvaltais\"}]},{\"@type\":\"WebSite\",\"@id\":\"https:\/\/arbr.fr\/wordpress\/#website\",\"url\":\"https:\/\/arbr.fr\/wordpress\/\",\"name\":\"ARBR\",\"description\":\"Association des r\u00e9sidents du Bois Raguenet\",\"publisher\":{\"@id\":\"https:\/\/arbr.fr\/wordpress\/#organization\"},\"potentialAction\":[{\"@type\":\"SearchAction\",\"target\":{\"@type\":\"EntryPoint\",\"urlTemplate\":\"https:\/\/arbr.fr\/wordpress\/?s={search_term_string}\"},\"query-input\":{\"@type\":\"PropertyValueSpecification\",\"valueRequired\":true,\"valueName\":\"search_term_string\"}}],\"inLanguage\":\"fr-FR\"},{\"@type\":\"Organization\",\"@id\":\"https:\/\/arbr.fr\/wordpress\/#organization\",\"name\":\"ARBR\",\"url\":\"https:\/\/arbr.fr\/wordpress\/\",\"logo\":{\"@type\":\"ImageObject\",\"inLanguage\":\"fr-FR\",\"@id\":\"https:\/\/arbr.fr\/wordpress\/#\/schema\/logo\/image\/\",\"url\":\"https:\/\/arbr.fr\/wordpress\/wp-content\/uploads\/2017\/03\/0.png\",\"contentUrl\":\"https:\/\/arbr.fr\/wordpress\/wp-content\/uploads\/2017\/03\/0.png\",\"width\":650,\"height\":283,\"caption\":\"ARBR\"},\"image\":{\"@id\":\"https:\/\/arbr.fr\/wordpress\/#\/schema\/logo\/image\/\"}}]}<\/script>\n<!-- \/ Yoast SEO plugin. -->","yoast_head_json":{"title":"Carte Jeune Orvaltais - ARBR","robots":{"index":"index","follow":"follow","max-snippet":"max-snippet:-1","max-image-preview":"max-image-preview:large","max-video-preview":"max-video-preview:-1"},"canonical":"https:\/\/arbr.fr\/wordpress\/carte-jeunes-orvaltais\/","og_locale":"fr_FR","og_type":"article","og_title":"Carte Jeune Orvaltais - ARBR","og_description":"De 11 \u00e0 25 ans : B\u00e9n\u00e9ficiez d\u2019un participation financi\u00e8re avec la Carte Jeune Orvaltais &nbsp; Vous \u00eates orvaltais(e) et avez entre 11 et 25 ans ? Pensez \u00e0 la carte Jeune Orvaltais et&#46;&#46;&#46;","og_url":"https:\/\/arbr.fr\/wordpress\/carte-jeunes-orvaltais\/","og_site_name":"ARBR","article_modified_time":"2024-01-19T14:50:51+00:00","twitter_card":"summary_large_image","twitter_misc":{"Dur\u00e9e de lecture estim\u00e9e":"1 minute"},"schema":{"@context":"https:\/\/schema.org","@graph":[{"@type":"WebPage","@id":"https:\/\/arbr.fr\/wordpress\/carte-jeunes-orvaltais\/","url":"https:\/\/arbr.fr\/wordpress\/carte-jeunes-orvaltais\/","name":"Carte Jeune Orvaltais - ARBR","isPartOf":{"@id":"https:\/\/arbr.fr\/wordpress\/#website"},"datePublished":"2017-03-24T15:01:03+00:00","dateModified":"2024-01-19T14:50:51+00:00","breadcrumb":{"@id":"https:\/\/arbr.fr\/wordpress\/carte-jeunes-orvaltais\/#breadcrumb"},"inLanguage":"fr-FR","potentialAction":[{"@type":"ReadAction","target":["https:\/\/arbr.fr\/wordpress\/carte-jeunes-orvaltais\/"]}]},{"@type":"BreadcrumbList","@id":"https:\/\/arbr.fr\/wordpress\/carte-jeunes-orvaltais\/#breadcrumb","itemListElement":[{"@type":"ListItem","position":1,"name":"Accueil","item":"https:\/\/arbr.fr\/wordpress\/"},{"@type":"ListItem","position":2,"name":"Carte Jeune Orvaltais"}]},{"@type":"WebSite","@id":"https:\/\/arbr.fr\/wordpress\/#website","url":"https:\/\/arbr.fr\/wordpress\/","name":"ARBR","description":"Association des r\u00e9sidents du Bois Raguenet","publisher":{"@id":"https:\/\/arbr.fr\/wordpress\/#organization"},"potentialAction":[{"@type":"SearchAction","target":{"@type":"EntryPoint","urlTemplate":"https:\/\/arbr.fr\/wordpress\/?s={search_term_string}"},"query-input":{"@type":"PropertyValueSpecification","valueRequired":true,"valueName":"search_term_string"}}],"inLanguage":"fr-FR"},{"@type":"Organization","@id":"https:\/\/arbr.fr\/wordpress\/#organization","name":"ARBR","url":"https:\/\/arbr.fr\/wordpress\/","logo":{"@type":"ImageObject","inLanguage":"fr-FR","@id":"https:\/\/arbr.fr\/wordpress\/#\/schema\/logo\/image\/","url":"https:\/\/arbr.fr\/wordpress\/wp-content\/uploads\/2017\/03\/0.png","contentUrl":"https:\/\/arbr.fr\/wordpress\/wp-content\/uploads\/2017\/03\/0.png","width":650,"height":283,"caption":"ARBR"},"image":{"@id":"https:\/\/arbr.fr\/wordpress\/#\/schema\/logo\/image\/"}}]}},"_links":{"self":[{"href":"https:\/\/arbr.fr\/wordpress\/wp-json\/wp\/v2\/pages\/236"}],"collection":[{"href":"https:\/\/arbr.fr\/wordpress\/wp-json\/wp\/v2\/pages"}],"about":[{"href":"https:\/\/arbr.fr\/wordpress\/wp-json\/wp\/v2\/types\/page"}],"author":[{"embeddable":true,"href":"https:\/\/arbr.fr\/wordpress\/wp-json\/wp\/v2\/users\/1"}],"replies":[{"embeddable":true,"href":"https:\/\/arbr.fr\/wordpress\/wp-json\/wp\/v2\/comments?post=236"}],"version-history":[{"count":13,"href":"https:\/\/arbr.fr\/wordpress\/wp-json\/wp\/v2\/pages\/236\/revisions"}],"predecessor-version":[{"id":5531,"href":"https:\/\/arbr.fr\/wordpress\/wp-json\/wp\/v2\/pages\/236\/revisions\/5531"}],"wp:attachment":[{"href":"https:\/\/arbr.fr\/wordpress\/wp-json\/wp\/v2\/media?parent=236"}],"curies":[{"name":"wp","href":"https:\/\/api.w.org\/{rel}","templated":true}]}}