{"id":159,"date":"2017-01-28T15:03:39","date_gmt":"2017-01-28T14:03:39","guid":{"rendered":"http:\/\/arbr.fr\/wordpress\/?page_id=159"},"modified":"2017-06-30T16:07:20","modified_gmt":"2017-06-30T14:07:20","slug":"evenements","status":"publish","type":"page","link":"https:\/\/arbr.fr\/wordpress\/evenements\/","title":{"rendered":"\u00c9v\u00e8nements"},"content":{"rendered":"\n\t\t\t\t<div class=\"event-list\">\n\t\t\t\t<style type=\"text\/css\">\n\t\t\t\t\t.filterbar { display:table; width:100% }\n\t\t\t\t\t.filterbar > div { display:table-cell }\n\t\t\t\t<\/style>\n\t\t\t\t<!--[if lte IE 7]>\n\t\t\t\t<style>.filterbar > div { float:left }<\/style>\n\t\t\t\t<![endif]-->\n\t\t\t\t<div class=\"filterbar subsubsub\">\n\t\t\t\t\t<div style=\"text-align:left\"><ul class=\"hlist\"><li><a href=\"https:\/\/arbr.fr\/wordpress\/evenements\/?date1=all\">Tous<\/a><\/li><li><strong>A venir<\/strong><\/li><li><a href=\"https:\/\/arbr.fr\/wordpress\/evenements\/?date1=2018\">2018<\/a><\/li><li><a href=\"https:\/\/arbr.fr\/wordpress\/evenements\/?date1=2019\">2019<\/a><\/li><li><a href=\"https:\/\/arbr.fr\/wordpress\/evenements\/?date1=2020\">2020<\/a><\/li><li><a href=\"https:\/\/arbr.fr\/wordpress\/evenements\/?date1=2021\">2021<\/a><\/li><li><a href=\"https:\/\/arbr.fr\/wordpress\/evenements\/?date1=2022\">2022<\/a><\/li><li><a href=\"https:\/\/arbr.fr\/wordpress\/evenements\/?date1=2023\">2023<\/a><\/li><li><a href=\"https:\/\/arbr.fr\/wordpress\/evenements\/?date1=2024\">2024<\/a><\/li><li><a href=\"https:\/\/arbr.fr\/wordpress\/evenements\/?date1=2025\">2025<\/a><\/li><li><a href=\"https:\/\/arbr.fr\/wordpress\/evenements\/?date1=2026\">2026<\/a><\/li><\/ul>\n\t\t\t\t\t<\/div><\/div>\n\t\t\t\t<ul class=\"event-list-view\">\n\t\t\t \t<li class=\"event \">\n\t\t\t\t\t<div class=\"event-date single-date\"><div class=\"startdate\"><div class=\"event-weekday\">mar<\/div><div class=\"event-day\">12<\/div><div class=\"event-month\">Mai<\/div><div class=\"event-year\">2026<\/div><\/div><\/div>\n\t\t\t\t\t<div class=\"event-info single-day\"><div class=\"event-title\"><h3><a href=\"https:\/\/arbr.fr\/wordpress\/evenements\/?event_id1=1383\">RENCONTRE DES CHORALES ORVALTAISES - Concert OR&#039;VOCAL<\/a><\/h3><\/div><span class=\"event-time\">20h30<\/span><span class=\"event-location\">Salle de l&#039;Odyss\u00e9e - ORVAULT<\/span><div class=\"event-content\"><div class=\"field field-name-field-body field-type-text-long field-label-hidden free_block_body col-xs-12 col-sm-12 col-md-12 col-lg-12\">Or'Vocal participera comme tous les ans \u00e0 la Rencontre des Chorales Orvaltaises<\/div>\n<div class=\"field field-name-field-body field-type-text-long field-label-hidden free_block_body col-xs-12 col-sm-12 col-md-12 col-lg-12\">le mardi 12 mai \u00e0 la salle de l'Odyss\u00e9e \u00e0 20H30<\/div>\n<div class=\"field field-name-field-body field-type-text-long field-label-hidden free_block_body col-xs-12 col-sm-12 col-md-12 col-lg-12\">o\u00f9 l'on pourra appr\u00e9cier la vari\u00e9t\u00e9 des ch\u0153urs de notre commune du point de vue du style et du r\u00e9pertoire.<\/div>\n<div class=\"field field-name-field-body field-type-text-long field-label-hidden free_block_body col-xs-12 col-sm-12 col-md-12 col-lg-12\"><strong>Entr\u00e9e gratuite<em>.<\/em><\/strong><\/div>\n<p>&nbsp;<\/p>\n<\/div><\/div>\n\t\t\t\t<\/li>\n\t\t\t \t<li class=\"event \">\n\t\t\t\t\t<div class=\"event-date single-date\"><div class=\"startdate\"><div class=\"event-weekday\">sam<\/div><div class=\"event-day\">30<\/div><div class=\"event-month\">Mai<\/div><div class=\"event-year\">2026<\/div><\/div><\/div>\n\t\t\t\t\t<div class=\"event-info single-day\"><div class=\"event-title\"><h3><a href=\"https:\/\/arbr.fr\/wordpress\/evenements\/?event_id1=5457\">La Fresque de l&#039;eau<\/a><\/h3><\/div><span class=\"event-time\">9h30 \u00e0 12h30<\/span><span class=\"event-location\">Salle Saint Ren\u00e9 - chemin des m\u00e2tines - ORVAULT - Bois Raguenet<\/span><div class=\"event-content\"><p><img loading=\"lazy\" decoding=\"async\" class=\"alignnone size-large wp-image-8577\" src=\"https:\/\/arbr.fr\/wordpress\/wp-content\/uploads\/2026\/03\/Affiche-Fresque-de-leau-ARBR-724x1024.jpg\" alt=\"\" width=\"724\" height=\"1024\" srcset=\"https:\/\/arbr.fr\/wordpress\/wp-content\/uploads\/2026\/03\/Affiche-Fresque-de-leau-ARBR-724x1024.jpg 724w, https:\/\/arbr.fr\/wordpress\/wp-content\/uploads\/2026\/03\/Affiche-Fresque-de-leau-ARBR-212x300.jpg 212w, https:\/\/arbr.fr\/wordpress\/wp-content\/uploads\/2026\/03\/Affiche-Fresque-de-leau-ARBR-768x1086.jpg 768w, https:\/\/arbr.fr\/wordpress\/wp-content\/uploads\/2026\/03\/Affiche-Fresque-de-leau-ARBR-1086x1536.jpg 1086w, https:\/\/arbr.fr\/wordpress\/wp-content\/uploads\/2026\/03\/Affiche-Fresque-de-leau-ARBR-1448x2048.jpg 1448w, https:\/\/arbr.fr\/wordpress\/wp-content\/uploads\/2026\/03\/Affiche-Fresque-de-leau-ARBR.jpg 1587w\" sizes=\"(max-width: 724px) 100vw, 724px\" \/><\/p>\n<\/div><\/div>\n\t\t\t\t<\/li>\n\t\t\t \t<li class=\"event \">\n\t\t\t\t\t<div class=\"event-date single-date\"><div class=\"startdate\"><div class=\"event-weekday\">dim<\/div><div class=\"event-day\">31<\/div><div class=\"event-month\">Mai<\/div><div class=\"event-year\">2026<\/div><\/div><\/div>\n\t\t\t\t\t<div class=\"event-info single-day\"><div class=\"event-title\"><h3><a href=\"https:\/\/arbr.fr\/wordpress\/evenements\/?event_id1=6480\">Un beau dimanche \u00e0 la Gobini\u00e8re - Danse ARBR<\/a><\/h3><\/div><span class=\"event-time\">14h - 20h<\/span><span class=\"event-location\">Parc de la Gobini\u00e8re - Orvault<\/span><div class=\"event-content\"><p>Via ce lien vous trouverez l\u2019int\u00e9gralit\u00e9 du programme&nbsp;: <a href=\"https:\/\/www.orvault.fr\/agenda\/un-beau-dimanche-a-la-gobiniere\/\">https:\/\/www.orvault.fr\/agenda\/un-beau-dimanche-a-la-gobiniere<\/a><\/p>\n<ul>\n<li><span style=\"font-size: 14pt; color: #800000;\"><em><strong><u>Dimanche 31 mai<\/u> :<\/strong><\/em><\/span><span style=\"color: #ff6600;\"><strong>Pour les danseurs, danseuses&nbsp;:<\/strong><\/span>\n<ul>\n<li>10h30 : arriv\u00e9e des groupes et installation dans les loges<\/li>\n<li>11h : atelier \u00e9chauffement collectif avec la compagnie professionnelle Balotop (spectacle qui cl\u00f4turera l'\u00e9v\u00e9nement)<\/li>\n<li>12h30 : pique-nique collectif dans le parc (\u00e0 pr\u00e9voir individuellement par les danseuses et danseurs)<\/li>\n<\/ul>\n<p><span style=\"color: #ff6600;\"><strong>Pour les spectateurs&nbsp;:<\/strong><\/span><\/p>\n<ul>\n<li><strong>14h \u00e0 16h : sc\u00e8ne ouverte au Th\u00e9\u00e2tre de la Gobini\u00e8re<\/strong>, organis\u00e9e en 3 cr\u00e9neaux de 20 minutes.<\/li>\n<\/ul>\n<p>Cette ann\u00e9e, tous les groupes d'une m\u00eame association passeront dans le m\u00eame cr\u00e9neau.<\/p>\n<p>Nouveaut\u00e9 cette ann\u00e9e, une sc\u00e8ne ext\u00e9rieure permettra \u00e9galement aux groupes de montrer leurs chor\u00e9graphies.<\/p>\n<p>&nbsp;<\/p>\n<ul>\n<li>Tout au long de l'apr\u00e8s-midi : certaines associations et professeur\u00b7es proposeront des ateliers :<\/li>\n<\/ul>\n<ul>\n<li>Atelier de hip hop avec Simon du CLO<\/li>\n<li>Battle hip hop avec Arys du Collectif Plaisance<\/li>\n<li>Atelier danse bretonne avec le CCBO<\/li>\n<li>Atelier Rock and Roll avec Romain de l'UAHB<\/li>\n<li>Atelier Tango avec Les Allum\u00e9s du Tango<\/li>\n<\/ul>\n<p>&nbsp;<\/p>\n<ul>\n<li><strong>De 15h30 \u00e0 20h : des spectacles professionnels<\/strong><\/li>\n<\/ul>\n<\/li>\n<\/ul>\n<\/div><\/div>\n\t\t\t\t<\/li><\/ul>\n\t\t\t\t<\/div>\n","protected":false},"excerpt":{"rendered":"","protected":false},"author":1,"featured_media":0,"parent":0,"menu_order":0,"comment_status":"closed","ping_status":"closed","template":"","meta":{"ngg_post_thumbnail":0,"footnotes":""},"class_list":["post-159","page","type-page","status-publish","hentry"],"yoast_head":"<!-- This site is optimized with the Yoast SEO plugin v24.1 - https:\/\/yoast.com\/wordpress\/plugins\/seo\/ -->\n<title>\u00c9v\u00e8nements - ARBR<\/title>\n<meta name=\"robots\" content=\"index, follow, max-snippet:-1, max-image-preview:large, max-video-preview:-1\" \/>\n<link rel=\"canonical\" href=\"https:\/\/arbr.fr\/wordpress\/evenements\/\" \/>\n<meta property=\"og:locale\" content=\"fr_FR\" \/>\n<meta property=\"og:type\" content=\"article\" \/>\n<meta property=\"og:title\" content=\"\u00c9v\u00e8nements - ARBR\" \/>\n<meta property=\"og:url\" content=\"https:\/\/arbr.fr\/wordpress\/evenements\/\" \/>\n<meta property=\"og:site_name\" content=\"ARBR\" \/>\n<meta property=\"article:modified_time\" content=\"2017-06-30T14:07:20+00:00\" \/>\n<meta name=\"twitter:card\" content=\"summary_large_image\" \/>\n<script type=\"application\/ld+json\" class=\"yoast-schema-graph\">{\"@context\":\"https:\/\/schema.org\",\"@graph\":[{\"@type\":\"WebPage\",\"@id\":\"https:\/\/arbr.fr\/wordpress\/evenements\/\",\"url\":\"https:\/\/arbr.fr\/wordpress\/evenements\/\",\"name\":\"\u00c9v\u00e8nements - ARBR\",\"isPartOf\":{\"@id\":\"https:\/\/arbr.fr\/wordpress\/#website\"},\"datePublished\":\"2017-01-28T14:03:39+00:00\",\"dateModified\":\"2017-06-30T14:07:20+00:00\",\"breadcrumb\":{\"@id\":\"https:\/\/arbr.fr\/wordpress\/evenements\/#breadcrumb\"},\"inLanguage\":\"fr-FR\",\"potentialAction\":[{\"@type\":\"ReadAction\",\"target\":[\"https:\/\/arbr.fr\/wordpress\/evenements\/\"]}]},{\"@type\":\"BreadcrumbList\",\"@id\":\"https:\/\/arbr.fr\/wordpress\/evenements\/#breadcrumb\",\"itemListElement\":[{\"@type\":\"ListItem\",\"position\":1,\"name\":\"Accueil\",\"item\":\"https:\/\/arbr.fr\/wordpress\/\"},{\"@type\":\"ListItem\",\"position\":2,\"name\":\"\u00c9v\u00e8nements\"}]},{\"@type\":\"WebSite\",\"@id\":\"https:\/\/arbr.fr\/wordpress\/#website\",\"url\":\"https:\/\/arbr.fr\/wordpress\/\",\"name\":\"ARBR\",\"description\":\"Association des r\u00e9sidents du Bois Raguenet\",\"publisher\":{\"@id\":\"https:\/\/arbr.fr\/wordpress\/#organization\"},\"potentialAction\":[{\"@type\":\"SearchAction\",\"target\":{\"@type\":\"EntryPoint\",\"urlTemplate\":\"https:\/\/arbr.fr\/wordpress\/?s={search_term_string}\"},\"query-input\":{\"@type\":\"PropertyValueSpecification\",\"valueRequired\":true,\"valueName\":\"search_term_string\"}}],\"inLanguage\":\"fr-FR\"},{\"@type\":\"Organization\",\"@id\":\"https:\/\/arbr.fr\/wordpress\/#organization\",\"name\":\"ARBR\",\"url\":\"https:\/\/arbr.fr\/wordpress\/\",\"logo\":{\"@type\":\"ImageObject\",\"inLanguage\":\"fr-FR\",\"@id\":\"https:\/\/arbr.fr\/wordpress\/#\/schema\/logo\/image\/\",\"url\":\"https:\/\/arbr.fr\/wordpress\/wp-content\/uploads\/2017\/03\/0.png\",\"contentUrl\":\"https:\/\/arbr.fr\/wordpress\/wp-content\/uploads\/2017\/03\/0.png\",\"width\":650,\"height\":283,\"caption\":\"ARBR\"},\"image\":{\"@id\":\"https:\/\/arbr.fr\/wordpress\/#\/schema\/logo\/image\/\"}}]}<\/script>\n<!-- \/ Yoast SEO plugin. -->","yoast_head_json":{"title":"\u00c9v\u00e8nements - ARBR","robots":{"index":"index","follow":"follow","max-snippet":"max-snippet:-1","max-image-preview":"max-image-preview:large","max-video-preview":"max-video-preview:-1"},"canonical":"https:\/\/arbr.fr\/wordpress\/evenements\/","og_locale":"fr_FR","og_type":"article","og_title":"\u00c9v\u00e8nements - ARBR","og_url":"https:\/\/arbr.fr\/wordpress\/evenements\/","og_site_name":"ARBR","article_modified_time":"2017-06-30T14:07:20+00:00","twitter_card":"summary_large_image","schema":{"@context":"https:\/\/schema.org","@graph":[{"@type":"WebPage","@id":"https:\/\/arbr.fr\/wordpress\/evenements\/","url":"https:\/\/arbr.fr\/wordpress\/evenements\/","name":"\u00c9v\u00e8nements - ARBR","isPartOf":{"@id":"https:\/\/arbr.fr\/wordpress\/#website"},"datePublished":"2017-01-28T14:03:39+00:00","dateModified":"2017-06-30T14:07:20+00:00","breadcrumb":{"@id":"https:\/\/arbr.fr\/wordpress\/evenements\/#breadcrumb"},"inLanguage":"fr-FR","potentialAction":[{"@type":"ReadAction","target":["https:\/\/arbr.fr\/wordpress\/evenements\/"]}]},{"@type":"BreadcrumbList","@id":"https:\/\/arbr.fr\/wordpress\/evenements\/#breadcrumb","itemListElement":[{"@type":"ListItem","position":1,"name":"Accueil","item":"https:\/\/arbr.fr\/wordpress\/"},{"@type":"ListItem","position":2,"name":"\u00c9v\u00e8nements"}]},{"@type":"WebSite","@id":"https:\/\/arbr.fr\/wordpress\/#website","url":"https:\/\/arbr.fr\/wordpress\/","name":"ARBR","description":"Association des r\u00e9sidents du Bois Raguenet","publisher":{"@id":"https:\/\/arbr.fr\/wordpress\/#organization"},"potentialAction":[{"@type":"SearchAction","target":{"@type":"EntryPoint","urlTemplate":"https:\/\/arbr.fr\/wordpress\/?s={search_term_string}"},"query-input":{"@type":"PropertyValueSpecification","valueRequired":true,"valueName":"search_term_string"}}],"inLanguage":"fr-FR"},{"@type":"Organization","@id":"https:\/\/arbr.fr\/wordpress\/#organization","name":"ARBR","url":"https:\/\/arbr.fr\/wordpress\/","logo":{"@type":"ImageObject","inLanguage":"fr-FR","@id":"https:\/\/arbr.fr\/wordpress\/#\/schema\/logo\/image\/","url":"https:\/\/arbr.fr\/wordpress\/wp-content\/uploads\/2017\/03\/0.png","contentUrl":"https:\/\/arbr.fr\/wordpress\/wp-content\/uploads\/2017\/03\/0.png","width":650,"height":283,"caption":"ARBR"},"image":{"@id":"https:\/\/arbr.fr\/wordpress\/#\/schema\/logo\/image\/"}}]}},"_links":{"self":[{"href":"https:\/\/arbr.fr\/wordpress\/wp-json\/wp\/v2\/pages\/159"}],"collection":[{"href":"https:\/\/arbr.fr\/wordpress\/wp-json\/wp\/v2\/pages"}],"about":[{"href":"https:\/\/arbr.fr\/wordpress\/wp-json\/wp\/v2\/types\/page"}],"author":[{"embeddable":true,"href":"https:\/\/arbr.fr\/wordpress\/wp-json\/wp\/v2\/users\/1"}],"replies":[{"embeddable":true,"href":"https:\/\/arbr.fr\/wordpress\/wp-json\/wp\/v2\/comments?post=159"}],"version-history":[{"count":3,"href":"https:\/\/arbr.fr\/wordpress\/wp-json\/wp\/v2\/pages\/159\/revisions"}],"predecessor-version":[{"id":573,"href":"https:\/\/arbr.fr\/wordpress\/wp-json\/wp\/v2\/pages\/159\/revisions\/573"}],"wp:attachment":[{"href":"https:\/\/arbr.fr\/wordpress\/wp-json\/wp\/v2\/media?parent=159"}],"curies":[{"name":"wp","href":"https:\/\/api.w.org\/{rel}","templated":true}]}}