{"id":1278,"date":"2019-12-21T16:23:07","date_gmt":"2019-12-21T15:23:07","guid":{"rendered":"http:\/\/arbr.fr\/wordpress\/?page_id=1278"},"modified":"2025-10-15T09:56:57","modified_gmt":"2025-10-15T07:56:57","slug":"documents-officiels","status":"publish","type":"page","link":"https:\/\/arbr.fr\/wordpress\/documents-officiels\/","title":{"rendered":"Documents officiels"},"content":{"rendered":"<table style=\"height: 202px;\" width=\"507\">\n<tbody>\n<tr>\n<td style=\"width: 367px; text-align: right;\">&nbsp;<\/td>\n<td style=\"width: 332px; text-align: left;\">&nbsp;<\/td>\n<\/tr>\n<tr>\n<td style=\"width: 367px; text-align: right;\">N\u00b0 Association d\u00e9clar\u00e9e en Pr\u00e9fecture :<\/td>\n<td style=\"width: 332px; text-align: left;\"><a href=\"http:\/\/arbr.fr\/wordpress\/wp-content\/uploads\/2019\/12\/Recepisse_MD.pdf\">W442004386<\/a><\/td>\n<\/tr>\n<tr>\n<td style=\"width: 367px; text-align: right;\">SIREN :<\/td>\n<td style=\"width: 332px; text-align: left;\">326 737 301<\/td>\n<\/tr>\n<tr>\n<td style=\"width: 367px; text-align: right;\">SIRET :<\/td>\n<td style=\"width: 332px; text-align: left;\">32 673 730 100 035<\/td>\n<\/tr>\n<tr>\n<td style=\"width: 367px; text-align: right;\">APE :<\/td>\n<td style=\"width: 332px; text-align: left;\">9499Z<\/td>\n<\/tr>\n<\/tbody>\n<\/table>\n<h4>&nbsp;<\/h4>\n<h4><a href=\"http:\/\/arbr.fr\/wordpress\/wp-content\/uploads\/2019\/12\/statuts.pdf\">Les statuts de l&rsquo;ARBR<\/a><\/h4>\n<p>&nbsp;<\/p>\n<hr>\n<h4><a href=\"https:\/\/arbr.fr\/wordpress\/wp-content\/uploads\/2020\/11\/REGLEMENT-INTERIEUR-ARBR_V1-250620.pdf\">Le R\u00e8glement int\u00e9rieur<\/a><\/h4>\n<p>Il contient la <a href=\"https:\/\/arbr.fr\/wordpress\/wp-content\/uploads\/2020\/11\/Charte-ethique-de-lARBR-V1.pdf\">Charte \u00e9thique de l&rsquo;ARBR<\/a>.<\/p>\n<p>&nbsp;<\/p>\n<hr>\n<h4>Le Document Unique<\/h4>\n<p>Le Document Unique de S\u00e9curit\u00e9 et des Risques Professionnels sont consultables sur place \u00e0 la permanence de l\u2019ARBR, ou transmis sur demande aupr\u00e8s du Bureau de l\u2019ARBR. <u>Acc\u00e8s r\u00e9serv\u00e9 aux professeurs.<\/u><\/p>\n<p>&nbsp;<\/p>\n<p>&nbsp;<\/p>\n<p>&nbsp;<\/p>\n<ul class=\"display-posts-listing\"><li class=\"listing-item\"><a class=\"title\" href=\"https:\/\/arbr.fr\/wordpress\/2025\/11\/ag-2025\/\">AG 2025<\/a> <span class=\"date\">26 novembre 2025<\/span><\/li><li class=\"listing-item\"><a class=\"title\" href=\"https:\/\/arbr.fr\/wordpress\/2024\/11\/assemblee\/\">AG 2024<\/a> <span class=\"date\">7 novembre 2024<\/span><\/li><li class=\"listing-item\"><a class=\"title\" href=\"https:\/\/arbr.fr\/wordpress\/2023\/11\/ag-2023\/\">AG 2023<\/a> <span class=\"date\">18 novembre 2023<\/span><\/li><li class=\"listing-item\"><a class=\"title\" href=\"https:\/\/arbr.fr\/wordpress\/2022\/12\/ag-2022\/\">AG 2022<\/a> <span class=\"date\">2 d\u00e9cembre 2022<\/span><\/li><li class=\"listing-item\"><a class=\"title\" href=\"https:\/\/arbr.fr\/wordpress\/2021\/12\/ag-2021\/\">AG 2021<\/a> <span class=\"date\">7 d\u00e9cembre 2021<\/span><\/li><li class=\"listing-item\"><a class=\"title\" href=\"https:\/\/arbr.fr\/wordpress\/2021\/04\/ag-2020\/\">Compte-rendu de l&rsquo;Assembl\u00e9e G\u00e9n\u00e9rale du 10 avril 2021<\/a> <span class=\"date\">17 avril 2021<\/span><\/li><li class=\"listing-item\"><a class=\"title\" href=\"https:\/\/arbr.fr\/wordpress\/2019\/11\/ag-2019\/\">AG 2019<\/a> <span class=\"date\">29 novembre 2019<\/span><\/li><li class=\"listing-item\"><a class=\"title\" href=\"https:\/\/arbr.fr\/wordpress\/2018\/11\/ag-2018\/\">AG 2018<\/a> <span class=\"date\">30 novembre 2018<\/span><\/li><li class=\"listing-item\"><a class=\"title\" href=\"https:\/\/arbr.fr\/wordpress\/2017\/11\/ag-2017\/\">AG 2017<\/a> <span class=\"date\">24 novembre 2017<\/span><\/li><\/ul>\n","protected":false},"excerpt":{"rendered":"<p>&nbsp; &nbsp; N\u00b0 Association d\u00e9clar\u00e9e en Pr\u00e9fecture : W442004386 SIREN : 326 737 301 SIRET : 32 673 730 100 035 APE : 9499Z &nbsp; Les statuts de l&rsquo;ARBR &nbsp; Le R\u00e8glement int\u00e9rieur Il&#46;&#46;&#46;<\/p>\n","protected":false},"author":3,"featured_media":0,"parent":0,"menu_order":0,"comment_status":"closed","ping_status":"closed","template":"","meta":{"ngg_post_thumbnail":0,"footnotes":""},"class_list":["post-1278","page","type-page","status-publish","hentry"],"yoast_head":"<!-- This site is optimized with the Yoast SEO plugin v24.1 - https:\/\/yoast.com\/wordpress\/plugins\/seo\/ -->\n<title>Documents officiels - ARBR<\/title>\n<meta name=\"robots\" content=\"index, follow, max-snippet:-1, max-image-preview:large, max-video-preview:-1\" \/>\n<link rel=\"canonical\" href=\"https:\/\/arbr.fr\/wordpress\/documents-officiels\/\" \/>\n<meta property=\"og:locale\" content=\"fr_FR\" \/>\n<meta property=\"og:type\" content=\"article\" \/>\n<meta property=\"og:title\" content=\"Documents officiels - ARBR\" \/>\n<meta property=\"og:description\" content=\"&nbsp; &nbsp; N\u00b0 Association d\u00e9clar\u00e9e en Pr\u00e9fecture : W442004386 SIREN : 326 737 301 SIRET : 32 673 730 100 035 APE : 9499Z &nbsp; Les statuts de l&rsquo;ARBR &nbsp; Le R\u00e8glement int\u00e9rieur Il&#046;&#046;&#046;\" \/>\n<meta property=\"og:url\" content=\"https:\/\/arbr.fr\/wordpress\/documents-officiels\/\" \/>\n<meta property=\"og:site_name\" content=\"ARBR\" \/>\n<meta property=\"article:modified_time\" content=\"2025-10-15T07:56:57+00:00\" \/>\n<meta name=\"twitter:card\" content=\"summary_large_image\" \/>\n<script type=\"application\/ld+json\" class=\"yoast-schema-graph\">{\"@context\":\"https:\/\/schema.org\",\"@graph\":[{\"@type\":\"WebPage\",\"@id\":\"https:\/\/arbr.fr\/wordpress\/documents-officiels\/\",\"url\":\"https:\/\/arbr.fr\/wordpress\/documents-officiels\/\",\"name\":\"Documents officiels - ARBR\",\"isPartOf\":{\"@id\":\"https:\/\/arbr.fr\/wordpress\/#website\"},\"datePublished\":\"2019-12-21T15:23:07+00:00\",\"dateModified\":\"2025-10-15T07:56:57+00:00\",\"breadcrumb\":{\"@id\":\"https:\/\/arbr.fr\/wordpress\/documents-officiels\/#breadcrumb\"},\"inLanguage\":\"fr-FR\",\"potentialAction\":[{\"@type\":\"ReadAction\",\"target\":[\"https:\/\/arbr.fr\/wordpress\/documents-officiels\/\"]}]},{\"@type\":\"BreadcrumbList\",\"@id\":\"https:\/\/arbr.fr\/wordpress\/documents-officiels\/#breadcrumb\",\"itemListElement\":[{\"@type\":\"ListItem\",\"position\":1,\"name\":\"Accueil\",\"item\":\"https:\/\/arbr.fr\/wordpress\/\"},{\"@type\":\"ListItem\",\"position\":2,\"name\":\"Documents officiels\"}]},{\"@type\":\"WebSite\",\"@id\":\"https:\/\/arbr.fr\/wordpress\/#website\",\"url\":\"https:\/\/arbr.fr\/wordpress\/\",\"name\":\"ARBR\",\"description\":\"Association des r\u00e9sidents du Bois Raguenet\",\"publisher\":{\"@id\":\"https:\/\/arbr.fr\/wordpress\/#organization\"},\"potentialAction\":[{\"@type\":\"SearchAction\",\"target\":{\"@type\":\"EntryPoint\",\"urlTemplate\":\"https:\/\/arbr.fr\/wordpress\/?s={search_term_string}\"},\"query-input\":{\"@type\":\"PropertyValueSpecification\",\"valueRequired\":true,\"valueName\":\"search_term_string\"}}],\"inLanguage\":\"fr-FR\"},{\"@type\":\"Organization\",\"@id\":\"https:\/\/arbr.fr\/wordpress\/#organization\",\"name\":\"ARBR\",\"url\":\"https:\/\/arbr.fr\/wordpress\/\",\"logo\":{\"@type\":\"ImageObject\",\"inLanguage\":\"fr-FR\",\"@id\":\"https:\/\/arbr.fr\/wordpress\/#\/schema\/logo\/image\/\",\"url\":\"https:\/\/arbr.fr\/wordpress\/wp-content\/uploads\/2017\/03\/0.png\",\"contentUrl\":\"https:\/\/arbr.fr\/wordpress\/wp-content\/uploads\/2017\/03\/0.png\",\"width\":650,\"height\":283,\"caption\":\"ARBR\"},\"image\":{\"@id\":\"https:\/\/arbr.fr\/wordpress\/#\/schema\/logo\/image\/\"}}]}<\/script>\n<!-- \/ Yoast SEO plugin. -->","yoast_head_json":{"title":"Documents officiels - ARBR","robots":{"index":"index","follow":"follow","max-snippet":"max-snippet:-1","max-image-preview":"max-image-preview:large","max-video-preview":"max-video-preview:-1"},"canonical":"https:\/\/arbr.fr\/wordpress\/documents-officiels\/","og_locale":"fr_FR","og_type":"article","og_title":"Documents officiels - ARBR","og_description":"&nbsp; &nbsp; N\u00b0 Association d\u00e9clar\u00e9e en Pr\u00e9fecture : W442004386 SIREN : 326 737 301 SIRET : 32 673 730 100 035 APE : 9499Z &nbsp; Les statuts de l&rsquo;ARBR &nbsp; Le R\u00e8glement int\u00e9rieur Il&#46;&#46;&#46;","og_url":"https:\/\/arbr.fr\/wordpress\/documents-officiels\/","og_site_name":"ARBR","article_modified_time":"2025-10-15T07:56:57+00:00","twitter_card":"summary_large_image","schema":{"@context":"https:\/\/schema.org","@graph":[{"@type":"WebPage","@id":"https:\/\/arbr.fr\/wordpress\/documents-officiels\/","url":"https:\/\/arbr.fr\/wordpress\/documents-officiels\/","name":"Documents officiels - ARBR","isPartOf":{"@id":"https:\/\/arbr.fr\/wordpress\/#website"},"datePublished":"2019-12-21T15:23:07+00:00","dateModified":"2025-10-15T07:56:57+00:00","breadcrumb":{"@id":"https:\/\/arbr.fr\/wordpress\/documents-officiels\/#breadcrumb"},"inLanguage":"fr-FR","potentialAction":[{"@type":"ReadAction","target":["https:\/\/arbr.fr\/wordpress\/documents-officiels\/"]}]},{"@type":"BreadcrumbList","@id":"https:\/\/arbr.fr\/wordpress\/documents-officiels\/#breadcrumb","itemListElement":[{"@type":"ListItem","position":1,"name":"Accueil","item":"https:\/\/arbr.fr\/wordpress\/"},{"@type":"ListItem","position":2,"name":"Documents officiels"}]},{"@type":"WebSite","@id":"https:\/\/arbr.fr\/wordpress\/#website","url":"https:\/\/arbr.fr\/wordpress\/","name":"ARBR","description":"Association des r\u00e9sidents du Bois Raguenet","publisher":{"@id":"https:\/\/arbr.fr\/wordpress\/#organization"},"potentialAction":[{"@type":"SearchAction","target":{"@type":"EntryPoint","urlTemplate":"https:\/\/arbr.fr\/wordpress\/?s={search_term_string}"},"query-input":{"@type":"PropertyValueSpecification","valueRequired":true,"valueName":"search_term_string"}}],"inLanguage":"fr-FR"},{"@type":"Organization","@id":"https:\/\/arbr.fr\/wordpress\/#organization","name":"ARBR","url":"https:\/\/arbr.fr\/wordpress\/","logo":{"@type":"ImageObject","inLanguage":"fr-FR","@id":"https:\/\/arbr.fr\/wordpress\/#\/schema\/logo\/image\/","url":"https:\/\/arbr.fr\/wordpress\/wp-content\/uploads\/2017\/03\/0.png","contentUrl":"https:\/\/arbr.fr\/wordpress\/wp-content\/uploads\/2017\/03\/0.png","width":650,"height":283,"caption":"ARBR"},"image":{"@id":"https:\/\/arbr.fr\/wordpress\/#\/schema\/logo\/image\/"}}]}},"_links":{"self":[{"href":"https:\/\/arbr.fr\/wordpress\/wp-json\/wp\/v2\/pages\/1278"}],"collection":[{"href":"https:\/\/arbr.fr\/wordpress\/wp-json\/wp\/v2\/pages"}],"about":[{"href":"https:\/\/arbr.fr\/wordpress\/wp-json\/wp\/v2\/types\/page"}],"author":[{"embeddable":true,"href":"https:\/\/arbr.fr\/wordpress\/wp-json\/wp\/v2\/users\/3"}],"replies":[{"embeddable":true,"href":"https:\/\/arbr.fr\/wordpress\/wp-json\/wp\/v2\/comments?post=1278"}],"version-history":[{"count":18,"href":"https:\/\/arbr.fr\/wordpress\/wp-json\/wp\/v2\/pages\/1278\/revisions"}],"predecessor-version":[{"id":8170,"href":"https:\/\/arbr.fr\/wordpress\/wp-json\/wp\/v2\/pages\/1278\/revisions\/8170"}],"wp:attachment":[{"href":"https:\/\/arbr.fr\/wordpress\/wp-json\/wp\/v2\/media?parent=1278"}],"curies":[{"name":"wp","href":"https:\/\/api.w.org\/{rel}","templated":true}]}}