{"id":11,"date":"2017-01-15T20:30:41","date_gmt":"2017-01-15T19:30:41","guid":{"rendered":"http:\/\/arbr.fr\/wordpress\/?page_id=11"},"modified":"2025-08-27T12:25:46","modified_gmt":"2025-08-27T10:25:46","slug":"danse-orvault","status":"publish","type":"page","link":"https:\/\/arbr.fr\/wordpress\/danse-orvault\/","title":{"rendered":"Danse"},"content":{"rendered":"<p><strong>Contacts :&nbsp; <\/strong>Aur\u00e9lie CORMERAIS &#8211; 06 83 34 73 59 &#8211; <a href=\"mailto:danse.arbr@gmail.com\">danse.arbr@gmail.com<\/a><\/p>\n<p><strong>Professeure D.E. :&nbsp; <\/strong>Julie STEINMETZ<\/p>\n<p><img loading=\"lazy\" decoding=\"async\" class=\"alignnone wp-image-4738\" src=\"https:\/\/arbr.fr\/wordpress\/wp-content\/uploads\/2023\/09\/IMG_5888-1.jpg\" alt=\"\" width=\"422\" height=\"220\" srcset=\"https:\/\/arbr.fr\/wordpress\/wp-content\/uploads\/2023\/09\/IMG_5888-1.jpg 1535w, https:\/\/arbr.fr\/wordpress\/wp-content\/uploads\/2023\/09\/IMG_5888-1-300x157.jpg 300w, https:\/\/arbr.fr\/wordpress\/wp-content\/uploads\/2023\/09\/IMG_5888-1-1024x534.jpg 1024w, https:\/\/arbr.fr\/wordpress\/wp-content\/uploads\/2023\/09\/IMG_5888-1-768x401.jpg 768w\" sizes=\"(max-width: 422px) 100vw, 422px\" \/> <img loading=\"lazy\" decoding=\"async\" class=\"alignnone wp-image-4766\" src=\"https:\/\/arbr.fr\/wordpress\/wp-content\/uploads\/2023\/09\/DANSE-4-scaled.jpg\" alt=\"\" width=\"194\" height=\"172\" srcset=\"https:\/\/arbr.fr\/wordpress\/wp-content\/uploads\/2023\/09\/DANSE-4-scaled.jpg 2560w, https:\/\/arbr.fr\/wordpress\/wp-content\/uploads\/2023\/09\/DANSE-4-300x267.jpg 300w, https:\/\/arbr.fr\/wordpress\/wp-content\/uploads\/2023\/09\/DANSE-4-1024x911.jpg 1024w, https:\/\/arbr.fr\/wordpress\/wp-content\/uploads\/2023\/09\/DANSE-4-768x683.jpg 768w, https:\/\/arbr.fr\/wordpress\/wp-content\/uploads\/2023\/09\/DANSE-4-1536x1367.jpg 1536w, https:\/\/arbr.fr\/wordpress\/wp-content\/uploads\/2023\/09\/DANSE-4-2048x1823.jpg 2048w\" sizes=\"(max-width: 194px) 100vw, 194px\" \/> <img loading=\"lazy\" decoding=\"async\" class=\"alignnone wp-image-4771\" src=\"https:\/\/arbr.fr\/wordpress\/wp-content\/uploads\/2023\/09\/2023-06-25_3920_Z6-scaled.jpg\" alt=\"\" width=\"290\" height=\"218\" srcset=\"https:\/\/arbr.fr\/wordpress\/wp-content\/uploads\/2023\/09\/2023-06-25_3920_Z6-scaled.jpg 2560w, https:\/\/arbr.fr\/wordpress\/wp-content\/uploads\/2023\/09\/2023-06-25_3920_Z6-300x225.jpg 300w, https:\/\/arbr.fr\/wordpress\/wp-content\/uploads\/2023\/09\/2023-06-25_3920_Z6-1024x768.jpg 1024w, https:\/\/arbr.fr\/wordpress\/wp-content\/uploads\/2023\/09\/2023-06-25_3920_Z6-768x576.jpg 768w, https:\/\/arbr.fr\/wordpress\/wp-content\/uploads\/2023\/09\/2023-06-25_3920_Z6-1536x1152.jpg 1536w, https:\/\/arbr.fr\/wordpress\/wp-content\/uploads\/2023\/09\/2023-06-25_3920_Z6-2048x1536.jpg 2048w\" sizes=\"(max-width: 290px) 100vw, 290px\" \/><\/p>\n<p><img loading=\"lazy\" decoding=\"async\" class=\"alignnone wp-image-4768\" src=\"https:\/\/arbr.fr\/wordpress\/wp-content\/uploads\/2023\/09\/gala-2023-1.jpg\" alt=\"\" width=\"215\" height=\"210\" srcset=\"https:\/\/arbr.fr\/wordpress\/wp-content\/uploads\/2023\/09\/gala-2023-1.jpg 2554w, https:\/\/arbr.fr\/wordpress\/wp-content\/uploads\/2023\/09\/gala-2023-1-300x293.jpg 300w, https:\/\/arbr.fr\/wordpress\/wp-content\/uploads\/2023\/09\/gala-2023-1-1024x1001.jpg 1024w, https:\/\/arbr.fr\/wordpress\/wp-content\/uploads\/2023\/09\/gala-2023-1-768x751.jpg 768w, https:\/\/arbr.fr\/wordpress\/wp-content\/uploads\/2023\/09\/gala-2023-1-1536x1501.jpg 1536w, https:\/\/arbr.fr\/wordpress\/wp-content\/uploads\/2023\/09\/gala-2023-1-2048x2001.jpg 2048w\" sizes=\"(max-width: 215px) 100vw, 215px\" \/>&nbsp; <img loading=\"lazy\" decoding=\"async\" class=\"alignnone wp-image-4769\" src=\"https:\/\/arbr.fr\/wordpress\/wp-content\/uploads\/2023\/09\/2023-06-25_3663_Z6-scaled.jpg\" alt=\"\" width=\"254\" height=\"191\" srcset=\"https:\/\/arbr.fr\/wordpress\/wp-content\/uploads\/2023\/09\/2023-06-25_3663_Z6-scaled.jpg 2560w, https:\/\/arbr.fr\/wordpress\/wp-content\/uploads\/2023\/09\/2023-06-25_3663_Z6-300x225.jpg 300w, https:\/\/arbr.fr\/wordpress\/wp-content\/uploads\/2023\/09\/2023-06-25_3663_Z6-1024x768.jpg 1024w, https:\/\/arbr.fr\/wordpress\/wp-content\/uploads\/2023\/09\/2023-06-25_3663_Z6-768x576.jpg 768w, https:\/\/arbr.fr\/wordpress\/wp-content\/uploads\/2023\/09\/2023-06-25_3663_Z6-1536x1152.jpg 1536w, https:\/\/arbr.fr\/wordpress\/wp-content\/uploads\/2023\/09\/2023-06-25_3663_Z6-2048x1536.jpg 2048w\" sizes=\"(max-width: 254px) 100vw, 254px\" \/>&nbsp;<img loading=\"lazy\" decoding=\"async\" class=\"alignnone wp-image-4774\" src=\"https:\/\/arbr.fr\/wordpress\/wp-content\/uploads\/2023\/09\/gala-2023-2-scaled.jpg\" alt=\"\" width=\"448\" height=\"216\" srcset=\"https:\/\/arbr.fr\/wordpress\/wp-content\/uploads\/2023\/09\/gala-2023-2-scaled.jpg 2560w, https:\/\/arbr.fr\/wordpress\/wp-content\/uploads\/2023\/09\/gala-2023-2-300x145.jpg 300w, https:\/\/arbr.fr\/wordpress\/wp-content\/uploads\/2023\/09\/gala-2023-2-1024x494.jpg 1024w, https:\/\/arbr.fr\/wordpress\/wp-content\/uploads\/2023\/09\/gala-2023-2-768x370.jpg 768w, https:\/\/arbr.fr\/wordpress\/wp-content\/uploads\/2023\/09\/gala-2023-2-1536x740.jpg 1536w, https:\/\/arbr.fr\/wordpress\/wp-content\/uploads\/2023\/09\/gala-2023-2-2048x987.jpg 2048w\" sizes=\"(max-width: 448px) 100vw, 448px\" \/><\/p>\n<hr>\n<p><span style=\"color: #000000;\"><strong>EVEIL<\/strong> &nbsp;&nbsp;&nbsp;&nbsp;&nbsp;&nbsp;&nbsp;&nbsp;&nbsp; = &nbsp;Grande Section Maternelle<strong><br \/>\n<\/strong><\/span><\/p>\n<p><span style=\"color: #000000;\"><strong>INITIATION<\/strong> =&nbsp; CP et CE1<\/span><\/p>\n<p><span style=\"color: #000000;\"><strong>CONTEMPORAIN ou CLASSIQUE D\u00e9butant<\/strong> =&nbsp; A partir du CE2<strong> : <\/strong>Choix entre <strong>Contemporain<\/strong> ou <strong>Classique<\/strong> (choisir les 2 est possible aussi).<\/span><\/p>\n<p><span style=\"color: #000000;\"><strong>CLASSIQUE D\u00e9butant et Inter<\/strong>= Selon le nombre de r\u00e9inscriptions et d&rsquo;inscriptions enregistr\u00e9s en ce d\u00e9but d&rsquo;ann\u00e9e, il y aura peut-\u00eatre n\u00e9cessit\u00e9 de passer certains \u00e9l\u00e8ves du CLASSIQUE D\u00e9butant du vendredi au CLASSIQUE Inter du mercredi. L&rsquo;horaire peut donc changer en fonction des r\u00e9-inscriptions.<\/span><\/p>\n<p><span style=\"color: #000000;\"><strong>CONTEMPORAIN Interm\u00e9diaire<\/strong> =&nbsp; Coll\u00e8ge<\/span><\/p>\n<p><span style=\"color: #000000;\"><strong>CONTEMPORAIN Avanc\u00e9<\/strong> =&nbsp; Lyc\u00e9ens et Etudiants<\/span><\/p>\n<p><span style=\"color: #000000;\"><strong>CONTEMPORAIN Adulte 1<\/strong> = Groupe du mardi soir<\/span><\/p>\n<p><span style=\"color: #000000;\"><strong>CONTEMPORAIN Adulte 2<\/strong> = Groupe du mercredi soir plus technique et plus tourn\u00e9 vers la chor\u00e9graphie et la cr\u00e9ation<\/span><\/p>\n<p><span style=\"color: #000000;\"><strong>BARRE AU SOL<\/strong> = possible \u00e0 partir du Coll\u00e8ge<\/span><\/p>\n<p>Si certains cr\u00e9neaux propos\u00e9s ne conviennent pas, nous en prenons note et contacterons les personnes concern\u00e9es pour que nous puissions leur proposer la meilleure solution.<\/p>\n<p><strong>Pour les tenues : <\/strong><\/p>\n<p><strong>Contemporain : <\/strong>pr\u00e9voir l&rsquo;achat d&rsquo;une tenue pour les cours (achat group\u00e9 par le professeur fin septembre); pieds nus et cheveux attach\u00e9s.<\/p>\n<p><strong>Classique<\/strong> : pr\u00e9voir l&rsquo;achat d&rsquo;une tenue pour les cours (achat group\u00e9 par le professeur fin septembre), collants\/justaucorps\/chaussons ; cheveux attach\u00e9s.<\/p>\n<p><strong>Participation demand\u00e9 aux costumes du SPECTACLE<\/strong>.<\/p>\n<p><strong>Description de l&rsquo;activit\u00e9 :<\/strong><\/p>\n<blockquote><p>L&rsquo;ARBR propose des cours de Danse Contemporaine et de Danse Classique ; les cours sont des temps partag\u00e9s entre technique et cr\u00e9ation.<\/p>\n<p>Activit\u00e9 phare du Bois Raguenet, la danse propose des cours pour les enfants \u00e0 partir de 5 ans, pour les jeunes, les adultes, et ceci dans des styles classiques ou contemporains.<\/p>\n<p>Des ateliers sont propos\u00e9s ponctuellement au cours de certaines s\u00e9ances, afin que chaque \u00e9l\u00e8ve puisse :<br \/>\n&#8211; s&rsquo;approprier et ressentir le mouvement,<br \/>\n&#8211; d\u00e9velopper l&rsquo;\u00e9nergie n\u00e9cessaire pour l&rsquo;ex\u00e9cution et l&rsquo;interpr\u00e9tation,<br \/>\n&#8211; improviser et jouer avec sa sensibilit\u00e9 et sa personnalit\u00e9.<\/p>\n<p>Un travail original sur les spectacles de fin d&rsquo;ann\u00e9e est effectu\u00e9 avec chacun des groupes&nbsp;; l&rsquo;alchimie des interpr\u00e9tations (ou la dynamique et l&rsquo;implication des groupes) r\u00e9v\u00e8le la po\u00e9sie et la cr\u00e9ation artistique de chacune des manifestations.<\/p>\n<p>Le cours d&rsquo;\u00e9veil permet aux plus jeunes de d\u00e9velopper sens cr\u00e9atif et imaginaire, de prendre en compte l&rsquo;espace et le groupe et de d\u00e9couvrir musique et mouvement.<\/p><\/blockquote>\n<p><strong><span style=\"font-size: 14pt; color: #339966;\">* SPECTACLE de Danse de l&rsquo;ARBR : Samedi 29 Juin 2025 &#8211; \u00e0 l&rsquo;Odyss\u00e9e ORVAULT<\/span><\/strong><\/p>\n<p>Cette ann\u00e9e, les danseuses et danseurs de l&rsquo;ARBR ont \u00e9volu\u00e9 sur le th\u00e8me:<\/p>\n<p><img loading=\"lazy\" decoding=\"async\" class=\"alignnone size-large wp-image-8027\" src=\"https:\/\/arbr.fr\/wordpress\/wp-content\/uploads\/2025\/08\/Montage-spectacle-2025-724x1024.jpg\" alt=\"\" width=\"724\" height=\"1024\" srcset=\"https:\/\/arbr.fr\/wordpress\/wp-content\/uploads\/2025\/08\/Montage-spectacle-2025-724x1024.jpg 724w, https:\/\/arbr.fr\/wordpress\/wp-content\/uploads\/2025\/08\/Montage-spectacle-2025-212x300.jpg 212w, https:\/\/arbr.fr\/wordpress\/wp-content\/uploads\/2025\/08\/Montage-spectacle-2025-768x1086.jpg 768w, https:\/\/arbr.fr\/wordpress\/wp-content\/uploads\/2025\/08\/Montage-spectacle-2025.jpg 1050w\" sizes=\"(max-width: 724px) 100vw, 724px\" \/><\/p>\n<p>Que vous ayez ou non des enfants qui participent \u00e0 ce spectacle, d\u00e9couvrez le spectacle par les photos et la captation vid\u00e9o r\u00e9alis\u00e9.<\/p>\n<p><strong>Tarifs : 8\u20ac<\/strong><\/p>\n<p><a href=\"https:\/\/www.helloasso.com\/associations\/association-des-residents-du-bois-raguenet\/evenements\/captation-spectacle-de-danse-de-l-arbr-juin-2025\">https:\/\/www.helloasso.com\/associations\/association-des-residents-du-bois-raguenet\/evenements\/captation-spectacle-de-danse-de-l-arbr-juin-2025<\/a><\/p>\n<p><img loading=\"lazy\" decoding=\"async\" class=\"alignnone wp-image-7907\" src=\"https:\/\/arbr.fr\/wordpress\/wp-content\/uploads\/2025\/07\/qrcode1.png\" alt=\"\" width=\"201\" height=\"201\" srcset=\"https:\/\/arbr.fr\/wordpress\/wp-content\/uploads\/2025\/07\/qrcode1.png 600w, https:\/\/arbr.fr\/wordpress\/wp-content\/uploads\/2025\/07\/qrcode1-300x300.png 300w, https:\/\/arbr.fr\/wordpress\/wp-content\/uploads\/2025\/07\/qrcode1-150x150.png 150w, https:\/\/arbr.fr\/wordpress\/wp-content\/uploads\/2025\/07\/qrcode1-80x80.png 80w, https:\/\/arbr.fr\/wordpress\/wp-content\/uploads\/2025\/07\/qrcode1-320x320.png 320w\" sizes=\"(max-width: 201px) 100vw, 201px\" \/><\/p>\n<p><span style=\"font-size: 14pt; color: #ff00ff;\"><em><strong><span style=\"font-size: 18pt;\">Spectacle de Danse 2024<\/span>&nbsp; : le 29 Juin \u00e0 l&rsquo;Odyss\u00e9e 20h30<br \/>\n<\/strong><\/em><\/span><\/p>\n<p><span style=\"font-size: 14pt;\">Th\u00e8me : HUMAIN. \u00catre (ou ne pas \u00eatre)<\/span><\/p>\n<p><img loading=\"lazy\" decoding=\"async\" class=\"alignnone wp-image-6779\" src=\"https:\/\/arbr.fr\/wordpress\/wp-content\/uploads\/2024\/08\/Montage-1-danse-1024x724.jpg\" alt=\"\" width=\"1127\" height=\"797\" srcset=\"https:\/\/arbr.fr\/wordpress\/wp-content\/uploads\/2024\/08\/Montage-1-danse-1024x724.jpg 1024w, https:\/\/arbr.fr\/wordpress\/wp-content\/uploads\/2024\/08\/Montage-1-danse-300x212.jpg 300w, https:\/\/arbr.fr\/wordpress\/wp-content\/uploads\/2024\/08\/Montage-1-danse-768x543.jpg 768w, https:\/\/arbr.fr\/wordpress\/wp-content\/uploads\/2024\/08\/Montage-1-danse.jpg 1485w\" sizes=\"(max-width: 1127px) 100vw, 1127px\" \/><\/p>\n<p style=\"text-align: left;\"><em><strong>&nbsp;&nbsp;&nbsp;&nbsp;&nbsp; Un grand bravo \u00e0 Julie (professeure) et Aur\u00e9lie (r\u00e9f\u00e9rente b\u00e9n\u00e9vole) qui ont r\u00e9ussi avec tous les danseurs et danseuses \u00e0 enthousiasmer la foule !<br \/>\n<\/strong><\/em><\/p>\n<p style=\"text-align: left;\"><em><strong>&nbsp;&nbsp;&nbsp;&nbsp;&nbsp; Merci \u00e0 tous les b\u00e9n\u00e9voles (petits et grands) et \u00e0 notre photographe Richard !<\/strong><\/em><\/p>\n<p>&nbsp;<\/p>\n<p><span style=\"font-size: 14pt;\"><em><strong><span style=\"color: #ff6600;\">Spectacle de Danse le 26 Mai 2024 15h50 au Th\u00e9\u00e2tre de la Gobini\u00e8re :<\/span><br \/>\n<\/strong><\/em><\/span><\/p>\n<p>Le groupe d&rsquo;adultes de danse de l&rsquo;ARBR \u00e0 particip\u00e9 \u00e0 la manifestation organis\u00e9e autour de la danse par la ville d&rsquo;Orvault le dimanche 26 mai avec la chor\u00e9graphie des Orques :<\/p>\n<p>&nbsp; <img loading=\"lazy\" decoding=\"async\" class=\"alignnone wp-image-6481\" src=\"https:\/\/arbr.fr\/wordpress\/wp-content\/uploads\/2024\/05\/2024-05-17-AFFICHE-UN-BEAU-DIMANCHE-A-LA-GOBINIERE--1024x538.jpg\" alt=\"\" width=\"306\" height=\"161\" srcset=\"https:\/\/arbr.fr\/wordpress\/wp-content\/uploads\/2024\/05\/2024-05-17-AFFICHE-UN-BEAU-DIMANCHE-A-LA-GOBINIERE--1024x538.jpg 1024w, https:\/\/arbr.fr\/wordpress\/wp-content\/uploads\/2024\/05\/2024-05-17-AFFICHE-UN-BEAU-DIMANCHE-A-LA-GOBINIERE--300x158.jpg 300w, https:\/\/arbr.fr\/wordpress\/wp-content\/uploads\/2024\/05\/2024-05-17-AFFICHE-UN-BEAU-DIMANCHE-A-LA-GOBINIERE--768x403.jpg 768w, https:\/\/arbr.fr\/wordpress\/wp-content\/uploads\/2024\/05\/2024-05-17-AFFICHE-UN-BEAU-DIMANCHE-A-LA-GOBINIERE-.jpg 1200w\" sizes=\"(max-width: 306px) 100vw, 306px\" \/> &nbsp;<\/p>\n<p><img loading=\"lazy\" decoding=\"async\" class=\"alignnone wp-image-6515\" src=\"https:\/\/arbr.fr\/wordpress\/wp-content\/uploads\/2024\/05\/2024-05-31-photo-1-1024x683.jpg\" alt=\"\" width=\"354\" height=\"236\" srcset=\"https:\/\/arbr.fr\/wordpress\/wp-content\/uploads\/2024\/05\/2024-05-31-photo-1-1024x683.jpg 1024w, https:\/\/arbr.fr\/wordpress\/wp-content\/uploads\/2024\/05\/2024-05-31-photo-1-300x200.jpg 300w, https:\/\/arbr.fr\/wordpress\/wp-content\/uploads\/2024\/05\/2024-05-31-photo-1-768x512.jpg 768w, https:\/\/arbr.fr\/wordpress\/wp-content\/uploads\/2024\/05\/2024-05-31-photo-1-1536x1024.jpg 1536w, https:\/\/arbr.fr\/wordpress\/wp-content\/uploads\/2024\/05\/2024-05-31-photo-1-2048x1365.jpg 2048w\" sizes=\"(max-width: 354px) 100vw, 354px\" \/>&nbsp; <img loading=\"lazy\" decoding=\"async\" class=\"alignnone wp-image-6516\" src=\"https:\/\/arbr.fr\/wordpress\/wp-content\/uploads\/2024\/05\/2024-05-31-photo-2-1024x683.jpg\" alt=\"\" width=\"348\" height=\"232\" srcset=\"https:\/\/arbr.fr\/wordpress\/wp-content\/uploads\/2024\/05\/2024-05-31-photo-2-1024x683.jpg 1024w, https:\/\/arbr.fr\/wordpress\/wp-content\/uploads\/2024\/05\/2024-05-31-photo-2-300x200.jpg 300w, https:\/\/arbr.fr\/wordpress\/wp-content\/uploads\/2024\/05\/2024-05-31-photo-2-768x512.jpg 768w, https:\/\/arbr.fr\/wordpress\/wp-content\/uploads\/2024\/05\/2024-05-31-photo-2-1536x1024.jpg 1536w, https:\/\/arbr.fr\/wordpress\/wp-content\/uploads\/2024\/05\/2024-05-31-photo-2-2048x1365.jpg 2048w\" sizes=\"(max-width: 348px) 100vw, 348px\" \/><\/p>\n<p>Merci \u00e0 la photographe Elo\u00efse !<\/p>\n<p><span style=\"font-size: 14pt;\"><em><strong>&nbsp;<\/strong><\/em><\/span><\/p>\n<p><span style=\"font-size: 14pt;\"><em><strong>Spectacle de Danse&nbsp; de fin d&rsquo;ann\u00e9e : en juin 2023 \u00e0 l&rsquo;Odyss\u00e9e<\/strong><\/em><\/span><\/p>\n<p><img loading=\"lazy\" decoding=\"async\" class=\"alignnone wp-image-4592\" src=\"https:\/\/arbr.fr\/wordpress\/wp-content\/uploads\/2023\/06\/Montage-1.jpg\" alt=\"\" width=\"658\" height=\"466\" srcset=\"https:\/\/arbr.fr\/wordpress\/wp-content\/uploads\/2023\/06\/Montage-1.jpg 1485w, https:\/\/arbr.fr\/wordpress\/wp-content\/uploads\/2023\/06\/Montage-1-300x212.jpg 300w, https:\/\/arbr.fr\/wordpress\/wp-content\/uploads\/2023\/06\/Montage-1-1024x724.jpg 1024w, https:\/\/arbr.fr\/wordpress\/wp-content\/uploads\/2023\/06\/Montage-1-768x543.jpg 768w\" sizes=\"(max-width: 658px) 100vw, 658px\" \/><\/p>\n<p><strong>Nouveau en Danse depuis janvier 2018 : Ouverture d&rsquo;un cours de \u00ab\u00a0Barre au sol\u00a0\u00bb<br \/>\n<\/strong><\/p>\n<p>Julie, notre Professeur de Danse, nous propose un nouveau cours, intitul\u00e9 \u00ab\u00a0Barre au sol\u00a0\u00bb, <strong>le mardi de 19h00 \u00e0 20h15<\/strong>.<\/p>\n<p>Pour les n\u00e9ophytes, la barre au sol est une technique qui consiste \u00e0 faire au sol les exercices ex\u00e9cut\u00e9s habituellement debout. Cela permet de limiter les probl\u00e8mes d&rsquo;\u00e9quilibre, de travailler la pr\u00e9cision du placement et d&rsquo;augmenter l&rsquo;amplitude articulaire.<\/p>\n<p>Ce cours est tr\u00e8s accessible, y compris pour les d\u00e9butants.<\/p>\n<p>Il permet de travailler la souplesse, le renforcement musculaire et le placement.<\/p>\n<p>Vous pouvez profiter d&rsquo;un cours d&rsquo;essai.<\/p>\n<p>Alors, pourquoi ne pas tenter?<\/p>\n<p><strong>N.B.<\/strong> \u2013 <em>Pour les horaires des cours, consulter en ligne sur le site de l\u2019ARBR la plaquette des activit\u00e9s<\/em>.<\/p>\n<p>&nbsp;<\/p>\n","protected":false},"excerpt":{"rendered":"<p>Contacts :&nbsp; Aur\u00e9lie CORMERAIS &#8211; 06 83 34 73 59 &#8211; danse.arbr@gmail.com Professeure D.E. :&nbsp; Julie STEINMETZ &nbsp; &nbsp; EVEIL &nbsp;&nbsp;&nbsp;&nbsp;&nbsp;&nbsp;&nbsp;&nbsp;&nbsp; = &nbsp;Grande Section Maternelle INITIATION =&nbsp; CP et CE1 CONTEMPORAIN ou CLASSIQUE D\u00e9butant&#46;&#46;&#46;<\/p>\n","protected":false},"author":1,"featured_media":0,"parent":0,"menu_order":0,"comment_status":"closed","ping_status":"closed","template":"","meta":{"ngg_post_thumbnail":0,"footnotes":""},"class_list":["post-11","page","type-page","status-publish","hentry"],"yoast_head":"<!-- This site is optimized with the Yoast SEO plugin v24.1 - https:\/\/yoast.com\/wordpress\/plugins\/seo\/ -->\n<title>Danse - ARBR - Orvault<\/title>\n<meta name=\"description\" content=\"\u00c9cole de Danse Contemporaine, Danse Classique, \u00c9veil \u00e0 la Danse \u00e0 Orvault, Professeure D.E. Julie Steinmetz, Gala fin d&#039;ann\u00e9e\" \/>\n<meta name=\"robots\" content=\"index, follow, max-snippet:-1, max-image-preview:large, max-video-preview:-1\" \/>\n<link rel=\"canonical\" href=\"https:\/\/arbr.fr\/wordpress\/danse-orvault\/\" \/>\n<meta property=\"og:locale\" content=\"fr_FR\" \/>\n<meta property=\"og:type\" content=\"article\" \/>\n<meta property=\"og:title\" content=\"Danse - ARBR - Orvault\" \/>\n<meta property=\"og:description\" content=\"\u00c9cole de Danse Contemporaine, Danse Classique, \u00c9veil \u00e0 la Danse \u00e0 Orvault, Professeure D.E. Julie Steinmetz, Gala fin d&#039;ann\u00e9e\" \/>\n<meta property=\"og:url\" content=\"https:\/\/arbr.fr\/wordpress\/danse-orvault\/\" \/>\n<meta property=\"og:site_name\" content=\"ARBR\" \/>\n<meta property=\"article:modified_time\" content=\"2025-08-27T10:25:46+00:00\" \/>\n<meta property=\"og:image\" content=\"https:\/\/arbr.fr\/wordpress\/wp-content\/uploads\/2023\/09\/IMG_5888-1.jpg\" \/>\n\t<meta property=\"og:image:width\" content=\"1535\" \/>\n\t<meta property=\"og:image:height\" content=\"801\" \/>\n\t<meta property=\"og:image:type\" content=\"image\/jpeg\" \/>\n<meta name=\"twitter:card\" content=\"summary_large_image\" \/>\n<meta name=\"twitter:label1\" content=\"Dur\u00e9e de lecture estim\u00e9e\" \/>\n\t<meta name=\"twitter:data1\" content=\"6 minutes\" \/>\n<script type=\"application\/ld+json\" class=\"yoast-schema-graph\">{\"@context\":\"https:\/\/schema.org\",\"@graph\":[{\"@type\":\"WebPage\",\"@id\":\"https:\/\/arbr.fr\/wordpress\/danse-orvault\/\",\"url\":\"https:\/\/arbr.fr\/wordpress\/danse-orvault\/\",\"name\":\"Danse - ARBR - Orvault\",\"isPartOf\":{\"@id\":\"https:\/\/arbr.fr\/wordpress\/#website\"},\"primaryImageOfPage\":{\"@id\":\"https:\/\/arbr.fr\/wordpress\/danse-orvault\/#primaryimage\"},\"image\":{\"@id\":\"https:\/\/arbr.fr\/wordpress\/danse-orvault\/#primaryimage\"},\"thumbnailUrl\":\"https:\/\/arbr.fr\/wordpress\/wp-content\/uploads\/2023\/09\/IMG_5888-1.jpg\",\"datePublished\":\"2017-01-15T19:30:41+00:00\",\"dateModified\":\"2025-08-27T10:25:46+00:00\",\"description\":\"\u00c9cole de Danse Contemporaine, Danse Classique, \u00c9veil \u00e0 la Danse \u00e0 Orvault, Professeure D.E. Julie Steinmetz, Gala fin d'ann\u00e9e\",\"breadcrumb\":{\"@id\":\"https:\/\/arbr.fr\/wordpress\/danse-orvault\/#breadcrumb\"},\"inLanguage\":\"fr-FR\",\"potentialAction\":[{\"@type\":\"ReadAction\",\"target\":[\"https:\/\/arbr.fr\/wordpress\/danse-orvault\/\"]}]},{\"@type\":\"ImageObject\",\"inLanguage\":\"fr-FR\",\"@id\":\"https:\/\/arbr.fr\/wordpress\/danse-orvault\/#primaryimage\",\"url\":\"https:\/\/arbr.fr\/wordpress\/wp-content\/uploads\/2023\/09\/IMG_5888-1.jpg\",\"contentUrl\":\"https:\/\/arbr.fr\/wordpress\/wp-content\/uploads\/2023\/09\/IMG_5888-1.jpg\",\"width\":1535,\"height\":801},{\"@type\":\"BreadcrumbList\",\"@id\":\"https:\/\/arbr.fr\/wordpress\/danse-orvault\/#breadcrumb\",\"itemListElement\":[{\"@type\":\"ListItem\",\"position\":1,\"name\":\"Accueil\",\"item\":\"https:\/\/arbr.fr\/wordpress\/\"},{\"@type\":\"ListItem\",\"position\":2,\"name\":\"Danse\"}]},{\"@type\":\"WebSite\",\"@id\":\"https:\/\/arbr.fr\/wordpress\/#website\",\"url\":\"https:\/\/arbr.fr\/wordpress\/\",\"name\":\"ARBR\",\"description\":\"Association des r\u00e9sidents du Bois Raguenet\",\"publisher\":{\"@id\":\"https:\/\/arbr.fr\/wordpress\/#organization\"},\"potentialAction\":[{\"@type\":\"SearchAction\",\"target\":{\"@type\":\"EntryPoint\",\"urlTemplate\":\"https:\/\/arbr.fr\/wordpress\/?s={search_term_string}\"},\"query-input\":{\"@type\":\"PropertyValueSpecification\",\"valueRequired\":true,\"valueName\":\"search_term_string\"}}],\"inLanguage\":\"fr-FR\"},{\"@type\":\"Organization\",\"@id\":\"https:\/\/arbr.fr\/wordpress\/#organization\",\"name\":\"ARBR\",\"url\":\"https:\/\/arbr.fr\/wordpress\/\",\"logo\":{\"@type\":\"ImageObject\",\"inLanguage\":\"fr-FR\",\"@id\":\"https:\/\/arbr.fr\/wordpress\/#\/schema\/logo\/image\/\",\"url\":\"https:\/\/arbr.fr\/wordpress\/wp-content\/uploads\/2017\/03\/0.png\",\"contentUrl\":\"https:\/\/arbr.fr\/wordpress\/wp-content\/uploads\/2017\/03\/0.png\",\"width\":650,\"height\":283,\"caption\":\"ARBR\"},\"image\":{\"@id\":\"https:\/\/arbr.fr\/wordpress\/#\/schema\/logo\/image\/\"}}]}<\/script>\n<!-- \/ Yoast SEO plugin. -->","yoast_head_json":{"title":"Danse - ARBR - Orvault","description":"\u00c9cole de Danse Contemporaine, Danse Classique, \u00c9veil \u00e0 la Danse \u00e0 Orvault, Professeure D.E. Julie Steinmetz, Gala fin d'ann\u00e9e","robots":{"index":"index","follow":"follow","max-snippet":"max-snippet:-1","max-image-preview":"max-image-preview:large","max-video-preview":"max-video-preview:-1"},"canonical":"https:\/\/arbr.fr\/wordpress\/danse-orvault\/","og_locale":"fr_FR","og_type":"article","og_title":"Danse - ARBR - Orvault","og_description":"\u00c9cole de Danse Contemporaine, Danse Classique, \u00c9veil \u00e0 la Danse \u00e0 Orvault, Professeure D.E. Julie Steinmetz, Gala fin d'ann\u00e9e","og_url":"https:\/\/arbr.fr\/wordpress\/danse-orvault\/","og_site_name":"ARBR","article_modified_time":"2025-08-27T10:25:46+00:00","og_image":[{"width":1535,"height":801,"url":"https:\/\/arbr.fr\/wordpress\/wp-content\/uploads\/2023\/09\/IMG_5888-1.jpg","type":"image\/jpeg"}],"twitter_card":"summary_large_image","twitter_misc":{"Dur\u00e9e de lecture estim\u00e9e":"6 minutes"},"schema":{"@context":"https:\/\/schema.org","@graph":[{"@type":"WebPage","@id":"https:\/\/arbr.fr\/wordpress\/danse-orvault\/","url":"https:\/\/arbr.fr\/wordpress\/danse-orvault\/","name":"Danse - ARBR - Orvault","isPartOf":{"@id":"https:\/\/arbr.fr\/wordpress\/#website"},"primaryImageOfPage":{"@id":"https:\/\/arbr.fr\/wordpress\/danse-orvault\/#primaryimage"},"image":{"@id":"https:\/\/arbr.fr\/wordpress\/danse-orvault\/#primaryimage"},"thumbnailUrl":"https:\/\/arbr.fr\/wordpress\/wp-content\/uploads\/2023\/09\/IMG_5888-1.jpg","datePublished":"2017-01-15T19:30:41+00:00","dateModified":"2025-08-27T10:25:46+00:00","description":"\u00c9cole de Danse Contemporaine, Danse Classique, \u00c9veil \u00e0 la Danse \u00e0 Orvault, Professeure D.E. Julie Steinmetz, Gala fin d'ann\u00e9e","breadcrumb":{"@id":"https:\/\/arbr.fr\/wordpress\/danse-orvault\/#breadcrumb"},"inLanguage":"fr-FR","potentialAction":[{"@type":"ReadAction","target":["https:\/\/arbr.fr\/wordpress\/danse-orvault\/"]}]},{"@type":"ImageObject","inLanguage":"fr-FR","@id":"https:\/\/arbr.fr\/wordpress\/danse-orvault\/#primaryimage","url":"https:\/\/arbr.fr\/wordpress\/wp-content\/uploads\/2023\/09\/IMG_5888-1.jpg","contentUrl":"https:\/\/arbr.fr\/wordpress\/wp-content\/uploads\/2023\/09\/IMG_5888-1.jpg","width":1535,"height":801},{"@type":"BreadcrumbList","@id":"https:\/\/arbr.fr\/wordpress\/danse-orvault\/#breadcrumb","itemListElement":[{"@type":"ListItem","position":1,"name":"Accueil","item":"https:\/\/arbr.fr\/wordpress\/"},{"@type":"ListItem","position":2,"name":"Danse"}]},{"@type":"WebSite","@id":"https:\/\/arbr.fr\/wordpress\/#website","url":"https:\/\/arbr.fr\/wordpress\/","name":"ARBR","description":"Association des r\u00e9sidents du Bois Raguenet","publisher":{"@id":"https:\/\/arbr.fr\/wordpress\/#organization"},"potentialAction":[{"@type":"SearchAction","target":{"@type":"EntryPoint","urlTemplate":"https:\/\/arbr.fr\/wordpress\/?s={search_term_string}"},"query-input":{"@type":"PropertyValueSpecification","valueRequired":true,"valueName":"search_term_string"}}],"inLanguage":"fr-FR"},{"@type":"Organization","@id":"https:\/\/arbr.fr\/wordpress\/#organization","name":"ARBR","url":"https:\/\/arbr.fr\/wordpress\/","logo":{"@type":"ImageObject","inLanguage":"fr-FR","@id":"https:\/\/arbr.fr\/wordpress\/#\/schema\/logo\/image\/","url":"https:\/\/arbr.fr\/wordpress\/wp-content\/uploads\/2017\/03\/0.png","contentUrl":"https:\/\/arbr.fr\/wordpress\/wp-content\/uploads\/2017\/03\/0.png","width":650,"height":283,"caption":"ARBR"},"image":{"@id":"https:\/\/arbr.fr\/wordpress\/#\/schema\/logo\/image\/"}}]}},"_links":{"self":[{"href":"https:\/\/arbr.fr\/wordpress\/wp-json\/wp\/v2\/pages\/11"}],"collection":[{"href":"https:\/\/arbr.fr\/wordpress\/wp-json\/wp\/v2\/pages"}],"about":[{"href":"https:\/\/arbr.fr\/wordpress\/wp-json\/wp\/v2\/types\/page"}],"author":[{"embeddable":true,"href":"https:\/\/arbr.fr\/wordpress\/wp-json\/wp\/v2\/users\/1"}],"replies":[{"embeddable":true,"href":"https:\/\/arbr.fr\/wordpress\/wp-json\/wp\/v2\/comments?post=11"}],"version-history":[{"count":84,"href":"https:\/\/arbr.fr\/wordpress\/wp-json\/wp\/v2\/pages\/11\/revisions"}],"predecessor-version":[{"id":8030,"href":"https:\/\/arbr.fr\/wordpress\/wp-json\/wp\/v2\/pages\/11\/revisions\/8030"}],"wp:attachment":[{"href":"https:\/\/arbr.fr\/wordpress\/wp-json\/wp\/v2\/media?parent=11"}],"curies":[{"name":"wp","href":"https:\/\/api.w.org\/{rel}","templated":true}]}}