{"id":102,"date":"2017-01-22T10:46:11","date_gmt":"2017-01-22T09:46:11","guid":{"rendered":"http:\/\/arbr.fr\/wordpress\/?page_id=102"},"modified":"2026-01-23T15:50:12","modified_gmt":"2026-01-23T14:50:12","slug":"equipe","status":"publish","type":"page","link":"https:\/\/arbr.fr\/wordpress\/equipe\/","title":{"rendered":"Equipe (Bureau\/CA)"},"content":{"rendered":"<p style=\"text-align: center;\">COMPOSITION DU COMITE D&rsquo;ANIMATION 2025-2026<\/p>\n<p style=\"text-align: center;\">MEMBRES DU BUREAU \u00c9LUS LE 17 D\u00c9CEMBRE 2025<\/p>\n<table style=\"border-collapse: collapse; width: 100%;\">\n<tbody>\n<tr>\n<td style=\"width: 50%;\"><img loading=\"lazy\" decoding=\"async\" class=\" wp-image-8408 aligncenter\" src=\"https:\/\/arbr.fr\/wordpress\/wp-content\/uploads\/2026\/01\/2026-CA-ARBR-1-1024x611.jpg\" alt=\"\" width=\"600\" height=\"358\" srcset=\"https:\/\/arbr.fr\/wordpress\/wp-content\/uploads\/2026\/01\/2026-CA-ARBR-1-1024x611.jpg 1024w, https:\/\/arbr.fr\/wordpress\/wp-content\/uploads\/2026\/01\/2026-CA-ARBR-1-300x179.jpg 300w, https:\/\/arbr.fr\/wordpress\/wp-content\/uploads\/2026\/01\/2026-CA-ARBR-1-768x458.jpg 768w, https:\/\/arbr.fr\/wordpress\/wp-content\/uploads\/2026\/01\/2026-CA-ARBR-1-1536x917.jpg 1536w, https:\/\/arbr.fr\/wordpress\/wp-content\/uploads\/2026\/01\/2026-CA-ARBR-1-2048x1222.jpg 2048w\" sizes=\"(max-width: 600px) 100vw, 600px\" \/><\/td>\n<td style=\"width: 50%;\"><img loading=\"lazy\" decoding=\"async\" class=\"wp-image-8407 aligncenter\" src=\"https:\/\/arbr.fr\/wordpress\/wp-content\/uploads\/2026\/01\/2026-CA-ARBR-2-1024x663.jpg\" alt=\"\" width=\"552\" height=\"357\" srcset=\"https:\/\/arbr.fr\/wordpress\/wp-content\/uploads\/2026\/01\/2026-CA-ARBR-2-1024x663.jpg 1024w, https:\/\/arbr.fr\/wordpress\/wp-content\/uploads\/2026\/01\/2026-CA-ARBR-2-300x194.jpg 300w, https:\/\/arbr.fr\/wordpress\/wp-content\/uploads\/2026\/01\/2026-CA-ARBR-2-768x497.jpg 768w, https:\/\/arbr.fr\/wordpress\/wp-content\/uploads\/2026\/01\/2026-CA-ARBR-2-1536x994.jpg 1536w, https:\/\/arbr.fr\/wordpress\/wp-content\/uploads\/2026\/01\/2026-CA-ARBR-2-2048x1325.jpg 2048w\" sizes=\"(max-width: 552px) 100vw, 552px\" \/><\/td>\n<\/tr>\n<\/tbody>\n<\/table>\n<table style=\"height: 166px; width: 94.896%;\">\n<tbody>\n<tr style=\"height: 33px;\">\n<td style=\"width: 30.3728%; height: 33px;\">&nbsp;Nom<\/td>\n<td style=\"width: 68.75%; height: 33px;\">R\u00f4le<\/td>\n<\/tr>\n<tr style=\"height: 33px;\">\n<td style=\"width: 30.3728%; height: 30px;\">Didier GIRARDET<\/td>\n<td style=\"width: 68.75%; height: 30px;\">Pr\u00e9sident, Comit\u00e9 des f\u00eates<\/td>\n<\/tr>\n<tr style=\"height: 33px;\">\n<td style=\"width: 30.3728%; height: 16px;\">Marie-H\u00e9l\u00e8ne MAUBOUSSIN<\/td>\n<td style=\"width: 68.75%; height: 16px;\">Vice-Pr\u00e9sidente, gestion Administrative et RH<\/td>\n<\/tr>\n<tr style=\"height: 16px;\">\n<td style=\"width: 30.3728%; height: 16px;\">B\u00e9atrice CAMELIO<\/td>\n<td style=\"width: 68.75%; height: 16px;\">Tr\u00e9sori\u00e8re, gestion comptes<\/td>\n<\/tr>\n<tr style=\"height: 16px;\">\n<td style=\"width: 30.3728%; height: 16px;\">Val\u00e9rie BENOIT<\/td>\n<td style=\"width: 68.75%; height: 16px;\">Tr\u00e9sori\u00e8re-Adjointe, gestion paies<\/td>\n<\/tr>\n<tr style=\"height: 16px;\">\n<td style=\"width: 30.3728%; height: 16px;\">Anne CALAIS<\/td>\n<td style=\"width: 68.75%; height: 16px;\">Coordination activit\u00e9s<\/td>\n<\/tr>\n<tr>\n<td style=\"width: 30.3728%;\">Claudine MOLINARO<\/td>\n<td style=\"width: 68.75%;\">Secr\u00e9taire<\/td>\n<\/tr>\n<\/tbody>\n<\/table>\n<p style=\"text-align: center;\">AUTRES MEMBRES DU CA<\/p>\n<table style=\"width: 95.1158%; height: 452px;\">\n<tbody>\n<tr style=\"height: 24px;\">\n<td style=\"width: 22.9794%; height: 24px;\">Marie-Noelle ALLAIN<\/td>\n<td style=\"width: 52.3045%; height: 24px;\">R\u00e9f\u00e9rente Chorale<\/td>\n<\/tr>\n<tr>\n<td style=\"width: 22.9794%;\">Andr\u00e9 BANCHEREAU<\/td>\n<td style=\"width: 52.3045%; height: 24px;\">Logistique et Comit\u00e9 des f\u00eates<\/td>\n<\/tr>\n<tr style=\"height: 24px;\">\n<td style=\"width: 22.9794%; height: 24px;\">Catherine GUISNEL<\/td>\n<td style=\"width: 52.3045%; height: 24px;\">Eco-reponsable, Comit\u00e9 des f\u00eates<\/td>\n<\/tr>\n<tr style=\"height: 24px;\">\n<td style=\"width: 22.9794%; height: 24px;\">Sylviane GIRARDET<\/td>\n<td style=\"width: 52.3045%; height: 24px;\">R\u00e9f\u00e9rente Tricot et papotage<\/td>\n<\/tr>\n<tr style=\"height: 24px;\">\n<td style=\"width: 22.9794%; height: 24px;\">Alexian HOPCHTEIDRE<\/td>\n<td style=\"width: 52.3045%; height: 24px;\">R\u00e9f\u00e9rent jeunes et Comit\u00e9 des f\u00eates<\/td>\n<\/tr>\n<tr style=\"height: 24px;\">\n<td style=\"width: 22.9794%; height: 24px;\">Didier HOPCHTEIDRE<\/td>\n<td style=\"width: 52.3045%; height: 24px;\">Logistique et Comit\u00e9 des f\u00eates<\/td>\n<\/tr>\n<tr style=\"height: 24px;\">\n<td style=\"width: 22.9794%; height: 24px;\">Catherine JADAUD et Emilie TOUVRON<\/td>\n<td style=\"width: 52.3045%; height: 24px;\">R\u00e9f\u00e9rentes Zouzous et Z&rsquo;stretching<\/td>\n<\/tr>\n<tr style=\"height: 24px;\">\n<td style=\"width: 22.9794%; height: 24px;\">Erwan MAHE<\/td>\n<td style=\"width: 52.3045%; height: 24px;\">Relation AIPE<\/td>\n<\/tr>\n<tr style=\"height: 21px;\">\n<td style=\"width: 22.9794%; height: 10px;\">Alain MOISON<\/td>\n<td style=\"width: 52.3045%; height: 10px;\">Relation F\u00e9d\u00e9ration du BR, Logistique<\/td>\n<\/tr>\n<tr style=\"height: 24px;\">\n<td style=\"width: 22.9794%; height: 24px;\">Claudine MOLINARO<\/td>\n<td style=\"width: 52.3045%; height: 24px;\">R\u00e9f\u00e9rente Jeux de soci\u00e9t\u00e9,&nbsp; Journal, Facteurs et Voituriers, Coin des Z&rsquo;ain\u00e9s<\/td>\n<\/tr>\n<tr style=\"height: 24px;\">\n<td style=\"width: 22.9794%; height: 24px;\">Josiane NOURY<\/td>\n<td style=\"width: 52.3045%; height: 24px;\">R\u00e9f\u00e9rente Patchwork<\/td>\n<\/tr>\n<tr style=\"height: 24px;\">\n<td style=\"width: 22.9794%; height: 24px;\">G\u00e9rard PEZENNEC<\/td>\n<td style=\"width: 52.3045%; height: 24px;\">Responsable Logistique, Comit\u00e9 des f\u00eates<\/td>\n<\/tr>\n<tr style=\"height: 24px;\">\n<td style=\"width: 22.9794%; height: 24px;\">Lysiane PEZENNEC<\/td>\n<td style=\"width: 52.3045%; height: 24px;\">Achats comestibles<\/td>\n<\/tr>\n<tr style=\"height: 24px;\">\n<td style=\"width: 22.9794%; height: 24px;\">Christophe QUILLET<\/td>\n<td style=\"width: 52.3045%; height: 24px;\">Logistique et Comit\u00e9 des f\u00eates<\/td>\n<\/tr>\n<tr style=\"height: 24px;\">\n<td style=\"width: 22.9794%; height: 24px;\">&nbsp;<\/td>\n<td style=\"width: 52.3045%; height: 24px;\">&nbsp;<\/td>\n<\/tr>\n<tr style=\"height: 24px;\">\n<td style=\"width: 22.9794%; height: 24px;\">&nbsp;<\/td>\n<td style=\"width: 52.3045%; height: 24px;\">&nbsp;<\/td>\n<\/tr>\n<\/tbody>\n<\/table>\n<p>L&rsquo;association de l&rsquo;ARBR a \u00e9t\u00e9 cr\u00e9\u00e9 en 1981.<\/p>\n","protected":false},"excerpt":{"rendered":"<p>COMPOSITION DU COMITE D&rsquo;ANIMATION 2025-2026 MEMBRES DU BUREAU \u00c9LUS LE 17 D\u00c9CEMBRE 2025 &nbsp;Nom R\u00f4le Didier GIRARDET Pr\u00e9sident, Comit\u00e9 des f\u00eates Marie-H\u00e9l\u00e8ne MAUBOUSSIN Vice-Pr\u00e9sidente, gestion Administrative et RH B\u00e9atrice CAMELIO Tr\u00e9sori\u00e8re, gestion comptes Val\u00e9rie&#46;&#46;&#46;<\/p>\n","protected":false},"author":1,"featured_media":0,"parent":0,"menu_order":0,"comment_status":"closed","ping_status":"closed","template":"","meta":{"ngg_post_thumbnail":0,"footnotes":""},"class_list":["post-102","page","type-page","status-publish","hentry"],"yoast_head":"<!-- This site is optimized with the Yoast SEO plugin v24.1 - https:\/\/yoast.com\/wordpress\/plugins\/seo\/ -->\n<title>Equipe (Bureau\/CA) - ARBR<\/title>\n<meta name=\"robots\" content=\"index, follow, max-snippet:-1, max-image-preview:large, max-video-preview:-1\" \/>\n<link rel=\"canonical\" href=\"https:\/\/arbr.fr\/wordpress\/equipe\/\" \/>\n<meta property=\"og:locale\" content=\"fr_FR\" \/>\n<meta property=\"og:type\" content=\"article\" \/>\n<meta property=\"og:title\" content=\"Equipe (Bureau\/CA) - ARBR\" \/>\n<meta property=\"og:description\" content=\"COMPOSITION DU COMITE D&rsquo;ANIMATION 2025-2026 MEMBRES DU BUREAU \u00c9LUS LE 17 D\u00c9CEMBRE 2025 &nbsp;Nom R\u00f4le Didier GIRARDET Pr\u00e9sident, Comit\u00e9 des f\u00eates Marie-H\u00e9l\u00e8ne MAUBOUSSIN Vice-Pr\u00e9sidente, gestion Administrative et RH B\u00e9atrice CAMELIO Tr\u00e9sori\u00e8re, gestion comptes Val\u00e9rie&#046;&#046;&#046;\" \/>\n<meta property=\"og:url\" content=\"https:\/\/arbr.fr\/wordpress\/equipe\/\" \/>\n<meta property=\"og:site_name\" content=\"ARBR\" \/>\n<meta property=\"article:modified_time\" content=\"2026-01-23T14:50:12+00:00\" \/>\n<meta property=\"og:image\" content=\"https:\/\/arbr.fr\/wordpress\/wp-content\/uploads\/2026\/01\/2026-CA-ARBR-1-scaled.jpg\" \/>\n\t<meta property=\"og:image:width\" content=\"2560\" \/>\n\t<meta property=\"og:image:height\" content=\"1528\" \/>\n\t<meta property=\"og:image:type\" content=\"image\/jpeg\" \/>\n<meta name=\"twitter:card\" content=\"summary_large_image\" \/>\n<meta name=\"twitter:label1\" content=\"Dur\u00e9e de lecture estim\u00e9e\" \/>\n\t<meta name=\"twitter:data1\" content=\"2 minutes\" \/>\n<script type=\"application\/ld+json\" class=\"yoast-schema-graph\">{\"@context\":\"https:\/\/schema.org\",\"@graph\":[{\"@type\":\"WebPage\",\"@id\":\"https:\/\/arbr.fr\/wordpress\/equipe\/\",\"url\":\"https:\/\/arbr.fr\/wordpress\/equipe\/\",\"name\":\"Equipe (Bureau\/CA) - ARBR\",\"isPartOf\":{\"@id\":\"https:\/\/arbr.fr\/wordpress\/#website\"},\"primaryImageOfPage\":{\"@id\":\"https:\/\/arbr.fr\/wordpress\/equipe\/#primaryimage\"},\"image\":{\"@id\":\"https:\/\/arbr.fr\/wordpress\/equipe\/#primaryimage\"},\"thumbnailUrl\":\"https:\/\/arbr.fr\/wordpress\/wp-content\/uploads\/2026\/01\/2026-CA-ARBR-1-1024x611.jpg\",\"datePublished\":\"2017-01-22T09:46:11+00:00\",\"dateModified\":\"2026-01-23T14:50:12+00:00\",\"breadcrumb\":{\"@id\":\"https:\/\/arbr.fr\/wordpress\/equipe\/#breadcrumb\"},\"inLanguage\":\"fr-FR\",\"potentialAction\":[{\"@type\":\"ReadAction\",\"target\":[\"https:\/\/arbr.fr\/wordpress\/equipe\/\"]}]},{\"@type\":\"ImageObject\",\"inLanguage\":\"fr-FR\",\"@id\":\"https:\/\/arbr.fr\/wordpress\/equipe\/#primaryimage\",\"url\":\"https:\/\/arbr.fr\/wordpress\/wp-content\/uploads\/2026\/01\/2026-CA-ARBR-1-scaled.jpg\",\"contentUrl\":\"https:\/\/arbr.fr\/wordpress\/wp-content\/uploads\/2026\/01\/2026-CA-ARBR-1-scaled.jpg\",\"width\":2560,\"height\":1528},{\"@type\":\"BreadcrumbList\",\"@id\":\"https:\/\/arbr.fr\/wordpress\/equipe\/#breadcrumb\",\"itemListElement\":[{\"@type\":\"ListItem\",\"position\":1,\"name\":\"Accueil\",\"item\":\"https:\/\/arbr.fr\/wordpress\/\"},{\"@type\":\"ListItem\",\"position\":2,\"name\":\"Equipe (Bureau\/CA)\"}]},{\"@type\":\"WebSite\",\"@id\":\"https:\/\/arbr.fr\/wordpress\/#website\",\"url\":\"https:\/\/arbr.fr\/wordpress\/\",\"name\":\"ARBR\",\"description\":\"Association des r\u00e9sidents du Bois Raguenet\",\"publisher\":{\"@id\":\"https:\/\/arbr.fr\/wordpress\/#organization\"},\"potentialAction\":[{\"@type\":\"SearchAction\",\"target\":{\"@type\":\"EntryPoint\",\"urlTemplate\":\"https:\/\/arbr.fr\/wordpress\/?s={search_term_string}\"},\"query-input\":{\"@type\":\"PropertyValueSpecification\",\"valueRequired\":true,\"valueName\":\"search_term_string\"}}],\"inLanguage\":\"fr-FR\"},{\"@type\":\"Organization\",\"@id\":\"https:\/\/arbr.fr\/wordpress\/#organization\",\"name\":\"ARBR\",\"url\":\"https:\/\/arbr.fr\/wordpress\/\",\"logo\":{\"@type\":\"ImageObject\",\"inLanguage\":\"fr-FR\",\"@id\":\"https:\/\/arbr.fr\/wordpress\/#\/schema\/logo\/image\/\",\"url\":\"https:\/\/arbr.fr\/wordpress\/wp-content\/uploads\/2017\/03\/0.png\",\"contentUrl\":\"https:\/\/arbr.fr\/wordpress\/wp-content\/uploads\/2017\/03\/0.png\",\"width\":650,\"height\":283,\"caption\":\"ARBR\"},\"image\":{\"@id\":\"https:\/\/arbr.fr\/wordpress\/#\/schema\/logo\/image\/\"}}]}<\/script>\n<!-- \/ Yoast SEO plugin. -->","yoast_head_json":{"title":"Equipe (Bureau\/CA) - ARBR","robots":{"index":"index","follow":"follow","max-snippet":"max-snippet:-1","max-image-preview":"max-image-preview:large","max-video-preview":"max-video-preview:-1"},"canonical":"https:\/\/arbr.fr\/wordpress\/equipe\/","og_locale":"fr_FR","og_type":"article","og_title":"Equipe (Bureau\/CA) - ARBR","og_description":"COMPOSITION DU COMITE D&rsquo;ANIMATION 2025-2026 MEMBRES DU BUREAU \u00c9LUS LE 17 D\u00c9CEMBRE 2025 &nbsp;Nom R\u00f4le Didier GIRARDET Pr\u00e9sident, Comit\u00e9 des f\u00eates Marie-H\u00e9l\u00e8ne MAUBOUSSIN Vice-Pr\u00e9sidente, gestion Administrative et RH B\u00e9atrice CAMELIO Tr\u00e9sori\u00e8re, gestion comptes Val\u00e9rie&#46;&#46;&#46;","og_url":"https:\/\/arbr.fr\/wordpress\/equipe\/","og_site_name":"ARBR","article_modified_time":"2026-01-23T14:50:12+00:00","og_image":[{"width":2560,"height":1528,"url":"https:\/\/arbr.fr\/wordpress\/wp-content\/uploads\/2026\/01\/2026-CA-ARBR-1-scaled.jpg","type":"image\/jpeg"}],"twitter_card":"summary_large_image","twitter_misc":{"Dur\u00e9e de lecture estim\u00e9e":"2 minutes"},"schema":{"@context":"https:\/\/schema.org","@graph":[{"@type":"WebPage","@id":"https:\/\/arbr.fr\/wordpress\/equipe\/","url":"https:\/\/arbr.fr\/wordpress\/equipe\/","name":"Equipe (Bureau\/CA) - ARBR","isPartOf":{"@id":"https:\/\/arbr.fr\/wordpress\/#website"},"primaryImageOfPage":{"@id":"https:\/\/arbr.fr\/wordpress\/equipe\/#primaryimage"},"image":{"@id":"https:\/\/arbr.fr\/wordpress\/equipe\/#primaryimage"},"thumbnailUrl":"https:\/\/arbr.fr\/wordpress\/wp-content\/uploads\/2026\/01\/2026-CA-ARBR-1-1024x611.jpg","datePublished":"2017-01-22T09:46:11+00:00","dateModified":"2026-01-23T14:50:12+00:00","breadcrumb":{"@id":"https:\/\/arbr.fr\/wordpress\/equipe\/#breadcrumb"},"inLanguage":"fr-FR","potentialAction":[{"@type":"ReadAction","target":["https:\/\/arbr.fr\/wordpress\/equipe\/"]}]},{"@type":"ImageObject","inLanguage":"fr-FR","@id":"https:\/\/arbr.fr\/wordpress\/equipe\/#primaryimage","url":"https:\/\/arbr.fr\/wordpress\/wp-content\/uploads\/2026\/01\/2026-CA-ARBR-1-scaled.jpg","contentUrl":"https:\/\/arbr.fr\/wordpress\/wp-content\/uploads\/2026\/01\/2026-CA-ARBR-1-scaled.jpg","width":2560,"height":1528},{"@type":"BreadcrumbList","@id":"https:\/\/arbr.fr\/wordpress\/equipe\/#breadcrumb","itemListElement":[{"@type":"ListItem","position":1,"name":"Accueil","item":"https:\/\/arbr.fr\/wordpress\/"},{"@type":"ListItem","position":2,"name":"Equipe (Bureau\/CA)"}]},{"@type":"WebSite","@id":"https:\/\/arbr.fr\/wordpress\/#website","url":"https:\/\/arbr.fr\/wordpress\/","name":"ARBR","description":"Association des r\u00e9sidents du Bois Raguenet","publisher":{"@id":"https:\/\/arbr.fr\/wordpress\/#organization"},"potentialAction":[{"@type":"SearchAction","target":{"@type":"EntryPoint","urlTemplate":"https:\/\/arbr.fr\/wordpress\/?s={search_term_string}"},"query-input":{"@type":"PropertyValueSpecification","valueRequired":true,"valueName":"search_term_string"}}],"inLanguage":"fr-FR"},{"@type":"Organization","@id":"https:\/\/arbr.fr\/wordpress\/#organization","name":"ARBR","url":"https:\/\/arbr.fr\/wordpress\/","logo":{"@type":"ImageObject","inLanguage":"fr-FR","@id":"https:\/\/arbr.fr\/wordpress\/#\/schema\/logo\/image\/","url":"https:\/\/arbr.fr\/wordpress\/wp-content\/uploads\/2017\/03\/0.png","contentUrl":"https:\/\/arbr.fr\/wordpress\/wp-content\/uploads\/2017\/03\/0.png","width":650,"height":283,"caption":"ARBR"},"image":{"@id":"https:\/\/arbr.fr\/wordpress\/#\/schema\/logo\/image\/"}}]}},"_links":{"self":[{"href":"https:\/\/arbr.fr\/wordpress\/wp-json\/wp\/v2\/pages\/102"}],"collection":[{"href":"https:\/\/arbr.fr\/wordpress\/wp-json\/wp\/v2\/pages"}],"about":[{"href":"https:\/\/arbr.fr\/wordpress\/wp-json\/wp\/v2\/types\/page"}],"author":[{"embeddable":true,"href":"https:\/\/arbr.fr\/wordpress\/wp-json\/wp\/v2\/users\/1"}],"replies":[{"embeddable":true,"href":"https:\/\/arbr.fr\/wordpress\/wp-json\/wp\/v2\/comments?post=102"}],"version-history":[{"count":66,"href":"https:\/\/arbr.fr\/wordpress\/wp-json\/wp\/v2\/pages\/102\/revisions"}],"predecessor-version":[{"id":8445,"href":"https:\/\/arbr.fr\/wordpress\/wp-json\/wp\/v2\/pages\/102\/revisions\/8445"}],"wp:attachment":[{"href":"https:\/\/arbr.fr\/wordpress\/wp-json\/wp\/v2\/media?parent=102"}],"curies":[{"name":"wp","href":"https:\/\/api.w.org\/{rel}","templated":true}]}}